{"id":3153,"date":"2025-11-04T07:25:17","date_gmt":"2025-11-04T07:25:17","guid":{"rendered":"https:\/\/bikibath.com\/?post_type=product&#038;p=3153"},"modified":"2025-12-03T03:12:25","modified_gmt":"2025-12-03T03:12:25","slug":"vaso-sanitario-inteligente-biki-e91-watermark-pressao-zero-de-agua-descarga-de-jato-sifonico-ipx4-a-prova-dagua","status":"publish","type":"product","link":"https:\/\/bikibath.com\/pt\/product\/vaso-sanitario-inteligente-biki-e91-watermark-pressao-zero-de-agua-descarga-de-jato-sifonico-ipx4-a-prova-dagua\/","title":{"rendered":"Vaso sanit\u00e1rio inteligente BIKI E91 WaterMark - press\u00e3o zero de \u00e1gua, descarga com jato sif\u00f4nico e \u00e0 prova d'\u00e1gua IPX4"},"content":{"rendered":"<p><img fetchpriority=\"high\" decoding=\"async\" class=\"wp-image-3107 size-full aligncenter\" src=\"https:\/\/bikibath.com\/wp-content\/uploads\/2025\/11\/E91-Function.jpg\" alt=\"\" width=\"1300\" height=\"2560\" \/><\/p>\n<div style=\"display: none;\">\n<h1 class=\"header-iWP5WJ auto-hide-last-sibling-br\">Vaso sanit\u00e1rio inteligente com descarga de jato sif\u00f4nico de press\u00e3o zero de \u00e1gua: Potente, livre de entupimentos e silenciosa<\/h1>\n<div class=\"auto-hide-last-sibling-br paragraph-pP9ZLC paragraph-element br-paragraph-space\">Cansado de descargas fracas que levam a entupimentos ou de vasos sanit\u00e1rios barulhentos que perturbam a paz da sua casa? A Smart Toilet com Zero Water Pressure Siphonic Jet Flush chegou para transformar o seu banheiro, oferecendo uma descarga com poder imbat\u00edvel, confiabilidade sem entupimentos e opera\u00e7\u00e3o silenciosa, tudo em um acess\u00f3rio inovador.<\/div>\n<h2 class=\"header-iWP5WJ auto-hide-last-sibling-br\">Press\u00e3o de \u00e1gua zero? Sem problemas - pot\u00eancia de descarga que n\u00e3o para<\/h2>\n<div class=\"auto-hide-last-sibling-br paragraph-pP9ZLC paragraph-element br-paragraph-space\">A baixa press\u00e3o da \u00e1gua em sua casa n\u00e3o significa mais se contentar com descargas ineficazes. Esse vaso sanit\u00e1rio inteligente\u00a0<strong>Sistema de descarga de jato sif\u00f4nico com press\u00e3o zero de \u00e1gua<\/strong>\u00a0foi projetado para funcionar, mesmo com fluxo m\u00ednimo de \u00e1gua. Ele usa um jato de precis\u00e3o para criar um forte efeito de sif\u00e3o, puxando os res\u00edduos para baixo de forma r\u00e1pida e completa - sem res\u00edduos persistentes, sem descargas repetidas, sem entupimentos. Independentemente de sua casa ter encanamento antigo, \u00e1gua de po\u00e7o ou baixa press\u00e3o municipal, esse vaso sanit\u00e1rio funciona sempre de forma confi\u00e1vel.<\/div>\n<h2 class=\"header-iWP5WJ auto-hide-last-sibling-br\">Design sem obstru\u00e7\u00f5es: Economize tempo e frustra\u00e7\u00e3o<\/h2>\n<div class=\"auto-hide-last-sibling-br paragraph-pP9ZLC paragraph-element br-paragraph-space\">Os vasos sanit\u00e1rios entupidos s\u00e3o um inc\u00f4modo - custam tempo, causam sujeira e estragam o seu dia. Esse vaso sanit\u00e1rio inteligente elimina esse estresse com sua tecnologia de jato sif\u00f4nico. O fluxo de \u00e1gua potente e concentrado cobre todo o vaso sanit\u00e1rio e cria um sif\u00e3o consistente, garantindo que os res\u00edduos sejam eliminados de uma s\u00f3 vez. Ele lida com res\u00edduos s\u00f3lidos com facilidade, de modo que voc\u00ea nunca mais precisar\u00e1 de um desentupidor. Para fam\u00edlias ocupadas, donos de animais de estima\u00e7\u00e3o ou qualquer pessoa cansada de dores de cabe\u00e7a com o encanamento, essa promessa de n\u00e3o entupimento \u00e9 um divisor de \u00e1guas.<\/div>\n<h2 class=\"header-iWP5WJ auto-hide-last-sibling-br\">Opera\u00e7\u00e3o silenciosa e silenciosa: Paz sem sacrificar o desempenho<\/h2>\n<div class=\"auto-hide-last-sibling-br paragraph-pP9ZLC paragraph-element br-paragraph-space\">Descargas potentes n\u00e3o precisam ser barulhentas. Esse vaso sanit\u00e1rio opera com apenas 30-40 decib\u00e9is - mais baixo do que uma conversa ou um livro em movimento. O design do jato sif\u00f4nico minimiza a turbul\u00eancia e o borbulhar da \u00e1gua, reduzindo o ru\u00eddo ao m\u00ednimo. \u00c9 perfeito para idas ao banheiro tarde da noite, apartamentos pequenos ou casas com pessoas que dormem pouco. Desfrute da confian\u00e7a de uma descarga forte sem acordar sua fam\u00edlia, incomodar os vizinhos ou quebrar a tranquilidade de sua casa.<\/div>\n<h2 class=\"header-iWP5WJ auto-hide-last-sibling-br\">Mais do que apenas dar descarga: toques inteligentes para o conforto di\u00e1rio<\/h2>\n<div class=\"auto-hide-last-sibling-br paragraph-pP9ZLC paragraph-element br-paragraph-space\">Al\u00e9m de seu excelente sistema de descarga, esse vaso sanit\u00e1rio inteligente acrescenta conveni\u00eancia e luxo \u00e0 sua rotina:<\/div>\n<ul class=\"auto-hide-last-sibling-br\">\n<li><strong>Assento aquecido ajust\u00e1vel<\/strong>: Evite choques frios com 3 ajustes de temperatura, al\u00e9m de desligamento autom\u00e1tico para economia de energia.<\/li>\n<li><strong>Descarga com sensor sem toque<\/strong>: Acene com a m\u00e3o ou afaste-se para dar descarga - sem toques germinativos na al\u00e7a, apenas conveni\u00eancia higi\u00eanica.<\/li>\n<li><strong>Efici\u00eancia ecol\u00f3gica<\/strong>: Usa apenas 1,28 GPF (4,8 litros) por descarga, reduzindo o desperd\u00edcio de \u00e1gua e diminuindo as contas de servi\u00e7os p\u00fablicos.<\/li>\n<li><strong>Tigela f\u00e1cil de limpar<\/strong>: Um esmalte suave e antibacteriano repele a sujeira e as bact\u00e9rias, reduzindo o tempo de lavagem.<\/li>\n<\/ul>\n<h2 class=\"header-iWP5WJ auto-hide-last-sibling-br\">Por que este vaso sanit\u00e1rio inteligente se destaca<\/h2>\n<div class=\"auto-hide-last-sibling-br paragraph-pP9ZLC paragraph-element br-paragraph-space\">N\u00e3o se trata apenas de resolver problemas - trata-se de melhorar sua vida di\u00e1ria. Esse vaso sanit\u00e1rio se encaixa em layouts de banheiro padr\u00e3o para facilitar a instala\u00e7\u00e3o (sem necessidade de grandes reformas). \u00c9 dur\u00e1vel, constru\u00eddo para durar e projetado para uso no mundo real. Quer esteja atualizando um vaso sanit\u00e1rio antigo ou reformando seu banheiro, \u00e9 uma op\u00e7\u00e3o pr\u00e1tica e voltada para o futuro que equilibra desempenho, conforto e tranquilidade.<\/div>\n<h2 class=\"header-iWP5WJ auto-hide-last-sibling-br\">Pronto para aprimorar sua experi\u00eancia com o Flush?<\/h2>\n<div class=\"auto-hide-last-sibling-br paragraph-pP9ZLC paragraph-element br-paragraph-space\">Diga adeus \u00e0s descargas fracas, aos entupimentos e aos ru\u00eddos altos. O vaso sanit\u00e1rio inteligente com descarga de jato sif\u00f4nico de press\u00e3o zero de \u00e1gua oferece a pot\u00eancia de que voc\u00ea precisa, o sil\u00eancio que voc\u00ea deseja e a conveni\u00eancia que voc\u00ea merece. Transforme o seu banheiro em um espa\u00e7o mais eficiente e tranquilo - uma descarga de cada vez. Experimente voc\u00ea mesmo a diferen\u00e7a!<\/div>\n<\/div>","protected":false},"excerpt":{"rendered":"<div class=\"pro_desc\">\n<table cellspacing=\"0\" cellpadding=\"0\">\n<tbody>\n<tr>\n<td>Modelo n\u00ba:<\/td>\n<td>E91<\/td>\n<\/tr>\n<tr>\n<td>Estrutura<\/td>\n<td>Com base no piso<\/td>\n<\/tr>\n<tr>\n<td>Tamanho\uff1a<\/td>\n<td>590*380*468mm<\/td>\n<\/tr>\n<tr>\n<td>Sistema de descarga\uff1a<\/td>\n<td>Jato sif\u00f4nico<\/td>\n<\/tr>\n<tr>\n<td>M\u00e9todo de aquecimento\uff1a<\/td>\n<td>Aquecimento instant\u00e2neo<\/td>\n<\/tr>\n<tr>\n<td>MOQ\uff1a<\/td>\n<td>1 conjuntos<\/td>\n<\/tr>\n<tr>\n<td>Prazo de entrega\uff1a<\/td>\n<td>7 a 15 dias<\/td>\n<\/tr>\n<\/tbody>\n<\/table>\n<\/div>","protected":false},"featured_media":3154,"comment_status":"open","ping_status":"closed","template":"","meta":{"_acf_changed":false},"product_brand":[],"product_cat":[28],"product_tag":[],"class_list":{"0":"post-3153","1":"product","2":"type-product","3":"status-publish","4":"has-post-thumbnail","6":"product_cat-smart-toilet","8":"first","9":"instock","10":"shipping-taxable","11":"product-type-simple"},"acf":[],"yoast_head":"<!-- This site is optimized with the Yoast SEO Premium plugin v23.6 (Yoast SEO v26.3) - https:\/\/yoast.com\/wordpress\/plugins\/seo\/ -->\n<title>Smart Toilet Zero Water Pressure Siphonic Jet Flush - BIKI Smart Toilet<\/title>\n<meta name=\"description\" content=\"Experience powerful, clog-free flushing with the Smart Toilet Zero Water Pressure Siphonic Jet Flush\u2014whisper-quiet operation.\" \/>\n<meta name=\"robots\" content=\"index, follow, max-snippet:-1, max-image-preview:large, max-video-preview:-1\" \/>\n<link rel=\"canonical\" href=\"https:\/\/bikibath.com\/pt\/product\/vaso-sanitario-inteligente-biki-e91-watermark-pressao-zero-de-agua-descarga-de-jato-sifonico-ipx4-a-prova-dagua\/\" \/>\n<meta property=\"og:locale\" content=\"pt_BR\" \/>\n<meta property=\"og:type\" content=\"article\" \/>\n<meta property=\"og:title\" content=\"BIKI E91 WaterMark Smart Toilet - Zero Water Pressure, Siphonic Jet Flush &amp; IPX4 Waterproof\" \/>\n<meta property=\"og:description\" content=\"Experience powerful, clog-free flushing with the Smart Toilet Zero Water Pressure Siphonic Jet Flush\u2014whisper-quiet operation.\" \/>\n<meta property=\"og:url\" content=\"https:\/\/bikibath.com\/pt\/product\/vaso-sanitario-inteligente-biki-e91-watermark-pressao-zero-de-agua-descarga-de-jato-sifonico-ipx4-a-prova-dagua\/\" \/>\n<meta property=\"og:site_name\" content=\"BIKI Smart Toilet\" \/>\n<meta property=\"article:modified_time\" content=\"2025-12-03T03:12:25+00:00\" \/>\n<meta property=\"og:image\" content=\"https:\/\/bikibath.com\/wp-content\/uploads\/2025\/11\/E91.png\" \/>\n\t<meta property=\"og:image:width\" content=\"1000\" \/>\n\t<meta property=\"og:image:height\" content=\"1000\" \/>\n\t<meta property=\"og:image:type\" content=\"image\/png\" \/>\n<meta name=\"twitter:card\" content=\"summary_large_image\" \/>\n<meta name=\"twitter:label1\" content=\"Est. tempo de leitura\" \/>\n\t<meta name=\"twitter:data1\" content=\"4 minutos\" \/>\n<script type=\"application\/ld+json\" class=\"yoast-schema-graph\">{\"@context\":\"https:\/\/schema.org\",\"@graph\":[{\"@type\":\"WebPage\",\"@id\":\"https:\/\/bikibath.com\/product\/biki-e91-watermark-smart-toilet-zero-water-pressure-siphonic-jet-flush-ipx4-waterproof\/\",\"url\":\"https:\/\/bikibath.com\/product\/biki-e91-watermark-smart-toilet-zero-water-pressure-siphonic-jet-flush-ipx4-waterproof\/\",\"name\":\"Smart Toilet Zero Water Pressure Siphonic Jet Flush - BIKI Smart Toilet\",\"isPartOf\":{\"@id\":\"https:\/\/bikibath.com\/#website\"},\"primaryImageOfPage\":{\"@id\":\"https:\/\/bikibath.com\/product\/biki-e91-watermark-smart-toilet-zero-water-pressure-siphonic-jet-flush-ipx4-waterproof\/#primaryimage\"},\"image\":{\"@id\":\"https:\/\/bikibath.com\/product\/biki-e91-watermark-smart-toilet-zero-water-pressure-siphonic-jet-flush-ipx4-waterproof\/#primaryimage\"},\"thumbnailUrl\":\"https:\/\/bikibath.com\/wp-content\/uploads\/2025\/11\/E91.png\",\"datePublished\":\"2025-11-04T07:25:17+00:00\",\"dateModified\":\"2025-12-03T03:12:25+00:00\",\"description\":\"Experience powerful, clog-free flushing with the Smart Toilet Zero Water Pressure Siphonic Jet Flush\u2014whisper-quiet operation.\",\"breadcrumb\":{\"@id\":\"https:\/\/bikibath.com\/product\/biki-e91-watermark-smart-toilet-zero-water-pressure-siphonic-jet-flush-ipx4-waterproof\/#breadcrumb\"},\"inLanguage\":\"pt-BR\",\"potentialAction\":[{\"@type\":\"ReadAction\",\"target\":[\"https:\/\/bikibath.com\/product\/biki-e91-watermark-smart-toilet-zero-water-pressure-siphonic-jet-flush-ipx4-waterproof\/\"]}]},{\"@type\":\"ImageObject\",\"inLanguage\":\"pt-BR\",\"@id\":\"https:\/\/bikibath.com\/product\/biki-e91-watermark-smart-toilet-zero-water-pressure-siphonic-jet-flush-ipx4-waterproof\/#primaryimage\",\"url\":\"https:\/\/bikibath.com\/wp-content\/uploads\/2025\/11\/E91.png\",\"contentUrl\":\"https:\/\/bikibath.com\/wp-content\/uploads\/2025\/11\/E91.png\",\"width\":1000,\"height\":1000},{\"@type\":\"BreadcrumbList\",\"@id\":\"https:\/\/bikibath.com\/product\/biki-e91-watermark-smart-toilet-zero-water-pressure-siphonic-jet-flush-ipx4-waterproof\/#breadcrumb\",\"itemListElement\":[{\"@type\":\"ListItem\",\"position\":1,\"name\":\"Home\",\"item\":\"https:\/\/bikibath.com\/\"},{\"@type\":\"ListItem\",\"position\":2,\"name\":\"Product\",\"item\":\"https:\/\/bikibath.com\/product\/\"},{\"@type\":\"ListItem\",\"position\":3,\"name\":\"BIKI E91 WaterMark Smart Toilet &#8211; Zero Water Pressure, Siphonic Jet Flush &#038; IPX4 Waterproof\"}]},{\"@type\":\"WebSite\",\"@id\":\"https:\/\/bikibath.com\/#website\",\"url\":\"https:\/\/bikibath.com\/\",\"name\":\"BIKI Smart Toilet\",\"description\":\"Elevate Every Daily Comfort\",\"publisher\":{\"@id\":\"https:\/\/bikibath.com\/#organization\"},\"potentialAction\":[{\"@type\":\"SearchAction\",\"target\":{\"@type\":\"EntryPoint\",\"urlTemplate\":\"https:\/\/bikibath.com\/?s={search_term_string}\"},\"query-input\":{\"@type\":\"PropertyValueSpecification\",\"valueRequired\":true,\"valueName\":\"search_term_string\"}}],\"inLanguage\":\"pt-BR\"},{\"@type\":\"Organization\",\"@id\":\"https:\/\/bikibath.com\/#organization\",\"name\":\"BIKI Smart Toilet\",\"url\":\"https:\/\/bikibath.com\/\",\"logo\":{\"@type\":\"ImageObject\",\"inLanguage\":\"pt-BR\",\"@id\":\"https:\/\/bikibath.com\/#\/schema\/logo\/image\/\",\"url\":\"https:\/\/bikibath.com\/wp-content\/uploads\/2025\/10\/biki.png\",\"contentUrl\":\"https:\/\/bikibath.com\/wp-content\/uploads\/2025\/10\/biki.png\",\"width\":500,\"height\":162,\"caption\":\"BIKI Smart Toilet\"},\"image\":{\"@id\":\"https:\/\/bikibath.com\/#\/schema\/logo\/image\/\"}}]}<\/script>\n<!-- \/ Yoast SEO Premium plugin. -->","yoast_head_json":{"title":"Vaso sanit\u00e1rio inteligente com descarga de jato sif\u00f4nico de press\u00e3o zero de \u00e1gua - BIKI Smart Toilet","description":"Experimente uma descarga potente e sem entupimentos com o Smart Toilet Zero Water Pressure Siphonic Jet Flush - opera\u00e7\u00e3o silenciosa.","robots":{"index":"index","follow":"follow","max-snippet":"max-snippet:-1","max-image-preview":"max-image-preview:large","max-video-preview":"max-video-preview:-1"},"canonical":"https:\/\/bikibath.com\/pt\/product\/vaso-sanitario-inteligente-biki-e91-watermark-pressao-zero-de-agua-descarga-de-jato-sifonico-ipx4-a-prova-dagua\/","og_locale":"pt_BR","og_type":"article","og_title":"BIKI E91 WaterMark Smart Toilet - Zero Water Pressure, Siphonic Jet Flush & IPX4 Waterproof","og_description":"Experience powerful, clog-free flushing with the Smart Toilet Zero Water Pressure Siphonic Jet Flush\u2014whisper-quiet operation.","og_url":"https:\/\/bikibath.com\/pt\/product\/vaso-sanitario-inteligente-biki-e91-watermark-pressao-zero-de-agua-descarga-de-jato-sifonico-ipx4-a-prova-dagua\/","og_site_name":"BIKI Smart Toilet","article_modified_time":"2025-12-03T03:12:25+00:00","og_image":[{"width":1000,"height":1000,"url":"https:\/\/bikibath.com\/wp-content\/uploads\/2025\/11\/E91.png","type":"image\/png"}],"twitter_card":"summary_large_image","twitter_misc":{"Est. tempo de leitura":"4 minutos"},"schema":{"@context":"https:\/\/schema.org","@graph":[{"@type":"WebPage","@id":"https:\/\/bikibath.com\/product\/biki-e91-watermark-smart-toilet-zero-water-pressure-siphonic-jet-flush-ipx4-waterproof\/","url":"https:\/\/bikibath.com\/product\/biki-e91-watermark-smart-toilet-zero-water-pressure-siphonic-jet-flush-ipx4-waterproof\/","name":"Vaso sanit\u00e1rio inteligente com descarga de jato sif\u00f4nico de press\u00e3o zero de \u00e1gua - BIKI Smart Toilet","isPartOf":{"@id":"https:\/\/bikibath.com\/#website"},"primaryImageOfPage":{"@id":"https:\/\/bikibath.com\/product\/biki-e91-watermark-smart-toilet-zero-water-pressure-siphonic-jet-flush-ipx4-waterproof\/#primaryimage"},"image":{"@id":"https:\/\/bikibath.com\/product\/biki-e91-watermark-smart-toilet-zero-water-pressure-siphonic-jet-flush-ipx4-waterproof\/#primaryimage"},"thumbnailUrl":"https:\/\/bikibath.com\/wp-content\/uploads\/2025\/11\/E91.png","datePublished":"2025-11-04T07:25:17+00:00","dateModified":"2025-12-03T03:12:25+00:00","description":"Experimente uma descarga potente e sem entupimentos com o Smart Toilet Zero Water Pressure Siphonic Jet Flush - opera\u00e7\u00e3o silenciosa.","breadcrumb":{"@id":"https:\/\/bikibath.com\/product\/biki-e91-watermark-smart-toilet-zero-water-pressure-siphonic-jet-flush-ipx4-waterproof\/#breadcrumb"},"inLanguage":"pt-BR","potentialAction":[{"@type":"ReadAction","target":["https:\/\/bikibath.com\/product\/biki-e91-watermark-smart-toilet-zero-water-pressure-siphonic-jet-flush-ipx4-waterproof\/"]}]},{"@type":"ImageObject","inLanguage":"pt-BR","@id":"https:\/\/bikibath.com\/product\/biki-e91-watermark-smart-toilet-zero-water-pressure-siphonic-jet-flush-ipx4-waterproof\/#primaryimage","url":"https:\/\/bikibath.com\/wp-content\/uploads\/2025\/11\/E91.png","contentUrl":"https:\/\/bikibath.com\/wp-content\/uploads\/2025\/11\/E91.png","width":1000,"height":1000},{"@type":"BreadcrumbList","@id":"https:\/\/bikibath.com\/product\/biki-e91-watermark-smart-toilet-zero-water-pressure-siphonic-jet-flush-ipx4-waterproof\/#breadcrumb","itemListElement":[{"@type":"ListItem","position":1,"name":"Home","item":"https:\/\/bikibath.com\/"},{"@type":"ListItem","position":2,"name":"Product","item":"https:\/\/bikibath.com\/product\/"},{"@type":"ListItem","position":3,"name":"BIKI E91 WaterMark Smart Toilet &#8211; Zero Water Pressure, Siphonic Jet Flush &#038; IPX4 Waterproof"}]},{"@type":"WebSite","@id":"https:\/\/bikibath.com\/#website","url":"https:\/\/bikibath.com\/","name":"Banheiro inteligente BIKI","description":"Eleve cada conforto di\u00e1rio","publisher":{"@id":"https:\/\/bikibath.com\/#organization"},"potentialAction":[{"@type":"SearchAction","target":{"@type":"EntryPoint","urlTemplate":"https:\/\/bikibath.com\/?s={search_term_string}"},"query-input":{"@type":"PropertyValueSpecification","valueRequired":true,"valueName":"search_term_string"}}],"inLanguage":"pt-BR"},{"@type":"Organization","@id":"https:\/\/bikibath.com\/#organization","name":"Banheiro inteligente BIKI","url":"https:\/\/bikibath.com\/","logo":{"@type":"ImageObject","inLanguage":"pt-BR","@id":"https:\/\/bikibath.com\/#\/schema\/logo\/image\/","url":"https:\/\/bikibath.com\/wp-content\/uploads\/2025\/10\/biki.png","contentUrl":"https:\/\/bikibath.com\/wp-content\/uploads\/2025\/10\/biki.png","width":500,"height":162,"caption":"BIKI Smart Toilet"},"image":{"@id":"https:\/\/bikibath.com\/#\/schema\/logo\/image\/"}}]}},"_links":{"self":[{"href":"https:\/\/bikibath.com\/pt\/wp-json\/wp\/v2\/product\/3153","targetHints":{"allow":["GET"]}}],"collection":[{"href":"https:\/\/bikibath.com\/pt\/wp-json\/wp\/v2\/product"}],"about":[{"href":"https:\/\/bikibath.com\/pt\/wp-json\/wp\/v2\/types\/product"}],"replies":[{"embeddable":true,"href":"https:\/\/bikibath.com\/pt\/wp-json\/wp\/v2\/comments?post=3153"}],"wp:featuredmedia":[{"embeddable":true,"href":"https:\/\/bikibath.com\/pt\/wp-json\/wp\/v2\/media\/3154"}],"wp:attachment":[{"href":"https:\/\/bikibath.com\/pt\/wp-json\/wp\/v2\/media?parent=3153"}],"wp:term":[{"taxonomy":"product_brand","embeddable":true,"href":"https:\/\/bikibath.com\/pt\/wp-json\/wp\/v2\/product_brand?post=3153"},{"taxonomy":"product_cat","embeddable":true,"href":"https:\/\/bikibath.com\/pt\/wp-json\/wp\/v2\/product_cat?post=3153"},{"taxonomy":"product_tag","embeddable":true,"href":"https:\/\/bikibath.com\/pt\/wp-json\/wp\/v2\/product_tag?post=3153"}],"curies":[{"name":"wp","href":"https:\/\/api.w.org\/{rel}","templated":true}]}}