{"id":3072,"date":"2025-11-04T03:05:55","date_gmt":"2025-11-04T03:05:55","guid":{"rendered":"https:\/\/bikibath.com\/?post_type=product&#038;p=3072"},"modified":"2026-01-07T03:04:30","modified_gmt":"2026-01-07T03:04:30","slug":"vaso-sanitario-inteligente-com-descarga-automatica-na-tampa","status":"publish","type":"product","link":"https:\/\/bikibath.com\/pt\/product\/vaso-sanitario-inteligente-com-descarga-automatica-na-tampa\/","title":{"rendered":"Vaso sanit\u00e1rio el\u00e9trico de contraste BIKI E80 sem tanque com bid\u00ea - abertura\/fechamento autom\u00e1tico da tampa e descarga (certifica\u00e7\u00e3o WaterMark\/CE\/UL)"},"content":{"rendered":"<p><img fetchpriority=\"high\" decoding=\"async\" class=\"alignnone size-full wp-image-3118 aligncenter\" src=\"https:\/\/bikibath.com\/wp-content\/uploads\/2025\/11\/E80-Function.jpg\" alt=\"Abertura e fechamento autom\u00e1tico da tampa do vaso sanit\u00e1rio inteligente\" width=\"1300\" height=\"2560\" \/><\/p>\n<div style=\"display: none;\">\n<h1 class=\"header-iWP5WJ auto-hide-last-sibling-br\">Melhore o seu banheiro com o vaso sanit\u00e1rio inteligente BIKI: Luxo, higiene e efici\u00eancia h\u00eddrica em cada uso<\/h1>\n<div class=\"auto-hide-last-sibling-br paragraph-pP9ZLC paragraph-element br-paragraph-space\">Pronto para transformar sua rotina di\u00e1ria no banheiro em uma experi\u00eancia luxuosa e higi\u00eanica? O vaso sanit\u00e1rio BIKI Smart Toilet \u00e9 o seu upgrade definitivo - com assento el\u00e9trico aquecido, tampa autom\u00e1tica e tecnologia avan\u00e7ada de descarga, tudo isso com uma efici\u00eancia de \u00e1gua que \u00e9 ben\u00e9fica para as suas contas de servi\u00e7os p\u00fablicos e para o planeta. Descubra por que ele \u00e9 o acess\u00f3rio indispens\u00e1vel para as casas modernas e entre em contato conosco agora para levar essa combina\u00e7\u00e3o de conforto e praticidade para o seu espa\u00e7o.<\/div>\n<h2 class=\"header-iWP5WJ auto-hide-last-sibling-br\">Assento aquecido el\u00e9trico: conforto personalizado, sem choques frios<\/h2>\n<div class=\"auto-hide-last-sibling-br paragraph-pP9ZLC paragraph-element br-paragraph-space\">Diga adeus aos assentos sanit\u00e1rios frios e desagrad\u00e1veis, mesmo nas manh\u00e3s mais frias. O vaso sanit\u00e1rio BIKI Smart Toilet possui um\u00a0<strong>Assento el\u00e9trico aquecido<\/strong>\u00a0com ajustes de temperatura ajust\u00e1veis (32-38\u00b0C), permitindo que voc\u00ea personalize o calor de acordo com sua prefer\u00eancia. Sem pr\u00e9-aquecimento ou espera - apenas conforto instant\u00e2neo e consistente sempre que voc\u00ea us\u00e1-lo. O design com baixo consumo de energia desliga-se automaticamente quando est\u00e1 ocioso, para que voc\u00ea possa desfrutar de momentos aconchegantes sem se preocupar com o desperd\u00edcio de energia. \u00c9 um pequeno luxo que faz uma grande diferen\u00e7a para fam\u00edlias, idosos e qualquer pessoa que valorize o conforto cotidiano.<\/div>\n<h2 class=\"header-iWP5WJ auto-hide-last-sibling-br\">Tampa autom\u00e1tica: Conveni\u00eancia e higiene com as m\u00e3os livres<\/h2>\n<div class=\"auto-hide-last-sibling-br paragraph-pP9ZLC paragraph-element br-paragraph-space\">Higiene e conveni\u00eancia andam de m\u00e3os dadas com o BIKI Smart Toilet\u00a0<strong>tampa autom\u00e1tica<\/strong>\u00a0Fun\u00e7\u00e3o. A tampa abre automaticamente quando voc\u00ea se aproxima e fecha suavemente quando voc\u00ea se afasta - sem tocar em superf\u00edcies sujas, sem esquecer de fechar a tampa. Para maior praticidade, muitos modelos incluem um sensor de p\u00e9 para opera\u00e7\u00e3o sem o uso das m\u00e3os (perfeito para quando suas m\u00e3os est\u00e3o ocupadas). Esse design sem toque minimiza a propaga\u00e7\u00e3o de germes, mantendo o banheiro mais limpo e higi\u00eanico para toda a fam\u00edlia e convidados. \u00c9 a conveni\u00eancia redefinida, tornando o uso di\u00e1rio mais suave e higi\u00eanico.<\/div>\n<h2 class=\"header-iWP5WJ auto-hide-last-sibling-br\">Tecnologia avan\u00e7ada de descarga: Pot\u00eancia, sil\u00eancio e efici\u00eancia h\u00eddrica<\/h2>\n<div class=\"auto-hide-last-sibling-br paragraph-pP9ZLC paragraph-element br-paragraph-space\">O sistema de descarga do BIKI Smart Toilet foi projetado para impressionar: potente o suficiente para limpar completamente os res\u00edduos, silencioso o suficiente para n\u00e3o atrapalhar a sua casa e eficiente o suficiente para economizar \u00e1gua. Usando a avan\u00e7ada tecnologia de v\u00f3rtice ou jato sif\u00f4nico, ele proporciona uma descarga forte e sem entupimentos, operando a apenas 30-40 decib\u00e9is (mais suave do que uma conversa). Ele usa apenas 1,28 GPF (4,8 litros) por descarga - significativamente menos do que os vasos sanit\u00e1rios tradicionais - reduzindo o desperd\u00edcio de \u00e1gua em at\u00e9 60% sem sacrificar o desempenho. Desfrute da tranquilidade de saber que est\u00e1 escolhendo uma instala\u00e7\u00e3o de alto desempenho e ecologicamente correta.<\/div>\n<h2 class=\"header-iWP5WJ auto-hide-last-sibling-br\">Luxo, higiene e efici\u00eancia h\u00eddrica - tudo em um<\/h2>\n<div class=\"auto-hide-last-sibling-br paragraph-pP9ZLC paragraph-element br-paragraph-space\">O BIKI Smart Toilet n\u00e3o \u00e9 apenas um vaso sanit\u00e1rio - \u00e9 uma atualiza\u00e7\u00e3o hol\u00edstica que atende a todos os requisitos:<\/div>\n<ul class=\"auto-hide-last-sibling-br\">\n<li><strong>Luxo<\/strong>: O assento aquecido e a tampa autom\u00e1tica d\u00e3o um toque de spa \u00e0 sua rotina di\u00e1ria.<\/li>\n<li><strong>Higiene<\/strong>: A opera\u00e7\u00e3o sem toque e a descarga potente reduzem o ac\u00famulo de germes, mantendo o banheiro mais fresco.<\/li>\n<li><strong>Efici\u00eancia h\u00eddrica<\/strong>: A tecnologia de descarga de baixo fluxo economiza \u00e1gua sem comprometer a pot\u00eancia.<\/li>\n<li><strong>Durabilidade<\/strong>: Constru\u00eddo com materiais de alta qualidade e testes rigorosos, garantindo um desempenho duradouro por muitos anos.<\/li>\n<li><strong>Design elegante<\/strong>: Seu perfil moderno e aerodin\u00e2mico complementa qualquer decora\u00e7\u00e3o de banheiro, do minimalista ao contempor\u00e2neo.<\/li>\n<\/ul>\n<h2 class=\"header-iWP5WJ auto-hide-last-sibling-br\">Pronto para fazer o upgrade? Entre em contato conosco agora<\/h2>\n<div class=\"auto-hide-last-sibling-br paragraph-pP9ZLC paragraph-element br-paragraph-space\">N\u00e3o se contente com um vaso sanit\u00e1rio ultrapassado e desconfort\u00e1vel. O BIKI Smart Toilet re\u00fane o melhor do luxo, da higiene e da efici\u00eancia, transformando os momentos comuns no banheiro em algo extraordin\u00e1rio. Se estiver reformando seu espa\u00e7o ou substituindo um acess\u00f3rio antigo, esse vaso sanit\u00e1rio inteligente \u00e9 a combina\u00e7\u00e3o perfeita de forma e fun\u00e7\u00e3o.<\/div>\n<div class=\"auto-hide-last-sibling-br paragraph-pP9ZLC paragraph-element br-paragraph-space\">Entre em contato conosco agora para saber mais sobre pre\u00e7os, detalhes de instala\u00e7\u00e3o e op\u00e7\u00f5es de personaliza\u00e7\u00e3o. Nossa equipe est\u00e1 pronta para ajud\u00e1-lo a levar o conforto e a conveni\u00eancia do BIKI Smart Toilet para sua casa - seu banheiro (e sua rotina di\u00e1ria) agradecer\u00e3o!<\/div>\n<div><\/div>\n<\/div>","protected":false},"excerpt":{"rendered":"<div class=\"pro_desc\">\n<table cellspacing=\"0\" cellpadding=\"0\">\n<tbody>\n<tr>\n<td>Modelo n\u00ba:<\/td>\n<td>E80<\/td>\n<\/tr>\n<tr>\n<td>Estrutura<\/td>\n<td>Com base no piso<\/td>\n<\/tr>\n<tr>\n<td>Tamanho\uff1a<\/td>\n<td>590*380*480mm<\/td>\n<\/tr>\n<tr>\n<td>Sistema de descarga\uff1a<\/td>\n<td>Jato sif\u00f4nico<\/td>\n<\/tr>\n<tr>\n<td>M\u00e9todo de aquecimento\uff1a<\/td>\n<td>Aquecimento instant\u00e2neo<\/td>\n<\/tr>\n<tr>\n<td>MOQ\uff1a<\/td>\n<td>1 conjuntos<\/td>\n<\/tr>\n<tr>\n<td>Prazo de entrega\uff1a<\/td>\n<td>7 a 15 dias<\/td>\n<\/tr>\n<\/tbody>\n<\/table>\n<\/div>","protected":false},"featured_media":3077,"comment_status":"open","ping_status":"closed","template":"","meta":{"_acf_changed":false},"product_brand":[],"product_cat":[28],"product_tag":[],"class_list":{"0":"post-3072","1":"product","2":"type-product","3":"status-publish","4":"has-post-thumbnail","6":"product_cat-smart-toilet","8":"first","9":"instock","10":"shipping-taxable","11":"product-type-simple"},"acf":[],"yoast_head":"<!-- This site is optimized with the Yoast SEO Premium plugin v23.6 (Yoast SEO v26.3) - https:\/\/yoast.com\/wordpress\/plugins\/seo\/ -->\n<title>Electric Contral Toilet with Bidet - Auto Lid Open - BIKI Smart Toilet<\/title>\n<meta name=\"description\" content=\"Upgrade your bathroom with BIKI smart toilet. electric heated seat, auto lid,flush technology. Electric toilet auto lid open close\" \/>\n<meta name=\"robots\" content=\"index, follow, max-snippet:-1, max-image-preview:large, max-video-preview:-1\" \/>\n<link rel=\"canonical\" href=\"https:\/\/bikibath.com\/pt\/product\/vaso-sanitario-inteligente-com-descarga-automatica-na-tampa\/\" \/>\n<meta property=\"og:locale\" content=\"pt_BR\" \/>\n<meta property=\"og:type\" content=\"article\" \/>\n<meta property=\"og:title\" content=\"BIKI E80 Electric Contral Toilet without Tank\u200b with Bidet - Auto Lid Open\/Close &amp; Flush (WaterMark\/CE\/UL Certification)\" \/>\n<meta property=\"og:description\" content=\"Upgrade your bathroom with BIKI smart toilet. electric heated seat, auto lid,flush technology. Electric toilet auto lid open close\" \/>\n<meta property=\"og:url\" content=\"https:\/\/bikibath.com\/pt\/product\/vaso-sanitario-inteligente-com-descarga-automatica-na-tampa\/\" \/>\n<meta property=\"og:site_name\" content=\"BIKI Smart Toilet\" \/>\n<meta property=\"article:modified_time\" content=\"2026-01-07T03:04:30+00:00\" \/>\n<meta property=\"og:image\" content=\"https:\/\/bikibath.com\/wp-content\/uploads\/2025\/11\/E80.png\" \/>\n\t<meta property=\"og:image:width\" content=\"1000\" \/>\n\t<meta property=\"og:image:height\" content=\"1000\" \/>\n\t<meta property=\"og:image:type\" content=\"image\/png\" \/>\n<meta name=\"twitter:card\" content=\"summary_large_image\" \/>\n<meta name=\"twitter:label1\" content=\"Est. tempo de leitura\" \/>\n\t<meta name=\"twitter:data1\" content=\"3 minutos\" \/>\n<script type=\"application\/ld+json\" class=\"yoast-schema-graph\">{\"@context\":\"https:\/\/schema.org\",\"@graph\":[{\"@type\":\"WebPage\",\"@id\":\"https:\/\/bikibath.com\/product\/auto-lid-flush-smart-toilet\/\",\"url\":\"https:\/\/bikibath.com\/product\/auto-lid-flush-smart-toilet\/\",\"name\":\"Electric Contral Toilet with Bidet - Auto Lid Open - BIKI Smart Toilet\",\"isPartOf\":{\"@id\":\"https:\/\/bikibath.com\/#website\"},\"primaryImageOfPage\":{\"@id\":\"https:\/\/bikibath.com\/product\/auto-lid-flush-smart-toilet\/#primaryimage\"},\"image\":{\"@id\":\"https:\/\/bikibath.com\/product\/auto-lid-flush-smart-toilet\/#primaryimage\"},\"thumbnailUrl\":\"https:\/\/bikibath.com\/wp-content\/uploads\/2025\/11\/E80.png\",\"datePublished\":\"2025-11-04T03:05:55+00:00\",\"dateModified\":\"2026-01-07T03:04:30+00:00\",\"description\":\"Upgrade your bathroom with BIKI smart toilet. electric heated seat, auto lid,flush technology. Electric toilet auto lid open close\",\"breadcrumb\":{\"@id\":\"https:\/\/bikibath.com\/product\/auto-lid-flush-smart-toilet\/#breadcrumb\"},\"inLanguage\":\"pt-BR\",\"potentialAction\":[{\"@type\":\"ReadAction\",\"target\":[\"https:\/\/bikibath.com\/product\/auto-lid-flush-smart-toilet\/\"]}]},{\"@type\":\"ImageObject\",\"inLanguage\":\"pt-BR\",\"@id\":\"https:\/\/bikibath.com\/product\/auto-lid-flush-smart-toilet\/#primaryimage\",\"url\":\"https:\/\/bikibath.com\/wp-content\/uploads\/2025\/11\/E80.png\",\"contentUrl\":\"https:\/\/bikibath.com\/wp-content\/uploads\/2025\/11\/E80.png\",\"width\":1000,\"height\":1000},{\"@type\":\"BreadcrumbList\",\"@id\":\"https:\/\/bikibath.com\/product\/auto-lid-flush-smart-toilet\/#breadcrumb\",\"itemListElement\":[{\"@type\":\"ListItem\",\"position\":1,\"name\":\"Home\",\"item\":\"https:\/\/bikibath.com\/\"},{\"@type\":\"ListItem\",\"position\":2,\"name\":\"Product\",\"item\":\"https:\/\/bikibath.com\/product\/\"},{\"@type\":\"ListItem\",\"position\":3,\"name\":\"BIKI E80 Electric Contral Toilet without Tank\u200b with Bidet &#8211; Auto Lid Open\/Close &#038; Flush (WaterMark\/CE\/UL Certification)\"}]},{\"@type\":\"WebSite\",\"@id\":\"https:\/\/bikibath.com\/#website\",\"url\":\"https:\/\/bikibath.com\/\",\"name\":\"BIKI Smart Toilet\",\"description\":\"Elevate Every Daily Comfort\",\"publisher\":{\"@id\":\"https:\/\/bikibath.com\/#organization\"},\"potentialAction\":[{\"@type\":\"SearchAction\",\"target\":{\"@type\":\"EntryPoint\",\"urlTemplate\":\"https:\/\/bikibath.com\/?s={search_term_string}\"},\"query-input\":{\"@type\":\"PropertyValueSpecification\",\"valueRequired\":true,\"valueName\":\"search_term_string\"}}],\"inLanguage\":\"pt-BR\"},{\"@type\":\"Organization\",\"@id\":\"https:\/\/bikibath.com\/#organization\",\"name\":\"BIKI Smart Toilet\",\"url\":\"https:\/\/bikibath.com\/\",\"logo\":{\"@type\":\"ImageObject\",\"inLanguage\":\"pt-BR\",\"@id\":\"https:\/\/bikibath.com\/#\/schema\/logo\/image\/\",\"url\":\"https:\/\/bikibath.com\/wp-content\/uploads\/2025\/10\/biki.png\",\"contentUrl\":\"https:\/\/bikibath.com\/wp-content\/uploads\/2025\/10\/biki.png\",\"width\":500,\"height\":162,\"caption\":\"BIKI Smart Toilet\"},\"image\":{\"@id\":\"https:\/\/bikibath.com\/#\/schema\/logo\/image\/\"}}]}<\/script>\n<!-- \/ Yoast SEO Premium plugin. -->","yoast_head_json":{"title":"Vaso sanit\u00e1rio el\u00e9trico com bid\u00ea - abertura autom\u00e1tica da tampa - BIKI Smart Toilet","description":"Melhore o seu banheiro com o vaso sanit\u00e1rio inteligente BIKI. Assento el\u00e9trico aquecido, tampa autom\u00e1tica, tecnologia de descarga. Abertura e fechamento autom\u00e1tico da tampa do vaso sanit\u00e1rio el\u00e9trico","robots":{"index":"index","follow":"follow","max-snippet":"max-snippet:-1","max-image-preview":"max-image-preview:large","max-video-preview":"max-video-preview:-1"},"canonical":"https:\/\/bikibath.com\/pt\/product\/vaso-sanitario-inteligente-com-descarga-automatica-na-tampa\/","og_locale":"pt_BR","og_type":"article","og_title":"BIKI E80 Electric Contral Toilet without Tank\u200b with Bidet - Auto Lid Open\/Close & Flush (WaterMark\/CE\/UL Certification)","og_description":"Upgrade your bathroom with BIKI smart toilet. electric heated seat, auto lid,flush technology. Electric toilet auto lid open close","og_url":"https:\/\/bikibath.com\/pt\/product\/vaso-sanitario-inteligente-com-descarga-automatica-na-tampa\/","og_site_name":"BIKI Smart Toilet","article_modified_time":"2026-01-07T03:04:30+00:00","og_image":[{"width":1000,"height":1000,"url":"https:\/\/bikibath.com\/wp-content\/uploads\/2025\/11\/E80.png","type":"image\/png"}],"twitter_card":"summary_large_image","twitter_misc":{"Est. tempo de leitura":"3 minutos"},"schema":{"@context":"https:\/\/schema.org","@graph":[{"@type":"WebPage","@id":"https:\/\/bikibath.com\/product\/auto-lid-flush-smart-toilet\/","url":"https:\/\/bikibath.com\/product\/auto-lid-flush-smart-toilet\/","name":"Vaso sanit\u00e1rio el\u00e9trico com bid\u00ea - abertura autom\u00e1tica da tampa - BIKI Smart Toilet","isPartOf":{"@id":"https:\/\/bikibath.com\/#website"},"primaryImageOfPage":{"@id":"https:\/\/bikibath.com\/product\/auto-lid-flush-smart-toilet\/#primaryimage"},"image":{"@id":"https:\/\/bikibath.com\/product\/auto-lid-flush-smart-toilet\/#primaryimage"},"thumbnailUrl":"https:\/\/bikibath.com\/wp-content\/uploads\/2025\/11\/E80.png","datePublished":"2025-11-04T03:05:55+00:00","dateModified":"2026-01-07T03:04:30+00:00","description":"Melhore o seu banheiro com o vaso sanit\u00e1rio inteligente BIKI. Assento el\u00e9trico aquecido, tampa autom\u00e1tica, tecnologia de descarga. Abertura e fechamento autom\u00e1tico da tampa do vaso sanit\u00e1rio el\u00e9trico","breadcrumb":{"@id":"https:\/\/bikibath.com\/product\/auto-lid-flush-smart-toilet\/#breadcrumb"},"inLanguage":"pt-BR","potentialAction":[{"@type":"ReadAction","target":["https:\/\/bikibath.com\/product\/auto-lid-flush-smart-toilet\/"]}]},{"@type":"ImageObject","inLanguage":"pt-BR","@id":"https:\/\/bikibath.com\/product\/auto-lid-flush-smart-toilet\/#primaryimage","url":"https:\/\/bikibath.com\/wp-content\/uploads\/2025\/11\/E80.png","contentUrl":"https:\/\/bikibath.com\/wp-content\/uploads\/2025\/11\/E80.png","width":1000,"height":1000},{"@type":"BreadcrumbList","@id":"https:\/\/bikibath.com\/product\/auto-lid-flush-smart-toilet\/#breadcrumb","itemListElement":[{"@type":"ListItem","position":1,"name":"Home","item":"https:\/\/bikibath.com\/"},{"@type":"ListItem","position":2,"name":"Product","item":"https:\/\/bikibath.com\/product\/"},{"@type":"ListItem","position":3,"name":"BIKI E80 Electric Contral Toilet without Tank\u200b with Bidet &#8211; Auto Lid Open\/Close &#038; Flush (WaterMark\/CE\/UL Certification)"}]},{"@type":"WebSite","@id":"https:\/\/bikibath.com\/#website","url":"https:\/\/bikibath.com\/","name":"Banheiro inteligente BIKI","description":"Eleve cada conforto di\u00e1rio","publisher":{"@id":"https:\/\/bikibath.com\/#organization"},"potentialAction":[{"@type":"SearchAction","target":{"@type":"EntryPoint","urlTemplate":"https:\/\/bikibath.com\/?s={search_term_string}"},"query-input":{"@type":"PropertyValueSpecification","valueRequired":true,"valueName":"search_term_string"}}],"inLanguage":"pt-BR"},{"@type":"Organization","@id":"https:\/\/bikibath.com\/#organization","name":"Banheiro inteligente BIKI","url":"https:\/\/bikibath.com\/","logo":{"@type":"ImageObject","inLanguage":"pt-BR","@id":"https:\/\/bikibath.com\/#\/schema\/logo\/image\/","url":"https:\/\/bikibath.com\/wp-content\/uploads\/2025\/10\/biki.png","contentUrl":"https:\/\/bikibath.com\/wp-content\/uploads\/2025\/10\/biki.png","width":500,"height":162,"caption":"BIKI Smart Toilet"},"image":{"@id":"https:\/\/bikibath.com\/#\/schema\/logo\/image\/"}}]}},"_links":{"self":[{"href":"https:\/\/bikibath.com\/pt\/wp-json\/wp\/v2\/product\/3072","targetHints":{"allow":["GET"]}}],"collection":[{"href":"https:\/\/bikibath.com\/pt\/wp-json\/wp\/v2\/product"}],"about":[{"href":"https:\/\/bikibath.com\/pt\/wp-json\/wp\/v2\/types\/product"}],"replies":[{"embeddable":true,"href":"https:\/\/bikibath.com\/pt\/wp-json\/wp\/v2\/comments?post=3072"}],"wp:featuredmedia":[{"embeddable":true,"href":"https:\/\/bikibath.com\/pt\/wp-json\/wp\/v2\/media\/3077"}],"wp:attachment":[{"href":"https:\/\/bikibath.com\/pt\/wp-json\/wp\/v2\/media?parent=3072"}],"wp:term":[{"taxonomy":"product_brand","embeddable":true,"href":"https:\/\/bikibath.com\/pt\/wp-json\/wp\/v2\/product_brand?post=3072"},{"taxonomy":"product_cat","embeddable":true,"href":"https:\/\/bikibath.com\/pt\/wp-json\/wp\/v2\/product_cat?post=3072"},{"taxonomy":"product_tag","embeddable":true,"href":"https:\/\/bikibath.com\/pt\/wp-json\/wp\/v2\/product_tag?post=3072"}],"curies":[{"name":"wp","href":"https:\/\/api.w.org\/{rel}","templated":true}]}}