{"id":3021,"date":"2025-11-03T07:38:26","date_gmt":"2025-11-03T07:38:26","guid":{"rendered":"https:\/\/bikibath.com\/?post_type=product&#038;p=3021"},"modified":"2026-01-07T03:10:32","modified_gmt":"2026-01-07T03:10:32","slug":"fornecimento-do-fabricante-de-vaso-sanitario-inteligente-flutuante-suspenso-na-parede-com-lavagem-de-ceramica","status":"publish","type":"product","link":"https:\/\/bikibath.com\/pt\/product\/fornecimento-do-fabricante-de-vaso-sanitario-inteligente-flutuante-suspenso-na-parede-com-lavagem-de-ceramica\/","title":{"rendered":"Vaso sanit\u00e1rio inteligente flutuante de parede com lavat\u00f3rio de cer\u00e2mica - vaso sanit\u00e1rio inteligente montado na parede"},"content":{"rendered":"<p><img fetchpriority=\"high\" decoding=\"async\" class=\"alignnone size-full wp-image-3036 aligncenter\" src=\"https:\/\/bikibath.com\/wp-content\/uploads\/2025\/11\/7-1.png\" alt=\"detalhes\" width=\"1300\" height=\"2560\" \/><\/p>\n<div style=\"display: none;\">\n<h1 class=\"header-iWP5WJ auto-hide-last-sibling-br\">Direto do fabricante: Vaso sanit\u00e1rio inteligente flutuante de parede - Luxo que economiza espa\u00e7o com fun\u00e7\u00f5es inteligentes<\/h1>\n<div class=\"auto-hide-last-sibling-br paragraph-pP9ZLC paragraph-element br-paragraph-space\">Deseja maximizar o espa\u00e7o e elevar o n\u00edvel do seu banheiro com qualidade de f\u00e1brica? O vaso sanit\u00e1rio flutuante inteligente Wall Hung \u00e9 a sua resposta - direto do fabricante, projetado com um design flutuante que maximiza o espa\u00e7o e repleto de fun\u00e7\u00f5es inteligentes para uma experi\u00eancia di\u00e1ria perfeita e luxuosa.<\/div>\n<h2 class=\"header-iWP5WJ auto-hide-last-sibling-br\">Design flutuante: Maximize o espa\u00e7o, eleve o estilo<\/h2>\n<div class=\"auto-hide-last-sibling-br paragraph-pP9ZLC paragraph-element br-paragraph-space\">Suspenso na parede e flutuante por design, esse vaso sanit\u00e1rio transforma banheiros compactos, su\u00edtes ou espa\u00e7os modernos. Ele \u00e9 montado diretamente na parede, deixando o piso abaixo livre - nada mais de uma base desajeitada ocupando uma \u00e1rea quadrada preciosa.<\/div>\n<div class=\"auto-hide-last-sibling-br paragraph-pP9ZLC paragraph-element br-paragraph-space\">Esse layout aberto facilita a limpeza (varra ou passe o esfreg\u00e3o sob ele sem esfor\u00e7o) e cria a ilus\u00e3o de mais espa\u00e7o, perfeito para pequenos apartamentos europeus, apartamentos urbanos ou casas minimalistas. Seu perfil elegante e aerodin\u00e2mico acrescenta um toque contempor\u00e2neo a qualquer decora\u00e7\u00e3o, combinando funcionalidade com estilo moderno - tudo isso a um pre\u00e7o direto da f\u00e1brica que elimina as margens de lucro dos intermedi\u00e1rios.<\/div>\n<h2 class=\"header-iWP5WJ auto-hide-last-sibling-br\">Fun\u00e7\u00f5es inteligentes para uma atualiza\u00e7\u00e3o de todo o corpo<\/h2>\n<div class=\"auto-hide-last-sibling-br paragraph-pP9ZLC paragraph-element br-paragraph-space\">Al\u00e9m do design que economiza espa\u00e7o, esse vaso sanit\u00e1rio flutuante inteligente \u00e9 repleto de recursos inteligentes para aumentar o conforto e a higiene:<\/div>\n<ul class=\"auto-hide-last-sibling-br\">\n<li><strong>Lavagem autom\u00e1tica sem toque<\/strong>: Acene com a m\u00e3o perto do sensor ou afaste-se para a descarga autom\u00e1tica - sem toques germinativos na al\u00e7a, apenas conveni\u00eancia limpa.<\/li>\n<li><strong>Assento aquecido ajust\u00e1vel<\/strong>: Escolha entre 3 configura\u00e7\u00f5es de temperatura para evitar choques de frio, com desligamento autom\u00e1tico para efici\u00eancia energ\u00e9tica.<\/li>\n<li><strong>Lavagem suave do bid\u00ea<\/strong>: Modos de lavagem dianteiro e traseiro com press\u00e3o\/temperatura de \u00e1gua ajust\u00e1vel - mais macio do que papel higi\u00eanico, mais higi\u00eanico e ecol\u00f3gico.<\/li>\n<li><strong>Descarga silenciosa e silenciosa<\/strong>: Funciona a 30-40 decib\u00e9is, acionado por um sistema de v\u00f3rtice que limpa completamente os res\u00edduos sem ru\u00eddo.<\/li>\n<\/ul>\n<h2 class=\"header-iWP5WJ auto-hide-last-sibling-br\">Direto do fabricante: Qualidade e valor<\/h2>\n<div class=\"auto-hide-last-sibling-br paragraph-pP9ZLC paragraph-element br-paragraph-space\">Ao comprar diretamente do fabricante, voc\u00ea obt\u00e9m qualidade sem concess\u00f5es a um pre\u00e7o competitivo. Cada unidade \u00e9 rigorosamente testada quanto \u00e0 durabilidade, ao desempenho e \u00e0 conformidade com os padr\u00f5es globais (certifica\u00e7\u00e3o CE\/CUPC).<\/div>\n<div class=\"auto-hide-last-sibling-br paragraph-pP9ZLC paragraph-element br-paragraph-space\">Sem taxas ocultas, sem custos inflacionados - apenas um vaso sanit\u00e1rio inteligente flutuante de alta qualidade feito para durar. Ele vem com todo o hardware necess\u00e1rio e um guia de instala\u00e7\u00e3o passo a passo, projetado para ser compat\u00edvel com o encanamento padr\u00e3o (suportes de montagem suspensos na parede inclu\u00eddos).<\/div>\n<h2 class=\"header-iWP5WJ auto-hide-last-sibling-br\">Por que escolher esse vaso sanit\u00e1rio inteligente flutuante?<\/h2>\n<div class=\"auto-hide-last-sibling-br paragraph-pP9ZLC paragraph-element br-paragraph-space\">O espa\u00e7o, o estilo e a funcionalidade s\u00e3o uma vantagem para todos:<\/div>\n<ul class=\"auto-hide-last-sibling-br\">\n<li>Design flutuante que maximiza o espa\u00e7o para banheiros pequenos ou modernos.<\/li>\n<li>Valor direto da f\u00e1brica, sem marca\u00e7\u00e3o de intermedi\u00e1rios.<\/li>\n<li>Fun\u00e7\u00f5es inteligentes que priorizam o conforto, a higiene e a conveni\u00eancia.<\/li>\n<li>Limpeza f\u00e1cil e est\u00e9tica elegante que elevam qualquer banheiro.<\/li>\n<li>Constru\u00e7\u00e3o dur\u00e1vel respaldada pela garantia de qualidade do fabricante.<\/li>\n<\/ul>\n<h2 class=\"header-iWP5WJ auto-hide-last-sibling-br\">Pronto para transformar seu banheiro?<\/h2>\n<div class=\"auto-hide-last-sibling-br paragraph-pP9ZLC paragraph-element br-paragraph-space\">O vaso sanit\u00e1rio flutuante inteligente Wall Hung re\u00fane qualidade de f\u00e1brica, design que economiza espa\u00e7o e tecnologia inteligente em uma lumin\u00e1ria excepcional. Diga adeus aos banheiros apertados e aos vasos sanit\u00e1rios desatualizados - aproveite uma experi\u00eancia mais limpa, mais espa\u00e7osa e luxuosa.<\/div>\n<div class=\"auto-hide-last-sibling-br paragraph-pP9ZLC paragraph-element br-paragraph-space\">Fa\u00e7a seu pedido diretamente do fabricante hoje mesmo e desfrute da combina\u00e7\u00e3o perfeita de forma e fun\u00e7\u00e3o - seu banheiro merece!<\/div>\n<\/div>","protected":false},"excerpt":{"rendered":"<div class=\"pro_desc\">\n<table cellspacing=\"0\" cellpadding=\"0\">\n<tbody>\n<tr>\n<td>Modelo n\u00ba:<\/td>\n<td>E60<\/td>\n<\/tr>\n<tr>\n<td>Estrutura<\/td>\n<td>Pequena estrutura de ferro<\/td>\n<\/tr>\n<tr>\n<td>Tamanho\uff1a<\/td>\n<td>590*380*370mm<\/td>\n<\/tr>\n<tr>\n<td>Sistema de descarga\uff1a<\/td>\n<td>lavagem<\/td>\n<\/tr>\n<tr>\n<td>M\u00e9todo de aquecimento\uff1a<\/td>\n<td>Aquecimento instant\u00e2neo<\/td>\n<\/tr>\n<tr>\n<td>MOQ\uff1a<\/td>\n<td>1 conjuntos<\/td>\n<\/tr>\n<tr>\n<td>Prazo de entrega\uff1a<\/td>\n<td>7 a 15 dias<\/td>\n<\/tr>\n<\/tbody>\n<\/table>\n<\/div>","protected":false},"featured_media":3042,"comment_status":"open","ping_status":"closed","template":"","meta":{"_acf_changed":false},"product_brand":[],"product_cat":[28],"product_tag":[],"class_list":{"0":"post-3021","1":"product","2":"type-product","3":"status-publish","4":"has-post-thumbnail","6":"product_cat-smart-toilet","8":"first","9":"instock","10":"shipping-taxable","11":"product-type-simple"},"acf":[],"yoast_head":"<!-- This site is optimized with the Yoast SEO Premium plugin v23.6 (Yoast SEO v26.3) - https:\/\/yoast.com\/wordpress\/plugins\/seo\/ -->\n<title>Wall Hung Floating Smart Toilet | Manufacturer Supply - BIKI Smart Toilet<\/title>\n<meta name=\"description\" content=\"Smart Toilet Manufacturer Supply Direct from manufacturer: Wall Hung Floating Smart Toilet\u2014floating design maximizes space.\" \/>\n<meta name=\"robots\" content=\"index, follow, max-snippet:-1, max-image-preview:large, max-video-preview:-1\" \/>\n<link rel=\"canonical\" href=\"https:\/\/bikibath.com\/pt\/product\/fornecimento-do-fabricante-de-vaso-sanitario-inteligente-flutuante-suspenso-na-parede-com-lavagem-de-ceramica\/\" \/>\n<meta property=\"og:locale\" content=\"pt_BR\" \/>\n<meta property=\"og:type\" content=\"article\" \/>\n<meta property=\"og:title\" content=\"Ceramic Washdown Wall Hung Floating Smart Toilet | Wall Mounted Smart Toilet Manufacturer Supply\" \/>\n<meta property=\"og:description\" content=\"Smart Toilet Manufacturer Supply Direct from manufacturer: Wall Hung Floating Smart Toilet\u2014floating design maximizes space.\" \/>\n<meta property=\"og:url\" content=\"https:\/\/bikibath.com\/pt\/product\/fornecimento-do-fabricante-de-vaso-sanitario-inteligente-flutuante-suspenso-na-parede-com-lavagem-de-ceramica\/\" \/>\n<meta property=\"og:site_name\" content=\"BIKI Smart Toilet\" \/>\n<meta property=\"article:modified_time\" content=\"2026-01-07T03:10:32+00:00\" \/>\n<meta property=\"og:image\" content=\"https:\/\/bikibath.com\/wp-content\/uploads\/2025\/11\/1-4.png\" \/>\n\t<meta property=\"og:image:width\" content=\"1000\" \/>\n\t<meta property=\"og:image:height\" content=\"1000\" \/>\n\t<meta property=\"og:image:type\" content=\"image\/png\" \/>\n<meta name=\"twitter:card\" content=\"summary_large_image\" \/>\n<meta name=\"twitter:label1\" content=\"Est. tempo de leitura\" \/>\n\t<meta name=\"twitter:data1\" content=\"3 minutos\" \/>\n<script type=\"application\/ld+json\" class=\"yoast-schema-graph\">{\"@context\":\"https:\/\/schema.org\",\"@graph\":[{\"@type\":\"WebPage\",\"@id\":\"https:\/\/bikibath.com\/product\/ceramic-washdown-wall-hung-floating-smart-toilet-manufacturer-supply\/\",\"url\":\"https:\/\/bikibath.com\/product\/ceramic-washdown-wall-hung-floating-smart-toilet-manufacturer-supply\/\",\"name\":\"Wall Hung Floating Smart Toilet | Manufacturer Supply - BIKI Smart Toilet\",\"isPartOf\":{\"@id\":\"https:\/\/bikibath.com\/#website\"},\"primaryImageOfPage\":{\"@id\":\"https:\/\/bikibath.com\/product\/ceramic-washdown-wall-hung-floating-smart-toilet-manufacturer-supply\/#primaryimage\"},\"image\":{\"@id\":\"https:\/\/bikibath.com\/product\/ceramic-washdown-wall-hung-floating-smart-toilet-manufacturer-supply\/#primaryimage\"},\"thumbnailUrl\":\"https:\/\/bikibath.com\/wp-content\/uploads\/2025\/11\/1-4.png\",\"datePublished\":\"2025-11-03T07:38:26+00:00\",\"dateModified\":\"2026-01-07T03:10:32+00:00\",\"description\":\"Smart Toilet Manufacturer Supply Direct from manufacturer: Wall Hung Floating Smart Toilet\u2014floating design maximizes space.\",\"breadcrumb\":{\"@id\":\"https:\/\/bikibath.com\/product\/ceramic-washdown-wall-hung-floating-smart-toilet-manufacturer-supply\/#breadcrumb\"},\"inLanguage\":\"pt-BR\",\"potentialAction\":[{\"@type\":\"ReadAction\",\"target\":[\"https:\/\/bikibath.com\/product\/ceramic-washdown-wall-hung-floating-smart-toilet-manufacturer-supply\/\"]}]},{\"@type\":\"ImageObject\",\"inLanguage\":\"pt-BR\",\"@id\":\"https:\/\/bikibath.com\/product\/ceramic-washdown-wall-hung-floating-smart-toilet-manufacturer-supply\/#primaryimage\",\"url\":\"https:\/\/bikibath.com\/wp-content\/uploads\/2025\/11\/1-4.png\",\"contentUrl\":\"https:\/\/bikibath.com\/wp-content\/uploads\/2025\/11\/1-4.png\",\"width\":1000,\"height\":1000},{\"@type\":\"BreadcrumbList\",\"@id\":\"https:\/\/bikibath.com\/product\/ceramic-washdown-wall-hung-floating-smart-toilet-manufacturer-supply\/#breadcrumb\",\"itemListElement\":[{\"@type\":\"ListItem\",\"position\":1,\"name\":\"Home\",\"item\":\"https:\/\/bikibath.com\/\"},{\"@type\":\"ListItem\",\"position\":2,\"name\":\"Product\",\"item\":\"https:\/\/bikibath.com\/product\/\"},{\"@type\":\"ListItem\",\"position\":3,\"name\":\"Ceramic Washdown Wall Hung Floating Smart Toilet | Wall Mounted Smart Toilet Manufacturer Supply\"}]},{\"@type\":\"WebSite\",\"@id\":\"https:\/\/bikibath.com\/#website\",\"url\":\"https:\/\/bikibath.com\/\",\"name\":\"BIKI Smart Toilet\",\"description\":\"Elevate Every Daily Comfort\",\"publisher\":{\"@id\":\"https:\/\/bikibath.com\/#organization\"},\"potentialAction\":[{\"@type\":\"SearchAction\",\"target\":{\"@type\":\"EntryPoint\",\"urlTemplate\":\"https:\/\/bikibath.com\/?s={search_term_string}\"},\"query-input\":{\"@type\":\"PropertyValueSpecification\",\"valueRequired\":true,\"valueName\":\"search_term_string\"}}],\"inLanguage\":\"pt-BR\"},{\"@type\":\"Organization\",\"@id\":\"https:\/\/bikibath.com\/#organization\",\"name\":\"BIKI Smart Toilet\",\"url\":\"https:\/\/bikibath.com\/\",\"logo\":{\"@type\":\"ImageObject\",\"inLanguage\":\"pt-BR\",\"@id\":\"https:\/\/bikibath.com\/#\/schema\/logo\/image\/\",\"url\":\"https:\/\/bikibath.com\/wp-content\/uploads\/2025\/10\/biki.png\",\"contentUrl\":\"https:\/\/bikibath.com\/wp-content\/uploads\/2025\/10\/biki.png\",\"width\":500,\"height\":162,\"caption\":\"BIKI Smart Toilet\"},\"image\":{\"@id\":\"https:\/\/bikibath.com\/#\/schema\/logo\/image\/\"}}]}<\/script>\n<!-- \/ Yoast SEO Premium plugin. -->","yoast_head_json":{"title":"Banheiro inteligente flutuante de parede - Fornecimento do fabricante - BIKI Smart Toilet","description":"Banheiro Inteligente Fabricante Forne\u00e7a diretamente do fabricante: Banheiro inteligente flutuante de parede - o design flutuante maximiza o espa\u00e7o.","robots":{"index":"index","follow":"follow","max-snippet":"max-snippet:-1","max-image-preview":"max-image-preview:large","max-video-preview":"max-video-preview:-1"},"canonical":"https:\/\/bikibath.com\/pt\/product\/fornecimento-do-fabricante-de-vaso-sanitario-inteligente-flutuante-suspenso-na-parede-com-lavagem-de-ceramica\/","og_locale":"pt_BR","og_type":"article","og_title":"Ceramic Washdown Wall Hung Floating Smart Toilet | Wall Mounted Smart Toilet Manufacturer Supply","og_description":"Smart Toilet Manufacturer Supply Direct from manufacturer: Wall Hung Floating Smart Toilet\u2014floating design maximizes space.","og_url":"https:\/\/bikibath.com\/pt\/product\/fornecimento-do-fabricante-de-vaso-sanitario-inteligente-flutuante-suspenso-na-parede-com-lavagem-de-ceramica\/","og_site_name":"BIKI Smart Toilet","article_modified_time":"2026-01-07T03:10:32+00:00","og_image":[{"width":1000,"height":1000,"url":"https:\/\/bikibath.com\/wp-content\/uploads\/2025\/11\/1-4.png","type":"image\/png"}],"twitter_card":"summary_large_image","twitter_misc":{"Est. tempo de leitura":"3 minutos"},"schema":{"@context":"https:\/\/schema.org","@graph":[{"@type":"WebPage","@id":"https:\/\/bikibath.com\/product\/ceramic-washdown-wall-hung-floating-smart-toilet-manufacturer-supply\/","url":"https:\/\/bikibath.com\/product\/ceramic-washdown-wall-hung-floating-smart-toilet-manufacturer-supply\/","name":"Banheiro inteligente flutuante de parede - Fornecimento do fabricante - BIKI Smart Toilet","isPartOf":{"@id":"https:\/\/bikibath.com\/#website"},"primaryImageOfPage":{"@id":"https:\/\/bikibath.com\/product\/ceramic-washdown-wall-hung-floating-smart-toilet-manufacturer-supply\/#primaryimage"},"image":{"@id":"https:\/\/bikibath.com\/product\/ceramic-washdown-wall-hung-floating-smart-toilet-manufacturer-supply\/#primaryimage"},"thumbnailUrl":"https:\/\/bikibath.com\/wp-content\/uploads\/2025\/11\/1-4.png","datePublished":"2025-11-03T07:38:26+00:00","dateModified":"2026-01-07T03:10:32+00:00","description":"Banheiro Inteligente Fabricante Forne\u00e7a diretamente do fabricante: Banheiro inteligente flutuante de parede - o design flutuante maximiza o espa\u00e7o.","breadcrumb":{"@id":"https:\/\/bikibath.com\/product\/ceramic-washdown-wall-hung-floating-smart-toilet-manufacturer-supply\/#breadcrumb"},"inLanguage":"pt-BR","potentialAction":[{"@type":"ReadAction","target":["https:\/\/bikibath.com\/product\/ceramic-washdown-wall-hung-floating-smart-toilet-manufacturer-supply\/"]}]},{"@type":"ImageObject","inLanguage":"pt-BR","@id":"https:\/\/bikibath.com\/product\/ceramic-washdown-wall-hung-floating-smart-toilet-manufacturer-supply\/#primaryimage","url":"https:\/\/bikibath.com\/wp-content\/uploads\/2025\/11\/1-4.png","contentUrl":"https:\/\/bikibath.com\/wp-content\/uploads\/2025\/11\/1-4.png","width":1000,"height":1000},{"@type":"BreadcrumbList","@id":"https:\/\/bikibath.com\/product\/ceramic-washdown-wall-hung-floating-smart-toilet-manufacturer-supply\/#breadcrumb","itemListElement":[{"@type":"ListItem","position":1,"name":"Home","item":"https:\/\/bikibath.com\/"},{"@type":"ListItem","position":2,"name":"Product","item":"https:\/\/bikibath.com\/product\/"},{"@type":"ListItem","position":3,"name":"Ceramic Washdown Wall Hung Floating Smart Toilet | Wall Mounted Smart Toilet Manufacturer Supply"}]},{"@type":"WebSite","@id":"https:\/\/bikibath.com\/#website","url":"https:\/\/bikibath.com\/","name":"Banheiro inteligente BIKI","description":"Eleve cada conforto di\u00e1rio","publisher":{"@id":"https:\/\/bikibath.com\/#organization"},"potentialAction":[{"@type":"SearchAction","target":{"@type":"EntryPoint","urlTemplate":"https:\/\/bikibath.com\/?s={search_term_string}"},"query-input":{"@type":"PropertyValueSpecification","valueRequired":true,"valueName":"search_term_string"}}],"inLanguage":"pt-BR"},{"@type":"Organization","@id":"https:\/\/bikibath.com\/#organization","name":"Banheiro inteligente BIKI","url":"https:\/\/bikibath.com\/","logo":{"@type":"ImageObject","inLanguage":"pt-BR","@id":"https:\/\/bikibath.com\/#\/schema\/logo\/image\/","url":"https:\/\/bikibath.com\/wp-content\/uploads\/2025\/10\/biki.png","contentUrl":"https:\/\/bikibath.com\/wp-content\/uploads\/2025\/10\/biki.png","width":500,"height":162,"caption":"BIKI Smart Toilet"},"image":{"@id":"https:\/\/bikibath.com\/#\/schema\/logo\/image\/"}}]}},"_links":{"self":[{"href":"https:\/\/bikibath.com\/pt\/wp-json\/wp\/v2\/product\/3021","targetHints":{"allow":["GET"]}}],"collection":[{"href":"https:\/\/bikibath.com\/pt\/wp-json\/wp\/v2\/product"}],"about":[{"href":"https:\/\/bikibath.com\/pt\/wp-json\/wp\/v2\/types\/product"}],"replies":[{"embeddable":true,"href":"https:\/\/bikibath.com\/pt\/wp-json\/wp\/v2\/comments?post=3021"}],"wp:featuredmedia":[{"embeddable":true,"href":"https:\/\/bikibath.com\/pt\/wp-json\/wp\/v2\/media\/3042"}],"wp:attachment":[{"href":"https:\/\/bikibath.com\/pt\/wp-json\/wp\/v2\/media?parent=3021"}],"wp:term":[{"taxonomy":"product_brand","embeddable":true,"href":"https:\/\/bikibath.com\/pt\/wp-json\/wp\/v2\/product_brand?post=3021"},{"taxonomy":"product_cat","embeddable":true,"href":"https:\/\/bikibath.com\/pt\/wp-json\/wp\/v2\/product_cat?post=3021"},{"taxonomy":"product_tag","embeddable":true,"href":"https:\/\/bikibath.com\/pt\/wp-json\/wp\/v2\/product_tag?post=3021"}],"curies":[{"name":"wp","href":"https:\/\/api.w.org\/{rel}","templated":true}]}}