{"id":2860,"date":"2025-10-31T08:00:06","date_gmt":"2025-10-31T08:00:06","guid":{"rendered":"https:\/\/bikibath.com\/?post_type=product&#038;p=2860"},"modified":"2026-01-07T03:09:11","modified_gmt":"2026-01-07T03:09:11","slug":"vaso-sanitario-inteligente-suspenso-na-parede-controle-de-aplicativo-de-descarga-silencioso-certificacoes-europeias-e-americanas-completas-ce-cupc-instalacao-flexivel-facil-manutencao","status":"publish","type":"product","link":"https:\/\/bikibath.com\/pt\/product\/vaso-sanitario-inteligente-suspenso-na-parede-controle-de-aplicativo-de-descarga-silencioso-certificacoes-europeias-e-americanas-completas-ce-cupc-instalacao-flexivel-facil-manutencao\/","title":{"rendered":"Sanit\u00e1rios com descarga autom\u00e1tica, descarga silenciosa e controle de APP, certifica\u00e7\u00f5es europeias e americanas completas (CE\/CUPC), instala\u00e7\u00e3o flex\u00edvel e f\u00e1cil manuten\u00e7\u00e3o"},"content":{"rendered":"<p><img decoding=\"async\" class=\"size-full wp-image-2250 aligncenter\" src=\"https:\/\/bikibath.com\/wp-content\/uploads\/2025\/10\/data.png\" alt=\"detalhes\" width=\"1300\" \/><\/p>\n<div style=\"display: none;\">\n<h1 class=\"header-iWP5WJ auto-hide-last-sibling-br\">Atualize para um vaso sanit\u00e1rio inteligente com descarga autom\u00e1tica, descarga silenciosa e controle de APP: O luxo encontra a conveni\u00eancia<\/h1>\n<div class=\"auto-hide-last-sibling-br paragraph-pP9ZLC paragraph-element br-paragraph-space\">Eleve o n\u00edvel do seu banheiro com um vaso sanit\u00e1rio inteligente que combina tr\u00eas recursos revolucion\u00e1rios: descarga autom\u00e1tica, descarga silenciosa e controle APP. Esse acess\u00f3rio moderno redefine a higiene di\u00e1ria com opera\u00e7\u00e3o remota, desempenho silencioso e conveni\u00eancia de m\u00e3os livres - transformando as viagens rotineiras em uma experi\u00eancia de luxo. O melhor de tudo \u00e9 que esses benef\u00edcios inteligentes abrangem diversos designs, desde modelos suspensos na parede at\u00e9 elegantes lumin\u00e1rias pretas, garantindo que haja um ajuste perfeito para cada resid\u00eancia.<\/div>\n<h2 class=\"header-iWP5WJ auto-hide-last-sibling-br\">A vantagem tripla: Descarga autom\u00e1tica, descarga silenciosa e controle de APP<\/h2>\n<div class=\"auto-hide-last-sibling-br paragraph-pP9ZLC paragraph-element br-paragraph-space\">No centro dessa atualiza\u00e7\u00e3o inteligente do vaso sanit\u00e1rio est\u00e1 um trio de recursos que resolvem frustra\u00e7\u00f5es comuns no banheiro. Os vasos sanit\u00e1rios com descarga autom\u00e1tica eliminam totalmente a descarga manual - os sensores detectam o uso e acionam automaticamente uma descarga potente e eficiente em termos de \u00e1gua. Esse design sem toque reduz a propaga\u00e7\u00e3o de germes e garante que voc\u00ea nunca se esque\u00e7a de dar descarga.<\/div>\n<div class=\"auto-hide-last-sibling-br paragraph-pP9ZLC paragraph-element br-paragraph-space\">Juntamente com a descarga autom\u00e1tica, h\u00e1 a tecnologia de descarga silenciosa. N\u00e3o h\u00e1 mais descarga barulhenta e perturbadora - esses vasos sanit\u00e1rios operam em um sussurro, o que os torna ideais para viagens noturnas ou espa\u00e7os compartilhados. No entanto, o desempenho silencioso n\u00e3o sacrifica a pot\u00eancia; ele ainda proporciona uma descarga completa sem o ru\u00eddo.<\/div>\n<div class=\"auto-hide-last-sibling-br paragraph-pP9ZLC paragraph-element br-paragraph-space\">O controle por APP leva a conveni\u00eancia ainda mais longe. Conecte o vaso sanit\u00e1rio inteligente ao seu telefone para ajustar as configura\u00e7\u00f5es remotamente - desde a for\u00e7a da descarga e as fun\u00e7\u00f5es de bid\u00ea at\u00e9 a temperatura do assento aquecido. Voc\u00ea pode at\u00e9 mesmo monitorar o uso da \u00e1gua ou solucionar pequenos problemas, tudo na palma da sua m\u00e3o.<\/div>\n<h2 class=\"header-iWP5WJ auto-hide-last-sibling-br\">Diversos designs: Banheiros inteligentes para cada estilo e espa\u00e7o<\/h2>\n<div class=\"auto-hide-last-sibling-br paragraph-pP9ZLC paragraph-element br-paragraph-space\">Esses recursos premium n\u00e3o est\u00e3o limitados a um tipo de vaso sanit\u00e1rio - eles est\u00e3o dispon\u00edveis em uma variedade de designs populares, cada um com suas pr\u00f3prias vantagens.<\/div>\n<h3 class=\"header-iWP5WJ auto-hide-last-sibling-br\">Banheiro inteligente suspenso na parede<\/h3>\n<div class=\"auto-hide-last-sibling-br paragraph-pP9ZLC paragraph-element br-paragraph-space\">Um vaso sanit\u00e1rio inteligente suspenso na parede economiza espa\u00e7o valioso no ch\u00e3o e acrescenta um visual elegante e flutuante ao seu banheiro. \u00c9 f\u00e1cil de limpar por baixo e combina perfeitamente com uma decora\u00e7\u00e3o minimalista. Equipado com descarga autom\u00e1tica, descarga silenciosa e controle APP, ele \u00e9 t\u00e3o funcional quanto elegante.<\/div>\n<h3 class=\"header-iWP5WJ auto-hide-last-sibling-br\">Vasos sanit\u00e1rios sem tanque e vaso sanit\u00e1rio com bid\u00ea sem tanque<\/h3>\n<div class=\"auto-hide-last-sibling-br paragraph-pP9ZLC paragraph-element br-paragraph-space\">Os banheiros sem tanque trocam o tanque volumoso por um design compacto e moderno. Eles se encaixam perfeitamente em banheiros pequenos ou lavabos e usam menos \u00e1gua do que os modelos tradicionais. Para maior higiene, opte por um vaso sanit\u00e1rio com bid\u00ea sem tanque - combinando efici\u00eancia sem tanque com fun\u00e7\u00f5es de limpeza de bid\u00ea, al\u00e9m de descarga autom\u00e1tica, descarga silenciosa e controle de APP.<\/div>\n<h3 class=\"header-iWP5WJ auto-hide-last-sibling-br\">Vaso sanit\u00e1rio inteligente preto<\/h3>\n<div class=\"auto-hide-last-sibling-br paragraph-pP9ZLC paragraph-element br-paragraph-space\">Fa\u00e7a uma declara\u00e7\u00e3o ousada com um vaso sanit\u00e1rio preto inteligente. Esse acess\u00f3rio contempor\u00e2neo se destaca contra azulejos brancos ou penteadeiras escuras, acrescentando um toque de sofistica\u00e7\u00e3o a qualquer banheiro. Ele vem com todos os principais recursos: descarga autom\u00e1tica, descarga silenciosa, controle de APP e, muitas vezes, um assento aquecido para conforto durante todo o ano.<\/div>\n<h3 class=\"header-iWP5WJ auto-hide-last-sibling-br\">Vaso sanit\u00e1rio com controle remoto<\/h3>\n<div class=\"auto-hide-last-sibling-br paragraph-pP9ZLC paragraph-element br-paragraph-space\">Para aqueles que preferem controles f\u00edsicos, um vaso sanit\u00e1rio com controle remoto \u00e9 uma excelente op\u00e7\u00e3o. Ele inclui um controle remoto port\u00e1til para ajustar as configura\u00e7\u00f5es da descarga, os sprays do bid\u00ea e a temperatura do assento aquecido - n\u00e3o \u00e9 necess\u00e1rio um aplicativo de telefone. Muitos modelos ainda oferecem controle por APP como backup, oferecendo o melhor dos dois mundos.<\/div>\n<h3 class=\"header-iWP5WJ auto-hide-last-sibling-br\">Banheiro com assento aquecido<\/h3>\n<div class=\"auto-hide-last-sibling-br paragraph-pP9ZLC paragraph-element br-paragraph-space\">Um vaso sanit\u00e1rio com assento aquecido \u00e9 indispens\u00e1vel para o conforto e combina perfeitamente com os recursos inteligentes desses vasos sanit\u00e1rios. Ajuste o aquecimento por meio do APP ou do controle remoto e diga adeus \u00e0 cer\u00e2mica fria nas manh\u00e3s geladas. \u00c9 um pequeno detalhe que faz uma grande diferen\u00e7a no conforto di\u00e1rio.<\/div>\n<h2 class=\"header-iWP5WJ auto-hide-last-sibling-br\">Por que vale a pena fazer a atualiza\u00e7\u00e3o deste vaso sanit\u00e1rio inteligente<\/h2>\n<div class=\"auto-hide-last-sibling-br paragraph-pP9ZLC paragraph-element br-paragraph-space\">Al\u00e9m da conveni\u00eancia e do estilo, esses vasos sanit\u00e1rios inteligentes oferecem valor a longo prazo. Os designs com descarga autom\u00e1tica e sem tanque economizam \u00e1gua, reduzindo suas contas de servi\u00e7os p\u00fablicos. A tecnologia de descarga silenciosa aumenta a paz em casa, enquanto os recursos sem toque e de bid\u00ea melhoram a higiene. O controle APP aumenta a flexibilidade, permitindo que voc\u00ea adapte o vaso sanit\u00e1rio \u00e0s suas necessidades.<\/div>\n<div class=\"auto-hide-last-sibling-br paragraph-pP9ZLC paragraph-element br-paragraph-space\">Quer esteja reformando ou simplesmente atualizando uma \u00fanica instala\u00e7\u00e3o, um vaso sanit\u00e1rio inteligente com descarga autom\u00e1tica, descarga silenciosa e controle APP \u00e9 um investimento em conforto e funcionalidade. Com op\u00e7\u00f5es como vasos sanit\u00e1rios inteligentes suspensos na parede, vasos sanit\u00e1rios inteligentes pretos e vasos sanit\u00e1rios com bid\u00ea sem tanque, voc\u00ea pode encontrar um modelo que se adapte ao seu espa\u00e7o e estilo - tudo isso enquanto desfruta do luxo da moderna tecnologia inteligente.<\/div>\n<h2 class=\"header-iWP5WJ auto-hide-last-sibling-br\">Conclus\u00e3o<\/h2>\n<div class=\"auto-hide-last-sibling-br paragraph-pP9ZLC paragraph-element br-paragraph-space\">Melhore o seu banheiro com um vaso sanit\u00e1rio inteligente que oferece conveni\u00eancia, desempenho e estilo. A descarga autom\u00e1tica, a descarga silenciosa e o controle APP trabalham juntos para criar uma experi\u00eancia higi\u00eanica e sem complica\u00e7\u00f5es. Escolha entre diversos designs - suspenso na parede, sem tanque, preto ou com controle remoto - cada um equipado com um assento aquecido e outros recursos premium. Essa n\u00e3o \u00e9 apenas uma atualiza\u00e7\u00e3o do vaso sanit\u00e1rio; \u00e9 uma transforma\u00e7\u00e3o da sua rotina di\u00e1ria, trazendo luxo e vida inteligente para um dos espa\u00e7os mais usados da sua casa.<\/div>\n<div><\/div>\n<\/div>","protected":false},"excerpt":{"rendered":"<div class=\"pro_desc\">\n<table cellspacing=\"0\" cellpadding=\"0\">\n<tbody>\n<tr>\n<td>Modelo n\u00ba:<\/td>\n<td>E40<\/td>\n<\/tr>\n<tr>\n<td>M\u00e9todo de lavagem<\/td>\n<td>tipo sif\u00e3o de jato<\/td>\n<\/tr>\n<tr>\n<td>Tamanho\uff1a<\/td>\n<td>684*462*407mm<\/td>\n<\/tr>\n<tr>\n<td>Sistema de descarga\uff1a<\/td>\n<td>descarga de p\u00e9, descarga de assento<\/td>\n<\/tr>\n<tr>\n<td>placa de cobertura descida lenta\uff1a<\/td>\n<td>tampa articulada autom\u00e1tica<\/td>\n<\/tr>\n<tr>\n<td>MOQ\uff1a<\/td>\n<td>1 conjuntos<\/td>\n<\/tr>\n<tr>\n<td>Prazo de entrega\uff1a<\/td>\n<td>7 a 15 dias<\/td>\n<\/tr>\n<\/tbody>\n<\/table>\n<\/div>","protected":false},"featured_media":3966,"comment_status":"open","ping_status":"closed","template":"","meta":{"_acf_changed":false},"product_brand":[],"product_cat":[28],"product_tag":[],"class_list":{"0":"post-2860","1":"product","2":"type-product","3":"status-publish","4":"has-post-thumbnail","6":"product_cat-smart-toilet","8":"first","9":"instock","10":"shipping-taxable","11":"product-type-simple"},"acf":[],"yoast_head":"<!-- This site is optimized with the Yoast SEO Premium plugin v23.6 (Yoast SEO v26.3) - https:\/\/yoast.com\/wordpress\/plugins\/seo\/ -->\n<title>Smart Toilet Auto Flush Toilets Quiet Flush &amp; APP Control - BIKI Smart Toilet<\/title>\n<meta name=\"description\" content=\"Smart Toilet Suto Flush Toilets Upgrade to a smart toilet with auto flush, quiet flush &amp; APP control: Experience remote operation.\" \/>\n<meta name=\"robots\" content=\"index, follow, max-snippet:-1, max-image-preview:large, max-video-preview:-1\" \/>\n<link rel=\"canonical\" href=\"https:\/\/bikibath.com\/pt\/product\/vaso-sanitario-inteligente-suspenso-na-parede-controle-de-aplicativo-de-descarga-silencioso-certificacoes-europeias-e-americanas-completas-ce-cupc-instalacao-flexivel-facil-manutencao\/\" \/>\n<meta property=\"og:locale\" content=\"pt_BR\" \/>\n<meta property=\"og:type\" content=\"article\" \/>\n<meta property=\"og:title\" content=\"Auto Flush Toilets Quiet Flush &amp; APP Control, Rear Outlet, Full European &amp; American Certifications (CE\/CUPC), Flexible Installation &amp; Easy Maintenance\" \/>\n<meta property=\"og:description\" content=\"Smart Toilet Suto Flush Toilets Upgrade to a smart toilet with auto flush, quiet flush &amp; APP control: Experience remote operation.\" \/>\n<meta property=\"og:url\" content=\"https:\/\/bikibath.com\/pt\/product\/vaso-sanitario-inteligente-suspenso-na-parede-controle-de-aplicativo-de-descarga-silencioso-certificacoes-europeias-e-americanas-completas-ce-cupc-instalacao-flexivel-facil-manutencao\/\" \/>\n<meta property=\"og:site_name\" content=\"BIKI Smart Toilet\" \/>\n<meta property=\"article:modified_time\" content=\"2026-01-07T03:09:11+00:00\" \/>\n<meta property=\"og:image\" content=\"https:\/\/bikibath.com\/wp-content\/uploads\/2025\/10\/Smart-Toilet-Quiet-Flush-APP-Control.webp\" \/>\n\t<meta property=\"og:image:width\" content=\"1000\" \/>\n\t<meta property=\"og:image:height\" content=\"1000\" \/>\n\t<meta property=\"og:image:type\" content=\"image\/webp\" \/>\n<meta name=\"twitter:card\" content=\"summary_large_image\" \/>\n<meta name=\"twitter:label1\" content=\"Est. tempo de leitura\" \/>\n\t<meta name=\"twitter:data1\" content=\"4 minutos\" \/>\n<script type=\"application\/ld+json\" class=\"yoast-schema-graph\">{\"@context\":\"https:\/\/schema.org\",\"@graph\":[{\"@type\":\"WebPage\",\"@id\":\"https:\/\/bikibath.com\/product\/wall-hung-smart-toilet-quiet-flush-app-control-full-european-american-certifications-ce-cupc-flexible-installation-easy-maintenance\/\",\"url\":\"https:\/\/bikibath.com\/product\/wall-hung-smart-toilet-quiet-flush-app-control-full-european-american-certifications-ce-cupc-flexible-installation-easy-maintenance\/\",\"name\":\"Smart Toilet Auto Flush Toilets Quiet Flush & APP Control - BIKI Smart Toilet\",\"isPartOf\":{\"@id\":\"https:\/\/bikibath.com\/#website\"},\"primaryImageOfPage\":{\"@id\":\"https:\/\/bikibath.com\/product\/wall-hung-smart-toilet-quiet-flush-app-control-full-european-american-certifications-ce-cupc-flexible-installation-easy-maintenance\/#primaryimage\"},\"image\":{\"@id\":\"https:\/\/bikibath.com\/product\/wall-hung-smart-toilet-quiet-flush-app-control-full-european-american-certifications-ce-cupc-flexible-installation-easy-maintenance\/#primaryimage\"},\"thumbnailUrl\":\"https:\/\/bikibath.com\/wp-content\/uploads\/2025\/10\/Smart-Toilet-Quiet-Flush-APP-Control.webp\",\"datePublished\":\"2025-10-31T08:00:06+00:00\",\"dateModified\":\"2026-01-07T03:09:11+00:00\",\"description\":\"Smart Toilet Suto Flush Toilets Upgrade to a smart toilet with auto flush, quiet flush & APP control: Experience remote operation.\",\"breadcrumb\":{\"@id\":\"https:\/\/bikibath.com\/product\/wall-hung-smart-toilet-quiet-flush-app-control-full-european-american-certifications-ce-cupc-flexible-installation-easy-maintenance\/#breadcrumb\"},\"inLanguage\":\"pt-BR\",\"potentialAction\":[{\"@type\":\"ReadAction\",\"target\":[\"https:\/\/bikibath.com\/product\/wall-hung-smart-toilet-quiet-flush-app-control-full-european-american-certifications-ce-cupc-flexible-installation-easy-maintenance\/\"]}]},{\"@type\":\"ImageObject\",\"inLanguage\":\"pt-BR\",\"@id\":\"https:\/\/bikibath.com\/product\/wall-hung-smart-toilet-quiet-flush-app-control-full-european-american-certifications-ce-cupc-flexible-installation-easy-maintenance\/#primaryimage\",\"url\":\"https:\/\/bikibath.com\/wp-content\/uploads\/2025\/10\/Smart-Toilet-Quiet-Flush-APP-Control.webp\",\"contentUrl\":\"https:\/\/bikibath.com\/wp-content\/uploads\/2025\/10\/Smart-Toilet-Quiet-Flush-APP-Control.webp\",\"width\":1000,\"height\":1000,\"caption\":\"Smart Toilet Quiet Flush & App Control\"},{\"@type\":\"BreadcrumbList\",\"@id\":\"https:\/\/bikibath.com\/product\/wall-hung-smart-toilet-quiet-flush-app-control-full-european-american-certifications-ce-cupc-flexible-installation-easy-maintenance\/#breadcrumb\",\"itemListElement\":[{\"@type\":\"ListItem\",\"position\":1,\"name\":\"Home\",\"item\":\"https:\/\/bikibath.com\/\"},{\"@type\":\"ListItem\",\"position\":2,\"name\":\"Product\",\"item\":\"https:\/\/bikibath.com\/product\/\"},{\"@type\":\"ListItem\",\"position\":3,\"name\":\"Auto Flush Toilets Quiet Flush &#038; APP Control, Rear Outlet, Full European &#038; American Certifications (CE\/CUPC), Flexible Installation &#038; Easy Maintenance\"}]},{\"@type\":\"WebSite\",\"@id\":\"https:\/\/bikibath.com\/#website\",\"url\":\"https:\/\/bikibath.com\/\",\"name\":\"BIKI Smart Toilet\",\"description\":\"Elevate Every Daily Comfort\",\"publisher\":{\"@id\":\"https:\/\/bikibath.com\/#organization\"},\"potentialAction\":[{\"@type\":\"SearchAction\",\"target\":{\"@type\":\"EntryPoint\",\"urlTemplate\":\"https:\/\/bikibath.com\/?s={search_term_string}\"},\"query-input\":{\"@type\":\"PropertyValueSpecification\",\"valueRequired\":true,\"valueName\":\"search_term_string\"}}],\"inLanguage\":\"pt-BR\"},{\"@type\":\"Organization\",\"@id\":\"https:\/\/bikibath.com\/#organization\",\"name\":\"BIKI Smart Toilet\",\"url\":\"https:\/\/bikibath.com\/\",\"logo\":{\"@type\":\"ImageObject\",\"inLanguage\":\"pt-BR\",\"@id\":\"https:\/\/bikibath.com\/#\/schema\/logo\/image\/\",\"url\":\"https:\/\/bikibath.com\/wp-content\/uploads\/2025\/10\/biki.png\",\"contentUrl\":\"https:\/\/bikibath.com\/wp-content\/uploads\/2025\/10\/biki.png\",\"width\":500,\"height\":162,\"caption\":\"BIKI Smart Toilet\"},\"image\":{\"@id\":\"https:\/\/bikibath.com\/#\/schema\/logo\/image\/\"}}]}<\/script>\n<!-- \/ Yoast SEO Premium plugin. -->","yoast_head_json":{"title":"Sanit\u00e1rios inteligentes com descarga autom\u00e1tica Sanit\u00e1rios com descarga silenciosa e controle por aplicativo - BIKI Smart Toilet","description":"Vaso sanit\u00e1rio inteligente Suto Flush Vasos sanit\u00e1rios atualizados para um vaso sanit\u00e1rio inteligente com descarga autom\u00e1tica, descarga silenciosa e controle de APP: Experimente a opera\u00e7\u00e3o remota.","robots":{"index":"index","follow":"follow","max-snippet":"max-snippet:-1","max-image-preview":"max-image-preview:large","max-video-preview":"max-video-preview:-1"},"canonical":"https:\/\/bikibath.com\/pt\/product\/vaso-sanitario-inteligente-suspenso-na-parede-controle-de-aplicativo-de-descarga-silencioso-certificacoes-europeias-e-americanas-completas-ce-cupc-instalacao-flexivel-facil-manutencao\/","og_locale":"pt_BR","og_type":"article","og_title":"Auto Flush Toilets Quiet Flush & APP Control, Rear Outlet, Full European & American Certifications (CE\/CUPC), Flexible Installation & Easy Maintenance","og_description":"Smart Toilet Suto Flush Toilets Upgrade to a smart toilet with auto flush, quiet flush & APP control: Experience remote operation.","og_url":"https:\/\/bikibath.com\/pt\/product\/vaso-sanitario-inteligente-suspenso-na-parede-controle-de-aplicativo-de-descarga-silencioso-certificacoes-europeias-e-americanas-completas-ce-cupc-instalacao-flexivel-facil-manutencao\/","og_site_name":"BIKI Smart Toilet","article_modified_time":"2026-01-07T03:09:11+00:00","og_image":[{"width":1000,"height":1000,"url":"https:\/\/bikibath.com\/wp-content\/uploads\/2025\/10\/Smart-Toilet-Quiet-Flush-APP-Control.webp","type":"image\/webp"}],"twitter_card":"summary_large_image","twitter_misc":{"Est. tempo de leitura":"4 minutos"},"schema":{"@context":"https:\/\/schema.org","@graph":[{"@type":"WebPage","@id":"https:\/\/bikibath.com\/product\/wall-hung-smart-toilet-quiet-flush-app-control-full-european-american-certifications-ce-cupc-flexible-installation-easy-maintenance\/","url":"https:\/\/bikibath.com\/product\/wall-hung-smart-toilet-quiet-flush-app-control-full-european-american-certifications-ce-cupc-flexible-installation-easy-maintenance\/","name":"Sanit\u00e1rios inteligentes com descarga autom\u00e1tica Sanit\u00e1rios com descarga silenciosa e controle por aplicativo - BIKI Smart Toilet","isPartOf":{"@id":"https:\/\/bikibath.com\/#website"},"primaryImageOfPage":{"@id":"https:\/\/bikibath.com\/product\/wall-hung-smart-toilet-quiet-flush-app-control-full-european-american-certifications-ce-cupc-flexible-installation-easy-maintenance\/#primaryimage"},"image":{"@id":"https:\/\/bikibath.com\/product\/wall-hung-smart-toilet-quiet-flush-app-control-full-european-american-certifications-ce-cupc-flexible-installation-easy-maintenance\/#primaryimage"},"thumbnailUrl":"https:\/\/bikibath.com\/wp-content\/uploads\/2025\/10\/Smart-Toilet-Quiet-Flush-APP-Control.webp","datePublished":"2025-10-31T08:00:06+00:00","dateModified":"2026-01-07T03:09:11+00:00","description":"Vaso sanit\u00e1rio inteligente Suto Flush Vasos sanit\u00e1rios atualizados para um vaso sanit\u00e1rio inteligente com descarga autom\u00e1tica, descarga silenciosa e controle de APP: Experimente a opera\u00e7\u00e3o remota.","breadcrumb":{"@id":"https:\/\/bikibath.com\/product\/wall-hung-smart-toilet-quiet-flush-app-control-full-european-american-certifications-ce-cupc-flexible-installation-easy-maintenance\/#breadcrumb"},"inLanguage":"pt-BR","potentialAction":[{"@type":"ReadAction","target":["https:\/\/bikibath.com\/product\/wall-hung-smart-toilet-quiet-flush-app-control-full-european-american-certifications-ce-cupc-flexible-installation-easy-maintenance\/"]}]},{"@type":"ImageObject","inLanguage":"pt-BR","@id":"https:\/\/bikibath.com\/product\/wall-hung-smart-toilet-quiet-flush-app-control-full-european-american-certifications-ce-cupc-flexible-installation-easy-maintenance\/#primaryimage","url":"https:\/\/bikibath.com\/wp-content\/uploads\/2025\/10\/Smart-Toilet-Quiet-Flush-APP-Control.webp","contentUrl":"https:\/\/bikibath.com\/wp-content\/uploads\/2025\/10\/Smart-Toilet-Quiet-Flush-APP-Control.webp","width":1000,"height":1000,"caption":"Smart Toilet Quiet Flush & App Control"},{"@type":"BreadcrumbList","@id":"https:\/\/bikibath.com\/product\/wall-hung-smart-toilet-quiet-flush-app-control-full-european-american-certifications-ce-cupc-flexible-installation-easy-maintenance\/#breadcrumb","itemListElement":[{"@type":"ListItem","position":1,"name":"Home","item":"https:\/\/bikibath.com\/"},{"@type":"ListItem","position":2,"name":"Product","item":"https:\/\/bikibath.com\/product\/"},{"@type":"ListItem","position":3,"name":"Auto Flush Toilets Quiet Flush &#038; APP Control, Rear Outlet, Full European &#038; American Certifications (CE\/CUPC), Flexible Installation &#038; Easy Maintenance"}]},{"@type":"WebSite","@id":"https:\/\/bikibath.com\/#website","url":"https:\/\/bikibath.com\/","name":"Banheiro inteligente BIKI","description":"Eleve cada conforto di\u00e1rio","publisher":{"@id":"https:\/\/bikibath.com\/#organization"},"potentialAction":[{"@type":"SearchAction","target":{"@type":"EntryPoint","urlTemplate":"https:\/\/bikibath.com\/?s={search_term_string}"},"query-input":{"@type":"PropertyValueSpecification","valueRequired":true,"valueName":"search_term_string"}}],"inLanguage":"pt-BR"},{"@type":"Organization","@id":"https:\/\/bikibath.com\/#organization","name":"Banheiro inteligente BIKI","url":"https:\/\/bikibath.com\/","logo":{"@type":"ImageObject","inLanguage":"pt-BR","@id":"https:\/\/bikibath.com\/#\/schema\/logo\/image\/","url":"https:\/\/bikibath.com\/wp-content\/uploads\/2025\/10\/biki.png","contentUrl":"https:\/\/bikibath.com\/wp-content\/uploads\/2025\/10\/biki.png","width":500,"height":162,"caption":"BIKI Smart Toilet"},"image":{"@id":"https:\/\/bikibath.com\/#\/schema\/logo\/image\/"}}]}},"_links":{"self":[{"href":"https:\/\/bikibath.com\/pt\/wp-json\/wp\/v2\/product\/2860","targetHints":{"allow":["GET"]}}],"collection":[{"href":"https:\/\/bikibath.com\/pt\/wp-json\/wp\/v2\/product"}],"about":[{"href":"https:\/\/bikibath.com\/pt\/wp-json\/wp\/v2\/types\/product"}],"replies":[{"embeddable":true,"href":"https:\/\/bikibath.com\/pt\/wp-json\/wp\/v2\/comments?post=2860"}],"wp:featuredmedia":[{"embeddable":true,"href":"https:\/\/bikibath.com\/pt\/wp-json\/wp\/v2\/media\/3966"}],"wp:attachment":[{"href":"https:\/\/bikibath.com\/pt\/wp-json\/wp\/v2\/media?parent=2860"}],"wp:term":[{"taxonomy":"product_brand","embeddable":true,"href":"https:\/\/bikibath.com\/pt\/wp-json\/wp\/v2\/product_brand?post=2860"},{"taxonomy":"product_cat","embeddable":true,"href":"https:\/\/bikibath.com\/pt\/wp-json\/wp\/v2\/product_cat?post=2860"},{"taxonomy":"product_tag","embeddable":true,"href":"https:\/\/bikibath.com\/pt\/wp-json\/wp\/v2\/product_tag?post=2860"}],"curies":[{"name":"wp","href":"https:\/\/api.w.org\/{rel}","templated":true}]}}