{"id":2704,"date":"2025-10-30T06:02:57","date_gmt":"2025-10-30T06:02:57","guid":{"rendered":"https:\/\/bikibath.com\/?post_type=product&#038;p=2704"},"modified":"2026-01-07T03:25:02","modified_gmt":"2026-01-07T03:25:02","slug":"banheiro-com-agua-morna","status":"publish","type":"product","link":"https:\/\/bikibath.com\/pt\/product\/banheiro-com-agua-morna\/","title":{"rendered":"Banheiro com \u00e1gua quente para lavagem: com bid\u00ea e secador para construir banheiros inteligentes, garantindo que cada unidade atenda aos padr\u00f5es globais."},"content":{"rendered":"<p><img decoding=\"async\" class=\"size-full wp-image-2250 aligncenter\" src=\"https:\/\/bikibath.com\/wp-content\/uploads\/2025\/10\/E30x.png\" alt=\"detalhes\" width=\"1300\" \/><\/p>\n<div class=\"auto-hide-last-sibling-br paragraph-pP9ZLC paragraph-element br-paragraph-space\" style=\"display: none;\">\n<h1 class=\"header-iWP5WJ auto-hide-last-sibling-br\">Vaso sanit\u00e1rio com \u00e1gua morna para lavagem: As solu\u00e7\u00f5es inteligentes de saneamento da Global-Standard redefinem o conforto do banheiro<\/h1>\n<div class=\"auto-hide-last-sibling-br paragraph-pP9ZLC paragraph-element br-paragraph-space\">Temos um compromisso inabal\u00e1vel com a garantia de qualidade rigorosa, n\u00e3o deixando pedra sobre pedra para garantir que cada unidade - desde o nosso inovador vaso sanit\u00e1rio inteligente suspenso na parede e os pr\u00e1ticos vasos sanit\u00e1rios com descarga autom\u00e1tica at\u00e9 o vaso sanit\u00e1rio com controle remoto de f\u00e1cil utiliza\u00e7\u00e3o, o elegante vaso sanit\u00e1rio inteligente preto, os vasos sanit\u00e1rios sem tanque que economizam espa\u00e7o, o vaso sanit\u00e1rio com bid\u00ea sem tanque multifuncional e o vaso sanit\u00e1rio confort\u00e1vel com assento aquecido - atenda e supere os rigorosos padr\u00f5es globais. Nossa linha de produtos foi projetada para redefinir as experi\u00eancias do banheiro moderno, integrando tecnologia de ponta, conforto ergon\u00f4mico e responsabilidade ambiental, tudo isso mantendo os mais altos padr\u00f5es de excel\u00eancia.<\/div>\n<h2 class=\"header-iWP5WJ auto-hide-last-sibling-br\">Linha de produtos principais: Mesclando inova\u00e7\u00e3o com design centrado no usu\u00e1rio<\/h2>\n<div class=\"auto-hide-last-sibling-br paragraph-pP9ZLC paragraph-element br-paragraph-space\">Nosso portf\u00f3lio diversificado abrange todas as demandas do saneamento moderno, com cada modelo projetado para oferecer um desempenho excepcional:<\/div>\n<ul class=\"auto-hide-last-sibling-br\">\n<li><strong>Banheiro inteligente suspenso na parede<\/strong>: Uma obra-prima que economiza espa\u00e7o para banheiros minimalistas, combinando est\u00e9tica elegante com funcionalidade inteligente.<\/li>\n<li><strong>Vasos sanit\u00e1rios com descarga autom\u00e1tica<\/strong>: Solu\u00e7\u00f5es de higiene sem o uso das m\u00e3os, ideais para espa\u00e7os p\u00fablicos e uso residencial, eliminando o contato manual.<\/li>\n<li><strong>Vaso sanit\u00e1rio com controle remoto<\/strong>: Conforto personaliz\u00e1vel na ponta dos dedos, com controles \u00e0 prova d'\u00e1gua para configura\u00e7\u00f5es personalizadas.<\/li>\n<li><strong>Vaso sanit\u00e1rio inteligente preto<\/strong>: O estilo sofisticado encontra um desempenho robusto, com acabamentos resistentes a arranh\u00f5es e ao desbotamento.<\/li>\n<li><strong>Banheiros sem tanque<\/strong>: Projetos com efici\u00eancia h\u00eddrica que maximizam o espa\u00e7o e minimizam o impacto ambiental.<\/li>\n<li><strong>Vaso sanit\u00e1rio com bid\u00ea sem tanque<\/strong>: Solu\u00e7\u00e3o de higiene completa, integrando fun\u00e7\u00f5es de lavagem com \u00e1gua quente com efici\u00eancia sem tanque.<\/li>\n<li><strong>Banheiro com assento aquecido<\/strong>: Conforto durante todo o ano para todos os usu\u00e1rios, com configura\u00e7\u00f5es de temperatura ajust\u00e1veis para diversas necessidades.<\/li>\n<\/ul>\n<h2 class=\"header-iWP5WJ auto-hide-last-sibling-br\">Rigoroso controle de qualidade: Das mat\u00e9rias-primas aos produtos acabados<\/h2>\n<div class=\"auto-hide-last-sibling-br paragraph-pP9ZLC paragraph-element br-paragraph-space\">Desde a sele\u00e7\u00e3o da mat\u00e9ria-prima at\u00e9 as inspe\u00e7\u00f5es finais de produ\u00e7\u00e3o, cada etapa da fabrica\u00e7\u00e3o de nossos vasos sanit\u00e1rios inteligentes suspensos, vasos sanit\u00e1rios com descarga autom\u00e1tica, vasos sanit\u00e1rios com controle remoto, vasos sanit\u00e1rios inteligentes pretos, vasos sanit\u00e1rios sem tanque, vasos sanit\u00e1rios com bid\u00ea sem tanque e vasos sanit\u00e1rios com assento aquecido \u00e9 regida por padr\u00f5es de refer\u00eancia reconhecidos internacionalmente em termos de seguran\u00e7a, desempenho, conformidade e confiabilidade.<\/div>\n<ul class=\"auto-hide-last-sibling-br\">\n<li>Para o\u00a0<strong>Banheiro inteligente suspenso na parede<\/strong>, Para garantir a integridade estrutural e, ao mesmo tempo, otimizar a efici\u00eancia do espa\u00e7o, adquirimos materiais de alta qualidade e resistentes \u00e0 corros\u00e3o.<\/li>\n<li>Nosso\u00a0<strong>vasos sanit\u00e1rios com descarga autom\u00e1tica<\/strong>\u00a0apresentam tecnologia de sensor calibrada de acordo com os padr\u00f5es globais de higiene, reduzindo os riscos de contamina\u00e7\u00e3o cruzada.<\/li>\n<li>O\u00a0<strong>banheiro com controle remoto<\/strong>\u00a0\u00e9 projetado com controles intuitivos e \u00e0 prova d'\u00e1gua que atendem \u00e0s normas de acessibilidade e durabilidade.<\/li>\n<li>O\u00a0<strong>banheiro inteligente preto<\/strong>\u00a0usa acabamentos com baixo teor de COV e \u00e0 prova de desbotamento que atendem aos padr\u00f5es ambientais globais.<\/li>\n<li><strong>Banheiros sem tanque<\/strong>\u00a0e\u00a0<strong>vaso sanit\u00e1rio com bid\u00ea sem tanque<\/strong>\u00a0Os modelos integram sistemas avan\u00e7ados de bombas em conformidade com as diretrizes globais de conserva\u00e7\u00e3o de \u00e1gua, reduzindo o consumo de \u00e1gua em at\u00e9 50%.<\/li>\n<li>O\u00a0<strong>Banheiro com assento aquecido<\/strong>\u00a0\u00e9 equipado com elementos de aquecimento seguros para a pele e com baixo consumo de energia, certificados de acordo com os padr\u00f5es internacionais de seguran\u00e7a.<\/li>\n<\/ul>\n<h2 class=\"header-iWP5WJ auto-hide-last-sibling-br\">Testes avan\u00e7ados: Valida\u00e7\u00e3o do desempenho em todos os modelos<\/h2>\n<div class=\"auto-hide-last-sibling-br paragraph-pP9ZLC paragraph-element br-paragraph-space\">Nossa equipe dedicada de controle de qualidade emprega tecnologias de teste avan\u00e7adas e verifica\u00e7\u00f5es manuais meticulosas para verificar a consist\u00eancia de todos os produtos:<\/div>\n<ul class=\"auto-hide-last-sibling-br\">\n<li><strong>Banheiro inteligente suspenso na parede<\/strong>: Realiza testes de suporte de carga e simula\u00e7\u00f5es de durabilidade de longo prazo para componentes inteligentes, garantindo a conformidade com os padr\u00f5es estruturais globais.<\/li>\n<li><strong>Vasos sanit\u00e1rios com descarga autom\u00e1tica<\/strong>: Testes rigorosos de precis\u00e3o do sensor em diversos cen\u00e1rios de uso e condi\u00e7\u00f5es ambientais.<\/li>\n<li><strong>Vaso sanit\u00e1rio com controle remoto<\/strong>: Testes extensivos para verificar a dura\u00e7\u00e3o da bateria, o alcance do sinal e a resist\u00eancia \u00e0 \u00e1gua, seguindo as normas do setor de eletr\u00f4nicos.<\/li>\n<li><strong>Vaso sanit\u00e1rio inteligente preto<\/strong>: Testes de durabilidade do acabamento contra abras\u00e3o, exposi\u00e7\u00e3o aos raios UV e agentes de limpeza para manter sua apar\u00eancia elegante.<\/li>\n<li><strong>Vasos sanit\u00e1rios sem tanque e vaso sanit\u00e1rio com bid\u00ea sem tanque<\/strong>: Teste de press\u00e3o para desempenho \u00e0 prova de vazamentos, com sistemas de lavagem com \u00e1gua morna calibrados de acordo com os padr\u00f5es globais de higiene.<\/li>\n<li><strong>Banheiro com assento aquecido<\/strong>: Testes de prote\u00e7\u00e3o contra superaquecimento e auditorias de consumo de energia, em conformidade com as diretrizes internacionais de efici\u00eancia energ\u00e9tica.<\/li>\n<\/ul>\n<h2 class=\"header-iWP5WJ auto-hide-last-sibling-br\">Sustentabilidade e foco no usu\u00e1rio: Al\u00e9m da conformidade<\/h2>\n<div class=\"auto-hide-last-sibling-br paragraph-pP9ZLC paragraph-element br-paragraph-space\">Vamos al\u00e9m dos requisitos regulat\u00f3rios para alinhar nossos produtos \u00e0 sustentabilidade ambiental e \u00e0s m\u00e9tricas de desempenho centradas no cliente:<\/div>\n<ul class=\"auto-hide-last-sibling-br\">\n<li>Todos os modelos inteligentes (vaso sanit\u00e1rio inteligente suspenso na parede, vaso sanit\u00e1rio com controle remoto, vaso sanit\u00e1rio inteligente preto) apresentam modos de economia de energia para reduzir o consumo de energia.<\/li>\n<li><strong>Banheiros sem tanque<\/strong>\u00a0e\u00a0<strong>vaso sanit\u00e1rio com bid\u00ea sem tanque<\/strong>\u00a0priorizam a efici\u00eancia da \u00e1gua sem comprometer o desempenho da descarga ou da limpeza.<\/li>\n<li>O\u00a0<strong>Banheiro com assento aquecido<\/strong>\u00a0oferece configura\u00e7\u00f5es de temperatura ajust\u00e1veis, atendendo tanto a peles sens\u00edveis quanto a usu\u00e1rios de climas frios.<\/li>\n<li>Todos os produtos s\u00e3o projetados com materiais com baixo teor de COV e componentes recicl\u00e1veis, alinhados com as iniciativas globais de respeito ao meio ambiente.<\/li>\n<\/ul>\n<h2 class=\"header-iWP5WJ auto-hide-last-sibling-br\">Nossa promessa: produtos de qualidade global para o sucesso mundial<\/h2>\n<div class=\"auto-hide-last-sibling-br paragraph-pP9ZLC paragraph-element br-paragraph-space\">Essa abordagem rigorosa n\u00e3o \u00e9 apenas um processo - \u00e9 uma promessa \u00e0s empresas e aos usu\u00e1rios finais em todo o mundo: cada vaso sanit\u00e1rio inteligente suspenso, vaso sanit\u00e1rio com descarga autom\u00e1tica, vaso sanit\u00e1rio com controle remoto, vaso sanit\u00e1rio inteligente preto, vaso sanit\u00e1rio sem tanque, vaso sanit\u00e1rio com bid\u00ea sem tanque e vaso sanit\u00e1rio com assento aquecido que tem o nosso compromisso \u00e9 constru\u00eddo para resistir ao teste dos mercados globais, promover a confian\u00e7a internacional e gerar sucesso de longo prazo para os nossos parceiros.<\/div>\n<div class=\"auto-hide-last-sibling-br paragraph-pP9ZLC paragraph-element br-paragraph-space\">Ao nos alinharmos com os padr\u00f5es globais, eliminamos as barreiras ao com\u00e9rcio internacional, capacitando as marcas a se expandirem com confian\u00e7a em diversos mercados:<\/div>\n<ul class=\"auto-hide-last-sibling-br\">\n<li><strong>Banheiro inteligente suspenso na parede<\/strong>: Perfeito para apartamentos urbanos e projetos residenciais modernos.<\/li>\n<li><strong>Vasos sanit\u00e1rios com descarga autom\u00e1tica<\/strong>: Ideal para espa\u00e7os comerciais, hot\u00e9is e instala\u00e7\u00f5es p\u00fablicas.<\/li>\n<li><strong>Vaso sanit\u00e1rio com controle remoto<\/strong>: Uma op\u00e7\u00e3o premium para resid\u00eancias de luxo que buscam conforto personaliz\u00e1vel.<\/li>\n<li><strong>Vaso sanit\u00e1rio inteligente preto<\/strong>: Eleva os interiores modernos em ambientes residenciais e de hospitalidade de alto padr\u00e3o.<\/li>\n<li><strong>Banheiros sem tanque<\/strong>: Adequado para edif\u00edcios ecol\u00f3gicos e regi\u00f5es com escassez de \u00e1gua.<\/li>\n<li><strong>Vaso sanit\u00e1rio com bid\u00ea sem tanque<\/strong>: Uma das principais op\u00e7\u00f5es para consumidores preocupados com a sa\u00fade e espa\u00e7os voltados para o bem-estar.<\/li>\n<li><strong>Banheiro com assento aquecido<\/strong>: Essencial para climas frios e usu\u00e1rios que priorizam o conforto durante todo o ano.<\/li>\n<\/ul>\n<h2 class=\"header-iWP5WJ auto-hide-last-sibling-br\">Conclus\u00e3o: Redefinindo o saneamento com excel\u00eancia global<\/h2>\n<div class=\"auto-hide-last-sibling-br paragraph-pP9ZLC paragraph-element br-paragraph-space\">Em cada detalhe - desde a sele\u00e7\u00e3o do material at\u00e9 a inspe\u00e7\u00e3o final - mantemos nosso compromisso com a qualidade, garantindo que cada produto n\u00e3o apenas atenda aos padr\u00f5es globais, mas tamb\u00e9m redefina as expectativas do usu\u00e1rio em rela\u00e7\u00e3o a um vaso sanit\u00e1rio com \u00e1gua quente. Com a nossa diversificada linha de vasos sanit\u00e1rios inteligentes suspensos, vasos sanit\u00e1rios com descarga autom\u00e1tica, vasos sanit\u00e1rios com controle remoto, vasos sanit\u00e1rios inteligentes pretos, vasos sanit\u00e1rios sem tanque, vasos sanit\u00e1rios com bid\u00ea sem tanque e vasos sanit\u00e1rios com assento aquecido, oferecemos um valor que transcende as fronteiras, unindo desempenho, seguran\u00e7a, sustentabilidade e conforto para gerar sucesso de longo prazo para os nossos parceiros e satisfa\u00e7\u00e3o para os usu\u00e1rios finais em todo o mundo.<\/div>\n<\/div>","protected":false},"excerpt":{"rendered":"<div class=\"pro_desc\">\n<table cellspacing=\"0\" cellpadding=\"0\">\n<tbody>\n<tr>\n<td>Modelo n\u00ba:<\/td>\n<td>E30<\/td>\n<\/tr>\n<tr>\n<td>Estrutura<\/td>\n<td>Pequena estrutura de ferro<\/td>\n<\/tr>\n<tr>\n<td>Tamanho\uff1a<\/td>\n<td>590*380*370mm<\/td>\n<\/tr>\n<tr>\n<td>Sistema de descarga\uff1a<\/td>\n<td>Drenagem da parede<\/td>\n<\/tr>\n<tr>\n<td>M\u00e9todo de eros\u00e3o\uff1a<\/td>\n<td>Modelo do tanque de \u00e1gua<\/td>\n<\/tr>\n<tr>\n<td>MOQ\uff1a<\/td>\n<td>1 conjuntos<\/td>\n<\/tr>\n<tr>\n<td>Prazo de entrega\uff1a<\/td>\n<td>7 a 15 dias<\/td>\n<\/tr>\n<\/tbody>\n<\/table>\n<\/div>","protected":false},"featured_media":2858,"comment_status":"open","ping_status":"closed","template":"","meta":{"_acf_changed":false},"product_brand":[],"product_cat":[28],"product_tag":[],"class_list":{"0":"post-2704","1":"product","2":"type-product","3":"status-publish","4":"has-post-thumbnail","6":"product_cat-smart-toilet","8":"first","9":"instock","10":"shipping-taxable","11":"product-type-simple"},"acf":[],"yoast_head":"<!-- This site is optimized with the Yoast SEO Premium plugin v23.6 (Yoast SEO v26.3) - https:\/\/yoast.com\/wordpress\/plugins\/seo\/ -->\n<title>Warm Water Wash Toilet - BIKI Smart Toilet<\/title>\n<meta name=\"description\" content=\"We prioritize strict quality checks, ensuring every unit meets global standards for safety, compliance, Warm Water Wash Toilet.\" \/>\n<meta name=\"robots\" content=\"index, follow, max-snippet:-1, max-image-preview:large, max-video-preview:-1\" \/>\n<link rel=\"canonical\" href=\"https:\/\/bikibath.com\/pt\/product\/banheiro-com-agua-morna\/\" \/>\n<meta property=\"og:locale\" content=\"pt_BR\" \/>\n<meta property=\"og:type\" content=\"article\" \/>\n<meta property=\"og:title\" content=\"Warm Water Wash Toilet : With Bidet and Dryer to Build Smart Toilets, Ensuring Every Unit Meets Global Standards.\" \/>\n<meta property=\"og:description\" content=\"We prioritize strict quality checks, ensuring every unit meets global standards for safety, compliance, Warm Water Wash Toilet.\" \/>\n<meta property=\"og:url\" content=\"https:\/\/bikibath.com\/pt\/product\/banheiro-com-agua-morna\/\" \/>\n<meta property=\"og:site_name\" content=\"BIKI Smart Toilet\" \/>\n<meta property=\"article:modified_time\" content=\"2026-01-07T03:25:02+00:00\" \/>\n<meta property=\"og:image\" content=\"https:\/\/bikibath.com\/wp-content\/uploads\/2025\/10\/E30-5.png\" \/>\n\t<meta property=\"og:image:width\" content=\"1000\" \/>\n\t<meta property=\"og:image:height\" content=\"1000\" \/>\n\t<meta property=\"og:image:type\" content=\"image\/png\" \/>\n<meta name=\"twitter:card\" content=\"summary_large_image\" \/>\n<meta name=\"twitter:label1\" content=\"Est. tempo de leitura\" \/>\n\t<meta name=\"twitter:data1\" content=\"5 minutos\" \/>\n<script type=\"application\/ld+json\" class=\"yoast-schema-graph\">{\"@context\":\"https:\/\/schema.org\",\"@graph\":[{\"@type\":\"WebPage\",\"@id\":\"https:\/\/bikibath.com\/product\/warm-water-wash-toilet\/\",\"url\":\"https:\/\/bikibath.com\/product\/warm-water-wash-toilet\/\",\"name\":\"Warm Water Wash Toilet - BIKI Smart Toilet\",\"isPartOf\":{\"@id\":\"https:\/\/bikibath.com\/#website\"},\"primaryImageOfPage\":{\"@id\":\"https:\/\/bikibath.com\/product\/warm-water-wash-toilet\/#primaryimage\"},\"image\":{\"@id\":\"https:\/\/bikibath.com\/product\/warm-water-wash-toilet\/#primaryimage\"},\"thumbnailUrl\":\"https:\/\/bikibath.com\/wp-content\/uploads\/2025\/10\/E30-5.png\",\"datePublished\":\"2025-10-30T06:02:57+00:00\",\"dateModified\":\"2026-01-07T03:25:02+00:00\",\"description\":\"We prioritize strict quality checks, ensuring every unit meets global standards for safety, compliance, Warm Water Wash Toilet.\",\"breadcrumb\":{\"@id\":\"https:\/\/bikibath.com\/product\/warm-water-wash-toilet\/#breadcrumb\"},\"inLanguage\":\"pt-BR\",\"potentialAction\":[{\"@type\":\"ReadAction\",\"target\":[\"https:\/\/bikibath.com\/product\/warm-water-wash-toilet\/\"]}]},{\"@type\":\"ImageObject\",\"inLanguage\":\"pt-BR\",\"@id\":\"https:\/\/bikibath.com\/product\/warm-water-wash-toilet\/#primaryimage\",\"url\":\"https:\/\/bikibath.com\/wp-content\/uploads\/2025\/10\/E30-5.png\",\"contentUrl\":\"https:\/\/bikibath.com\/wp-content\/uploads\/2025\/10\/E30-5.png\",\"width\":1000,\"height\":1000},{\"@type\":\"BreadcrumbList\",\"@id\":\"https:\/\/bikibath.com\/product\/warm-water-wash-toilet\/#breadcrumb\",\"itemListElement\":[{\"@type\":\"ListItem\",\"position\":1,\"name\":\"Home\",\"item\":\"https:\/\/bikibath.com\/\"},{\"@type\":\"ListItem\",\"position\":2,\"name\":\"Product\",\"item\":\"https:\/\/bikibath.com\/product\/\"},{\"@type\":\"ListItem\",\"position\":3,\"name\":\"Warm Water Wash Toilet : With Bidet and Dryer to Build Smart Toilets, Ensuring Every Unit Meets Global Standards.\"}]},{\"@type\":\"WebSite\",\"@id\":\"https:\/\/bikibath.com\/#website\",\"url\":\"https:\/\/bikibath.com\/\",\"name\":\"BIKI Smart Toilet\",\"description\":\"Elevate Every Daily Comfort\",\"publisher\":{\"@id\":\"https:\/\/bikibath.com\/#organization\"},\"potentialAction\":[{\"@type\":\"SearchAction\",\"target\":{\"@type\":\"EntryPoint\",\"urlTemplate\":\"https:\/\/bikibath.com\/?s={search_term_string}\"},\"query-input\":{\"@type\":\"PropertyValueSpecification\",\"valueRequired\":true,\"valueName\":\"search_term_string\"}}],\"inLanguage\":\"pt-BR\"},{\"@type\":\"Organization\",\"@id\":\"https:\/\/bikibath.com\/#organization\",\"name\":\"BIKI Smart Toilet\",\"url\":\"https:\/\/bikibath.com\/\",\"logo\":{\"@type\":\"ImageObject\",\"inLanguage\":\"pt-BR\",\"@id\":\"https:\/\/bikibath.com\/#\/schema\/logo\/image\/\",\"url\":\"https:\/\/bikibath.com\/wp-content\/uploads\/2025\/10\/biki.png\",\"contentUrl\":\"https:\/\/bikibath.com\/wp-content\/uploads\/2025\/10\/biki.png\",\"width\":500,\"height\":162,\"caption\":\"BIKI Smart Toilet\"},\"image\":{\"@id\":\"https:\/\/bikibath.com\/#\/schema\/logo\/image\/\"}}]}<\/script>\n<!-- \/ Yoast SEO Premium plugin. -->","yoast_head_json":{"title":"Vaso sanit\u00e1rio para lavagem com \u00e1gua quente - BIKI Smart Toilet","description":"Priorizamos verifica\u00e7\u00f5es rigorosas de qualidade, garantindo que cada unidade atenda aos padr\u00f5es globais de seguran\u00e7a, conformidade, Warm Water Wash Toilet.","robots":{"index":"index","follow":"follow","max-snippet":"max-snippet:-1","max-image-preview":"max-image-preview:large","max-video-preview":"max-video-preview:-1"},"canonical":"https:\/\/bikibath.com\/pt\/product\/banheiro-com-agua-morna\/","og_locale":"pt_BR","og_type":"article","og_title":"Warm Water Wash Toilet : With Bidet and Dryer to Build Smart Toilets, Ensuring Every Unit Meets Global Standards.","og_description":"We prioritize strict quality checks, ensuring every unit meets global standards for safety, compliance, Warm Water Wash Toilet.","og_url":"https:\/\/bikibath.com\/pt\/product\/banheiro-com-agua-morna\/","og_site_name":"BIKI Smart Toilet","article_modified_time":"2026-01-07T03:25:02+00:00","og_image":[{"width":1000,"height":1000,"url":"https:\/\/bikibath.com\/wp-content\/uploads\/2025\/10\/E30-5.png","type":"image\/png"}],"twitter_card":"summary_large_image","twitter_misc":{"Est. tempo de leitura":"5 minutos"},"schema":{"@context":"https:\/\/schema.org","@graph":[{"@type":"WebPage","@id":"https:\/\/bikibath.com\/product\/warm-water-wash-toilet\/","url":"https:\/\/bikibath.com\/product\/warm-water-wash-toilet\/","name":"Vaso sanit\u00e1rio para lavagem com \u00e1gua quente - BIKI Smart Toilet","isPartOf":{"@id":"https:\/\/bikibath.com\/#website"},"primaryImageOfPage":{"@id":"https:\/\/bikibath.com\/product\/warm-water-wash-toilet\/#primaryimage"},"image":{"@id":"https:\/\/bikibath.com\/product\/warm-water-wash-toilet\/#primaryimage"},"thumbnailUrl":"https:\/\/bikibath.com\/wp-content\/uploads\/2025\/10\/E30-5.png","datePublished":"2025-10-30T06:02:57+00:00","dateModified":"2026-01-07T03:25:02+00:00","description":"Priorizamos verifica\u00e7\u00f5es rigorosas de qualidade, garantindo que cada unidade atenda aos padr\u00f5es globais de seguran\u00e7a, conformidade, Warm Water Wash Toilet.","breadcrumb":{"@id":"https:\/\/bikibath.com\/product\/warm-water-wash-toilet\/#breadcrumb"},"inLanguage":"pt-BR","potentialAction":[{"@type":"ReadAction","target":["https:\/\/bikibath.com\/product\/warm-water-wash-toilet\/"]}]},{"@type":"ImageObject","inLanguage":"pt-BR","@id":"https:\/\/bikibath.com\/product\/warm-water-wash-toilet\/#primaryimage","url":"https:\/\/bikibath.com\/wp-content\/uploads\/2025\/10\/E30-5.png","contentUrl":"https:\/\/bikibath.com\/wp-content\/uploads\/2025\/10\/E30-5.png","width":1000,"height":1000},{"@type":"BreadcrumbList","@id":"https:\/\/bikibath.com\/product\/warm-water-wash-toilet\/#breadcrumb","itemListElement":[{"@type":"ListItem","position":1,"name":"Home","item":"https:\/\/bikibath.com\/"},{"@type":"ListItem","position":2,"name":"Product","item":"https:\/\/bikibath.com\/product\/"},{"@type":"ListItem","position":3,"name":"Warm Water Wash Toilet : With Bidet and Dryer to Build Smart Toilets, Ensuring Every Unit Meets Global Standards."}]},{"@type":"WebSite","@id":"https:\/\/bikibath.com\/#website","url":"https:\/\/bikibath.com\/","name":"Banheiro inteligente BIKI","description":"Eleve cada conforto di\u00e1rio","publisher":{"@id":"https:\/\/bikibath.com\/#organization"},"potentialAction":[{"@type":"SearchAction","target":{"@type":"EntryPoint","urlTemplate":"https:\/\/bikibath.com\/?s={search_term_string}"},"query-input":{"@type":"PropertyValueSpecification","valueRequired":true,"valueName":"search_term_string"}}],"inLanguage":"pt-BR"},{"@type":"Organization","@id":"https:\/\/bikibath.com\/#organization","name":"Banheiro inteligente BIKI","url":"https:\/\/bikibath.com\/","logo":{"@type":"ImageObject","inLanguage":"pt-BR","@id":"https:\/\/bikibath.com\/#\/schema\/logo\/image\/","url":"https:\/\/bikibath.com\/wp-content\/uploads\/2025\/10\/biki.png","contentUrl":"https:\/\/bikibath.com\/wp-content\/uploads\/2025\/10\/biki.png","width":500,"height":162,"caption":"BIKI Smart Toilet"},"image":{"@id":"https:\/\/bikibath.com\/#\/schema\/logo\/image\/"}}]}},"_links":{"self":[{"href":"https:\/\/bikibath.com\/pt\/wp-json\/wp\/v2\/product\/2704","targetHints":{"allow":["GET"]}}],"collection":[{"href":"https:\/\/bikibath.com\/pt\/wp-json\/wp\/v2\/product"}],"about":[{"href":"https:\/\/bikibath.com\/pt\/wp-json\/wp\/v2\/types\/product"}],"replies":[{"embeddable":true,"href":"https:\/\/bikibath.com\/pt\/wp-json\/wp\/v2\/comments?post=2704"}],"wp:featuredmedia":[{"embeddable":true,"href":"https:\/\/bikibath.com\/pt\/wp-json\/wp\/v2\/media\/2858"}],"wp:attachment":[{"href":"https:\/\/bikibath.com\/pt\/wp-json\/wp\/v2\/media?parent=2704"}],"wp:term":[{"taxonomy":"product_brand","embeddable":true,"href":"https:\/\/bikibath.com\/pt\/wp-json\/wp\/v2\/product_brand?post=2704"},{"taxonomy":"product_cat","embeddable":true,"href":"https:\/\/bikibath.com\/pt\/wp-json\/wp\/v2\/product_cat?post=2704"},{"taxonomy":"product_tag","embeddable":true,"href":"https:\/\/bikibath.com\/pt\/wp-json\/wp\/v2\/product_tag?post=2704"}],"curies":[{"name":"wp","href":"https:\/\/api.w.org\/{rel}","templated":true}]}}