{"id":1997,"date":"2025-10-24T09:13:53","date_gmt":"2025-10-24T09:13:53","guid":{"rendered":"https:\/\/bikibath.com\/?post_type=product&#038;p=1997"},"modified":"2026-01-07T02:57:46","modified_gmt":"2026-01-07T02:57:46","slug":"banheiro-inteligente-american-standard","status":"publish","type":"product","link":"https:\/\/bikibath.com\/pt\/product\/banheiro-inteligente-american-standard\/","title":{"rendered":"Vaso sanit\u00e1rio inteligente padr\u00e3o americano | Vaso sanit\u00e1rio inteligente BIKI Wall Hung (certificado pela CE\/CUPC)"},"content":{"rendered":"<p><img fetchpriority=\"high\" decoding=\"async\" class=\"aligncenter wp-image-2250 size-full\" src=\"https:\/\/bikibath.com\/wp-content\/uploads\/2025\/10\/E21.png\" alt=\"Vaso sanit\u00e1rio inteligente BIKI American-Standard com fun\u00e7\u00e3o avan\u00e7ada de bid\u00ea\" width=\"1300\" height=\"2151\" \/><\/p>\n<div style=\"display: none;\">\n<h1 class=\"header-iWP5WJ auto-hide-last-sibling-br\">Fa\u00e7a o upgrade para o vaso sanit\u00e1rio inteligente da American-Standard: Conveni\u00eancia sem toque, conforto aquecido e pot\u00eancia silenciosa<\/h1>\n<div class=\"auto-hide-last-sibling-br paragraph-pP9ZLC paragraph-element br-paragraph-space\">Se voc\u00ea est\u00e1 pronto para elevar o n\u00edvel do seu banheiro com confiabilidade e luxo, n\u00e3o precisa procurar mais do que o vaso sanit\u00e1rio inteligente American-Standard. Projetada para os lares americanos modernos, essa atualiza\u00e7\u00e3o oferece conveni\u00eancia sem toque, um assento aquecido aconchegante e uma descarga que \u00e9 potente e silenciosa - tudo com o respaldo de uma marca confi\u00e1vel h\u00e1 d\u00e9cadas.<\/div>\n<h2 class=\"header-iWP5WJ auto-hide-last-sibling-br\">Conveni\u00eancia sem toque: Higiene na ponta de seus dedos<\/h2>\n<div class=\"auto-hide-last-sibling-br paragraph-pP9ZLC paragraph-element br-paragraph-space\">J\u00e1 se foram os dias em que era preciso tocar nas ma\u00e7anetas dos vasos sanit\u00e1rios, propensas a germes. O vaso sanit\u00e1rio inteligente da American-Standard apresenta descarga ativada por sensor: acene com a m\u00e3o perto do sensor ou afaste-se, e a descarga ser\u00e1 acionada automaticamente. \u00c9 perfeito para fam\u00edlias ocupadas, h\u00f3spedes ou qualquer pessoa que priorize a limpeza. N\u00e3o h\u00e1 mais esquecimento da descarga, n\u00e3o h\u00e1 mais propaga\u00e7\u00e3o de germes - apenas o uso cont\u00ednuo e higi\u00eanico, sempre.<\/div>\n<h2 class=\"header-iWP5WJ auto-hide-last-sibling-br\">Assento aquecido: conforto durante todo o ano<\/h2>\n<div class=\"auto-hide-last-sibling-br paragraph-pP9ZLC paragraph-element br-paragraph-space\">Diga adeus aos assentos frios dos vasos sanit\u00e1rios, mesmo nas manh\u00e3s geladas. Esse vaso sanit\u00e1rio inteligente vem com um assento aquecido ajust\u00e1vel (3 configura\u00e7\u00f5es de temperatura) para se adequar \u00e0 sua prefer\u00eancia. O design com baixo consumo de energia desliga-se automaticamente quando n\u00e3o est\u00e1 em uso, mantendo as contas de luz sob controle. Ele transforma uma r\u00e1pida ida ao banheiro em um pequeno e reconfortante luxo para toda a casa.<\/div>\n<h2 class=\"header-iWP5WJ auto-hide-last-sibling-br\">Descarga potente e silenciosa: desempenho sem ru\u00eddo<\/h2>\n<div class=\"auto-hide-last-sibling-br paragraph-pP9ZLC paragraph-element br-paragraph-space\">Os lares americanos precisam de uma descarga que fa\u00e7a o trabalho - sem incomodar a casa. O avan\u00e7ado sistema de descarga desse modelo oferece um poder de limpeza forte e completo, mantendo-se ultrassilencioso (30-40 decib\u00e9is). Ele limpa os res\u00edduos de forma eficiente com o m\u00ednimo de uso de \u00e1gua (1,28 GPF), economizando seu dinheiro e apoiando a sustentabilidade. N\u00e3o h\u00e1 mais ru\u00eddos ou ecos - apenas um desempenho calmo e confi\u00e1vel.<\/div>\n<h2 class=\"header-iWP5WJ auto-hide-last-sibling-br\">Por que escolher a American-Standard?<\/h2>\n<div class=\"auto-hide-last-sibling-br paragraph-pP9ZLC paragraph-element br-paragraph-space\">Al\u00e9m de seus recursos de destaque, esse vaso sanit\u00e1rio inteligente carrega o legado de qualidade da marca. Ele foi constru\u00eddo para se adaptar ao encanamento padr\u00e3o americano, garantindo uma instala\u00e7\u00e3o f\u00e1cil (sem necessidade de grandes reformas). \u00c9 dur\u00e1vel, f\u00e1cil de limpar e foi projetado para suportar o uso di\u00e1rio. Para os propriet\u00e1rios que desejam tranquilidade com sua atualiza\u00e7\u00e3o, a reputa\u00e7\u00e3o de confiabilidade da American-Standard \u00e9 imbat\u00edvel.<\/div>\n<h2 class=\"header-iWP5WJ auto-hide-last-sibling-br\">Pensamento final<\/h2>\n<div class=\"auto-hide-last-sibling-br paragraph-pP9ZLC paragraph-element br-paragraph-space\">A atualiza\u00e7\u00e3o para o Smart Toilet da American-Standard n\u00e3o se trata apenas de adicionar dispositivos - trata-se de tornar a vida di\u00e1ria mais f\u00e1cil, mais limpa e mais confort\u00e1vel. Com descarga sem toque, assento aquecido e desempenho silencioso, por\u00e9m potente, \u00e9 um luxo pr\u00e1tico que se encaixa perfeitamente nos lares americanos. Abandone o vaso sanit\u00e1rio ultrapassado e adote uma experi\u00eancia de banheiro mais inteligente e agrad\u00e1vel - com a confian\u00e7a de milh\u00f5es de pessoas, projetada para voc\u00ea.<\/div>\n<\/div>","protected":false},"excerpt":{"rendered":"<div class=\"pro_desc\">\n<table cellspacing=\"0\" cellpadding=\"0\">\n<tbody>\n<tr>\n<td>Modelo n\u00ba:<\/td>\n<td>E21<\/td>\n<\/tr>\n<tr>\n<td>Estrutura<\/td>\n<td>Pequena estrutura de ferro<\/td>\n<\/tr>\n<tr>\n<td>Tamanho\uff1a<\/td>\n<td>590*380*400mm<\/td>\n<\/tr>\n<tr>\n<td>Sistema de descarga\uff1a<\/td>\n<td>Jato sif\u00f4nico<\/td>\n<\/tr>\n<tr>\n<td>M\u00e9todo de aquecimento\uff1a<\/td>\n<td>Aquecimento instant\u00e2neo<\/td>\n<\/tr>\n<tr>\n<td>MOQ\uff1a<\/td>\n<td>1 conjuntos<\/td>\n<\/tr>\n<tr>\n<td>Prazo de entrega\uff1a<\/td>\n<td>7 a 15 dias<\/td>\n<\/tr>\n<\/tbody>\n<\/table>\n<\/div>","protected":false},"featured_media":2856,"comment_status":"open","ping_status":"closed","template":"","meta":{"_acf_changed":false},"product_brand":[],"product_cat":[28],"product_tag":[],"class_list":{"0":"post-1997","1":"product","2":"type-product","3":"status-publish","4":"has-post-thumbnail","6":"product_cat-smart-toilet","8":"first","9":"instock","10":"shipping-taxable","11":"product-type-simple"},"acf":[],"yoast_head":"<!-- This site is optimized with the Yoast SEO Premium plugin v23.6 (Yoast SEO v26.3) - https:\/\/yoast.com\/wordpress\/plugins\/seo\/ -->\n<title>American-Standard Smart Toilet BIKI Advanced BidetBIKI Smart Toilet<\/title>\n<meta name=\"description\" content=\"American-Standard Smart Toilet Upgrade to the American-Standard Smart Toilet: touchless convenience, heated seat, powerful yet silent flushing\" \/>\n<meta name=\"robots\" content=\"index, follow, max-snippet:-1, max-image-preview:large, max-video-preview:-1\" \/>\n<link rel=\"canonical\" href=\"https:\/\/bikibath.com\/pt\/product\/banheiro-inteligente-american-standard\/\" \/>\n<meta property=\"og:locale\" content=\"pt_BR\" \/>\n<meta property=\"og:type\" content=\"article\" \/>\n<meta property=\"og:title\" content=\"American-Standard Smart Toilet | BIKI Wall Hung Smart Toilet (CE\/CUPC Certified)\" \/>\n<meta property=\"og:description\" content=\"American-Standard Smart Toilet Upgrade to the American-Standard Smart Toilet: touchless convenience, heated seat, powerful yet silent flushing\" \/>\n<meta property=\"og:url\" content=\"https:\/\/bikibath.com\/pt\/product\/banheiro-inteligente-american-standard\/\" \/>\n<meta property=\"og:site_name\" content=\"BIKI Smart Toilet\" \/>\n<meta property=\"article:modified_time\" content=\"2026-01-07T02:57:46+00:00\" \/>\n<meta property=\"og:image\" content=\"https:\/\/bikibath.com\/wp-content\/uploads\/2025\/10\/1-1-1.png\" \/>\n\t<meta property=\"og:image:width\" content=\"1000\" \/>\n\t<meta property=\"og:image:height\" content=\"1000\" \/>\n\t<meta property=\"og:image:type\" content=\"image\/png\" \/>\n<meta name=\"twitter:card\" content=\"summary_large_image\" \/>\n<meta name=\"twitter:label1\" content=\"Est. tempo de leitura\" \/>\n\t<meta name=\"twitter:data1\" content=\"2 minutos\" \/>\n<script type=\"application\/ld+json\" class=\"yoast-schema-graph\">{\"@context\":\"https:\/\/schema.org\",\"@graph\":[{\"@type\":\"WebPage\",\"@id\":\"https:\/\/bikibath.com\/product\/american-standard-smart-toilet\/\",\"url\":\"https:\/\/bikibath.com\/product\/american-standard-smart-toilet\/\",\"name\":\"American-Standard Smart Toilet BIKI Advanced BidetBIKI Smart Toilet\",\"isPartOf\":{\"@id\":\"https:\/\/bikibath.com\/#website\"},\"primaryImageOfPage\":{\"@id\":\"https:\/\/bikibath.com\/product\/american-standard-smart-toilet\/#primaryimage\"},\"image\":{\"@id\":\"https:\/\/bikibath.com\/product\/american-standard-smart-toilet\/#primaryimage\"},\"thumbnailUrl\":\"https:\/\/bikibath.com\/wp-content\/uploads\/2025\/10\/1-1-1.png\",\"datePublished\":\"2025-10-24T09:13:53+00:00\",\"dateModified\":\"2026-01-07T02:57:46+00:00\",\"description\":\"American-Standard Smart Toilet Upgrade to the American-Standard Smart Toilet: touchless convenience, heated seat, powerful yet silent flushing\",\"breadcrumb\":{\"@id\":\"https:\/\/bikibath.com\/product\/american-standard-smart-toilet\/#breadcrumb\"},\"inLanguage\":\"pt-BR\",\"potentialAction\":[{\"@type\":\"ReadAction\",\"target\":[\"https:\/\/bikibath.com\/product\/american-standard-smart-toilet\/\"]}]},{\"@type\":\"ImageObject\",\"inLanguage\":\"pt-BR\",\"@id\":\"https:\/\/bikibath.com\/product\/american-standard-smart-toilet\/#primaryimage\",\"url\":\"https:\/\/bikibath.com\/wp-content\/uploads\/2025\/10\/1-1-1.png\",\"contentUrl\":\"https:\/\/bikibath.com\/wp-content\/uploads\/2025\/10\/1-1-1.png\",\"width\":1000,\"height\":1000},{\"@type\":\"BreadcrumbList\",\"@id\":\"https:\/\/bikibath.com\/product\/american-standard-smart-toilet\/#breadcrumb\",\"itemListElement\":[{\"@type\":\"ListItem\",\"position\":1,\"name\":\"Home\",\"item\":\"https:\/\/bikibath.com\/\"},{\"@type\":\"ListItem\",\"position\":2,\"name\":\"Product\",\"item\":\"https:\/\/bikibath.com\/product\/\"},{\"@type\":\"ListItem\",\"position\":3,\"name\":\"American-Standard Smart Toilet | BIKI Wall Hung Smart Toilet (CE\/CUPC Certified)\"}]},{\"@type\":\"WebSite\",\"@id\":\"https:\/\/bikibath.com\/#website\",\"url\":\"https:\/\/bikibath.com\/\",\"name\":\"BIKI Smart Toilet\",\"description\":\"Elevate Every Daily Comfort\",\"publisher\":{\"@id\":\"https:\/\/bikibath.com\/#organization\"},\"potentialAction\":[{\"@type\":\"SearchAction\",\"target\":{\"@type\":\"EntryPoint\",\"urlTemplate\":\"https:\/\/bikibath.com\/?s={search_term_string}\"},\"query-input\":{\"@type\":\"PropertyValueSpecification\",\"valueRequired\":true,\"valueName\":\"search_term_string\"}}],\"inLanguage\":\"pt-BR\"},{\"@type\":\"Organization\",\"@id\":\"https:\/\/bikibath.com\/#organization\",\"name\":\"BIKI Smart Toilet\",\"url\":\"https:\/\/bikibath.com\/\",\"logo\":{\"@type\":\"ImageObject\",\"inLanguage\":\"pt-BR\",\"@id\":\"https:\/\/bikibath.com\/#\/schema\/logo\/image\/\",\"url\":\"https:\/\/bikibath.com\/wp-content\/uploads\/2025\/10\/biki.png\",\"contentUrl\":\"https:\/\/bikibath.com\/wp-content\/uploads\/2025\/10\/biki.png\",\"width\":500,\"height\":162,\"caption\":\"BIKI Smart Toilet\"},\"image\":{\"@id\":\"https:\/\/bikibath.com\/#\/schema\/logo\/image\/\"}}]}<\/script>\n<!-- \/ Yoast SEO Premium plugin. -->","yoast_head_json":{"title":"Vaso sanit\u00e1rio inteligente American-Standard Bid\u00ea avan\u00e7ado BIKI Vaso sanit\u00e1rio inteligente BIKI","description":"American-Standard Smart Toilet Atualize para o American-Standard Smart Toilet: conveni\u00eancia sem toque, assento aquecido, descarga potente e silenciosa","robots":{"index":"index","follow":"follow","max-snippet":"max-snippet:-1","max-image-preview":"max-image-preview:large","max-video-preview":"max-video-preview:-1"},"canonical":"https:\/\/bikibath.com\/pt\/product\/banheiro-inteligente-american-standard\/","og_locale":"pt_BR","og_type":"article","og_title":"American-Standard Smart Toilet | BIKI Wall Hung Smart Toilet (CE\/CUPC Certified)","og_description":"American-Standard Smart Toilet Upgrade to the American-Standard Smart Toilet: touchless convenience, heated seat, powerful yet silent flushing","og_url":"https:\/\/bikibath.com\/pt\/product\/banheiro-inteligente-american-standard\/","og_site_name":"BIKI Smart Toilet","article_modified_time":"2026-01-07T02:57:46+00:00","og_image":[{"width":1000,"height":1000,"url":"https:\/\/bikibath.com\/wp-content\/uploads\/2025\/10\/1-1-1.png","type":"image\/png"}],"twitter_card":"summary_large_image","twitter_misc":{"Est. tempo de leitura":"2 minutos"},"schema":{"@context":"https:\/\/schema.org","@graph":[{"@type":"WebPage","@id":"https:\/\/bikibath.com\/product\/american-standard-smart-toilet\/","url":"https:\/\/bikibath.com\/product\/american-standard-smart-toilet\/","name":"Vaso sanit\u00e1rio inteligente American-Standard Bid\u00ea avan\u00e7ado BIKI Vaso sanit\u00e1rio inteligente BIKI","isPartOf":{"@id":"https:\/\/bikibath.com\/#website"},"primaryImageOfPage":{"@id":"https:\/\/bikibath.com\/product\/american-standard-smart-toilet\/#primaryimage"},"image":{"@id":"https:\/\/bikibath.com\/product\/american-standard-smart-toilet\/#primaryimage"},"thumbnailUrl":"https:\/\/bikibath.com\/wp-content\/uploads\/2025\/10\/1-1-1.png","datePublished":"2025-10-24T09:13:53+00:00","dateModified":"2026-01-07T02:57:46+00:00","description":"American-Standard Smart Toilet Atualize para o American-Standard Smart Toilet: conveni\u00eancia sem toque, assento aquecido, descarga potente e silenciosa","breadcrumb":{"@id":"https:\/\/bikibath.com\/product\/american-standard-smart-toilet\/#breadcrumb"},"inLanguage":"pt-BR","potentialAction":[{"@type":"ReadAction","target":["https:\/\/bikibath.com\/product\/american-standard-smart-toilet\/"]}]},{"@type":"ImageObject","inLanguage":"pt-BR","@id":"https:\/\/bikibath.com\/product\/american-standard-smart-toilet\/#primaryimage","url":"https:\/\/bikibath.com\/wp-content\/uploads\/2025\/10\/1-1-1.png","contentUrl":"https:\/\/bikibath.com\/wp-content\/uploads\/2025\/10\/1-1-1.png","width":1000,"height":1000},{"@type":"BreadcrumbList","@id":"https:\/\/bikibath.com\/product\/american-standard-smart-toilet\/#breadcrumb","itemListElement":[{"@type":"ListItem","position":1,"name":"Home","item":"https:\/\/bikibath.com\/"},{"@type":"ListItem","position":2,"name":"Product","item":"https:\/\/bikibath.com\/product\/"},{"@type":"ListItem","position":3,"name":"American-Standard Smart Toilet | BIKI Wall Hung Smart Toilet (CE\/CUPC Certified)"}]},{"@type":"WebSite","@id":"https:\/\/bikibath.com\/#website","url":"https:\/\/bikibath.com\/","name":"Banheiro inteligente BIKI","description":"Eleve cada conforto di\u00e1rio","publisher":{"@id":"https:\/\/bikibath.com\/#organization"},"potentialAction":[{"@type":"SearchAction","target":{"@type":"EntryPoint","urlTemplate":"https:\/\/bikibath.com\/?s={search_term_string}"},"query-input":{"@type":"PropertyValueSpecification","valueRequired":true,"valueName":"search_term_string"}}],"inLanguage":"pt-BR"},{"@type":"Organization","@id":"https:\/\/bikibath.com\/#organization","name":"Banheiro inteligente BIKI","url":"https:\/\/bikibath.com\/","logo":{"@type":"ImageObject","inLanguage":"pt-BR","@id":"https:\/\/bikibath.com\/#\/schema\/logo\/image\/","url":"https:\/\/bikibath.com\/wp-content\/uploads\/2025\/10\/biki.png","contentUrl":"https:\/\/bikibath.com\/wp-content\/uploads\/2025\/10\/biki.png","width":500,"height":162,"caption":"BIKI Smart Toilet"},"image":{"@id":"https:\/\/bikibath.com\/#\/schema\/logo\/image\/"}}]}},"_links":{"self":[{"href":"https:\/\/bikibath.com\/pt\/wp-json\/wp\/v2\/product\/1997","targetHints":{"allow":["GET"]}}],"collection":[{"href":"https:\/\/bikibath.com\/pt\/wp-json\/wp\/v2\/product"}],"about":[{"href":"https:\/\/bikibath.com\/pt\/wp-json\/wp\/v2\/types\/product"}],"replies":[{"embeddable":true,"href":"https:\/\/bikibath.com\/pt\/wp-json\/wp\/v2\/comments?post=1997"}],"wp:featuredmedia":[{"embeddable":true,"href":"https:\/\/bikibath.com\/pt\/wp-json\/wp\/v2\/media\/2856"}],"wp:attachment":[{"href":"https:\/\/bikibath.com\/pt\/wp-json\/wp\/v2\/media?parent=1997"}],"wp:term":[{"taxonomy":"product_brand","embeddable":true,"href":"https:\/\/bikibath.com\/pt\/wp-json\/wp\/v2\/product_brand?post=1997"},{"taxonomy":"product_cat","embeddable":true,"href":"https:\/\/bikibath.com\/pt\/wp-json\/wp\/v2\/product_cat?post=1997"},{"taxonomy":"product_tag","embeddable":true,"href":"https:\/\/bikibath.com\/pt\/wp-json\/wp\/v2\/product_tag?post=1997"}],"curies":[{"name":"wp","href":"https:\/\/api.w.org\/{rel}","templated":true}]}}