{"id":3153,"date":"2025-11-04T07:25:17","date_gmt":"2025-11-04T07:25:17","guid":{"rendered":"https:\/\/bikibath.com\/?post_type=product&#038;p=3153"},"modified":"2025-12-03T03:12:25","modified_gmt":"2025-12-03T03:12:25","slug":"biki-e91-watermark-smart-toilet-zero-water-pressure-siphonic-jet-flush-ipx4-waterproof","status":"publish","type":"product","link":"https:\/\/bikibath.com\/fr\/product\/biki-e91-watermark-smart-toilet-zero-water-pressure-siphonic-jet-flush-ipx4-waterproof\/","title":{"rendered":"BIKI E91 WaterMark Smart Toilet - Pression d'eau nulle, chasse d'eau \u00e0 jet siphonique et \u00e9tanch\u00e9it\u00e9 IPX4"},"content":{"rendered":"<p><img fetchpriority=\"high\" decoding=\"async\" class=\"wp-image-3107 size-full aligncenter\" src=\"https:\/\/bikibath.com\/wp-content\/uploads\/2025\/11\/E91-Function.jpg\" alt=\"\" width=\"1300\" height=\"2560\" \/><\/p>\n<div style=\"display: none;\">\n<h1 class=\"header-iWP5WJ auto-hide-last-sibling-br\">Toilettes intelligentes avec chasse d'eau \u00e0 jet siphonique sans pression d'eau : Puissante, sans obstruction et silencieuse<\/h1>\n<div class=\"auto-hide-last-sibling-br paragraph-pP9ZLC paragraph-element br-paragraph-space\">Vous en avez assez des chasses d'eau peu puissantes qui provoquent des bouchons, ou des toilettes bruyantes qui perturbent la tranquillit\u00e9 de votre maison ? Les toilettes intelligentes avec chasse d'eau \u00e0 jet siphonique sans pression d'eau sont l\u00e0 pour transformer votre salle de bains - en offrant une puissance de chasse imbattable, une fiabilit\u00e9 sans obstruction et un fonctionnement silencieux, le tout dans un seul appareil innovant.<\/div>\n<h2 class=\"header-iWP5WJ auto-hide-last-sibling-br\">Pas de pression d'eau ? Pas de probl\u00e8me - Une puissance de rin\u00e7age qui ne faiblit pas<\/h2>\n<div class=\"auto-hide-last-sibling-br paragraph-pP9ZLC paragraph-element br-paragraph-space\">Une faible pression d'eau dans votre maison ne signifie plus qu'il faut se contenter de chasses d'eau inefficaces. Les toilettes intelligentes de\u00a0<strong>syst\u00e8me de chasse d'eau \u00e0 jet siphonique sans pression d'eau<\/strong>\u00a0est con\u00e7u pour fonctionner, m\u00eame avec un d\u00e9bit d'eau minimal. Il utilise un jet de pr\u00e9cision pour cr\u00e9er un puissant effet de siphon, en \u00e9vacuant les d\u00e9chets rapidement et compl\u00e8tement - pas de d\u00e9bris persistants, pas de chasses d'eau r\u00e9p\u00e9t\u00e9es, pas de bouchons. Que votre maison soit \u00e9quip\u00e9e d'une vieille plomberie, d'une eau de puits ou d'une faible pression municipale, ces toilettes fonctionnent de mani\u00e8re fiable \u00e0 chaque fois.<\/div>\n<h2 class=\"header-iWP5WJ auto-hide-last-sibling-br\">Conception sans colmatage : Gagnez du temps et de la frustration<\/h2>\n<div class=\"auto-hide-last-sibling-br paragraph-pP9ZLC paragraph-element br-paragraph-space\">Les toilettes bouch\u00e9es sont une source de tracas - elles vous font perdre du temps, sont source de d\u00e9sordre et vous g\u00e2chent la journ\u00e9e. Ces toilettes intelligentes \u00e9liminent ce stress gr\u00e2ce \u00e0 leur technologie de jet siphonique. Le d\u00e9bit d'eau puissant et cibl\u00e9 couvre l'int\u00e9gralit\u00e9 de la cuvette et cr\u00e9e un siphon constant, garantissant l'\u00e9vacuation des d\u00e9chets en une seule fois. Les d\u00e9chets solides sont facilement \u00e9vacu\u00e9s, de sorte que vous n'aurez plus jamais besoin d'une ventouse. Pour les familles occup\u00e9es, les propri\u00e9taires d'animaux de compagnie et tous ceux qui en ont assez des probl\u00e8mes de plomberie, cette promesse de ne pas se boucher change la donne.<\/div>\n<h2 class=\"header-iWP5WJ auto-hide-last-sibling-br\">Fonctionnement silencieux : La paix sans sacrifier la performance<\/h2>\n<div class=\"auto-hide-last-sibling-br paragraph-pP9ZLC paragraph-element br-paragraph-space\">Les chasses d'eau puissantes n'ont pas besoin d'\u00eatre bruyantes. Ces toilettes fonctionnent \u00e0 seulement 30-40 d\u00e9cibels - moins fort qu'une conversation ou qu'un livre qui bruisse. La conception du jet siphonique minimise les turbulences et les gargouillis de l'eau, r\u00e9duisant ainsi le bruit au minimum. Il est parfait pour les voyages nocturnes dans la salle de bains, les petits appartements ou les maisons o\u00f9 les gens ont le sommeil l\u00e9ger. Profitez de l'assurance d'une chasse d'eau puissante sans r\u00e9veiller votre famille, d\u00e9ranger vos voisins ou rompre le calme de votre maison.<\/div>\n<h2 class=\"header-iWP5WJ auto-hide-last-sibling-br\">Plus qu'une simple chasse d'eau : des touches intelligentes pour un confort quotidien<\/h2>\n<div class=\"auto-hide-last-sibling-br paragraph-pP9ZLC paragraph-element br-paragraph-space\">Au-del\u00e0 de son syst\u00e8me de chasse d'eau exceptionnel, ces toilettes intelligentes ajoutent de la commodit\u00e9 et du luxe \u00e0 votre routine :<\/div>\n<ul class=\"auto-hide-last-sibling-br\">\n<li><strong>Si\u00e8ge chauffant r\u00e9glable<\/strong>: \u00c9vitez les coups de froid gr\u00e2ce aux 3 r\u00e9glages de temp\u00e9rature et \u00e0 l'arr\u00eat automatique pour \u00e9conomiser de l'\u00e9nergie.<\/li>\n<li><strong>Rin\u00e7age par capteur sans contact<\/strong>: Agitez la main ou \u00e9loignez-vous pour tirer la chasse d'eau - pas de contact avec la poign\u00e9e, juste une commodit\u00e9 hygi\u00e9nique.<\/li>\n<li><strong>Efficacit\u00e9 \u00e9cologique<\/strong>: Utilise seulement 1,28 GPF (4,8 litres) par chasse d'eau, r\u00e9duisant ainsi le gaspillage d'eau et les factures d'\u00e9lectricit\u00e9.<\/li>\n<li><strong>Bol facile \u00e0 nettoyer<\/strong>: Un gla\u00e7age lisse et antibact\u00e9rien repousse la salet\u00e9 et les bact\u00e9ries, r\u00e9duisant ainsi le temps de r\u00e9curage.<\/li>\n<\/ul>\n<h2 class=\"header-iWP5WJ auto-hide-last-sibling-br\">Pourquoi ces toilettes intelligentes sortent du lot<\/h2>\n<div class=\"auto-hide-last-sibling-br paragraph-pP9ZLC paragraph-element br-paragraph-space\">Il ne s'agit pas seulement de r\u00e9soudre des probl\u00e8mes, mais aussi d'am\u00e9liorer votre vie quotidienne. Ces toilettes s'adaptent \u00e0 la configuration standard des salles de bains pour une installation facile (aucune r\u00e9novation majeure n'est n\u00e9cessaire). Il est durable, construit pour durer et con\u00e7u pour une utilisation r\u00e9elle. Qu'il s'agisse de moderniser d'anciennes toilettes ou de r\u00e9nover votre salle de bains, c'est un choix pratique, tourn\u00e9 vers l'avenir, qui concilie performance, confort et tranquillit\u00e9.<\/div>\n<h2 class=\"header-iWP5WJ auto-hide-last-sibling-br\">Pr\u00eat \u00e0 am\u00e9liorer votre exp\u00e9rience de la chasse d'eau ?<\/h2>\n<div class=\"auto-hide-last-sibling-br paragraph-pP9ZLC paragraph-element br-paragraph-space\">Dites adieu aux chasses d'eau peu puissantes, aux bouchons et au bruit assourdissant. Les toilettes intelligentes avec chasse d'eau \u00e0 jet siphonique sans pression d'eau offrent la puissance dont vous avez besoin, le silence que vous recherchez et la commodit\u00e9 que vous m\u00e9ritez. Transformez votre salle de bains en un espace plus efficace et plus paisible, une chasse d'eau \u00e0 la fois. D\u00e9couvrez la diff\u00e9rence par vous-m\u00eame !<\/div>\n<\/div>","protected":false},"excerpt":{"rendered":"<div class=\"pro_desc\">\n<table cellspacing=\"0\" cellpadding=\"0\">\n<tbody>\n<tr>\n<td>Num\u00e9ro de mod\u00e8le :<\/td>\n<td>E91<\/td>\n<\/tr>\n<tr>\n<td>Structure<\/td>\n<td>Au sol<\/td>\n<\/tr>\n<tr>\n<td>Taille\uff1a<\/td>\n<td>590*380*468mm<\/td>\n<\/tr>\n<tr>\n<td>Syst\u00e8me de rin\u00e7age\uff1a<\/td>\n<td>Jet siphonique<\/td>\n<\/tr>\n<tr>\n<td>M\u00e9thode de chauffage\uff1a<\/td>\n<td>Chauffage instantan\u00e9<\/td>\n<\/tr>\n<tr>\n<td>MOQ\uff1a<\/td>\n<td>1 ensembles<\/td>\n<\/tr>\n<tr>\n<td>D\u00e9lai de livraison\uff1a<\/td>\n<td>7-15 jours<\/td>\n<\/tr>\n<\/tbody>\n<\/table>\n<\/div>","protected":false},"featured_media":3154,"comment_status":"open","ping_status":"closed","template":"","meta":{"_acf_changed":false},"product_brand":[],"product_cat":[28],"product_tag":[],"class_list":{"0":"post-3153","1":"product","2":"type-product","3":"status-publish","4":"has-post-thumbnail","6":"product_cat-smart-toilet","8":"first","9":"instock","10":"shipping-taxable","11":"product-type-simple"},"acf":[],"yoast_head":"<!-- This site is optimized with the Yoast SEO Premium plugin v23.6 (Yoast SEO v26.3) - https:\/\/yoast.com\/wordpress\/plugins\/seo\/ -->\n<title>Smart Toilet Zero Water Pressure Siphonic Jet Flush - BIKI Smart Toilet<\/title>\n<meta name=\"description\" content=\"Experience powerful, clog-free flushing with the Smart Toilet Zero Water Pressure Siphonic Jet Flush\u2014whisper-quiet operation.\" \/>\n<meta name=\"robots\" content=\"index, follow, max-snippet:-1, max-image-preview:large, max-video-preview:-1\" \/>\n<link rel=\"canonical\" href=\"https:\/\/bikibath.com\/fr\/product\/biki-e91-watermark-smart-toilet-zero-water-pressure-siphonic-jet-flush-ipx4-waterproof\/\" \/>\n<meta property=\"og:locale\" content=\"fr_FR\" \/>\n<meta property=\"og:type\" content=\"article\" \/>\n<meta property=\"og:title\" content=\"BIKI E91 WaterMark Smart Toilet - Zero Water Pressure, Siphonic Jet Flush &amp; IPX4 Waterproof\" \/>\n<meta property=\"og:description\" content=\"Experience powerful, clog-free flushing with the Smart Toilet Zero Water Pressure Siphonic Jet Flush\u2014whisper-quiet operation.\" \/>\n<meta property=\"og:url\" content=\"https:\/\/bikibath.com\/fr\/product\/biki-e91-watermark-smart-toilet-zero-water-pressure-siphonic-jet-flush-ipx4-waterproof\/\" \/>\n<meta property=\"og:site_name\" content=\"BIKI Smart Toilet\" \/>\n<meta property=\"article:modified_time\" content=\"2025-12-03T03:12:25+00:00\" \/>\n<meta property=\"og:image\" content=\"https:\/\/bikibath.com\/wp-content\/uploads\/2025\/11\/E91.png\" \/>\n\t<meta property=\"og:image:width\" content=\"1000\" \/>\n\t<meta property=\"og:image:height\" content=\"1000\" \/>\n\t<meta property=\"og:image:type\" content=\"image\/png\" \/>\n<meta name=\"twitter:card\" content=\"summary_large_image\" \/>\n<meta name=\"twitter:label1\" content=\"Dur\u00e9e de lecture estim\u00e9e\" \/>\n\t<meta name=\"twitter:data1\" content=\"4 minutes\" \/>\n<script type=\"application\/ld+json\" class=\"yoast-schema-graph\">{\"@context\":\"https:\/\/schema.org\",\"@graph\":[{\"@type\":\"WebPage\",\"@id\":\"https:\/\/bikibath.com\/product\/biki-e91-watermark-smart-toilet-zero-water-pressure-siphonic-jet-flush-ipx4-waterproof\/\",\"url\":\"https:\/\/bikibath.com\/product\/biki-e91-watermark-smart-toilet-zero-water-pressure-siphonic-jet-flush-ipx4-waterproof\/\",\"name\":\"Smart Toilet Zero Water Pressure Siphonic Jet Flush - BIKI Smart Toilet\",\"isPartOf\":{\"@id\":\"https:\/\/bikibath.com\/#website\"},\"primaryImageOfPage\":{\"@id\":\"https:\/\/bikibath.com\/product\/biki-e91-watermark-smart-toilet-zero-water-pressure-siphonic-jet-flush-ipx4-waterproof\/#primaryimage\"},\"image\":{\"@id\":\"https:\/\/bikibath.com\/product\/biki-e91-watermark-smart-toilet-zero-water-pressure-siphonic-jet-flush-ipx4-waterproof\/#primaryimage\"},\"thumbnailUrl\":\"https:\/\/bikibath.com\/wp-content\/uploads\/2025\/11\/E91.png\",\"datePublished\":\"2025-11-04T07:25:17+00:00\",\"dateModified\":\"2025-12-03T03:12:25+00:00\",\"description\":\"Experience powerful, clog-free flushing with the Smart Toilet Zero Water Pressure Siphonic Jet Flush\u2014whisper-quiet operation.\",\"breadcrumb\":{\"@id\":\"https:\/\/bikibath.com\/product\/biki-e91-watermark-smart-toilet-zero-water-pressure-siphonic-jet-flush-ipx4-waterproof\/#breadcrumb\"},\"inLanguage\":\"fr-FR\",\"potentialAction\":[{\"@type\":\"ReadAction\",\"target\":[\"https:\/\/bikibath.com\/product\/biki-e91-watermark-smart-toilet-zero-water-pressure-siphonic-jet-flush-ipx4-waterproof\/\"]}]},{\"@type\":\"ImageObject\",\"inLanguage\":\"fr-FR\",\"@id\":\"https:\/\/bikibath.com\/product\/biki-e91-watermark-smart-toilet-zero-water-pressure-siphonic-jet-flush-ipx4-waterproof\/#primaryimage\",\"url\":\"https:\/\/bikibath.com\/wp-content\/uploads\/2025\/11\/E91.png\",\"contentUrl\":\"https:\/\/bikibath.com\/wp-content\/uploads\/2025\/11\/E91.png\",\"width\":1000,\"height\":1000},{\"@type\":\"BreadcrumbList\",\"@id\":\"https:\/\/bikibath.com\/product\/biki-e91-watermark-smart-toilet-zero-water-pressure-siphonic-jet-flush-ipx4-waterproof\/#breadcrumb\",\"itemListElement\":[{\"@type\":\"ListItem\",\"position\":1,\"name\":\"Home\",\"item\":\"https:\/\/bikibath.com\/\"},{\"@type\":\"ListItem\",\"position\":2,\"name\":\"Product\",\"item\":\"https:\/\/bikibath.com\/product\/\"},{\"@type\":\"ListItem\",\"position\":3,\"name\":\"BIKI E91 WaterMark Smart Toilet &#8211; Zero Water Pressure, Siphonic Jet Flush &#038; IPX4 Waterproof\"}]},{\"@type\":\"WebSite\",\"@id\":\"https:\/\/bikibath.com\/#website\",\"url\":\"https:\/\/bikibath.com\/\",\"name\":\"BIKI Smart Toilet\",\"description\":\"Elevate Every Daily Comfort\",\"publisher\":{\"@id\":\"https:\/\/bikibath.com\/#organization\"},\"potentialAction\":[{\"@type\":\"SearchAction\",\"target\":{\"@type\":\"EntryPoint\",\"urlTemplate\":\"https:\/\/bikibath.com\/?s={search_term_string}\"},\"query-input\":{\"@type\":\"PropertyValueSpecification\",\"valueRequired\":true,\"valueName\":\"search_term_string\"}}],\"inLanguage\":\"fr-FR\"},{\"@type\":\"Organization\",\"@id\":\"https:\/\/bikibath.com\/#organization\",\"name\":\"BIKI Smart Toilet\",\"url\":\"https:\/\/bikibath.com\/\",\"logo\":{\"@type\":\"ImageObject\",\"inLanguage\":\"fr-FR\",\"@id\":\"https:\/\/bikibath.com\/#\/schema\/logo\/image\/\",\"url\":\"https:\/\/bikibath.com\/wp-content\/uploads\/2025\/10\/biki.png\",\"contentUrl\":\"https:\/\/bikibath.com\/wp-content\/uploads\/2025\/10\/biki.png\",\"width\":500,\"height\":162,\"caption\":\"BIKI Smart Toilet\"},\"image\":{\"@id\":\"https:\/\/bikibath.com\/#\/schema\/logo\/image\/\"}}]}<\/script>\n<!-- \/ Yoast SEO Premium plugin. -->","yoast_head_json":{"title":"Toilette intelligente chasse d'eau \u00e0 jet siphonique sans pression d'eau - BIKI Smart Toilet","description":"Faites l'exp\u00e9rience d'une chasse d'eau puissante et sans bouchon gr\u00e2ce \u00e0 la chasse d'eau \u00e0 jet siphonique sans pression d'eau des toilettes intelligentes, qui fonctionne silencieusement.","robots":{"index":"index","follow":"follow","max-snippet":"max-snippet:-1","max-image-preview":"max-image-preview:large","max-video-preview":"max-video-preview:-1"},"canonical":"https:\/\/bikibath.com\/fr\/product\/biki-e91-watermark-smart-toilet-zero-water-pressure-siphonic-jet-flush-ipx4-waterproof\/","og_locale":"fr_FR","og_type":"article","og_title":"BIKI E91 WaterMark Smart Toilet - Zero Water Pressure, Siphonic Jet Flush & IPX4 Waterproof","og_description":"Experience powerful, clog-free flushing with the Smart Toilet Zero Water Pressure Siphonic Jet Flush\u2014whisper-quiet operation.","og_url":"https:\/\/bikibath.com\/fr\/product\/biki-e91-watermark-smart-toilet-zero-water-pressure-siphonic-jet-flush-ipx4-waterproof\/","og_site_name":"BIKI Smart Toilet","article_modified_time":"2025-12-03T03:12:25+00:00","og_image":[{"width":1000,"height":1000,"url":"https:\/\/bikibath.com\/wp-content\/uploads\/2025\/11\/E91.png","type":"image\/png"}],"twitter_card":"summary_large_image","twitter_misc":{"Dur\u00e9e de lecture estim\u00e9e":"4 minutes"},"schema":{"@context":"https:\/\/schema.org","@graph":[{"@type":"WebPage","@id":"https:\/\/bikibath.com\/product\/biki-e91-watermark-smart-toilet-zero-water-pressure-siphonic-jet-flush-ipx4-waterproof\/","url":"https:\/\/bikibath.com\/product\/biki-e91-watermark-smart-toilet-zero-water-pressure-siphonic-jet-flush-ipx4-waterproof\/","name":"Toilette intelligente chasse d'eau \u00e0 jet siphonique sans pression d'eau - BIKI Smart Toilet","isPartOf":{"@id":"https:\/\/bikibath.com\/#website"},"primaryImageOfPage":{"@id":"https:\/\/bikibath.com\/product\/biki-e91-watermark-smart-toilet-zero-water-pressure-siphonic-jet-flush-ipx4-waterproof\/#primaryimage"},"image":{"@id":"https:\/\/bikibath.com\/product\/biki-e91-watermark-smart-toilet-zero-water-pressure-siphonic-jet-flush-ipx4-waterproof\/#primaryimage"},"thumbnailUrl":"https:\/\/bikibath.com\/wp-content\/uploads\/2025\/11\/E91.png","datePublished":"2025-11-04T07:25:17+00:00","dateModified":"2025-12-03T03:12:25+00:00","description":"Faites l'exp\u00e9rience d'une chasse d'eau puissante et sans bouchon gr\u00e2ce \u00e0 la chasse d'eau \u00e0 jet siphonique sans pression d'eau des toilettes intelligentes, qui fonctionne silencieusement.","breadcrumb":{"@id":"https:\/\/bikibath.com\/product\/biki-e91-watermark-smart-toilet-zero-water-pressure-siphonic-jet-flush-ipx4-waterproof\/#breadcrumb"},"inLanguage":"fr-FR","potentialAction":[{"@type":"ReadAction","target":["https:\/\/bikibath.com\/product\/biki-e91-watermark-smart-toilet-zero-water-pressure-siphonic-jet-flush-ipx4-waterproof\/"]}]},{"@type":"ImageObject","inLanguage":"fr-FR","@id":"https:\/\/bikibath.com\/product\/biki-e91-watermark-smart-toilet-zero-water-pressure-siphonic-jet-flush-ipx4-waterproof\/#primaryimage","url":"https:\/\/bikibath.com\/wp-content\/uploads\/2025\/11\/E91.png","contentUrl":"https:\/\/bikibath.com\/wp-content\/uploads\/2025\/11\/E91.png","width":1000,"height":1000},{"@type":"BreadcrumbList","@id":"https:\/\/bikibath.com\/product\/biki-e91-watermark-smart-toilet-zero-water-pressure-siphonic-jet-flush-ipx4-waterproof\/#breadcrumb","itemListElement":[{"@type":"ListItem","position":1,"name":"Home","item":"https:\/\/bikibath.com\/"},{"@type":"ListItem","position":2,"name":"Product","item":"https:\/\/bikibath.com\/product\/"},{"@type":"ListItem","position":3,"name":"BIKI E91 WaterMark Smart Toilet &#8211; Zero Water Pressure, Siphonic Jet Flush &#038; IPX4 Waterproof"}]},{"@type":"WebSite","@id":"https:\/\/bikibath.com\/#website","url":"https:\/\/bikibath.com\/","name":"Toilette intelligente BIKI","description":"Am\u00e9liorez votre confort quotidien","publisher":{"@id":"https:\/\/bikibath.com\/#organization"},"potentialAction":[{"@type":"SearchAction","target":{"@type":"EntryPoint","urlTemplate":"https:\/\/bikibath.com\/?s={search_term_string}"},"query-input":{"@type":"PropertyValueSpecification","valueRequired":true,"valueName":"search_term_string"}}],"inLanguage":"fr-FR"},{"@type":"Organization","@id":"https:\/\/bikibath.com\/#organization","name":"Toilette intelligente BIKI","url":"https:\/\/bikibath.com\/","logo":{"@type":"ImageObject","inLanguage":"fr-FR","@id":"https:\/\/bikibath.com\/#\/schema\/logo\/image\/","url":"https:\/\/bikibath.com\/wp-content\/uploads\/2025\/10\/biki.png","contentUrl":"https:\/\/bikibath.com\/wp-content\/uploads\/2025\/10\/biki.png","width":500,"height":162,"caption":"BIKI Smart Toilet"},"image":{"@id":"https:\/\/bikibath.com\/#\/schema\/logo\/image\/"}}]}},"_links":{"self":[{"href":"https:\/\/bikibath.com\/fr\/wp-json\/wp\/v2\/product\/3153","targetHints":{"allow":["GET"]}}],"collection":[{"href":"https:\/\/bikibath.com\/fr\/wp-json\/wp\/v2\/product"}],"about":[{"href":"https:\/\/bikibath.com\/fr\/wp-json\/wp\/v2\/types\/product"}],"replies":[{"embeddable":true,"href":"https:\/\/bikibath.com\/fr\/wp-json\/wp\/v2\/comments?post=3153"}],"wp:featuredmedia":[{"embeddable":true,"href":"https:\/\/bikibath.com\/fr\/wp-json\/wp\/v2\/media\/3154"}],"wp:attachment":[{"href":"https:\/\/bikibath.com\/fr\/wp-json\/wp\/v2\/media?parent=3153"}],"wp:term":[{"taxonomy":"product_brand","embeddable":true,"href":"https:\/\/bikibath.com\/fr\/wp-json\/wp\/v2\/product_brand?post=3153"},{"taxonomy":"product_cat","embeddable":true,"href":"https:\/\/bikibath.com\/fr\/wp-json\/wp\/v2\/product_cat?post=3153"},{"taxonomy":"product_tag","embeddable":true,"href":"https:\/\/bikibath.com\/fr\/wp-json\/wp\/v2\/product_tag?post=3153"}],"curies":[{"name":"wp","href":"https:\/\/api.w.org\/{rel}","templated":true}]}}