{"id":3128,"date":"2025-11-04T07:06:11","date_gmt":"2025-11-04T07:06:11","guid":{"rendered":"https:\/\/bikibath.com\/?post_type=product&#038;p=3128"},"modified":"2026-01-07T03:22:53","modified_gmt":"2026-01-07T03:22:53","slug":"biki-e90-american-intelligent-toilet-instant-heat-auto-flush-antibacterial-nozzle","status":"publish","type":"product","link":"https:\/\/bikibath.com\/fr\/product\/biki-e90-american-intelligent-toilet-instant-heat-auto-flush-antibacterial-nozzle\/","title":{"rendered":"BIKI E90 Toilettes intelligentes am\u00e9ricaines - avec si\u00e8ge chauffant et bidet, chasse d'eau automatique et buse antibact\u00e9rienne (Toilettes intelligentes en forme de faux \u0153uf)"},"content":{"rendered":"<p><img fetchpriority=\"high\" decoding=\"async\" class=\"wp-image-3107 size-full aligncenter\" src=\"https:\/\/bikibath.com\/wp-content\/uploads\/2025\/11\/E90-Function.jpg\" alt=\"\" width=\"1300\" height=\"2560\" \/><\/p>\n<div style=\"display: none;\">\n<h1 class=\"header-iWP5WJ auto-hide-last-sibling-br\">Am\u00e9liorez votre salle de bains avec les toilettes intelligentes am\u00e9ricaines : Chauffage instantan\u00e9 et confort sans contact<\/h1>\n<div class=\"auto-hide-last-sibling-br paragraph-pP9ZLC paragraph-element br-paragraph-space\">Vous souhaitez ajouter du luxe, de l'hygi\u00e8ne et de la facilit\u00e9 \u00e0 votre routine quotidienne ? Les toilettes intelligentes am\u00e9ricaines sont la solution id\u00e9ale pour am\u00e9liorer votre salle de bains. Con\u00e7ues pour les foyers am\u00e9ricains modernes, elles offrent un confort thermique instantan\u00e9 et une chasse d'eau automatique sans contact qui red\u00e9finit les fonctions des toilettes.<\/div>\n<h2 class=\"header-iWP5WJ auto-hide-last-sibling-br\">Chaleur instantan\u00e9e : Confort douillet, sans attente<\/h2>\n<div class=\"auto-hide-last-sibling-br paragraph-pP9ZLC paragraph-element br-paragraph-space\">Les si\u00e8ges de toilettes froids appartiennent au pass\u00e9. Ces toilettes intelligentes pr\u00e9sentent les caract\u00e9ristiques suivantes\u00a0<strong>technologie de la chaleur instantan\u00e9e<\/strong>-Pas de pr\u00e9chauffage, pas d'attente. Asseyez-vous et profitez d'une chaleur constante et personnalisable (3 niveaux de temp\u00e9rature) d\u00e8s que vous l'utilisez. Il change la donne pour les matin\u00e9es glaciales ou les soir\u00e9es fra\u00eeches, transformant un rapide passage aux toilettes en un petit luxe r\u00e9confortant. Sa conception \u00e9conome en \u00e9nergie s'\u00e9teint automatiquement en cas d'inactivit\u00e9, ce qui permet de r\u00e9duire les factures d'\u00e9lectricit\u00e9 sans sacrifier le confort.<\/div>\n<h2 class=\"header-iWP5WJ auto-hide-last-sibling-br\">La chasse d'eau automatique sans contact : L'hygi\u00e8ne en toute simplicit\u00e9<\/h2>\n<div class=\"auto-hide-last-sibling-br paragraph-pP9ZLC paragraph-element br-paragraph-space\">Les germes sur les poign\u00e9es des toilettes appartiennent au pass\u00e9. Les toilettes intelligentes am\u00e9ricaines sont \u00e9quip\u00e9es de\u00a0<strong>rin\u00e7age automatique sans contact<\/strong>-Il suffit de s'\u00e9loigner pour que la chasse d'eau se d\u00e9clenche automatiquement, ou d'approcher la main du capteur pour une utilisation \u00e0 la demande. Plus besoin de toucher des surfaces sales, plus besoin d'oublier de tirer la chasse d'eau. C'est la solution id\u00e9ale pour les familles occup\u00e9es, les invit\u00e9s et tous ceux qui accordent une grande importance \u00e0 la propret\u00e9. La chasse d'eau est \u00e9galement puissante, \u00e9liminant efficacement les d\u00e9chets avec seulement 1,28 GPF (gallons par chasse d'eau), ce qui permet d'\u00e9conomiser de l'eau tout en gardant votre salle de bains fra\u00eeche.<\/div>\n<h2 class=\"header-iWP5WJ auto-hide-last-sibling-br\">Con\u00e7u pour les maisons am\u00e9ricaines<\/h2>\n<div class=\"auto-hide-last-sibling-br paragraph-pP9ZLC paragraph-element br-paragraph-space\">Il ne s'agit pas d'un gadget \u00e0 taille unique : il a \u00e9t\u00e9 con\u00e7u pour les salles de bains am\u00e9ricaines. Il s'adapte aux configurations de plomberie standard, ce qui facilite l'installation (aucune r\u00e9novation majeure n'est n\u00e9cessaire). Son design \u00e9pur\u00e9 et moderne s'adapte \u00e0 tous les d\u00e9cors, qu'ils soient minimalistes ou traditionnels, et ajoute une touche de sophistication sans encombrer l'espace. Durable, facile \u00e0 nettoyer et con\u00e7u pour r\u00e9sister \u00e0 un usage quotidien, il est fait pour durer dans les foyers occup\u00e9s.<\/div>\n<h2 class=\"header-iWP5WJ auto-hide-last-sibling-br\">Pourquoi choisir les toilettes intelligentes am\u00e9ricaines ?<\/h2>\n<div class=\"auto-hide-last-sibling-br paragraph-pP9ZLC paragraph-element br-paragraph-space\">C'est plus qu'une simple toilette, c'est une am\u00e9lioration quotidienne. Il allie praticit\u00e9 et luxe : chaleur instantan\u00e9e pour le confort, chasse d'eau sans contact pour l'hygi\u00e8ne, et performances fiables pour la tranquillit\u00e9 d'esprit. Soutenu par une ing\u00e9nierie r\u00e9fl\u00e9chie et adapt\u00e9e au style de vie am\u00e9ricain, c'est le moyen id\u00e9al d'\u00e9lever votre salle de bains sans compromis.<\/div>\n<h2 class=\"header-iWP5WJ auto-hide-last-sibling-br\">Pr\u00eat \u00e0 transformer votre routine ?<\/h2>\n<div class=\"auto-hide-last-sibling-br paragraph-pP9ZLC paragraph-element br-paragraph-space\">Les toilettes intelligentes am\u00e9ricaines transforment les moments ordinaires de la salle de bains en quelque chose de meilleur - plus chaud, plus propre et plus facile. Dites adieu aux si\u00e8ges froids et aux poign\u00e9es pleines de germes. Adoptez une exp\u00e9rience de salle de bains plus intelligente et plus confortable, con\u00e7ue pour votre mode de vie. Passez \u00e0 la vitesse sup\u00e9rieure d\u00e8s aujourd'hui et sentez la diff\u00e9rence !<\/div>\n<div><\/div>\n<\/div>","protected":false},"excerpt":{"rendered":"<div class=\"pro_desc\">\n<table cellspacing=\"0\" cellpadding=\"0\">\n<tbody>\n<tr>\n<td>Num\u00e9ro de mod\u00e8le :<\/td>\n<td>E90<\/td>\n<\/tr>\n<tr>\n<td>Structure<\/td>\n<td>Au sol<\/td>\n<\/tr>\n<tr>\n<td>Taille\uff1a<\/td>\n<td>590*380*480mm<\/td>\n<\/tr>\n<tr>\n<td>Syst\u00e8me de rin\u00e7age\uff1a<\/td>\n<td>Jet siphonique<\/td>\n<\/tr>\n<tr>\n<td>M\u00e9thode de chauffage\uff1a<\/td>\n<td>Chauffage instantan\u00e9<\/td>\n<\/tr>\n<tr>\n<td>MOQ\uff1a<\/td>\n<td>1 ensembles<\/td>\n<\/tr>\n<tr>\n<td>D\u00e9lai de livraison\uff1a<\/td>\n<td>7-15 jours<\/td>\n<\/tr>\n<\/tbody>\n<\/table>\n<\/div>","protected":false},"featured_media":3142,"comment_status":"open","ping_status":"closed","template":"","meta":{"_acf_changed":false},"product_brand":[],"product_cat":[28],"product_tag":[],"class_list":{"0":"post-3128","1":"product","2":"type-product","3":"status-publish","4":"has-post-thumbnail","6":"product_cat-smart-toilet","8":"first","9":"instock","10":"shipping-taxable","11":"product-type-simple"},"acf":[],"yoast_head":"<!-- This site is optimized with the Yoast SEO Premium plugin v23.6 (Yoast SEO v26.3) - https:\/\/yoast.com\/wordpress\/plugins\/seo\/ -->\n<title>American Intelligent Toilet - Instant Heat - BIKI Smart Toilet<\/title>\n<meta name=\"description\" content=\"Elevate your bathroom with the American Intelligent Toilet\u2014boasting instant heat, touchless auto flush, American Intelligent Toilet.\" \/>\n<meta name=\"robots\" content=\"index, follow, max-snippet:-1, max-image-preview:large, max-video-preview:-1\" \/>\n<link rel=\"canonical\" href=\"https:\/\/bikibath.com\/fr\/product\/biki-e90-american-intelligent-toilet-instant-heat-auto-flush-antibacterial-nozzle\/\" \/>\n<meta property=\"og:locale\" content=\"fr_FR\" \/>\n<meta property=\"og:type\" content=\"article\" \/>\n<meta property=\"og:title\" content=\"BIKI E90 American Intelligent Toilet - With Heated Seat and Bidet, Auto Flush &amp; Antibacterial Nozzle (Fake egg shape Smart Toilet)\" \/>\n<meta property=\"og:description\" content=\"Elevate your bathroom with the American Intelligent Toilet\u2014boasting instant heat, touchless auto flush, American Intelligent Toilet.\" \/>\n<meta property=\"og:url\" content=\"https:\/\/bikibath.com\/fr\/product\/biki-e90-american-intelligent-toilet-instant-heat-auto-flush-antibacterial-nozzle\/\" \/>\n<meta property=\"og:site_name\" content=\"BIKI Smart Toilet\" \/>\n<meta property=\"article:modified_time\" content=\"2026-01-07T03:22:53+00:00\" \/>\n<meta property=\"og:image\" content=\"https:\/\/bikibath.com\/wp-content\/uploads\/2025\/11\/E90.png\" \/>\n\t<meta property=\"og:image:width\" content=\"1000\" \/>\n\t<meta property=\"og:image:height\" content=\"1000\" \/>\n\t<meta property=\"og:image:type\" content=\"image\/png\" \/>\n<meta name=\"twitter:card\" content=\"summary_large_image\" \/>\n<meta name=\"twitter:label1\" content=\"Dur\u00e9e de lecture estim\u00e9e\" \/>\n\t<meta name=\"twitter:data1\" content=\"3 minutes\" \/>\n<script type=\"application\/ld+json\" class=\"yoast-schema-graph\">{\"@context\":\"https:\/\/schema.org\",\"@graph\":[{\"@type\":\"WebPage\",\"@id\":\"https:\/\/bikibath.com\/product\/biki-e90-american-intelligent-toilet-instant-heat-auto-flush-antibacterial-nozzle\/\",\"url\":\"https:\/\/bikibath.com\/product\/biki-e90-american-intelligent-toilet-instant-heat-auto-flush-antibacterial-nozzle\/\",\"name\":\"American Intelligent Toilet - Instant Heat - BIKI Smart Toilet\",\"isPartOf\":{\"@id\":\"https:\/\/bikibath.com\/#website\"},\"primaryImageOfPage\":{\"@id\":\"https:\/\/bikibath.com\/product\/biki-e90-american-intelligent-toilet-instant-heat-auto-flush-antibacterial-nozzle\/#primaryimage\"},\"image\":{\"@id\":\"https:\/\/bikibath.com\/product\/biki-e90-american-intelligent-toilet-instant-heat-auto-flush-antibacterial-nozzle\/#primaryimage\"},\"thumbnailUrl\":\"https:\/\/bikibath.com\/wp-content\/uploads\/2025\/11\/E90.png\",\"datePublished\":\"2025-11-04T07:06:11+00:00\",\"dateModified\":\"2026-01-07T03:22:53+00:00\",\"description\":\"Elevate your bathroom with the American Intelligent Toilet\u2014boasting instant heat, touchless auto flush, American Intelligent Toilet.\",\"breadcrumb\":{\"@id\":\"https:\/\/bikibath.com\/product\/biki-e90-american-intelligent-toilet-instant-heat-auto-flush-antibacterial-nozzle\/#breadcrumb\"},\"inLanguage\":\"fr-FR\",\"potentialAction\":[{\"@type\":\"ReadAction\",\"target\":[\"https:\/\/bikibath.com\/product\/biki-e90-american-intelligent-toilet-instant-heat-auto-flush-antibacterial-nozzle\/\"]}]},{\"@type\":\"ImageObject\",\"inLanguage\":\"fr-FR\",\"@id\":\"https:\/\/bikibath.com\/product\/biki-e90-american-intelligent-toilet-instant-heat-auto-flush-antibacterial-nozzle\/#primaryimage\",\"url\":\"https:\/\/bikibath.com\/wp-content\/uploads\/2025\/11\/E90.png\",\"contentUrl\":\"https:\/\/bikibath.com\/wp-content\/uploads\/2025\/11\/E90.png\",\"width\":1000,\"height\":1000},{\"@type\":\"BreadcrumbList\",\"@id\":\"https:\/\/bikibath.com\/product\/biki-e90-american-intelligent-toilet-instant-heat-auto-flush-antibacterial-nozzle\/#breadcrumb\",\"itemListElement\":[{\"@type\":\"ListItem\",\"position\":1,\"name\":\"Home\",\"item\":\"https:\/\/bikibath.com\/\"},{\"@type\":\"ListItem\",\"position\":2,\"name\":\"Product\",\"item\":\"https:\/\/bikibath.com\/product\/\"},{\"@type\":\"ListItem\",\"position\":3,\"name\":\"BIKI E90 American Intelligent Toilet &#8211; With Heated Seat and Bidet, Auto Flush &#038; Antibacterial Nozzle (Fake egg shape Smart Toilet)\"}]},{\"@type\":\"WebSite\",\"@id\":\"https:\/\/bikibath.com\/#website\",\"url\":\"https:\/\/bikibath.com\/\",\"name\":\"BIKI Smart Toilet\",\"description\":\"Elevate Every Daily Comfort\",\"publisher\":{\"@id\":\"https:\/\/bikibath.com\/#organization\"},\"potentialAction\":[{\"@type\":\"SearchAction\",\"target\":{\"@type\":\"EntryPoint\",\"urlTemplate\":\"https:\/\/bikibath.com\/?s={search_term_string}\"},\"query-input\":{\"@type\":\"PropertyValueSpecification\",\"valueRequired\":true,\"valueName\":\"search_term_string\"}}],\"inLanguage\":\"fr-FR\"},{\"@type\":\"Organization\",\"@id\":\"https:\/\/bikibath.com\/#organization\",\"name\":\"BIKI Smart Toilet\",\"url\":\"https:\/\/bikibath.com\/\",\"logo\":{\"@type\":\"ImageObject\",\"inLanguage\":\"fr-FR\",\"@id\":\"https:\/\/bikibath.com\/#\/schema\/logo\/image\/\",\"url\":\"https:\/\/bikibath.com\/wp-content\/uploads\/2025\/10\/biki.png\",\"contentUrl\":\"https:\/\/bikibath.com\/wp-content\/uploads\/2025\/10\/biki.png\",\"width\":500,\"height\":162,\"caption\":\"BIKI Smart Toilet\"},\"image\":{\"@id\":\"https:\/\/bikibath.com\/#\/schema\/logo\/image\/\"}}]}<\/script>\n<!-- \/ Yoast SEO Premium plugin. -->","yoast_head_json":{"title":"Toilette intelligente am\u00e9ricaine - Chauffage instantan\u00e9 - BIKI Smart Toilet","description":"Am\u00e9liorez votre salle de bains avec les toilettes intelligentes am\u00e9ricaines, dot\u00e9es d'un chauffage instantan\u00e9, d'une chasse d'eau automatique sans contact et de toilettes intelligentes am\u00e9ricaines.","robots":{"index":"index","follow":"follow","max-snippet":"max-snippet:-1","max-image-preview":"max-image-preview:large","max-video-preview":"max-video-preview:-1"},"canonical":"https:\/\/bikibath.com\/fr\/product\/biki-e90-american-intelligent-toilet-instant-heat-auto-flush-antibacterial-nozzle\/","og_locale":"fr_FR","og_type":"article","og_title":"BIKI E90 American Intelligent Toilet - With Heated Seat and Bidet, Auto Flush & Antibacterial Nozzle (Fake egg shape Smart Toilet)","og_description":"Elevate your bathroom with the American Intelligent Toilet\u2014boasting instant heat, touchless auto flush, American Intelligent Toilet.","og_url":"https:\/\/bikibath.com\/fr\/product\/biki-e90-american-intelligent-toilet-instant-heat-auto-flush-antibacterial-nozzle\/","og_site_name":"BIKI Smart Toilet","article_modified_time":"2026-01-07T03:22:53+00:00","og_image":[{"width":1000,"height":1000,"url":"https:\/\/bikibath.com\/wp-content\/uploads\/2025\/11\/E90.png","type":"image\/png"}],"twitter_card":"summary_large_image","twitter_misc":{"Dur\u00e9e de lecture estim\u00e9e":"3 minutes"},"schema":{"@context":"https:\/\/schema.org","@graph":[{"@type":"WebPage","@id":"https:\/\/bikibath.com\/product\/biki-e90-american-intelligent-toilet-instant-heat-auto-flush-antibacterial-nozzle\/","url":"https:\/\/bikibath.com\/product\/biki-e90-american-intelligent-toilet-instant-heat-auto-flush-antibacterial-nozzle\/","name":"Toilette intelligente am\u00e9ricaine - Chauffage instantan\u00e9 - BIKI Smart Toilet","isPartOf":{"@id":"https:\/\/bikibath.com\/#website"},"primaryImageOfPage":{"@id":"https:\/\/bikibath.com\/product\/biki-e90-american-intelligent-toilet-instant-heat-auto-flush-antibacterial-nozzle\/#primaryimage"},"image":{"@id":"https:\/\/bikibath.com\/product\/biki-e90-american-intelligent-toilet-instant-heat-auto-flush-antibacterial-nozzle\/#primaryimage"},"thumbnailUrl":"https:\/\/bikibath.com\/wp-content\/uploads\/2025\/11\/E90.png","datePublished":"2025-11-04T07:06:11+00:00","dateModified":"2026-01-07T03:22:53+00:00","description":"Am\u00e9liorez votre salle de bains avec les toilettes intelligentes am\u00e9ricaines, dot\u00e9es d'un chauffage instantan\u00e9, d'une chasse d'eau automatique sans contact et de toilettes intelligentes am\u00e9ricaines.","breadcrumb":{"@id":"https:\/\/bikibath.com\/product\/biki-e90-american-intelligent-toilet-instant-heat-auto-flush-antibacterial-nozzle\/#breadcrumb"},"inLanguage":"fr-FR","potentialAction":[{"@type":"ReadAction","target":["https:\/\/bikibath.com\/product\/biki-e90-american-intelligent-toilet-instant-heat-auto-flush-antibacterial-nozzle\/"]}]},{"@type":"ImageObject","inLanguage":"fr-FR","@id":"https:\/\/bikibath.com\/product\/biki-e90-american-intelligent-toilet-instant-heat-auto-flush-antibacterial-nozzle\/#primaryimage","url":"https:\/\/bikibath.com\/wp-content\/uploads\/2025\/11\/E90.png","contentUrl":"https:\/\/bikibath.com\/wp-content\/uploads\/2025\/11\/E90.png","width":1000,"height":1000},{"@type":"BreadcrumbList","@id":"https:\/\/bikibath.com\/product\/biki-e90-american-intelligent-toilet-instant-heat-auto-flush-antibacterial-nozzle\/#breadcrumb","itemListElement":[{"@type":"ListItem","position":1,"name":"Home","item":"https:\/\/bikibath.com\/"},{"@type":"ListItem","position":2,"name":"Product","item":"https:\/\/bikibath.com\/product\/"},{"@type":"ListItem","position":3,"name":"BIKI E90 American Intelligent Toilet &#8211; With Heated Seat and Bidet, Auto Flush &#038; Antibacterial Nozzle (Fake egg shape Smart Toilet)"}]},{"@type":"WebSite","@id":"https:\/\/bikibath.com\/#website","url":"https:\/\/bikibath.com\/","name":"Toilette intelligente BIKI","description":"Am\u00e9liorez votre confort quotidien","publisher":{"@id":"https:\/\/bikibath.com\/#organization"},"potentialAction":[{"@type":"SearchAction","target":{"@type":"EntryPoint","urlTemplate":"https:\/\/bikibath.com\/?s={search_term_string}"},"query-input":{"@type":"PropertyValueSpecification","valueRequired":true,"valueName":"search_term_string"}}],"inLanguage":"fr-FR"},{"@type":"Organization","@id":"https:\/\/bikibath.com\/#organization","name":"Toilette intelligente BIKI","url":"https:\/\/bikibath.com\/","logo":{"@type":"ImageObject","inLanguage":"fr-FR","@id":"https:\/\/bikibath.com\/#\/schema\/logo\/image\/","url":"https:\/\/bikibath.com\/wp-content\/uploads\/2025\/10\/biki.png","contentUrl":"https:\/\/bikibath.com\/wp-content\/uploads\/2025\/10\/biki.png","width":500,"height":162,"caption":"BIKI Smart Toilet"},"image":{"@id":"https:\/\/bikibath.com\/#\/schema\/logo\/image\/"}}]}},"_links":{"self":[{"href":"https:\/\/bikibath.com\/fr\/wp-json\/wp\/v2\/product\/3128","targetHints":{"allow":["GET"]}}],"collection":[{"href":"https:\/\/bikibath.com\/fr\/wp-json\/wp\/v2\/product"}],"about":[{"href":"https:\/\/bikibath.com\/fr\/wp-json\/wp\/v2\/types\/product"}],"replies":[{"embeddable":true,"href":"https:\/\/bikibath.com\/fr\/wp-json\/wp\/v2\/comments?post=3128"}],"wp:featuredmedia":[{"embeddable":true,"href":"https:\/\/bikibath.com\/fr\/wp-json\/wp\/v2\/media\/3142"}],"wp:attachment":[{"href":"https:\/\/bikibath.com\/fr\/wp-json\/wp\/v2\/media?parent=3128"}],"wp:term":[{"taxonomy":"product_brand","embeddable":true,"href":"https:\/\/bikibath.com\/fr\/wp-json\/wp\/v2\/product_brand?post=3128"},{"taxonomy":"product_cat","embeddable":true,"href":"https:\/\/bikibath.com\/fr\/wp-json\/wp\/v2\/product_cat?post=3128"},{"taxonomy":"product_tag","embeddable":true,"href":"https:\/\/bikibath.com\/fr\/wp-json\/wp\/v2\/product_tag?post=3128"}],"curies":[{"name":"wp","href":"https:\/\/api.w.org\/{rel}","templated":true}]}}