{"id":3092,"date":"2025-11-04T03:32:36","date_gmt":"2025-11-04T03:32:36","guid":{"rendered":"https:\/\/bikibath.com\/?post_type=product&#038;p=3092"},"modified":"2026-01-07T03:02:25","modified_gmt":"2026-01-07T03:02:25","slug":"toilettes-intelligentes-ce-smart","status":"publish","type":"product","link":"https:\/\/bikibath.com\/fr\/product\/toilettes-intelligentes-ce-smart\/","title":{"rendered":"BIKI E81 CE Certified Small Smart Toilet 59cm - Faible consommation d'\u00e9nergie, alerte vocale de s\u00e9dentarit\u00e9 et chasse d'eau automatique"},"content":{"rendered":"<p><img fetchpriority=\"high\" decoding=\"async\" class=\"wp-image-3107 size-full aligncenter\" src=\"https:\/\/bikibath.com\/wp-content\/uploads\/2025\/11\/E81-Function.jpg\" alt=\"Toilettes intelligentes CE\" width=\"1300\" height=\"2560\" \/><\/p>\n<div style=\"display: none;\">\n<h1 class=\"header-iWP5WJ auto-hide-last-sibling-br\">Am\u00e9liorez votre salle de bains avec les toilettes intelligentes certifi\u00e9es CE : La commodit\u00e9 et le confort red\u00e9finis<\/h1>\n<div class=\"auto-hide-last-sibling-br paragraph-pP9ZLC paragraph-element br-paragraph-space\">Vous cherchez \u00e0 am\u00e9liorer votre routine quotidienne gr\u00e2ce \u00e0 un m\u00e9lange d'innovation, de s\u00e9curit\u00e9 et de luxe ? Les toilettes intelligentes certifi\u00e9es CE sont la mise \u00e0 niveau id\u00e9ale de votre salle de bains. Elles sont con\u00e7ues pour apporter une commodit\u00e9 intelligente et un confort in\u00e9gal\u00e9 dans les maisons modernes, le tout soutenu par des normes de s\u00e9curit\u00e9 europ\u00e9ennes strictes. D\u00e9couvrez pourquoi il s'agit du choix par excellence pour tous ceux qui souhaitent une exp\u00e9rience plus intelligente et plus agr\u00e9able dans leur salle de bains.<\/div>\n<h2 class=\"header-iWP5WJ auto-hide-last-sibling-br\">Certification CE : Une s\u00e9curit\u00e9 \u00e0 laquelle vous pouvez faire confiance<\/h2>\n<div class=\"auto-hide-last-sibling-br paragraph-pP9ZLC paragraph-element br-paragraph-space\">Tout d'abord, ces toilettes intelligentes contiennent\u00a0<strong>Certification CE<\/strong>-Il s'agit d'une marque de conformit\u00e9 aux normes rigoureuses de l'UE en mati\u00e8re de sant\u00e9, de s\u00e9curit\u00e9 et d'environnement. Chaque composant, des syst\u00e8mes \u00e9lectriques aux raccords de plomberie, est test\u00e9 pour r\u00e9pondre \u00e0 des r\u00e9glementations strictes. Vous pouvez l'utiliser en toute confiance, en sachant qu'il a \u00e9t\u00e9 con\u00e7u pour \u00eatre fiable, durable et serein, ce qui est id\u00e9al pour les familles, les invit\u00e9s et l'utilisation \u00e0 long terme.<\/div>\n<h2 class=\"header-iWP5WJ auto-hide-last-sibling-br\">La commodit\u00e9 intelligente : Simplifiez votre routine<\/h2>\n<div class=\"auto-hide-last-sibling-br paragraph-pP9ZLC paragraph-element br-paragraph-space\">L'\u00e9poque des toilettes encombrantes et obsol\u00e8tes est r\u00e9volue. Ce mod\u00e8le intelligent met la commodit\u00e9 au bout de vos doigts gr\u00e2ce \u00e0 des fonctions intuitives :<\/div>\n<ul class=\"auto-hide-last-sibling-br\">\n<li><strong>Rin\u00e7age par capteur sans contact<\/strong>: Approchez votre main du capteur ou \u00e9loignez-vous pour que la chasse d'eau se d\u00e9clenche automatiquement - pas de contact avec les poign\u00e9es sujettes aux germes, pas de propagation des bact\u00e9ries. C'est hygi\u00e9nique, sans souci et parfait pour les m\u00e9nages occup\u00e9s.<\/li>\n<li><strong>Commandes par simple pression d'une touche<\/strong>: R\u00e9glez les param\u00e8tres (comme la puissance de la chasse d'eau ou la temp\u00e9rature du si\u00e8ge) \u00e0 l'aide d'une simple t\u00e9l\u00e9commande ou d'un panneau int\u00e9gr\u00e9 - pas de menus compliqu\u00e9s, juste une personnalisation instantan\u00e9e.<\/li>\n<li><strong>Conception \u00e9conome en eau<\/strong>: Elle n'utilise que 1,28 GPF (4,8 litres) par chasse d'eau, r\u00e9duisant ainsi le gaspillage d'eau sans sacrifier les performances. Elle est respectueuse de l'environnement et de vos factures d'\u00e9lectricit\u00e9.<\/li>\n<\/ul>\n<h2 class=\"header-iWP5WJ auto-hide-last-sibling-br\">Confort luxueux : Transformez vos d\u00e9placements quotidiens<\/h2>\n<div class=\"auto-hide-last-sibling-br paragraph-pP9ZLC paragraph-element br-paragraph-space\">Les toilettes intelligentes CE transforment la routine de base de la salle de bain en un petit moment de soin personnel :<\/div>\n<ul class=\"auto-hide-last-sibling-br\">\n<li><strong>Si\u00e8ge chauffant r\u00e9glable<\/strong>: Choisissez parmi 3 niveaux de temp\u00e9rature (32-38\u00b0C) pour \u00e9viter les coups de froid lors des matin\u00e9es fra\u00eeches. Il s'\u00e9teint automatiquement lorsqu'il n'est pas utilis\u00e9, ce qui permet d'\u00e9conomiser de l'\u00e9nergie tout en restant bien au chaud.<\/li>\n<li><strong>Fonction bidet en douceur<\/strong>: Profitez des modes de lavage avant et arri\u00e8re avec une pression et une temp\u00e9rature de l'eau r\u00e9glables. Il est plus doux pour la peau que le papier hygi\u00e9nique, plus hygi\u00e9nique et r\u00e9duit les d\u00e9chets - meilleur pour vous et pour la plan\u00e8te.<\/li>\n<li><strong>Fonctionnement silencieux<\/strong>: Le syst\u00e8me de chasse d'eau fonctionne \u00e0 30-40 d\u00e9cibels (moins fort qu'une conversation), ce qui permet de pr\u00e9server la tranquillit\u00e9 de votre salle de bains sans compromettre la puissance de nettoyage.<\/li>\n<\/ul>\n<h2 class=\"header-iWP5WJ auto-hide-last-sibling-br\">Pourquoi c'est l'am\u00e9lioration parfaite de la salle de bains<\/h2>\n<div class=\"auto-hide-last-sibling-br paragraph-pP9ZLC paragraph-element br-paragraph-space\">Ces toilettes intelligentes ne sont pas qu'un simple gadget : elles constituent un compl\u00e9ment pratique et avant-gardiste \u00e0 toute maison :<\/div>\n<ul class=\"auto-hide-last-sibling-br\">\n<li>Il s'adapte \u00e0 la configuration standard de la salle de bains et \u00e0 la plomberie, ce qui facilite l'installation (aucune r\u00e9novation majeure n'est n\u00e9cessaire).<\/li>\n<li>Son design \u00e9pur\u00e9 et moderne s'int\u00e8gre \u00e0 tous les d\u00e9cors, qu'ils soient minimalistes ou traditionnels.<\/li>\n<li>La certification CE garantit la s\u00e9curit\u00e9 de l'appareil pour tous les utilisateurs, y compris les enfants et les personnes \u00e2g\u00e9es.<\/li>\n<li>Il concilie commodit\u00e9, confort et durabilit\u00e9, et r\u00e9pond \u00e0 toutes les attentes des propri\u00e9taires d'aujourd'hui.<\/li>\n<\/ul>\n<h2 class=\"header-iWP5WJ auto-hide-last-sibling-br\">Pr\u00eat \u00e0 rehausser votre salle de bains ?<\/h2>\n<div class=\"auto-hide-last-sibling-br paragraph-pP9ZLC paragraph-element br-paragraph-space\">Les toilettes intelligentes certifi\u00e9es CE sont plus que des toilettes : elles rappellent quotidiennement que de petites am\u00e9liorations peuvent faire une grande diff\u00e9rence. Dites adieu aux si\u00e8ges froids, aux poign\u00e9es pleines de germes et aux chasses d'eau bruyantes. Adoptez une technologie intelligente qui travaille pour vous, vous offrant commodit\u00e9 et confort \u00e0 chaque utilisation.<\/div>\n<div class=\"auto-hide-last-sibling-br paragraph-pP9ZLC paragraph-element br-paragraph-space\">Renseignez-vous d\u00e8s maintenant et faites le premier pas vers une salle de bains plus intelligente et plus confortable - votre routine (et votre famille) vous en remerciera !<\/div>\n<\/div>","protected":false},"excerpt":{"rendered":"<div class=\"pro_desc\">\n<table cellspacing=\"0\" cellpadding=\"0\">\n<tbody>\n<tr>\n<td>Num\u00e9ro de mod\u00e8le :<\/td>\n<td>E81<\/td>\n<\/tr>\n<tr>\n<td>Structure<\/td>\n<td>Au sol<\/td>\n<\/tr>\n<tr>\n<td>Taille\uff1a<\/td>\n<td>590*380*468mm<\/td>\n<\/tr>\n<tr>\n<td>Syst\u00e8me de rin\u00e7age\uff1a<\/td>\n<td>Jet siphonique<\/td>\n<\/tr>\n<tr>\n<td>M\u00e9thode de chauffage\uff1a<\/td>\n<td>Chauffage instantan\u00e9<\/td>\n<\/tr>\n<tr>\n<td>MOQ\uff1a<\/td>\n<td>1 ensembles<\/td>\n<\/tr>\n<tr>\n<td>D\u00e9lai de livraison\uff1a<\/td>\n<td>7-15 jours<\/td>\n<\/tr>\n<\/tbody>\n<\/table>\n<\/div>","protected":false},"featured_media":3093,"comment_status":"open","ping_status":"closed","template":"","meta":{"_acf_changed":false},"product_brand":[],"product_cat":[28],"product_tag":[],"class_list":{"0":"post-3092","1":"product","2":"type-product","3":"status-publish","4":"has-post-thumbnail","6":"product_cat-smart-toilet","8":"first","9":"instock","10":"shipping-taxable","11":"product-type-simple"},"acf":[],"yoast_head":"<!-- This site is optimized with the Yoast SEO Premium plugin v23.6 (Yoast SEO v26.3) - https:\/\/yoast.com\/wordpress\/plugins\/seo\/ -->\n<title>CE Smart Toilet Voice Sedentary Alert - BIKI Smart Toilet<\/title>\n<meta name=\"description\" content=\"Upgrade your bathroom with the CE Smart Toilet, the perfect choice. Enjoy the convenience and comfort brought by intelligent technology\u2014learn more now!\" \/>\n<meta name=\"robots\" content=\"index, follow, max-snippet:-1, max-image-preview:large, max-video-preview:-1\" \/>\n<link rel=\"canonical\" href=\"https:\/\/bikibath.com\/fr\/product\/toilettes-intelligentes-ce-smart\/\" \/>\n<meta property=\"og:locale\" content=\"fr_FR\" \/>\n<meta property=\"og:type\" content=\"article\" \/>\n<meta property=\"og:title\" content=\"BIKI E81 CE Certified Small Tankless Smart Toilet 59cm - Low Energy, Voice Sedentary Alert &amp; Auto Flush\" \/>\n<meta property=\"og:description\" content=\"Upgrade your bathroom with the CE Smart Toilet, the perfect choice. Enjoy the convenience and comfort brought by intelligent technology\u2014learn more now!\" \/>\n<meta property=\"og:url\" content=\"https:\/\/bikibath.com\/fr\/product\/toilettes-intelligentes-ce-smart\/\" \/>\n<meta property=\"og:site_name\" content=\"BIKI Smart Toilet\" \/>\n<meta property=\"article:modified_time\" content=\"2026-01-07T03:02:25+00:00\" \/>\n<meta property=\"og:image\" content=\"https:\/\/bikibath.com\/wp-content\/uploads\/2025\/11\/E81.png\" \/>\n\t<meta property=\"og:image:width\" content=\"1000\" \/>\n\t<meta property=\"og:image:height\" content=\"1000\" \/>\n\t<meta property=\"og:image:type\" content=\"image\/png\" \/>\n<meta name=\"twitter:card\" content=\"summary_large_image\" \/>\n<meta name=\"twitter:label1\" content=\"Dur\u00e9e de lecture estim\u00e9e\" \/>\n\t<meta name=\"twitter:data1\" content=\"3 minutes\" \/>\n<script type=\"application\/ld+json\" class=\"yoast-schema-graph\">{\"@context\":\"https:\/\/schema.org\",\"@graph\":[{\"@type\":\"WebPage\",\"@id\":\"https:\/\/bikibath.com\/product\/ce-smart-intelligent-toilet\/\",\"url\":\"https:\/\/bikibath.com\/product\/ce-smart-intelligent-toilet\/\",\"name\":\"CE Smart Toilet Voice Sedentary Alert - BIKI Smart Toilet\",\"isPartOf\":{\"@id\":\"https:\/\/bikibath.com\/#website\"},\"primaryImageOfPage\":{\"@id\":\"https:\/\/bikibath.com\/product\/ce-smart-intelligent-toilet\/#primaryimage\"},\"image\":{\"@id\":\"https:\/\/bikibath.com\/product\/ce-smart-intelligent-toilet\/#primaryimage\"},\"thumbnailUrl\":\"https:\/\/bikibath.com\/wp-content\/uploads\/2025\/11\/E81.png\",\"datePublished\":\"2025-11-04T03:32:36+00:00\",\"dateModified\":\"2026-01-07T03:02:25+00:00\",\"description\":\"Upgrade your bathroom with the CE Smart Toilet, the perfect choice. Enjoy the convenience and comfort brought by intelligent technology\u2014learn more now!\",\"breadcrumb\":{\"@id\":\"https:\/\/bikibath.com\/product\/ce-smart-intelligent-toilet\/#breadcrumb\"},\"inLanguage\":\"fr-FR\",\"potentialAction\":[{\"@type\":\"ReadAction\",\"target\":[\"https:\/\/bikibath.com\/product\/ce-smart-intelligent-toilet\/\"]}]},{\"@type\":\"ImageObject\",\"inLanguage\":\"fr-FR\",\"@id\":\"https:\/\/bikibath.com\/product\/ce-smart-intelligent-toilet\/#primaryimage\",\"url\":\"https:\/\/bikibath.com\/wp-content\/uploads\/2025\/11\/E81.png\",\"contentUrl\":\"https:\/\/bikibath.com\/wp-content\/uploads\/2025\/11\/E81.png\",\"width\":1000,\"height\":1000},{\"@type\":\"BreadcrumbList\",\"@id\":\"https:\/\/bikibath.com\/product\/ce-smart-intelligent-toilet\/#breadcrumb\",\"itemListElement\":[{\"@type\":\"ListItem\",\"position\":1,\"name\":\"Home\",\"item\":\"https:\/\/bikibath.com\/\"},{\"@type\":\"ListItem\",\"position\":2,\"name\":\"Product\",\"item\":\"https:\/\/bikibath.com\/product\/\"},{\"@type\":\"ListItem\",\"position\":3,\"name\":\"BIKI E81 CE Certified Small Tankless Smart Toilet 59cm &#8211; Low Energy, Voice Sedentary Alert &#038; Auto Flush\"}]},{\"@type\":\"WebSite\",\"@id\":\"https:\/\/bikibath.com\/#website\",\"url\":\"https:\/\/bikibath.com\/\",\"name\":\"BIKI Smart Toilet\",\"description\":\"Elevate Every Daily Comfort\",\"publisher\":{\"@id\":\"https:\/\/bikibath.com\/#organization\"},\"potentialAction\":[{\"@type\":\"SearchAction\",\"target\":{\"@type\":\"EntryPoint\",\"urlTemplate\":\"https:\/\/bikibath.com\/?s={search_term_string}\"},\"query-input\":{\"@type\":\"PropertyValueSpecification\",\"valueRequired\":true,\"valueName\":\"search_term_string\"}}],\"inLanguage\":\"fr-FR\"},{\"@type\":\"Organization\",\"@id\":\"https:\/\/bikibath.com\/#organization\",\"name\":\"BIKI Smart Toilet\",\"url\":\"https:\/\/bikibath.com\/\",\"logo\":{\"@type\":\"ImageObject\",\"inLanguage\":\"fr-FR\",\"@id\":\"https:\/\/bikibath.com\/#\/schema\/logo\/image\/\",\"url\":\"https:\/\/bikibath.com\/wp-content\/uploads\/2025\/10\/biki.png\",\"contentUrl\":\"https:\/\/bikibath.com\/wp-content\/uploads\/2025\/10\/biki.png\",\"width\":500,\"height\":162,\"caption\":\"BIKI Smart Toilet\"},\"image\":{\"@id\":\"https:\/\/bikibath.com\/#\/schema\/logo\/image\/\"}}]}<\/script>\n<!-- \/ Yoast SEO Premium plugin. -->","yoast_head_json":{"title":"Toilette intelligente CE Alerte vocale \u00e0 la s\u00e9dentarit\u00e9 - BIKI Smart Toilet","description":"Am\u00e9liorez votre salle de bains avec les toilettes intelligentes CE, le choix id\u00e9al. Profitez de la commodit\u00e9 et du confort apport\u00e9s par une technologie intelligente - apprenez-en plus maintenant !","robots":{"index":"index","follow":"follow","max-snippet":"max-snippet:-1","max-image-preview":"max-image-preview:large","max-video-preview":"max-video-preview:-1"},"canonical":"https:\/\/bikibath.com\/fr\/product\/toilettes-intelligentes-ce-smart\/","og_locale":"fr_FR","og_type":"article","og_title":"BIKI E81 CE Certified Small Tankless Smart Toilet 59cm - Low Energy, Voice Sedentary Alert & Auto Flush","og_description":"Upgrade your bathroom with the CE Smart Toilet, the perfect choice. Enjoy the convenience and comfort brought by intelligent technology\u2014learn more now!","og_url":"https:\/\/bikibath.com\/fr\/product\/toilettes-intelligentes-ce-smart\/","og_site_name":"BIKI Smart Toilet","article_modified_time":"2026-01-07T03:02:25+00:00","og_image":[{"width":1000,"height":1000,"url":"https:\/\/bikibath.com\/wp-content\/uploads\/2025\/11\/E81.png","type":"image\/png"}],"twitter_card":"summary_large_image","twitter_misc":{"Dur\u00e9e de lecture estim\u00e9e":"3 minutes"},"schema":{"@context":"https:\/\/schema.org","@graph":[{"@type":"WebPage","@id":"https:\/\/bikibath.com\/product\/ce-smart-intelligent-toilet\/","url":"https:\/\/bikibath.com\/product\/ce-smart-intelligent-toilet\/","name":"Toilette intelligente CE Alerte vocale \u00e0 la s\u00e9dentarit\u00e9 - BIKI Smart Toilet","isPartOf":{"@id":"https:\/\/bikibath.com\/#website"},"primaryImageOfPage":{"@id":"https:\/\/bikibath.com\/product\/ce-smart-intelligent-toilet\/#primaryimage"},"image":{"@id":"https:\/\/bikibath.com\/product\/ce-smart-intelligent-toilet\/#primaryimage"},"thumbnailUrl":"https:\/\/bikibath.com\/wp-content\/uploads\/2025\/11\/E81.png","datePublished":"2025-11-04T03:32:36+00:00","dateModified":"2026-01-07T03:02:25+00:00","description":"Am\u00e9liorez votre salle de bains avec les toilettes intelligentes CE, le choix id\u00e9al. Profitez de la commodit\u00e9 et du confort apport\u00e9s par une technologie intelligente - apprenez-en plus maintenant !","breadcrumb":{"@id":"https:\/\/bikibath.com\/product\/ce-smart-intelligent-toilet\/#breadcrumb"},"inLanguage":"fr-FR","potentialAction":[{"@type":"ReadAction","target":["https:\/\/bikibath.com\/product\/ce-smart-intelligent-toilet\/"]}]},{"@type":"ImageObject","inLanguage":"fr-FR","@id":"https:\/\/bikibath.com\/product\/ce-smart-intelligent-toilet\/#primaryimage","url":"https:\/\/bikibath.com\/wp-content\/uploads\/2025\/11\/E81.png","contentUrl":"https:\/\/bikibath.com\/wp-content\/uploads\/2025\/11\/E81.png","width":1000,"height":1000},{"@type":"BreadcrumbList","@id":"https:\/\/bikibath.com\/product\/ce-smart-intelligent-toilet\/#breadcrumb","itemListElement":[{"@type":"ListItem","position":1,"name":"Home","item":"https:\/\/bikibath.com\/"},{"@type":"ListItem","position":2,"name":"Product","item":"https:\/\/bikibath.com\/product\/"},{"@type":"ListItem","position":3,"name":"BIKI E81 CE Certified Small Tankless Smart Toilet 59cm &#8211; Low Energy, Voice Sedentary Alert &#038; Auto Flush"}]},{"@type":"WebSite","@id":"https:\/\/bikibath.com\/#website","url":"https:\/\/bikibath.com\/","name":"Toilette intelligente BIKI","description":"Am\u00e9liorez votre confort quotidien","publisher":{"@id":"https:\/\/bikibath.com\/#organization"},"potentialAction":[{"@type":"SearchAction","target":{"@type":"EntryPoint","urlTemplate":"https:\/\/bikibath.com\/?s={search_term_string}"},"query-input":{"@type":"PropertyValueSpecification","valueRequired":true,"valueName":"search_term_string"}}],"inLanguage":"fr-FR"},{"@type":"Organization","@id":"https:\/\/bikibath.com\/#organization","name":"Toilette intelligente BIKI","url":"https:\/\/bikibath.com\/","logo":{"@type":"ImageObject","inLanguage":"fr-FR","@id":"https:\/\/bikibath.com\/#\/schema\/logo\/image\/","url":"https:\/\/bikibath.com\/wp-content\/uploads\/2025\/10\/biki.png","contentUrl":"https:\/\/bikibath.com\/wp-content\/uploads\/2025\/10\/biki.png","width":500,"height":162,"caption":"BIKI Smart Toilet"},"image":{"@id":"https:\/\/bikibath.com\/#\/schema\/logo\/image\/"}}]}},"_links":{"self":[{"href":"https:\/\/bikibath.com\/fr\/wp-json\/wp\/v2\/product\/3092","targetHints":{"allow":["GET"]}}],"collection":[{"href":"https:\/\/bikibath.com\/fr\/wp-json\/wp\/v2\/product"}],"about":[{"href":"https:\/\/bikibath.com\/fr\/wp-json\/wp\/v2\/types\/product"}],"replies":[{"embeddable":true,"href":"https:\/\/bikibath.com\/fr\/wp-json\/wp\/v2\/comments?post=3092"}],"wp:featuredmedia":[{"embeddable":true,"href":"https:\/\/bikibath.com\/fr\/wp-json\/wp\/v2\/media\/3093"}],"wp:attachment":[{"href":"https:\/\/bikibath.com\/fr\/wp-json\/wp\/v2\/media?parent=3092"}],"wp:term":[{"taxonomy":"product_brand","embeddable":true,"href":"https:\/\/bikibath.com\/fr\/wp-json\/wp\/v2\/product_brand?post=3092"},{"taxonomy":"product_cat","embeddable":true,"href":"https:\/\/bikibath.com\/fr\/wp-json\/wp\/v2\/product_cat?post=3092"},{"taxonomy":"product_tag","embeddable":true,"href":"https:\/\/bikibath.com\/fr\/wp-json\/wp\/v2\/product_tag?post=3092"}],"curies":[{"name":"wp","href":"https:\/\/api.w.org\/{rel}","templated":true}]}}