{"id":3072,"date":"2025-11-04T03:05:55","date_gmt":"2025-11-04T03:05:55","guid":{"rendered":"https:\/\/bikibath.com\/?post_type=product&#038;p=3072"},"modified":"2026-01-07T03:04:30","modified_gmt":"2026-01-07T03:04:30","slug":"toilettes-intelligentes-avec-chasse-deau-automatique","status":"publish","type":"product","link":"https:\/\/bikibath.com\/fr\/product\/toilettes-intelligentes-avec-chasse-deau-automatique\/","title":{"rendered":"BIKI E80 Toilettes \u00e9lectriques sans r\u00e9servoir avec bidet - Ouverture\/fermeture automatique du couvercle et chasse d'eau (certification WaterMark\/CE\/UL)"},"content":{"rendered":"<p><img fetchpriority=\"high\" decoding=\"async\" class=\"alignnone size-full wp-image-3118 aligncenter\" src=\"https:\/\/bikibath.com\/wp-content\/uploads\/2025\/11\/E80-Function.jpg\" alt=\"toilettes intelligentes ouverture et fermeture automatiques du couvercle\" width=\"1300\" height=\"2560\" \/><\/p>\n<div style=\"display: none;\">\n<h1 class=\"header-iWP5WJ auto-hide-last-sibling-br\">Am\u00e9liorez votre salle de bains avec les toilettes intelligentes BIKI : Le luxe, l'hygi\u00e8ne et l'efficacit\u00e9 de l'eau \u00e0 chaque utilisation<\/h1>\n<div class=\"auto-hide-last-sibling-br paragraph-pP9ZLC paragraph-element br-paragraph-space\">Pr\u00eat \u00e0 transformer votre routine quotidienne dans la salle de bain en une exp\u00e9rience luxueuse et hygi\u00e9nique ? Les toilettes intelligentes BIKI sont votre ultime mise \u00e0 niveau. Elles sont dot\u00e9es d'un si\u00e8ge chauffant \u00e9lectrique, d'un couvercle automatique et d'une technologie de chasse d'eau avanc\u00e9e, tout en offrant une efficacit\u00e9 de l'eau qui m\u00e9nage \u00e0 la fois vos factures d'\u00e9lectricit\u00e9 et la plan\u00e8te. D\u00e9couvrez pourquoi il s'agit de l'\u00e9quipement incontournable des maisons modernes, et contactez-nous d\u00e8s maintenant pour apporter ce m\u00e9lange de confort et de praticit\u00e9 \u00e0 votre espace.<\/div>\n<h2 class=\"header-iWP5WJ auto-hide-last-sibling-br\">Si\u00e8ge chauffant \u00e9lectrique : confort personnalis\u00e9, pas de chocs froids<\/h2>\n<div class=\"auto-hide-last-sibling-br paragraph-pP9ZLC paragraph-element br-paragraph-space\">Dites adieu aux si\u00e8ges de toilettes froids et d\u00e9sagr\u00e9ables, m\u00eame lors des matins les plus froids. Les toilettes intelligentes de BIKI sont dot\u00e9es d'un\u00a0<strong>si\u00e8ge \u00e9lectrique chauffant<\/strong>\u00a0avec des r\u00e9glages de temp\u00e9rature (32-38\u00b0C), vous permettant d'adapter la chaleur \u00e0 vos pr\u00e9f\u00e9rences. Pas de pr\u00e9chauffage ni d'attente : un confort instantan\u00e9 et constant \u00e0 chaque utilisation. La conception \u00e9conome en \u00e9nergie s'\u00e9teint automatiquement en cas d'inactivit\u00e9, ce qui vous permet de profiter de moments douillets sans vous soucier du gaspillage d'\u00e9nergie. C'est un petit luxe qui fait une grande diff\u00e9rence pour les familles, les personnes \u00e2g\u00e9es et tous ceux qui appr\u00e9cient le confort au quotidien.<\/div>\n<h2 class=\"header-iWP5WJ auto-hide-last-sibling-br\">Couvercle automatique : Hygi\u00e8ne et commodit\u00e9 des mains libres<\/h2>\n<div class=\"auto-hide-last-sibling-br paragraph-pP9ZLC paragraph-element br-paragraph-space\">L'hygi\u00e8ne et la commodit\u00e9 vont de pair avec les fonctions de la toilette intelligente de BIKI.\u00a0<strong>couvercle automatique<\/strong>\u00a0fonction. Le couvercle s'ouvre automatiquement lorsque vous vous approchez et se referme doucement lorsque vous vous \u00e9loignez : plus besoin de toucher les surfaces sales, plus besoin d'oublier de fermer le couvercle. Pour plus de praticit\u00e9, de nombreux mod\u00e8les sont \u00e9quip\u00e9s d'un capteur au pied pour un fonctionnement mains libres (id\u00e9al lorsque vous avez les mains pleines). Cette conception sans contact minimise la propagation des germes, rendant votre salle de bains plus propre et plus hygi\u00e9nique pour toute la famille et les invit\u00e9s. C'est la commodit\u00e9 red\u00e9finie, qui rend l'utilisation quotidienne plus facile et plus hygi\u00e9nique.<\/div>\n<h2 class=\"header-iWP5WJ auto-hide-last-sibling-br\">Technologie de chasse d'eau avanc\u00e9e : Puissance, silence et efficacit\u00e9 de l'eau<\/h2>\n<div class=\"auto-hide-last-sibling-br paragraph-pP9ZLC paragraph-element br-paragraph-space\">Le syst\u00e8me de chasse d'eau du BIKI Smart Toilet est con\u00e7u pour impressionner : suffisamment puissant pour \u00e9vacuer les d\u00e9chets en profondeur, suffisamment silencieux pour ne pas perturber votre maison et suffisamment efficace pour \u00e9conomiser l'eau. Gr\u00e2ce \u00e0 la technologie avanc\u00e9e du vortex ou du jet siphonique, la chasse d'eau est puissante et sans obstruction, tout en fonctionnant \u00e0 seulement 30-40 d\u00e9cibels (moins fort qu'une conversation). Elle n'utilise que 1,28 GPF (4,8 litres) par chasse d'eau, soit nettement moins que les toilettes traditionnelles, ce qui permet de r\u00e9duire le gaspillage d'eau de 60% sans sacrifier les performances. Vous avez l'esprit tranquille en sachant que vous choisissez un appareil sanitaire \u00e0 la fois performant et respectueux de l'environnement.<\/div>\n<h2 class=\"header-iWP5WJ auto-hide-last-sibling-br\">Luxe, hygi\u00e8ne et efficacit\u00e9 de l'eau - tout en un<\/h2>\n<div class=\"auto-hide-last-sibling-br paragraph-pP9ZLC paragraph-element br-paragraph-space\">La toilette intelligente BIKI n'est pas seulement une toilette, c'est une am\u00e9lioration holistique qui remplit toutes les conditions :<\/div>\n<ul class=\"auto-hide-last-sibling-br\">\n<li><strong>Luxe<\/strong>: Le si\u00e8ge chauffant et le couvercle automatique ajoutent une touche de spa \u00e0 votre routine quotidienne.<\/li>\n<li><strong>Hygi\u00e8ne<\/strong>: Le fonctionnement sans contact et la puissance de la chasse d'eau r\u00e9duisent l'accumulation de germes et pr\u00e9servent la fra\u00eecheur de votre salle de bains.<\/li>\n<li><strong>Efficacit\u00e9 de l'eau<\/strong>: La technologie de chasse d'eau \u00e0 faible d\u00e9bit permet d'\u00e9conomiser de l'eau sans compromettre la puissance.<\/li>\n<li><strong>Durabilit\u00e9<\/strong>: Fabriqu\u00e9 avec des mat\u00e9riaux de haute qualit\u00e9 et soumis \u00e0 des tests rigoureux, il garantit des performances durables pour les ann\u00e9es \u00e0 venir.<\/li>\n<li><strong>Design \u00e9pur\u00e9<\/strong>: Son profil moderne et \u00e9pur\u00e9 s'int\u00e8gre \u00e0 tous les d\u00e9cors de salle de bains, qu'ils soient minimalistes ou contemporains.<\/li>\n<\/ul>\n<h2 class=\"header-iWP5WJ auto-hide-last-sibling-br\">Pr\u00eat \u00e0 passer \u00e0 la vitesse sup\u00e9rieure ? Contactez nous maintenant<\/h2>\n<div class=\"auto-hide-last-sibling-br paragraph-pP9ZLC paragraph-element br-paragraph-space\">Ne vous contentez pas de toilettes d\u00e9su\u00e8tes et inconfortables. Les toilettes intelligentes BIKI r\u00e9unissent le meilleur du luxe, de l'hygi\u00e8ne et de l'efficacit\u00e9, transformant les moments ordinaires de la salle de bains en quelque chose d'extraordinaire. Que vous r\u00e9am\u00e9nagiez votre espace ou que vous remplaciez un vieil appareil, ces toilettes intelligentes sont le m\u00e9lange parfait de la forme et de la fonction.<\/div>\n<div class=\"auto-hide-last-sibling-br paragraph-pP9ZLC paragraph-element br-paragraph-space\">Contactez-nous d\u00e8s maintenant pour en savoir plus sur les prix, les d\u00e9tails d'installation et les options de personnalisation. Notre \u00e9quipe est pr\u00eate \u00e0 vous aider \u00e0 apporter le confort et la commodit\u00e9 de la toilette intelligente BIKI dans votre maison - votre salle de bain (et votre routine quotidienne) vous en remerciera !<\/div>\n<div><\/div>\n<\/div>","protected":false},"excerpt":{"rendered":"<div class=\"pro_desc\">\n<table cellspacing=\"0\" cellpadding=\"0\">\n<tbody>\n<tr>\n<td>Num\u00e9ro de mod\u00e8le :<\/td>\n<td>E80<\/td>\n<\/tr>\n<tr>\n<td>Structure<\/td>\n<td>Au sol<\/td>\n<\/tr>\n<tr>\n<td>Taille\uff1a<\/td>\n<td>590*380*480mm<\/td>\n<\/tr>\n<tr>\n<td>Syst\u00e8me de rin\u00e7age\uff1a<\/td>\n<td>Jet siphonique<\/td>\n<\/tr>\n<tr>\n<td>M\u00e9thode de chauffage\uff1a<\/td>\n<td>Chauffage instantan\u00e9<\/td>\n<\/tr>\n<tr>\n<td>MOQ\uff1a<\/td>\n<td>1 ensembles<\/td>\n<\/tr>\n<tr>\n<td>D\u00e9lai de livraison\uff1a<\/td>\n<td>7-15 jours<\/td>\n<\/tr>\n<\/tbody>\n<\/table>\n<\/div>","protected":false},"featured_media":3077,"comment_status":"open","ping_status":"closed","template":"","meta":{"_acf_changed":false},"product_brand":[],"product_cat":[28],"product_tag":[],"class_list":{"0":"post-3072","1":"product","2":"type-product","3":"status-publish","4":"has-post-thumbnail","6":"product_cat-smart-toilet","8":"first","9":"instock","10":"shipping-taxable","11":"product-type-simple"},"acf":[],"yoast_head":"<!-- This site is optimized with the Yoast SEO Premium plugin v23.6 (Yoast SEO v26.3) - https:\/\/yoast.com\/wordpress\/plugins\/seo\/ -->\n<title>Electric Contral Toilet with Bidet - Auto Lid Open - BIKI Smart Toilet<\/title>\n<meta name=\"description\" content=\"Upgrade your bathroom with BIKI smart toilet. electric heated seat, auto lid,flush technology. Electric toilet auto lid open close\" \/>\n<meta name=\"robots\" content=\"index, follow, max-snippet:-1, max-image-preview:large, max-video-preview:-1\" \/>\n<link rel=\"canonical\" href=\"https:\/\/bikibath.com\/fr\/product\/toilettes-intelligentes-avec-chasse-deau-automatique\/\" \/>\n<meta property=\"og:locale\" content=\"fr_FR\" \/>\n<meta property=\"og:type\" content=\"article\" \/>\n<meta property=\"og:title\" content=\"BIKI E80 Electric Contral Toilet without Tank\u200b with Bidet - Auto Lid Open\/Close &amp; Flush (WaterMark\/CE\/UL Certification)\" \/>\n<meta property=\"og:description\" content=\"Upgrade your bathroom with BIKI smart toilet. electric heated seat, auto lid,flush technology. Electric toilet auto lid open close\" \/>\n<meta property=\"og:url\" content=\"https:\/\/bikibath.com\/fr\/product\/toilettes-intelligentes-avec-chasse-deau-automatique\/\" \/>\n<meta property=\"og:site_name\" content=\"BIKI Smart Toilet\" \/>\n<meta property=\"article:modified_time\" content=\"2026-01-07T03:04:30+00:00\" \/>\n<meta property=\"og:image\" content=\"https:\/\/bikibath.com\/wp-content\/uploads\/2025\/11\/E80.png\" \/>\n\t<meta property=\"og:image:width\" content=\"1000\" \/>\n\t<meta property=\"og:image:height\" content=\"1000\" \/>\n\t<meta property=\"og:image:type\" content=\"image\/png\" \/>\n<meta name=\"twitter:card\" content=\"summary_large_image\" \/>\n<meta name=\"twitter:label1\" content=\"Dur\u00e9e de lecture estim\u00e9e\" \/>\n\t<meta name=\"twitter:data1\" content=\"3 minutes\" \/>\n<script type=\"application\/ld+json\" class=\"yoast-schema-graph\">{\"@context\":\"https:\/\/schema.org\",\"@graph\":[{\"@type\":\"WebPage\",\"@id\":\"https:\/\/bikibath.com\/product\/auto-lid-flush-smart-toilet\/\",\"url\":\"https:\/\/bikibath.com\/product\/auto-lid-flush-smart-toilet\/\",\"name\":\"Electric Contral Toilet with Bidet - Auto Lid Open - BIKI Smart Toilet\",\"isPartOf\":{\"@id\":\"https:\/\/bikibath.com\/#website\"},\"primaryImageOfPage\":{\"@id\":\"https:\/\/bikibath.com\/product\/auto-lid-flush-smart-toilet\/#primaryimage\"},\"image\":{\"@id\":\"https:\/\/bikibath.com\/product\/auto-lid-flush-smart-toilet\/#primaryimage\"},\"thumbnailUrl\":\"https:\/\/bikibath.com\/wp-content\/uploads\/2025\/11\/E80.png\",\"datePublished\":\"2025-11-04T03:05:55+00:00\",\"dateModified\":\"2026-01-07T03:04:30+00:00\",\"description\":\"Upgrade your bathroom with BIKI smart toilet. electric heated seat, auto lid,flush technology. Electric toilet auto lid open close\",\"breadcrumb\":{\"@id\":\"https:\/\/bikibath.com\/product\/auto-lid-flush-smart-toilet\/#breadcrumb\"},\"inLanguage\":\"fr-FR\",\"potentialAction\":[{\"@type\":\"ReadAction\",\"target\":[\"https:\/\/bikibath.com\/product\/auto-lid-flush-smart-toilet\/\"]}]},{\"@type\":\"ImageObject\",\"inLanguage\":\"fr-FR\",\"@id\":\"https:\/\/bikibath.com\/product\/auto-lid-flush-smart-toilet\/#primaryimage\",\"url\":\"https:\/\/bikibath.com\/wp-content\/uploads\/2025\/11\/E80.png\",\"contentUrl\":\"https:\/\/bikibath.com\/wp-content\/uploads\/2025\/11\/E80.png\",\"width\":1000,\"height\":1000},{\"@type\":\"BreadcrumbList\",\"@id\":\"https:\/\/bikibath.com\/product\/auto-lid-flush-smart-toilet\/#breadcrumb\",\"itemListElement\":[{\"@type\":\"ListItem\",\"position\":1,\"name\":\"Home\",\"item\":\"https:\/\/bikibath.com\/\"},{\"@type\":\"ListItem\",\"position\":2,\"name\":\"Product\",\"item\":\"https:\/\/bikibath.com\/product\/\"},{\"@type\":\"ListItem\",\"position\":3,\"name\":\"BIKI E80 Electric Contral Toilet without Tank\u200b with Bidet &#8211; Auto Lid Open\/Close &#038; Flush (WaterMark\/CE\/UL Certification)\"}]},{\"@type\":\"WebSite\",\"@id\":\"https:\/\/bikibath.com\/#website\",\"url\":\"https:\/\/bikibath.com\/\",\"name\":\"BIKI Smart Toilet\",\"description\":\"Elevate Every Daily Comfort\",\"publisher\":{\"@id\":\"https:\/\/bikibath.com\/#organization\"},\"potentialAction\":[{\"@type\":\"SearchAction\",\"target\":{\"@type\":\"EntryPoint\",\"urlTemplate\":\"https:\/\/bikibath.com\/?s={search_term_string}\"},\"query-input\":{\"@type\":\"PropertyValueSpecification\",\"valueRequired\":true,\"valueName\":\"search_term_string\"}}],\"inLanguage\":\"fr-FR\"},{\"@type\":\"Organization\",\"@id\":\"https:\/\/bikibath.com\/#organization\",\"name\":\"BIKI Smart Toilet\",\"url\":\"https:\/\/bikibath.com\/\",\"logo\":{\"@type\":\"ImageObject\",\"inLanguage\":\"fr-FR\",\"@id\":\"https:\/\/bikibath.com\/#\/schema\/logo\/image\/\",\"url\":\"https:\/\/bikibath.com\/wp-content\/uploads\/2025\/10\/biki.png\",\"contentUrl\":\"https:\/\/bikibath.com\/wp-content\/uploads\/2025\/10\/biki.png\",\"width\":500,\"height\":162,\"caption\":\"BIKI Smart Toilet\"},\"image\":{\"@id\":\"https:\/\/bikibath.com\/#\/schema\/logo\/image\/\"}}]}<\/script>\n<!-- \/ Yoast SEO Premium plugin. -->","yoast_head_json":{"title":"Toilette \u00e9lectrique avec bidet - Ouverture automatique du couvercle - BIKI Smart Toilet","description":"Am\u00e9liorez votre salle de bain avec les toilettes intelligentes BIKI. Si\u00e8ge \u00e9lectrique chauffant, couvercle automatique, technologie de chasse d'eau. Toilettes \u00e9lectriques \u00e0 ouverture et fermeture automatique de l'abattant","robots":{"index":"index","follow":"follow","max-snippet":"max-snippet:-1","max-image-preview":"max-image-preview:large","max-video-preview":"max-video-preview:-1"},"canonical":"https:\/\/bikibath.com\/fr\/product\/toilettes-intelligentes-avec-chasse-deau-automatique\/","og_locale":"fr_FR","og_type":"article","og_title":"BIKI E80 Electric Contral Toilet without Tank\u200b with Bidet - Auto Lid Open\/Close & Flush (WaterMark\/CE\/UL Certification)","og_description":"Upgrade your bathroom with BIKI smart toilet. electric heated seat, auto lid,flush technology. Electric toilet auto lid open close","og_url":"https:\/\/bikibath.com\/fr\/product\/toilettes-intelligentes-avec-chasse-deau-automatique\/","og_site_name":"BIKI Smart Toilet","article_modified_time":"2026-01-07T03:04:30+00:00","og_image":[{"width":1000,"height":1000,"url":"https:\/\/bikibath.com\/wp-content\/uploads\/2025\/11\/E80.png","type":"image\/png"}],"twitter_card":"summary_large_image","twitter_misc":{"Dur\u00e9e de lecture estim\u00e9e":"3 minutes"},"schema":{"@context":"https:\/\/schema.org","@graph":[{"@type":"WebPage","@id":"https:\/\/bikibath.com\/product\/auto-lid-flush-smart-toilet\/","url":"https:\/\/bikibath.com\/product\/auto-lid-flush-smart-toilet\/","name":"Toilette \u00e9lectrique avec bidet - Ouverture automatique du couvercle - BIKI Smart Toilet","isPartOf":{"@id":"https:\/\/bikibath.com\/#website"},"primaryImageOfPage":{"@id":"https:\/\/bikibath.com\/product\/auto-lid-flush-smart-toilet\/#primaryimage"},"image":{"@id":"https:\/\/bikibath.com\/product\/auto-lid-flush-smart-toilet\/#primaryimage"},"thumbnailUrl":"https:\/\/bikibath.com\/wp-content\/uploads\/2025\/11\/E80.png","datePublished":"2025-11-04T03:05:55+00:00","dateModified":"2026-01-07T03:04:30+00:00","description":"Am\u00e9liorez votre salle de bain avec les toilettes intelligentes BIKI. Si\u00e8ge \u00e9lectrique chauffant, couvercle automatique, technologie de chasse d'eau. Toilettes \u00e9lectriques \u00e0 ouverture et fermeture automatique de l'abattant","breadcrumb":{"@id":"https:\/\/bikibath.com\/product\/auto-lid-flush-smart-toilet\/#breadcrumb"},"inLanguage":"fr-FR","potentialAction":[{"@type":"ReadAction","target":["https:\/\/bikibath.com\/product\/auto-lid-flush-smart-toilet\/"]}]},{"@type":"ImageObject","inLanguage":"fr-FR","@id":"https:\/\/bikibath.com\/product\/auto-lid-flush-smart-toilet\/#primaryimage","url":"https:\/\/bikibath.com\/wp-content\/uploads\/2025\/11\/E80.png","contentUrl":"https:\/\/bikibath.com\/wp-content\/uploads\/2025\/11\/E80.png","width":1000,"height":1000},{"@type":"BreadcrumbList","@id":"https:\/\/bikibath.com\/product\/auto-lid-flush-smart-toilet\/#breadcrumb","itemListElement":[{"@type":"ListItem","position":1,"name":"Home","item":"https:\/\/bikibath.com\/"},{"@type":"ListItem","position":2,"name":"Product","item":"https:\/\/bikibath.com\/product\/"},{"@type":"ListItem","position":3,"name":"BIKI E80 Electric Contral Toilet without Tank\u200b with Bidet &#8211; Auto Lid Open\/Close &#038; Flush (WaterMark\/CE\/UL Certification)"}]},{"@type":"WebSite","@id":"https:\/\/bikibath.com\/#website","url":"https:\/\/bikibath.com\/","name":"Toilette intelligente BIKI","description":"Am\u00e9liorez votre confort quotidien","publisher":{"@id":"https:\/\/bikibath.com\/#organization"},"potentialAction":[{"@type":"SearchAction","target":{"@type":"EntryPoint","urlTemplate":"https:\/\/bikibath.com\/?s={search_term_string}"},"query-input":{"@type":"PropertyValueSpecification","valueRequired":true,"valueName":"search_term_string"}}],"inLanguage":"fr-FR"},{"@type":"Organization","@id":"https:\/\/bikibath.com\/#organization","name":"Toilette intelligente BIKI","url":"https:\/\/bikibath.com\/","logo":{"@type":"ImageObject","inLanguage":"fr-FR","@id":"https:\/\/bikibath.com\/#\/schema\/logo\/image\/","url":"https:\/\/bikibath.com\/wp-content\/uploads\/2025\/10\/biki.png","contentUrl":"https:\/\/bikibath.com\/wp-content\/uploads\/2025\/10\/biki.png","width":500,"height":162,"caption":"BIKI Smart Toilet"},"image":{"@id":"https:\/\/bikibath.com\/#\/schema\/logo\/image\/"}}]}},"_links":{"self":[{"href":"https:\/\/bikibath.com\/fr\/wp-json\/wp\/v2\/product\/3072","targetHints":{"allow":["GET"]}}],"collection":[{"href":"https:\/\/bikibath.com\/fr\/wp-json\/wp\/v2\/product"}],"about":[{"href":"https:\/\/bikibath.com\/fr\/wp-json\/wp\/v2\/types\/product"}],"replies":[{"embeddable":true,"href":"https:\/\/bikibath.com\/fr\/wp-json\/wp\/v2\/comments?post=3072"}],"wp:featuredmedia":[{"embeddable":true,"href":"https:\/\/bikibath.com\/fr\/wp-json\/wp\/v2\/media\/3077"}],"wp:attachment":[{"href":"https:\/\/bikibath.com\/fr\/wp-json\/wp\/v2\/media?parent=3072"}],"wp:term":[{"taxonomy":"product_brand","embeddable":true,"href":"https:\/\/bikibath.com\/fr\/wp-json\/wp\/v2\/product_brand?post=3072"},{"taxonomy":"product_cat","embeddable":true,"href":"https:\/\/bikibath.com\/fr\/wp-json\/wp\/v2\/product_cat?post=3072"},{"taxonomy":"product_tag","embeddable":true,"href":"https:\/\/bikibath.com\/fr\/wp-json\/wp\/v2\/product_tag?post=3072"}],"curies":[{"name":"wp","href":"https:\/\/api.w.org\/{rel}","templated":true}]}}