{"id":3046,"date":"2025-11-03T08:40:07","date_gmt":"2025-11-03T08:40:07","guid":{"rendered":"https:\/\/bikibath.com\/?post_type=product&#038;p=3046"},"modified":"2026-01-07T03:14:25","modified_gmt":"2026-01-07T03:14:25","slug":"biki-factory-floor-standing-floating-smart-toilet-ceramic-washdown","status":"publish","type":"product","link":"https:\/\/bikibath.com\/fr\/product\/biki-factory-floor-standing-floating-smart-toilet-ceramic-washdown\/","title":{"rendered":"BIKI Factory Toilettes sans r\u00e9servoir intelligentes, rondes et flottantes, pos\u00e9es au sol - lavages en c\u00e9ramique"},"content":{"rendered":"<div style=\"display: none;\">\n<h1 class=\"header-iWP5WJ auto-hide-last-sibling-br\">Toilette flottante intelligente BIKI (fournie par le fabricant) : Style \u00e9pur\u00e9 et performance intelligente<\/h1>\n<div class=\"auto-hide-last-sibling-br paragraph-pP9ZLC paragraph-element br-paragraph-space\">Vous recherchez une toilette intelligente en vente directe qui allie un design moderne \u00e0 une fonctionnalit\u00e9 fiable ? Les toilettes flottantes intelligentes BIKI sont \u00e0 la hauteur : elles combinent une esth\u00e9tique flottante \u00e9l\u00e9gante, des fonctions intelligentes de premier ordre et la qualit\u00e9 garantie par le fabricant pour une am\u00e9lioration de la salle de bains qui se d\u00e9marque.<\/div>\n<h2 class=\"header-iWP5WJ auto-hide-last-sibling-br\">Aspect flottant, pratique \u00e0 poser au sol<\/h2>\n<div class=\"auto-hide-last-sibling-br paragraph-pP9ZLC paragraph-element br-paragraph-space\">Ne faites pas de compromis sur le style ou l'aspect pratique. Ce mod\u00e8le BIKI est pos\u00e9 sur le sol pour une installation stable et sans probl\u00e8me (aucun support mural n'est n\u00e9cessaire), mais son design \u201cflottant\u201d cr\u00e9e une illusion d'espace. Sa base fine et son profil \u00e9pur\u00e9 lib\u00e8rent l'espace visuel, ce qui a pour effet d'a\u00e9rer les petites salles de bains tout en apportant une touche contemporaine aux d\u00e9cors modernes ou minimalistes. L'espace ouvert sous le sol simplifie \u00e9galement le nettoyage : balayez ou passez la serpilli\u00e8re avec facilit\u00e9, plus de poussi\u00e8re ou de salet\u00e9 pi\u00e9g\u00e9e autour d'une base encombrante.<\/div>\n<h2 class=\"header-iWP5WJ auto-hide-last-sibling-br\">Des performances intelligentes qui am\u00e9liorent l'utilisation quotidienne<\/h2>\n<div class=\"auto-hide-last-sibling-br paragraph-pP9ZLC paragraph-element br-paragraph-space\">Au-del\u00e0 de son apparence remarquable, ces toilettes flottantes intelligentes sont dot\u00e9es de fonctions intelligentes qui am\u00e9liorent le confort, l'hygi\u00e8ne et la commodit\u00e9 :<\/div>\n<ul class=\"auto-hide-last-sibling-br\">\n<li><strong>Rin\u00e7age automatique sans contact<\/strong>: Approchez votre main du capteur ou \u00e9loignez-vous pour que la chasse d'eau se d\u00e9clenche automatiquement - pas de contact avec la poign\u00e9e, juste une propret\u00e9 sans faille.<\/li>\n<li><strong>Si\u00e8ge chauffant r\u00e9glable<\/strong>: Choisissez parmi 3 niveaux de temp\u00e9rature (32-38\u00b0C) pour \u00e9viter les coups de froid, avec arr\u00eat automatique pour une meilleure efficacit\u00e9 \u00e9nerg\u00e9tique.<\/li>\n<li><strong>Chasse d'eau Whisper-Quiet Vortex<\/strong>: Fonctionne \u00e0 30-40 d\u00e9cibels, \u00e9liminant les d\u00e9chets en profondeur gr\u00e2ce \u00e0 la force centrifuge tout en restant ultra-silencieux - parfait pour les personnes ayant un sommeil l\u00e9ger ou les maisons partag\u00e9es.<\/li>\n<li><strong>Fonction bidet en douceur<\/strong>: Modes de lavage avant et arri\u00e8re avec pression et temp\u00e9rature de l'eau r\u00e9glables - plus doux que le papier toilette, plus hygi\u00e9nique et plus \u00e9cologique.<\/li>\n<li><strong>Bol autonettoyant<\/strong>: Un gla\u00e7age lisse et antibact\u00e9rien repousse la salet\u00e9 et les bact\u00e9ries, r\u00e9duisant ainsi le temps de r\u00e9curage et pr\u00e9servant la fra\u00eecheur.<\/li>\n<\/ul>\n<h2 class=\"header-iWP5WJ auto-hide-last-sibling-br\">Approvisionnement du fabricant : Qualit\u00e9 et valeur directement chez vous<\/h2>\n<div class=\"auto-hide-last-sibling-br paragraph-pP9ZLC paragraph-element br-paragraph-space\">Acheter directement aupr\u00e8s de l'usine BIKI, c'est s'assurer d'une qualit\u00e9 sans compromis \u00e0 un prix comp\u00e9titif. Chaque unit\u00e9 est soumise \u00e0 des tests rigoureux de durabilit\u00e9, de performance et de s\u00e9curit\u00e9, conform\u00e9ment aux normes internationales (certification CE\/CUPC). Pas d'interm\u00e9diaires, pas de frais cach\u00e9s - juste des toilettes flottantes intelligentes de haute qualit\u00e9 con\u00e7ues pour durer. Il est livr\u00e9 avec tout le mat\u00e9riel n\u00e9cessaire et un guide d'installation \u00e9tape par \u00e9tape, con\u00e7u pour s'adapter \u00e0 une plomberie standard pour une installation simple.<\/div>\n<h2 class=\"header-iWP5WJ auto-hide-last-sibling-br\">Pourquoi choisir la toilette flottante intelligente BIKI ?<\/h2>\n<div class=\"auto-hide-last-sibling-br paragraph-pP9ZLC paragraph-element br-paragraph-space\">C'est l'\u00e9quilibre parfait entre la forme et la fonction :<\/div>\n<ul class=\"auto-hide-last-sibling-br\">\n<li>Esth\u00e9tique flottante \u00e9l\u00e9gante qui rehausse le style de la salle de bains sans sacrifier la stabilit\u00e9.<\/li>\n<li>Conception au sol pour une installation facile (aucune modification structurelle n'est n\u00e9cessaire).<\/li>\n<li>Des caract\u00e9ristiques intelligentes qui donnent la priorit\u00e9 \u00e0 l'hygi\u00e8ne, au confort et \u00e0 la commodit\u00e9.<\/li>\n<li>L'approvisionnement par le fabricant garantit le contr\u00f4le de la qualit\u00e9 et la r\u00e9duction des co\u00fbts.<\/li>\n<li>Conception facile \u00e0 nettoyer et construction durable pour une utilisation \u00e0 long terme.<\/li>\n<\/ul>\n<h2 class=\"header-iWP5WJ auto-hide-last-sibling-br\">Pr\u00eat \u00e0 transformer votre salle de bains ?<\/h2>\n<div class=\"auto-hide-last-sibling-br paragraph-pP9ZLC paragraph-element br-paragraph-space\">Les toilettes flottantes intelligentes BIKI apportent \u00e0 votre espace une valeur d'usine, un style moderne et une performance intelligente. Dites adieu aux toilettes d\u00e9su\u00e8tes et encombrantes - adoptez une salle de bain plus propre, plus \u00e9l\u00e9gante et plus pratique.<\/div>\n<div class=\"auto-hide-last-sibling-br paragraph-pP9ZLC paragraph-element br-paragraph-space\">Commandez d\u00e8s aujourd'hui directement aupr\u00e8s du fabricant et profitez de l'alliance parfaite entre un design \u00e9pur\u00e9 et un mode de vie intelligent - votre salle de bains le m\u00e9rite !<\/div>\n<\/div>","protected":false},"excerpt":{"rendered":"<div class=\"pro_desc\">\n<table cellspacing=\"0\" cellpadding=\"0\">\n<tbody>\n<tr>\n<td>Num\u00e9ro de mod\u00e8le :<\/td>\n<td>E70<\/td>\n<\/tr>\n<tr>\n<td>Structure<\/td>\n<td>Au sol<\/td>\n<\/tr>\n<tr>\n<td>Taille\uff1a<\/td>\n<td>700*460*390mm<\/td>\n<\/tr>\n<tr>\n<td>Syst\u00e8me de rin\u00e7age\uff1a<\/td>\n<td>Jet siphonique<\/td>\n<\/tr>\n<tr>\n<td>M\u00e9thode de chauffage\uff1a<\/td>\n<td>Chauffage instantan\u00e9<\/td>\n<\/tr>\n<tr>\n<td>MOQ\uff1a<\/td>\n<td>1 ensembles<\/td>\n<\/tr>\n<tr>\n<td>D\u00e9lai de livraison\uff1a<\/td>\n<td>7-15 jours<\/td>\n<\/tr>\n<\/tbody>\n<\/table>\n<\/div>","protected":false},"featured_media":3048,"comment_status":"open","ping_status":"closed","template":"","meta":{"_acf_changed":false},"product_brand":[],"product_cat":[28],"product_tag":[],"class_list":{"0":"post-3046","1":"product","2":"type-product","3":"status-publish","4":"has-post-thumbnail","6":"product_cat-smart-toilet","8":"first","9":"instock","10":"shipping-taxable","11":"product-type-simple"},"acf":[],"yoast_head":"<!-- This site is optimized with the Yoast SEO Premium plugin v23.6 (Yoast SEO v26.3) - https:\/\/yoast.com\/wordpress\/plugins\/seo\/ -->\n<title>BIKI Factory Floor-Standing Floating Smart Toilet - BIKI Smart Toilet<\/title>\n<meta name=\"description\" content=\"BIKI Floor-Standing Floating Smart Toilet (Manufacturer Supply): sleek floating look, intelligent performance.Floating Smart Toilet.\" \/>\n<meta name=\"robots\" content=\"index, follow, max-snippet:-1, max-image-preview:large, max-video-preview:-1\" \/>\n<link rel=\"canonical\" href=\"https:\/\/bikibath.com\/fr\/product\/biki-factory-floor-standing-floating-smart-toilet-ceramic-washdown\/\" \/>\n<meta property=\"og:locale\" content=\"fr_FR\" \/>\n<meta property=\"og:type\" content=\"article\" \/>\n<meta property=\"og:title\" content=\"BIKI Factory Floor-Standing Floating Round Smart Tankless Toilet - Ceramic Washdown\" \/>\n<meta property=\"og:description\" content=\"BIKI Floor-Standing Floating Smart Toilet (Manufacturer Supply): sleek floating look, intelligent performance.Floating Smart Toilet.\" \/>\n<meta property=\"og:url\" content=\"https:\/\/bikibath.com\/fr\/product\/biki-factory-floor-standing-floating-smart-toilet-ceramic-washdown\/\" \/>\n<meta property=\"og:site_name\" content=\"BIKI Smart Toilet\" \/>\n<meta property=\"article:modified_time\" content=\"2026-01-07T03:14:25+00:00\" \/>\n<meta property=\"og:image\" content=\"https:\/\/bikibath.com\/wp-content\/uploads\/2025\/11\/1-5.png\" \/>\n\t<meta property=\"og:image:width\" content=\"1000\" \/>\n\t<meta property=\"og:image:height\" content=\"1000\" \/>\n\t<meta property=\"og:image:type\" content=\"image\/png\" \/>\n<meta name=\"twitter:card\" content=\"summary_large_image\" \/>\n<meta name=\"twitter:label1\" content=\"Dur\u00e9e de lecture estim\u00e9e\" \/>\n\t<meta name=\"twitter:data1\" content=\"3 minutes\" \/>\n<script type=\"application\/ld+json\" class=\"yoast-schema-graph\">{\"@context\":\"https:\/\/schema.org\",\"@graph\":[{\"@type\":\"WebPage\",\"@id\":\"https:\/\/bikibath.com\/product\/biki-factory-floor-standing-floating-smart-toilet-ceramic-washdown\/\",\"url\":\"https:\/\/bikibath.com\/product\/biki-factory-floor-standing-floating-smart-toilet-ceramic-washdown\/\",\"name\":\"BIKI Factory Floor-Standing Floating Smart Toilet - BIKI Smart Toilet\",\"isPartOf\":{\"@id\":\"https:\/\/bikibath.com\/#website\"},\"primaryImageOfPage\":{\"@id\":\"https:\/\/bikibath.com\/product\/biki-factory-floor-standing-floating-smart-toilet-ceramic-washdown\/#primaryimage\"},\"image\":{\"@id\":\"https:\/\/bikibath.com\/product\/biki-factory-floor-standing-floating-smart-toilet-ceramic-washdown\/#primaryimage\"},\"thumbnailUrl\":\"https:\/\/bikibath.com\/wp-content\/uploads\/2025\/11\/1-5.png\",\"datePublished\":\"2025-11-03T08:40:07+00:00\",\"dateModified\":\"2026-01-07T03:14:25+00:00\",\"description\":\"BIKI Floor-Standing Floating Smart Toilet (Manufacturer Supply): sleek floating look, intelligent performance.Floating Smart Toilet.\",\"breadcrumb\":{\"@id\":\"https:\/\/bikibath.com\/product\/biki-factory-floor-standing-floating-smart-toilet-ceramic-washdown\/#breadcrumb\"},\"inLanguage\":\"fr-FR\",\"potentialAction\":[{\"@type\":\"ReadAction\",\"target\":[\"https:\/\/bikibath.com\/product\/biki-factory-floor-standing-floating-smart-toilet-ceramic-washdown\/\"]}]},{\"@type\":\"ImageObject\",\"inLanguage\":\"fr-FR\",\"@id\":\"https:\/\/bikibath.com\/product\/biki-factory-floor-standing-floating-smart-toilet-ceramic-washdown\/#primaryimage\",\"url\":\"https:\/\/bikibath.com\/wp-content\/uploads\/2025\/11\/1-5.png\",\"contentUrl\":\"https:\/\/bikibath.com\/wp-content\/uploads\/2025\/11\/1-5.png\",\"width\":1000,\"height\":1000},{\"@type\":\"BreadcrumbList\",\"@id\":\"https:\/\/bikibath.com\/product\/biki-factory-floor-standing-floating-smart-toilet-ceramic-washdown\/#breadcrumb\",\"itemListElement\":[{\"@type\":\"ListItem\",\"position\":1,\"name\":\"Home\",\"item\":\"https:\/\/bikibath.com\/\"},{\"@type\":\"ListItem\",\"position\":2,\"name\":\"Product\",\"item\":\"https:\/\/bikibath.com\/product\/\"},{\"@type\":\"ListItem\",\"position\":3,\"name\":\"BIKI Factory Floor-Standing Floating Round Smart Tankless Toilet &#8211; Ceramic Washdown\"}]},{\"@type\":\"WebSite\",\"@id\":\"https:\/\/bikibath.com\/#website\",\"url\":\"https:\/\/bikibath.com\/\",\"name\":\"BIKI Smart Toilet\",\"description\":\"Elevate Every Daily Comfort\",\"publisher\":{\"@id\":\"https:\/\/bikibath.com\/#organization\"},\"potentialAction\":[{\"@type\":\"SearchAction\",\"target\":{\"@type\":\"EntryPoint\",\"urlTemplate\":\"https:\/\/bikibath.com\/?s={search_term_string}\"},\"query-input\":{\"@type\":\"PropertyValueSpecification\",\"valueRequired\":true,\"valueName\":\"search_term_string\"}}],\"inLanguage\":\"fr-FR\"},{\"@type\":\"Organization\",\"@id\":\"https:\/\/bikibath.com\/#organization\",\"name\":\"BIKI Smart Toilet\",\"url\":\"https:\/\/bikibath.com\/\",\"logo\":{\"@type\":\"ImageObject\",\"inLanguage\":\"fr-FR\",\"@id\":\"https:\/\/bikibath.com\/#\/schema\/logo\/image\/\",\"url\":\"https:\/\/bikibath.com\/wp-content\/uploads\/2025\/10\/biki.png\",\"contentUrl\":\"https:\/\/bikibath.com\/wp-content\/uploads\/2025\/10\/biki.png\",\"width\":500,\"height\":162,\"caption\":\"BIKI Smart Toilet\"},\"image\":{\"@id\":\"https:\/\/bikibath.com\/#\/schema\/logo\/image\/\"}}]}<\/script>\n<!-- \/ Yoast SEO Premium plugin. -->","yoast_head_json":{"title":"Toilette intelligente flottante au sol BIKI Factory - BIKI Smart Toilet","description":"Toilette flottante intelligente BIKI (fournie par le fabricant) : look \u00e9l\u00e9gant et flottant, performance intelligente.Toilette flottante intelligente.","robots":{"index":"index","follow":"follow","max-snippet":"max-snippet:-1","max-image-preview":"max-image-preview:large","max-video-preview":"max-video-preview:-1"},"canonical":"https:\/\/bikibath.com\/fr\/product\/biki-factory-floor-standing-floating-smart-toilet-ceramic-washdown\/","og_locale":"fr_FR","og_type":"article","og_title":"BIKI Factory Floor-Standing Floating Round Smart Tankless Toilet - Ceramic Washdown","og_description":"BIKI Floor-Standing Floating Smart Toilet (Manufacturer Supply): sleek floating look, intelligent performance.Floating Smart Toilet.","og_url":"https:\/\/bikibath.com\/fr\/product\/biki-factory-floor-standing-floating-smart-toilet-ceramic-washdown\/","og_site_name":"BIKI Smart Toilet","article_modified_time":"2026-01-07T03:14:25+00:00","og_image":[{"width":1000,"height":1000,"url":"https:\/\/bikibath.com\/wp-content\/uploads\/2025\/11\/1-5.png","type":"image\/png"}],"twitter_card":"summary_large_image","twitter_misc":{"Dur\u00e9e de lecture estim\u00e9e":"3 minutes"},"schema":{"@context":"https:\/\/schema.org","@graph":[{"@type":"WebPage","@id":"https:\/\/bikibath.com\/product\/biki-factory-floor-standing-floating-smart-toilet-ceramic-washdown\/","url":"https:\/\/bikibath.com\/product\/biki-factory-floor-standing-floating-smart-toilet-ceramic-washdown\/","name":"Toilette intelligente flottante au sol BIKI Factory - BIKI Smart Toilet","isPartOf":{"@id":"https:\/\/bikibath.com\/#website"},"primaryImageOfPage":{"@id":"https:\/\/bikibath.com\/product\/biki-factory-floor-standing-floating-smart-toilet-ceramic-washdown\/#primaryimage"},"image":{"@id":"https:\/\/bikibath.com\/product\/biki-factory-floor-standing-floating-smart-toilet-ceramic-washdown\/#primaryimage"},"thumbnailUrl":"https:\/\/bikibath.com\/wp-content\/uploads\/2025\/11\/1-5.png","datePublished":"2025-11-03T08:40:07+00:00","dateModified":"2026-01-07T03:14:25+00:00","description":"Toilette flottante intelligente BIKI (fournie par le fabricant) : look \u00e9l\u00e9gant et flottant, performance intelligente.Toilette flottante intelligente.","breadcrumb":{"@id":"https:\/\/bikibath.com\/product\/biki-factory-floor-standing-floating-smart-toilet-ceramic-washdown\/#breadcrumb"},"inLanguage":"fr-FR","potentialAction":[{"@type":"ReadAction","target":["https:\/\/bikibath.com\/product\/biki-factory-floor-standing-floating-smart-toilet-ceramic-washdown\/"]}]},{"@type":"ImageObject","inLanguage":"fr-FR","@id":"https:\/\/bikibath.com\/product\/biki-factory-floor-standing-floating-smart-toilet-ceramic-washdown\/#primaryimage","url":"https:\/\/bikibath.com\/wp-content\/uploads\/2025\/11\/1-5.png","contentUrl":"https:\/\/bikibath.com\/wp-content\/uploads\/2025\/11\/1-5.png","width":1000,"height":1000},{"@type":"BreadcrumbList","@id":"https:\/\/bikibath.com\/product\/biki-factory-floor-standing-floating-smart-toilet-ceramic-washdown\/#breadcrumb","itemListElement":[{"@type":"ListItem","position":1,"name":"Home","item":"https:\/\/bikibath.com\/"},{"@type":"ListItem","position":2,"name":"Product","item":"https:\/\/bikibath.com\/product\/"},{"@type":"ListItem","position":3,"name":"BIKI Factory Floor-Standing Floating Round Smart Tankless Toilet &#8211; Ceramic Washdown"}]},{"@type":"WebSite","@id":"https:\/\/bikibath.com\/#website","url":"https:\/\/bikibath.com\/","name":"Toilette intelligente BIKI","description":"Am\u00e9liorez votre confort quotidien","publisher":{"@id":"https:\/\/bikibath.com\/#organization"},"potentialAction":[{"@type":"SearchAction","target":{"@type":"EntryPoint","urlTemplate":"https:\/\/bikibath.com\/?s={search_term_string}"},"query-input":{"@type":"PropertyValueSpecification","valueRequired":true,"valueName":"search_term_string"}}],"inLanguage":"fr-FR"},{"@type":"Organization","@id":"https:\/\/bikibath.com\/#organization","name":"Toilette intelligente BIKI","url":"https:\/\/bikibath.com\/","logo":{"@type":"ImageObject","inLanguage":"fr-FR","@id":"https:\/\/bikibath.com\/#\/schema\/logo\/image\/","url":"https:\/\/bikibath.com\/wp-content\/uploads\/2025\/10\/biki.png","contentUrl":"https:\/\/bikibath.com\/wp-content\/uploads\/2025\/10\/biki.png","width":500,"height":162,"caption":"BIKI Smart Toilet"},"image":{"@id":"https:\/\/bikibath.com\/#\/schema\/logo\/image\/"}}]}},"_links":{"self":[{"href":"https:\/\/bikibath.com\/fr\/wp-json\/wp\/v2\/product\/3046","targetHints":{"allow":["GET"]}}],"collection":[{"href":"https:\/\/bikibath.com\/fr\/wp-json\/wp\/v2\/product"}],"about":[{"href":"https:\/\/bikibath.com\/fr\/wp-json\/wp\/v2\/types\/product"}],"replies":[{"embeddable":true,"href":"https:\/\/bikibath.com\/fr\/wp-json\/wp\/v2\/comments?post=3046"}],"wp:featuredmedia":[{"embeddable":true,"href":"https:\/\/bikibath.com\/fr\/wp-json\/wp\/v2\/media\/3048"}],"wp:attachment":[{"href":"https:\/\/bikibath.com\/fr\/wp-json\/wp\/v2\/media?parent=3046"}],"wp:term":[{"taxonomy":"product_brand","embeddable":true,"href":"https:\/\/bikibath.com\/fr\/wp-json\/wp\/v2\/product_brand?post=3046"},{"taxonomy":"product_cat","embeddable":true,"href":"https:\/\/bikibath.com\/fr\/wp-json\/wp\/v2\/product_cat?post=3046"},{"taxonomy":"product_tag","embeddable":true,"href":"https:\/\/bikibath.com\/fr\/wp-json\/wp\/v2\/product_tag?post=3046"}],"curies":[{"name":"wp","href":"https:\/\/api.w.org\/{rel}","templated":true}]}}