{"id":2956,"date":"2025-11-01T07:38:01","date_gmt":"2025-11-01T07:38:01","guid":{"rendered":"https:\/\/bikibath.com\/?post_type=product&#038;p=2956"},"modified":"2025-12-03T03:42:47","modified_gmt":"2025-12-03T03:42:47","slug":"toilettes-intelligentes-haut-de-gamme-pour-appartement-certifications-de-securite-europeennes-et-americaines-cupc-ce-economie-denergie-economie-deau","status":"publish","type":"product","link":"https:\/\/bikibath.com\/fr\/product\/toilettes-intelligentes-haut-de-gamme-pour-appartement-certifications-de-securite-europeennes-et-americaines-cupc-ce-economie-denergie-economie-deau\/","title":{"rendered":"Un appartement haut de gamme adapt\u00e9 : Toilettes intelligentes \u00e0 fixation murale, certifications de s\u00e9curit\u00e9 europ\u00e9enne et am\u00e9ricaine (CUPC\/CE), \u00e9conomie d'\u00e9nergie et d'eau"},"content":{"rendered":"<p><img decoding=\"async\" class=\"size-full wp-image-2250 aligncenter\" src=\"https:\/\/bikibath.com\/wp-content\/uploads\/2025\/11\/7.png\" alt=\"particularit\u00e9s\" width=\"1300\" data-wp-editing=\"1\" \/><\/p>\n<div style=\"display:none\">\n<h1 class=\"header-iWP5WJ auto-hide-last-sibling-br\">Toilettes intelligentes pour les salles de bains europ\u00e9ennes : Conception murale avec chasse d'eau silencieuse, si\u00e8ge chauffant et installation facile<\/h1>\n<div class=\"auto-hide-last-sibling-br paragraph-pP9ZLC paragraph-element br-paragraph-space\">Vous souhaitez am\u00e9liorer votre salle de bains europ\u00e9enne en lui apportant s\u00e9curit\u00e9, style et commodit\u00e9 ? Ces toilettes murales intelligentes sont con\u00e7ues pour les espaces europ\u00e9ens. Elles sont dot\u00e9es d'une chasse d'eau silencieuse, d'un si\u00e8ge chauffant et d'une installation facile, ainsi que de certifications de s\u00e9curit\u00e9 europ\u00e9ennes et am\u00e9ricaines pour une totale tranquillit\u00e9 d'esprit.<\/div>\n<h2 class=\"header-iWP5WJ auto-hide-last-sibling-br\">Montage mural : Parfait pour les espaces europ\u00e9ens compacts<\/h2>\n<div class=\"auto-hide-last-sibling-br paragraph-pP9ZLC paragraph-element br-paragraph-space\">Les salles de bains europ\u00e9ennes privil\u00e9gient souvent l'efficacit\u00e9 de l'espace, et ce mod\u00e8le mural r\u00e9pond \u00e0 cette attente. Il flotte au-dessus du sol, lib\u00e9rant ainsi une surface pr\u00e9cieuse et cr\u00e9ant un look \u00e9pur\u00e9. L'espace ouvert au sol facilite le nettoyage (plus besoin de frotter autour d'une base encombrante) et ajoute une touche moderne et a\u00e9r\u00e9e aux petits appartements, aux salles de bains attenantes ou aux salles de bains de boutiques. Il s'adapte aux syst\u00e8mes de fixation murale europ\u00e9ens standard, de sorte qu'aucune modification structurelle majeure n'est n\u00e9cessaire - il s'agit simplement d'une adaptation parfaite \u00e0 votre am\u00e9nagement existant.<\/div>\n<h2 class=\"header-iWP5WJ auto-hide-last-sibling-br\">La chasse d'eau silencieuse : La paix dans les maisons partag\u00e9es et les petites maisons<\/h2>\n<div class=\"auto-hide-last-sibling-br paragraph-pP9ZLC paragraph-element br-paragraph-space\">Le bruit se propage rapidement dans les appartements europ\u00e9ens et les espaces de vie partag\u00e9s. La chasse d'eau silencieuse de ces toilettes intelligentes (30-40 d\u00e9cibels) pr\u00e9serve la tranquillit\u00e9 de votre salle de bains sans sacrifier les performances. Aliment\u00e9e par un syst\u00e8me de spirale vortex, elle \u00e9vacue les d\u00e9chets en profondeur avec un minimum de turbulences de l'eau - pas de gargouillis ni d'\u00e9chos susceptibles de perturber les petits matins, les soir\u00e9es calmes ou les personnes ayant le sommeil l\u00e9ger. Elle n'utilise que 1,28 GPF (4,8 litres) par chasse d'eau, ce qui permet d'\u00e9conomiser de l'eau tout en m\u00e9nageant les oreilles.<\/div>\n<h2 class=\"header-iWP5WJ auto-hide-last-sibling-br\">Si\u00e8ge chauffant : le confort des climats europ\u00e9ens frais<\/h2>\n<div class=\"auto-hide-last-sibling-br paragraph-pP9ZLC paragraph-element br-paragraph-space\">Les matins froids et les hivers rigoureux requi\u00e8rent un confort suppl\u00e9mentaire - et un si\u00e8ge de toilettes froid g\u00e2che tout. Ces toilettes intelligentes sont \u00e9quip\u00e9es d'un si\u00e8ge chauffant r\u00e9glable avec 3 niveaux de temp\u00e9rature (32-38\u00b0C). Pas de pr\u00e9chauffage, pas d'attente - juste une chaleur instantan\u00e9e quand vous en avez besoin. La conception \u00e9conome en \u00e9nergie s'arr\u00eate automatiquement en cas d'inactivit\u00e9, ce qui permet de r\u00e9duire les factures d'\u00e9lectricit\u00e9 tout en vous gardant au chaud. C'est un petit luxe qui rend les routines quotidiennes plus agr\u00e9ables, parfait pour les familles, les personnes \u00e2g\u00e9es ou tous ceux qui d\u00e9testent les surfaces froides.<\/div>\n<h2 class=\"header-iWP5WJ auto-hide-last-sibling-br\">Installation facile : Un bricolage facile pour les maisons europ\u00e9ennes<\/h2>\n<div class=\"auto-hide-last-sibling-br paragraph-pP9ZLC paragraph-element br-paragraph-space\">Les propri\u00e9taires europ\u00e9ens appr\u00e9cient les mises \u00e0 niveau sans souci, et ces toilettes murales intelligentes r\u00e9pondent \u00e0 leurs attentes. Il est livr\u00e9 avec des raccords universels qui s'alignent sur la plomberie europ\u00e9enne standard (tuyaux d'entr\u00e9e G1\/G1,25) et un guide \u00e9tape par \u00e9tape. La plupart des installations prennent moins d'une heure : montez le support, fixez les toilettes et raccordez la plomberie. Aucun outil sp\u00e9cial ni aucune comp\u00e9tence professionnelle n'est n\u00e9cessaire : \u00e9vitez les frais de plombier et profitez de vos nouvelles toilettes intelligentes en un rien de temps.<\/div>\n<h2 class=\"header-iWP5WJ auto-hide-last-sibling-br\">Certifications de s\u00e9curit\u00e9 europ\u00e9enne et am\u00e9ricaine : Une confiance sur laquelle vous pouvez compter<\/h2>\n<div class=\"auto-hide-last-sibling-br paragraph-pP9ZLC paragraph-element br-paragraph-space\">La s\u00e9curit\u00e9 n'est pas n\u00e9gociable, et ces toilettes intelligentes b\u00e9n\u00e9ficient d'une double certification europ\u00e9enne et am\u00e9ricaine. Elles r\u00e9pondent aux normes europ\u00e9ennes strictes en mati\u00e8re de s\u00e9curit\u00e9, de sant\u00e9 et d'environnement, ainsi qu'aux normes am\u00e9ricaines en mati\u00e8re de plomberie et d'\u00e9lectricit\u00e9. Chaque composant, du syst\u00e8me de chauffage au m\u00e9canisme de la chasse d'eau, est rigoureusement test\u00e9 en termes de durabilit\u00e9 et de conformit\u00e9. Utilisez-le en toute confiance, en sachant qu'il est con\u00e7u pour prot\u00e9ger votre famille et r\u00e9sister \u00e0 l'\u00e9preuve du temps.<\/div>\n<h2 class=\"header-iWP5WJ auto-hide-last-sibling-br\">Pourquoi il convient parfaitement aux salles de bains europ\u00e9ennes<\/h2>\n<div class=\"auto-hide-last-sibling-br paragraph-pP9ZLC paragraph-element br-paragraph-space\">Ces toilettes murales intelligentes ne sont pas un simple accessoire, mais une solution adapt\u00e9e aux modes de vie europ\u00e9ens :<\/div>\n<ul class=\"auto-hide-last-sibling-br\">\n<li>Conception peu encombrante pour les salles de bains compactes.<\/li>\n<li>La chasse d'eau est silencieuse pour la vie en commun et les personnes ayant un sommeil l\u00e9ger.<\/li>\n<li>Si\u00e8ge chauffant pour les climats froids.<\/li>\n<li>Installation facile pour des mises \u00e0 niveau faciles \u00e0 r\u00e9aliser.<\/li>\n<li>Double certification de s\u00e9curit\u00e9 pour une totale tranquillit\u00e9 d'esprit.<\/li>\n<li>Un look \u00e9pur\u00e9 et moderne qui s'int\u00e8gre \u00e0 tous les d\u00e9cors.<\/li>\n<\/ul>\n<h2 class=\"header-iWP5WJ auto-hide-last-sibling-br\">Pr\u00eat \u00e0 rehausser votre salle de bains europ\u00e9enne ?<\/h2>\n<div class=\"auto-hide-last-sibling-br paragraph-pP9ZLC paragraph-element br-paragraph-space\">Dites adieu aux toilettes encombrantes, bruyantes et obsol\u00e8tes. Ces toilettes murales intelligentes allient s\u00e9curit\u00e9, confort et commodit\u00e9, le tout con\u00e7u pour les espaces europ\u00e9ens. Avec une chasse d'eau silencieuse, un si\u00e8ge chauffant, une installation facile et des certifications fiables, il s'agit de l'am\u00e9lioration ultime pour une exp\u00e9rience de salle de bains plus intelligente et plus agr\u00e9able.<\/div>\n<div class=\"auto-hide-last-sibling-br paragraph-pP9ZLC paragraph-element br-paragraph-space\">Passez \u00e0 la vitesse sup\u00e9rieure d\u00e8s aujourd'hui et transformez votre routine quotidienne - votre espace, votre confort et votre tranquillit\u00e9 d'esprit le m\u00e9ritent !<\/div>\n<\/div>","protected":false},"excerpt":{"rendered":"<div class=\"pro_desc\">\n<table cellspacing=\"0\" cellpadding=\"0\">\n<tbody>\n<tr>\n<td>Num\u00e9ro de mod\u00e8le :<\/td>\n<td>E50<\/td>\n<\/tr>\n<tr>\n<td>Structure<\/td>\n<td>Petit cadre en fer<\/td>\n<\/tr>\n<tr>\n<td>Taille\uff1a<\/td>\n<td>590*380*370mm<\/td>\n<\/tr>\n<tr>\n<td>Syst\u00e8me de rin\u00e7age\uff1a<\/td>\n<td>lavage<\/td>\n<\/tr>\n<tr>\n<td>M\u00e9thode de chauffage\uff1a<\/td>\n<td>Chauffage instantan\u00e9<\/td>\n<\/tr>\n<tr>\n<td>MOQ\uff1a<\/td>\n<td>1 ensembles<\/td>\n<\/tr>\n<tr>\n<td>D\u00e9lai de livraison\uff1a<\/td>\n<td>7-15 jours<\/td>\n<\/tr>\n<\/tbody>\n<\/table>\n<\/div>","protected":false},"featured_media":2957,"comment_status":"open","ping_status":"closed","template":"","meta":{"_acf_changed":false},"product_brand":[],"product_cat":[28],"product_tag":[],"class_list":{"0":"post-2956","1":"product","2":"type-product","3":"status-publish","4":"has-post-thumbnail","6":"product_cat-smart-toilet","8":"first","9":"instock","10":"shipping-taxable","11":"product-type-simple"},"acf":[],"yoast_head":"<!-- This site is optimized with the Yoast SEO Premium plugin v23.6 (Yoast SEO v26.3) - https:\/\/yoast.com\/wordpress\/plugins\/seo\/ -->\n<title>Wall-Mounted Smart Toilet, European - BIKI Smart Toilet<\/title>\n<meta name=\"description\" content=\"Smart Toilets for European Bathrooms: Quiet Flush, Heated Seat &amp; Easy Installation.Wall-Mounted Smart Toilet.European &amp; American Safety Certifications\" \/>\n<meta name=\"robots\" content=\"index, follow, max-snippet:-1, max-image-preview:large, max-video-preview:-1\" \/>\n<link rel=\"canonical\" href=\"https:\/\/bikibath.com\/fr\/product\/toilettes-intelligentes-haut-de-gamme-pour-appartement-certifications-de-securite-europeennes-et-americaines-cupc-ce-economie-denergie-economie-deau\/\" \/>\n<meta property=\"og:locale\" content=\"fr_FR\" \/>\n<meta property=\"og:type\" content=\"article\" \/>\n<meta property=\"og:title\" content=\"High-End Apartment Fit: Wall-Mounted Smart Toilet, European &amp; American Safety Certifications (CUPC\/CE), Energy-Saving &amp; Water-Efficient\" \/>\n<meta property=\"og:description\" content=\"Smart Toilets for European Bathrooms: Quiet Flush, Heated Seat &amp; Easy Installation.Wall-Mounted Smart Toilet.European &amp; American Safety Certifications\" \/>\n<meta property=\"og:url\" content=\"https:\/\/bikibath.com\/fr\/product\/toilettes-intelligentes-haut-de-gamme-pour-appartement-certifications-de-securite-europeennes-et-americaines-cupc-ce-economie-denergie-economie-deau\/\" \/>\n<meta property=\"og:site_name\" content=\"BIKI Smart Toilet\" \/>\n<meta property=\"article:modified_time\" content=\"2025-12-03T03:42:47+00:00\" \/>\n<meta property=\"og:image\" content=\"https:\/\/bikibath.com\/wp-content\/uploads\/2025\/11\/1-1-1.png\" \/>\n\t<meta property=\"og:image:width\" content=\"1000\" \/>\n\t<meta property=\"og:image:height\" content=\"1000\" \/>\n\t<meta property=\"og:image:type\" content=\"image\/png\" \/>\n<meta name=\"twitter:card\" content=\"summary_large_image\" \/>\n<meta name=\"twitter:label1\" content=\"Dur\u00e9e de lecture estim\u00e9e\" \/>\n\t<meta name=\"twitter:data1\" content=\"4 minutes\" \/>\n<script type=\"application\/ld+json\" class=\"yoast-schema-graph\">{\"@context\":\"https:\/\/schema.org\",\"@graph\":[{\"@type\":\"WebPage\",\"@id\":\"https:\/\/bikibath.com\/product\/high-end-apartment-fit-wall-mounted-smart-toilet-european-american-safety-certifications-cupc-ce-energy-saving-water-efficient\/\",\"url\":\"https:\/\/bikibath.com\/product\/high-end-apartment-fit-wall-mounted-smart-toilet-european-american-safety-certifications-cupc-ce-energy-saving-water-efficient\/\",\"name\":\"Wall-Mounted Smart Toilet, European - BIKI Smart Toilet\",\"isPartOf\":{\"@id\":\"https:\/\/bikibath.com\/#website\"},\"primaryImageOfPage\":{\"@id\":\"https:\/\/bikibath.com\/product\/high-end-apartment-fit-wall-mounted-smart-toilet-european-american-safety-certifications-cupc-ce-energy-saving-water-efficient\/#primaryimage\"},\"image\":{\"@id\":\"https:\/\/bikibath.com\/product\/high-end-apartment-fit-wall-mounted-smart-toilet-european-american-safety-certifications-cupc-ce-energy-saving-water-efficient\/#primaryimage\"},\"thumbnailUrl\":\"https:\/\/bikibath.com\/wp-content\/uploads\/2025\/11\/1-1-1.png\",\"datePublished\":\"2025-11-01T07:38:01+00:00\",\"dateModified\":\"2025-12-03T03:42:47+00:00\",\"description\":\"Smart Toilets for European Bathrooms: Quiet Flush, Heated Seat & Easy Installation.Wall-Mounted Smart Toilet.European & American Safety Certifications\",\"breadcrumb\":{\"@id\":\"https:\/\/bikibath.com\/product\/high-end-apartment-fit-wall-mounted-smart-toilet-european-american-safety-certifications-cupc-ce-energy-saving-water-efficient\/#breadcrumb\"},\"inLanguage\":\"fr-FR\",\"potentialAction\":[{\"@type\":\"ReadAction\",\"target\":[\"https:\/\/bikibath.com\/product\/high-end-apartment-fit-wall-mounted-smart-toilet-european-american-safety-certifications-cupc-ce-energy-saving-water-efficient\/\"]}]},{\"@type\":\"ImageObject\",\"inLanguage\":\"fr-FR\",\"@id\":\"https:\/\/bikibath.com\/product\/high-end-apartment-fit-wall-mounted-smart-toilet-european-american-safety-certifications-cupc-ce-energy-saving-water-efficient\/#primaryimage\",\"url\":\"https:\/\/bikibath.com\/wp-content\/uploads\/2025\/11\/1-1-1.png\",\"contentUrl\":\"https:\/\/bikibath.com\/wp-content\/uploads\/2025\/11\/1-1-1.png\",\"width\":1000,\"height\":1000},{\"@type\":\"BreadcrumbList\",\"@id\":\"https:\/\/bikibath.com\/product\/high-end-apartment-fit-wall-mounted-smart-toilet-european-american-safety-certifications-cupc-ce-energy-saving-water-efficient\/#breadcrumb\",\"itemListElement\":[{\"@type\":\"ListItem\",\"position\":1,\"name\":\"Home\",\"item\":\"https:\/\/bikibath.com\/\"},{\"@type\":\"ListItem\",\"position\":2,\"name\":\"Product\",\"item\":\"https:\/\/bikibath.com\/product\/\"},{\"@type\":\"ListItem\",\"position\":3,\"name\":\"High-End Apartment Fit: Wall-Mounted Smart Toilet, European &#038; American Safety Certifications (CUPC\/CE), Energy-Saving &#038; Water-Efficient\"}]},{\"@type\":\"WebSite\",\"@id\":\"https:\/\/bikibath.com\/#website\",\"url\":\"https:\/\/bikibath.com\/\",\"name\":\"BIKI Smart Toilet\",\"description\":\"Elevate Every Daily Comfort\",\"publisher\":{\"@id\":\"https:\/\/bikibath.com\/#organization\"},\"potentialAction\":[{\"@type\":\"SearchAction\",\"target\":{\"@type\":\"EntryPoint\",\"urlTemplate\":\"https:\/\/bikibath.com\/?s={search_term_string}\"},\"query-input\":{\"@type\":\"PropertyValueSpecification\",\"valueRequired\":true,\"valueName\":\"search_term_string\"}}],\"inLanguage\":\"fr-FR\"},{\"@type\":\"Organization\",\"@id\":\"https:\/\/bikibath.com\/#organization\",\"name\":\"BIKI Smart Toilet\",\"url\":\"https:\/\/bikibath.com\/\",\"logo\":{\"@type\":\"ImageObject\",\"inLanguage\":\"fr-FR\",\"@id\":\"https:\/\/bikibath.com\/#\/schema\/logo\/image\/\",\"url\":\"https:\/\/bikibath.com\/wp-content\/uploads\/2025\/10\/biki.png\",\"contentUrl\":\"https:\/\/bikibath.com\/wp-content\/uploads\/2025\/10\/biki.png\",\"width\":500,\"height\":162,\"caption\":\"BIKI Smart Toilet\"},\"image\":{\"@id\":\"https:\/\/bikibath.com\/#\/schema\/logo\/image\/\"}}]}<\/script>\n<!-- \/ Yoast SEO Premium plugin. -->","yoast_head_json":{"title":"Toilette intelligente murale, europ\u00e9enne - BIKI Smart Toilet","description":"Toilettes intelligentes pour les salles de bains europ\u00e9ennes : Chasse d'eau silencieuse, si\u00e8ge chauffant et installation facile Toilettes intelligentes \u00e0 montage mural Certifications de s\u00e9curit\u00e9 europ\u00e9enne et am\u00e9ricaine","robots":{"index":"index","follow":"follow","max-snippet":"max-snippet:-1","max-image-preview":"max-image-preview:large","max-video-preview":"max-video-preview:-1"},"canonical":"https:\/\/bikibath.com\/fr\/product\/toilettes-intelligentes-haut-de-gamme-pour-appartement-certifications-de-securite-europeennes-et-americaines-cupc-ce-economie-denergie-economie-deau\/","og_locale":"fr_FR","og_type":"article","og_title":"High-End Apartment Fit: Wall-Mounted Smart Toilet, European & American Safety Certifications (CUPC\/CE), Energy-Saving & Water-Efficient","og_description":"Smart Toilets for European Bathrooms: Quiet Flush, Heated Seat & Easy Installation.Wall-Mounted Smart Toilet.European & American Safety Certifications","og_url":"https:\/\/bikibath.com\/fr\/product\/toilettes-intelligentes-haut-de-gamme-pour-appartement-certifications-de-securite-europeennes-et-americaines-cupc-ce-economie-denergie-economie-deau\/","og_site_name":"BIKI Smart Toilet","article_modified_time":"2025-12-03T03:42:47+00:00","og_image":[{"width":1000,"height":1000,"url":"https:\/\/bikibath.com\/wp-content\/uploads\/2025\/11\/1-1-1.png","type":"image\/png"}],"twitter_card":"summary_large_image","twitter_misc":{"Dur\u00e9e de lecture estim\u00e9e":"4 minutes"},"schema":{"@context":"https:\/\/schema.org","@graph":[{"@type":"WebPage","@id":"https:\/\/bikibath.com\/product\/high-end-apartment-fit-wall-mounted-smart-toilet-european-american-safety-certifications-cupc-ce-energy-saving-water-efficient\/","url":"https:\/\/bikibath.com\/product\/high-end-apartment-fit-wall-mounted-smart-toilet-european-american-safety-certifications-cupc-ce-energy-saving-water-efficient\/","name":"Toilette intelligente murale, europ\u00e9enne - BIKI Smart Toilet","isPartOf":{"@id":"https:\/\/bikibath.com\/#website"},"primaryImageOfPage":{"@id":"https:\/\/bikibath.com\/product\/high-end-apartment-fit-wall-mounted-smart-toilet-european-american-safety-certifications-cupc-ce-energy-saving-water-efficient\/#primaryimage"},"image":{"@id":"https:\/\/bikibath.com\/product\/high-end-apartment-fit-wall-mounted-smart-toilet-european-american-safety-certifications-cupc-ce-energy-saving-water-efficient\/#primaryimage"},"thumbnailUrl":"https:\/\/bikibath.com\/wp-content\/uploads\/2025\/11\/1-1-1.png","datePublished":"2025-11-01T07:38:01+00:00","dateModified":"2025-12-03T03:42:47+00:00","description":"Toilettes intelligentes pour les salles de bains europ\u00e9ennes : Chasse d'eau silencieuse, si\u00e8ge chauffant et installation facile Toilettes intelligentes \u00e0 montage mural Certifications de s\u00e9curit\u00e9 europ\u00e9enne et am\u00e9ricaine","breadcrumb":{"@id":"https:\/\/bikibath.com\/product\/high-end-apartment-fit-wall-mounted-smart-toilet-european-american-safety-certifications-cupc-ce-energy-saving-water-efficient\/#breadcrumb"},"inLanguage":"fr-FR","potentialAction":[{"@type":"ReadAction","target":["https:\/\/bikibath.com\/product\/high-end-apartment-fit-wall-mounted-smart-toilet-european-american-safety-certifications-cupc-ce-energy-saving-water-efficient\/"]}]},{"@type":"ImageObject","inLanguage":"fr-FR","@id":"https:\/\/bikibath.com\/product\/high-end-apartment-fit-wall-mounted-smart-toilet-european-american-safety-certifications-cupc-ce-energy-saving-water-efficient\/#primaryimage","url":"https:\/\/bikibath.com\/wp-content\/uploads\/2025\/11\/1-1-1.png","contentUrl":"https:\/\/bikibath.com\/wp-content\/uploads\/2025\/11\/1-1-1.png","width":1000,"height":1000},{"@type":"BreadcrumbList","@id":"https:\/\/bikibath.com\/product\/high-end-apartment-fit-wall-mounted-smart-toilet-european-american-safety-certifications-cupc-ce-energy-saving-water-efficient\/#breadcrumb","itemListElement":[{"@type":"ListItem","position":1,"name":"Home","item":"https:\/\/bikibath.com\/"},{"@type":"ListItem","position":2,"name":"Product","item":"https:\/\/bikibath.com\/product\/"},{"@type":"ListItem","position":3,"name":"High-End Apartment Fit: Wall-Mounted Smart Toilet, European &#038; American Safety Certifications (CUPC\/CE), Energy-Saving &#038; Water-Efficient"}]},{"@type":"WebSite","@id":"https:\/\/bikibath.com\/#website","url":"https:\/\/bikibath.com\/","name":"Toilette intelligente BIKI","description":"Am\u00e9liorez votre confort quotidien","publisher":{"@id":"https:\/\/bikibath.com\/#organization"},"potentialAction":[{"@type":"SearchAction","target":{"@type":"EntryPoint","urlTemplate":"https:\/\/bikibath.com\/?s={search_term_string}"},"query-input":{"@type":"PropertyValueSpecification","valueRequired":true,"valueName":"search_term_string"}}],"inLanguage":"fr-FR"},{"@type":"Organization","@id":"https:\/\/bikibath.com\/#organization","name":"Toilette intelligente BIKI","url":"https:\/\/bikibath.com\/","logo":{"@type":"ImageObject","inLanguage":"fr-FR","@id":"https:\/\/bikibath.com\/#\/schema\/logo\/image\/","url":"https:\/\/bikibath.com\/wp-content\/uploads\/2025\/10\/biki.png","contentUrl":"https:\/\/bikibath.com\/wp-content\/uploads\/2025\/10\/biki.png","width":500,"height":162,"caption":"BIKI Smart Toilet"},"image":{"@id":"https:\/\/bikibath.com\/#\/schema\/logo\/image\/"}}]}},"_links":{"self":[{"href":"https:\/\/bikibath.com\/fr\/wp-json\/wp\/v2\/product\/2956","targetHints":{"allow":["GET"]}}],"collection":[{"href":"https:\/\/bikibath.com\/fr\/wp-json\/wp\/v2\/product"}],"about":[{"href":"https:\/\/bikibath.com\/fr\/wp-json\/wp\/v2\/types\/product"}],"replies":[{"embeddable":true,"href":"https:\/\/bikibath.com\/fr\/wp-json\/wp\/v2\/comments?post=2956"}],"wp:featuredmedia":[{"embeddable":true,"href":"https:\/\/bikibath.com\/fr\/wp-json\/wp\/v2\/media\/2957"}],"wp:attachment":[{"href":"https:\/\/bikibath.com\/fr\/wp-json\/wp\/v2\/media?parent=2956"}],"wp:term":[{"taxonomy":"product_brand","embeddable":true,"href":"https:\/\/bikibath.com\/fr\/wp-json\/wp\/v2\/product_brand?post=2956"},{"taxonomy":"product_cat","embeddable":true,"href":"https:\/\/bikibath.com\/fr\/wp-json\/wp\/v2\/product_cat?post=2956"},{"taxonomy":"product_tag","embeddable":true,"href":"https:\/\/bikibath.com\/fr\/wp-json\/wp\/v2\/product_tag?post=2956"}],"curies":[{"name":"wp","href":"https:\/\/api.w.org\/{rel}","templated":true}]}}