{"id":2943,"date":"2025-11-01T06:56:17","date_gmt":"2025-11-01T06:56:17","guid":{"rendered":"https:\/\/bikibath.com\/?post_type=product&#038;p=2943"},"modified":"2025-12-03T02:20:19","modified_gmt":"2025-12-03T02:20:19","slug":"toilettes-intelligentes-au-sol-de-haute-durabilite-chasse-deau-silencieuse-desodorisation-certifiee-cupc","status":"publish","type":"product","link":"https:\/\/bikibath.com\/fr\/product\/toilettes-intelligentes-au-sol-de-haute-durabilite-chasse-deau-silencieuse-desodorisation-certifiee-cupc\/","title":{"rendered":"Toilettes intelligentes au sol de haute durabilit\u00e9 : Chasse d'eau silencieuse + d\u00e9sodorisation, certifi\u00e9e CUPC"},"content":{"rendered":"<p><img decoding=\"async\" class=\"size-full wp-image-2250 aligncenter\" src=\"https:\/\/bikibath.com\/wp-content\/uploads\/2025\/11\/E41.png\" alt=\"particularit\u00e9s\" width=\"1300\" \/><\/p>\n<div style=\"display: none;\">\n<h1 class=\"header-iWP5WJ auto-hide-last-sibling-br\">Passez \u00e0 une toilette intelligente certifi\u00e9e par le CUPC : Durabilit\u00e9, efficacit\u00e9 et luxe certifi\u00e9s<\/h1>\n<div class=\"auto-hide-last-sibling-br paragraph-pP9ZLC paragraph-element br-paragraph-space\">Lorsque vous modernisez votre salle de bains, un WC intelligent certifi\u00e9 CUPC s'impose comme un choix s\u00fbr et fiable. La certification CUPC garantit le respect strict des normes de qualit\u00e9, de s\u00e9curit\u00e9 et d'efficacit\u00e9 de l'eau, ce qui vous permet d'avoir l'esprit tranquille \u00e0 chaque utilisation. Ces toilettes associent des performances certifi\u00e9es \u00e0 des fonctions intelligentes de pointe, \u00e9levant votre routine quotidienne \u00e0 de nouveaux niveaux de confort et de commodit\u00e9.<\/div>\n<h2 class=\"header-iWP5WJ auto-hide-last-sibling-br\">L'excellence certifi\u00e9e par le CUPC : Ce que cela signifie pour vous<\/h2>\n<div class=\"auto-hide-last-sibling-br paragraph-pP9ZLC paragraph-element br-paragraph-space\">La certification CUPC est plus qu'un label, c'est une promesse de durabilit\u00e9 et de s\u00e9curit\u00e9. Chaque toilette intelligente certifi\u00e9e CUPC est soumise \u00e0 des tests rigoureux afin de r\u00e9pondre aux normes de l'industrie en mati\u00e8re de r\u00e9sistance des mat\u00e9riaux, d'utilisation de l'eau et de s\u00e9curit\u00e9 op\u00e9rationnelle. Cela signifie que vous investissez dans un appareil qui durera, \u00e9conomisera l'eau et fonctionnera de mani\u00e8re coh\u00e9rente sans compromis sur la qualit\u00e9. Que vous choisissiez un mod\u00e8le mont\u00e9 au sol ou une alternative \u00e9l\u00e9gante, la certification du CUPC garantit une conformit\u00e9 \u00e0 laquelle vous pouvez faire confiance.<\/div>\n<h2 class=\"header-iWP5WJ auto-hide-last-sibling-br\">Des types vari\u00e9s : Toilettes intelligentes certifi\u00e9es CUPC pour chaque espace<\/h2>\n<div class=\"auto-hide-last-sibling-br paragraph-pP9ZLC paragraph-element br-paragraph-space\">La certification du CUPC couvre une gamme de mod\u00e8les de toilettes intelligentes, ce qui garantit qu'il y a une option pour chaque am\u00e9nagement et style de salle de bains.<\/div>\n<h3 class=\"header-iWP5WJ auto-hide-last-sibling-br\">Toilettes intelligentes suspendues<\/h3>\n<div class=\"auto-hide-last-sibling-br paragraph-pP9ZLC paragraph-element br-paragraph-space\">Les toilettes intelligentes murales certifi\u00e9es CUPC permettent d'\u00e9conomiser de l'espace au sol et d'ajouter une esth\u00e9tique moderne et flottante. Elles sont faciles \u00e0 nettoyer en dessous et s'int\u00e8grent parfaitement \u00e0 un d\u00e9cor minimaliste. Comme tous les mod\u00e8les certifi\u00e9s, il offre une performance fiable, et plusieurs d'entre eux sont dot\u00e9s de la technologie de chasse d'eau automatique pour une commodit\u00e9 sans contact.<\/div>\n<h3 class=\"header-iWP5WJ auto-hide-last-sibling-br\">Toilettes sans r\u00e9servoir et toilettes bidet sans r\u00e9servoir<\/h3>\n<div class=\"auto-hide-last-sibling-br paragraph-pP9ZLC paragraph-element br-paragraph-space\">Les toilettes sans r\u00e9servoir certifi\u00e9es CUPC \u00e9liminent les r\u00e9servoirs encombrants et s'int\u00e8grent parfaitement dans les petites salles de bains ou les salles d'eau. Elles consomment moins d'eau sans sacrifier la puissance de la chasse d'eau, ce qui va dans le sens des objectifs \u00e9cologiques. Pour une meilleure hygi\u00e8ne, optez pour des toilettes bidet sans r\u00e9servoir, certifi\u00e9es pour la s\u00e9curit\u00e9 et \u00e9quip\u00e9es de jets bidet r\u00e9glables, de si\u00e8ges chauffants et plus encore.<\/div>\n<h3 class=\"header-iWP5WJ auto-hide-last-sibling-br\">Toilette intelligente noire<\/h3>\n<div class=\"auto-hide-last-sibling-br paragraph-pP9ZLC paragraph-element br-paragraph-space\">Faites une d\u00e9claration audacieuse avec des toilettes intelligentes noires certifi\u00e9es CUPC. Cet appareil \u00e9l\u00e9gant ajoute de la profondeur aux salles de bains modernes, en s'associant \u00e0 des meubles-lavabos sombres ou \u00e0 des designs d'inspiration industrielle. Et ce n'est pas tout : toutes les toilettes intelligentes noires sont certifi\u00e9es CUPC, ce qui garantit qu'elles r\u00e9pondent aux m\u00eames normes \u00e9lev\u00e9es de durabilit\u00e9 et d'efficacit\u00e9 que les mod\u00e8les blancs traditionnels.<\/div>\n<h2 class=\"header-iWP5WJ auto-hide-last-sibling-br\">Caract\u00e9ristiques intelligentes indispensables, soutenues par le CUPC<\/h2>\n<div class=\"auto-hide-last-sibling-br paragraph-pP9ZLC paragraph-element br-paragraph-space\">Les toilettes intelligentes certifi\u00e9es par le CUPC ne se contentent pas d'offrir une certification, elles offrent des caract\u00e9ristiques qui red\u00e9finissent le confort.<\/div>\n<h3 class=\"header-iWP5WJ auto-hide-last-sibling-br\">Toilettes \u00e0 chasse automatique<\/h3>\n<div class=\"auto-hide-last-sibling-br paragraph-pP9ZLC paragraph-element br-paragraph-space\">La chasse d'eau automatique est une caract\u00e9ristique des mod\u00e8les intelligents certifi\u00e9s par le CUPC. Des capteurs d\u00e9tectent l'utilisation et d\u00e9clenchent automatiquement une chasse d'eau puissante et \u00e9conome en eau. Ce fonctionnement sans contact r\u00e9duit la propagation des germes et vous permet de ne jamais oublier de tirer la chasse d'eau, alliant ainsi hygi\u00e8ne et commodit\u00e9.<\/div>\n<h3 class=\"header-iWP5WJ auto-hide-last-sibling-br\">Toilettes t\u00e9l\u00e9command\u00e9es<\/h3>\n<div class=\"auto-hide-last-sibling-br paragraph-pP9ZLC paragraph-element br-paragraph-space\">Une toilette \u00e0 t\u00e9l\u00e9commande certifi\u00e9e CUPC met la personnalisation au bout de vos doigts. La t\u00e9l\u00e9commande intuitive vous permet de r\u00e9gler la puissance de la chasse d'eau, les param\u00e8tres du bidet et la temp\u00e9rature du si\u00e8ge chauffant, le tout depuis le confort de votre si\u00e8ge. Accessible \u00e0 tous les utilisateurs, elle conf\u00e8re \u00e0 votre salle de bains un aspect luxueux, digne d'un spa.<\/div>\n<h3 class=\"header-iWP5WJ auto-hide-last-sibling-br\">Toilettes avec si\u00e8ge chauffant<\/h3>\n<div class=\"auto-hide-last-sibling-br paragraph-pP9ZLC paragraph-element br-paragraph-space\">Fini les chocs froids en c\u00e9ramique : les toilettes certifi\u00e9es par l'UPC avec si\u00e8ges chauffants offrent une chaleur r\u00e9glable pour un confort tout au long de l'ann\u00e9e. Cette fonction est standard dans de nombreux mod\u00e8les intelligents et s'associe \u00e0 d'autres fonctions telles que le s\u00e9chage \u00e0 l'air libre et les jets de bidet pour cr\u00e9er une exp\u00e9rience d'hygi\u00e8ne compl\u00e8te.<\/div>\n<h2 class=\"header-iWP5WJ auto-hide-last-sibling-br\">Pourquoi choisir une toilette intelligente certifi\u00e9e par le CUPC ?<\/h2>\n<div class=\"auto-hide-last-sibling-br paragraph-pP9ZLC paragraph-element br-paragraph-space\">Au-del\u00e0 de la s\u00e9curit\u00e9 et de la qualit\u00e9, ces toilettes offrent une valeur \u00e0 long terme. Leur conception \u00e9conome en eau permet de r\u00e9duire les factures d'\u00e9lectricit\u00e9, tandis que les mat\u00e9riaux durables r\u00e9duisent le besoin de remplacements fr\u00e9quents. Que vous r\u00e9noviez ou modernisiez un seul appareil, une toilette intelligente certifi\u00e9e par le CUPC allie conformit\u00e9, commodit\u00e9 et style. C'est un investissement qui am\u00e9liore la fonctionnalit\u00e9 et la valeur de revente de votre salle de bains.<\/div>\n<h2 class=\"header-iWP5WJ auto-hide-last-sibling-br\">Conclusion<\/h2>\n<div class=\"auto-hide-last-sibling-br paragraph-pP9ZLC paragraph-element br-paragraph-space\">Am\u00e9liorez votre salle de bain en toute confiance en choisissant une toilette intelligente certifi\u00e9e par le CUPC. Des mod\u00e8les muraux peu encombrants aux toilettes intelligentes noires \u00e9l\u00e9gantes, des toilettes \u00e0 chasse d'eau automatique aux options de bidet sans r\u00e9servoir, chaque appareil certifi\u00e9 est durable, \u00e9conome en eau et dot\u00e9 d'une technologie intuitive. Ajoutez \u00e0 cela des fonctions telles que la commande \u00e0 distance et les si\u00e8ges chauffants, et vous obtenez une am\u00e9lioration luxueuse et s\u00fbre qui transforme les habitudes quotidiennes. Faites confiance \u00e0 la certification du CUPC pour une qualit\u00e9 sur laquelle vous pouvez compter, et profitez d'une salle de bains aussi fonctionnelle qu'\u00e9l\u00e9gante.<\/div>\n<\/div>","protected":false},"excerpt":{"rendered":"<div class=\"pro_desc\">\n<table cellspacing=\"0\" cellpadding=\"0\">\n<tbody>\n<tr>\n<td>Num\u00e9ro de mod\u00e8le :<\/td>\n<td>E41<\/td>\n<\/tr>\n<tr>\n<td>M\u00e9thode de rin\u00e7age<\/td>\n<td>type de siphon \u00e0 jet<\/td>\n<\/tr>\n<tr>\n<td>Taille\uff1a<\/td>\n<td>680*380*450mm<\/td>\n<\/tr>\n<tr>\n<td>Syst\u00e8me de rin\u00e7age\uff1a<\/td>\n<td>affleurement du pied, affleurement du si\u00e8ge<\/td>\n<\/tr>\n<tr>\n<td>plaque de recouvrement descente lente\uff1a<\/td>\n<td>couvercle rabattable automatique<\/td>\n<\/tr>\n<tr>\n<td>MOQ\uff1a<\/td>\n<td>1 ensembles<\/td>\n<\/tr>\n<tr>\n<td>D\u00e9lai de livraison\uff1a<\/td>\n<td>7-15 jours<\/td>\n<\/tr>\n<\/tbody>\n<\/table>\n<\/div>","protected":false},"featured_media":3965,"comment_status":"open","ping_status":"closed","template":"","meta":{"_acf_changed":false},"product_brand":[],"product_cat":[28],"product_tag":[],"class_list":{"0":"post-2943","1":"product","2":"type-product","3":"status-publish","4":"has-post-thumbnail","6":"product_cat-smart-toilet","8":"first","9":"instock","10":"shipping-taxable","11":"product-type-simple"},"acf":[],"yoast_head":"<!-- This site is optimized with the Yoast SEO Premium plugin v23.6 (Yoast SEO v26.3) - https:\/\/yoast.com\/wordpress\/plugins\/seo\/ -->\n<title>Smart Toilet: Quiet Flush Deodorization CUPC-Certified - BIKI Smart Toilet<\/title>\n<meta name=\"description\" content=\"Upgrade to a CUPC-certified smart toilet: Experience certified durability, water efficiency, and intuitive smart technology for a safe.\" \/>\n<meta name=\"robots\" content=\"index, follow, max-snippet:-1, max-image-preview:large, max-video-preview:-1\" \/>\n<link rel=\"canonical\" href=\"https:\/\/bikibath.com\/fr\/product\/toilettes-intelligentes-au-sol-de-haute-durabilite-chasse-deau-silencieuse-desodorisation-certifiee-cupc\/\" \/>\n<meta property=\"og:locale\" content=\"fr_FR\" \/>\n<meta property=\"og:type\" content=\"article\" \/>\n<meta property=\"og:title\" content=\"High-Durability Floor-Mounted Smart Toilet: Quiet Flush + Deodorization, CUPC-Certified\" \/>\n<meta property=\"og:description\" content=\"Upgrade to a CUPC-certified smart toilet: Experience certified durability, water efficiency, and intuitive smart technology for a safe.\" \/>\n<meta property=\"og:url\" content=\"https:\/\/bikibath.com\/fr\/product\/toilettes-intelligentes-au-sol-de-haute-durabilite-chasse-deau-silencieuse-desodorisation-certifiee-cupc\/\" \/>\n<meta property=\"og:site_name\" content=\"BIKI Smart Toilet\" \/>\n<meta property=\"article:modified_time\" content=\"2025-12-03T02:20:19+00:00\" \/>\n<meta property=\"og:image\" content=\"https:\/\/bikibath.com\/wp-content\/uploads\/2025\/11\/CUPC-Certified.webp\" \/>\n\t<meta property=\"og:image:width\" content=\"1000\" \/>\n\t<meta property=\"og:image:height\" content=\"1000\" \/>\n\t<meta property=\"og:image:type\" content=\"image\/webp\" \/>\n<meta name=\"twitter:card\" content=\"summary_large_image\" \/>\n<meta name=\"twitter:label1\" content=\"Dur\u00e9e de lecture estim\u00e9e\" \/>\n\t<meta name=\"twitter:data1\" content=\"4 minutes\" \/>\n<script type=\"application\/ld+json\" class=\"yoast-schema-graph\">{\"@context\":\"https:\/\/schema.org\",\"@graph\":[{\"@type\":\"WebPage\",\"@id\":\"https:\/\/bikibath.com\/product\/high-durability-floor-mounted-smart-toilet-quiet-flush-deodorization-cupc-certified\/\",\"url\":\"https:\/\/bikibath.com\/product\/high-durability-floor-mounted-smart-toilet-quiet-flush-deodorization-cupc-certified\/\",\"name\":\"Smart Toilet: Quiet Flush Deodorization CUPC-Certified - BIKI Smart Toilet\",\"isPartOf\":{\"@id\":\"https:\/\/bikibath.com\/#website\"},\"primaryImageOfPage\":{\"@id\":\"https:\/\/bikibath.com\/product\/high-durability-floor-mounted-smart-toilet-quiet-flush-deodorization-cupc-certified\/#primaryimage\"},\"image\":{\"@id\":\"https:\/\/bikibath.com\/product\/high-durability-floor-mounted-smart-toilet-quiet-flush-deodorization-cupc-certified\/#primaryimage\"},\"thumbnailUrl\":\"https:\/\/bikibath.com\/wp-content\/uploads\/2025\/11\/CUPC-Certified.webp\",\"datePublished\":\"2025-11-01T06:56:17+00:00\",\"dateModified\":\"2025-12-03T02:20:19+00:00\",\"description\":\"Upgrade to a CUPC-certified smart toilet: Experience certified durability, water efficiency, and intuitive smart technology for a safe.\",\"breadcrumb\":{\"@id\":\"https:\/\/bikibath.com\/product\/high-durability-floor-mounted-smart-toilet-quiet-flush-deodorization-cupc-certified\/#breadcrumb\"},\"inLanguage\":\"fr-FR\",\"potentialAction\":[{\"@type\":\"ReadAction\",\"target\":[\"https:\/\/bikibath.com\/product\/high-durability-floor-mounted-smart-toilet-quiet-flush-deodorization-cupc-certified\/\"]}]},{\"@type\":\"ImageObject\",\"inLanguage\":\"fr-FR\",\"@id\":\"https:\/\/bikibath.com\/product\/high-durability-floor-mounted-smart-toilet-quiet-flush-deodorization-cupc-certified\/#primaryimage\",\"url\":\"https:\/\/bikibath.com\/wp-content\/uploads\/2025\/11\/CUPC-Certified.webp\",\"contentUrl\":\"https:\/\/bikibath.com\/wp-content\/uploads\/2025\/11\/CUPC-Certified.webp\",\"width\":1000,\"height\":1000,\"caption\":\"Smart Toilet Cupc Certified\"},{\"@type\":\"BreadcrumbList\",\"@id\":\"https:\/\/bikibath.com\/product\/high-durability-floor-mounted-smart-toilet-quiet-flush-deodorization-cupc-certified\/#breadcrumb\",\"itemListElement\":[{\"@type\":\"ListItem\",\"position\":1,\"name\":\"Home\",\"item\":\"https:\/\/bikibath.com\/\"},{\"@type\":\"ListItem\",\"position\":2,\"name\":\"Product\",\"item\":\"https:\/\/bikibath.com\/product\/\"},{\"@type\":\"ListItem\",\"position\":3,\"name\":\"High-Durability Floor-Mounted Smart Toilet: Quiet Flush + Deodorization, CUPC-Certified\"}]},{\"@type\":\"WebSite\",\"@id\":\"https:\/\/bikibath.com\/#website\",\"url\":\"https:\/\/bikibath.com\/\",\"name\":\"BIKI Smart Toilet\",\"description\":\"Elevate Every Daily Comfort\",\"publisher\":{\"@id\":\"https:\/\/bikibath.com\/#organization\"},\"potentialAction\":[{\"@type\":\"SearchAction\",\"target\":{\"@type\":\"EntryPoint\",\"urlTemplate\":\"https:\/\/bikibath.com\/?s={search_term_string}\"},\"query-input\":{\"@type\":\"PropertyValueSpecification\",\"valueRequired\":true,\"valueName\":\"search_term_string\"}}],\"inLanguage\":\"fr-FR\"},{\"@type\":\"Organization\",\"@id\":\"https:\/\/bikibath.com\/#organization\",\"name\":\"BIKI Smart Toilet\",\"url\":\"https:\/\/bikibath.com\/\",\"logo\":{\"@type\":\"ImageObject\",\"inLanguage\":\"fr-FR\",\"@id\":\"https:\/\/bikibath.com\/#\/schema\/logo\/image\/\",\"url\":\"https:\/\/bikibath.com\/wp-content\/uploads\/2025\/10\/biki.png\",\"contentUrl\":\"https:\/\/bikibath.com\/wp-content\/uploads\/2025\/10\/biki.png\",\"width\":500,\"height\":162,\"caption\":\"BIKI Smart Toilet\"},\"image\":{\"@id\":\"https:\/\/bikibath.com\/#\/schema\/logo\/image\/\"}}]}<\/script>\n<!-- \/ Yoast SEO Premium plugin. -->","yoast_head_json":{"title":"Toilette intelligente : Chasse d'eau silencieuse D\u00e9sodorisation Certifi\u00e9 CUPC - BIKI Smart Toilet","description":"Passez \u00e0 des toilettes intelligentes certifi\u00e9es par le CUPC : Faites l'exp\u00e9rience de la durabilit\u00e9 certifi\u00e9e, de l'efficacit\u00e9 de l'eau et de la technologie intelligente intuitive pour une s\u00e9curit\u00e9 accrue.","robots":{"index":"index","follow":"follow","max-snippet":"max-snippet:-1","max-image-preview":"max-image-preview:large","max-video-preview":"max-video-preview:-1"},"canonical":"https:\/\/bikibath.com\/fr\/product\/toilettes-intelligentes-au-sol-de-haute-durabilite-chasse-deau-silencieuse-desodorisation-certifiee-cupc\/","og_locale":"fr_FR","og_type":"article","og_title":"High-Durability Floor-Mounted Smart Toilet: Quiet Flush + Deodorization, CUPC-Certified","og_description":"Upgrade to a CUPC-certified smart toilet: Experience certified durability, water efficiency, and intuitive smart technology for a safe.","og_url":"https:\/\/bikibath.com\/fr\/product\/toilettes-intelligentes-au-sol-de-haute-durabilite-chasse-deau-silencieuse-desodorisation-certifiee-cupc\/","og_site_name":"BIKI Smart Toilet","article_modified_time":"2025-12-03T02:20:19+00:00","og_image":[{"width":1000,"height":1000,"url":"https:\/\/bikibath.com\/wp-content\/uploads\/2025\/11\/CUPC-Certified.webp","type":"image\/webp"}],"twitter_card":"summary_large_image","twitter_misc":{"Dur\u00e9e de lecture estim\u00e9e":"4 minutes"},"schema":{"@context":"https:\/\/schema.org","@graph":[{"@type":"WebPage","@id":"https:\/\/bikibath.com\/product\/high-durability-floor-mounted-smart-toilet-quiet-flush-deodorization-cupc-certified\/","url":"https:\/\/bikibath.com\/product\/high-durability-floor-mounted-smart-toilet-quiet-flush-deodorization-cupc-certified\/","name":"Toilette intelligente : Chasse d'eau silencieuse D\u00e9sodorisation Certifi\u00e9 CUPC - BIKI Smart Toilet","isPartOf":{"@id":"https:\/\/bikibath.com\/#website"},"primaryImageOfPage":{"@id":"https:\/\/bikibath.com\/product\/high-durability-floor-mounted-smart-toilet-quiet-flush-deodorization-cupc-certified\/#primaryimage"},"image":{"@id":"https:\/\/bikibath.com\/product\/high-durability-floor-mounted-smart-toilet-quiet-flush-deodorization-cupc-certified\/#primaryimage"},"thumbnailUrl":"https:\/\/bikibath.com\/wp-content\/uploads\/2025\/11\/CUPC-Certified.webp","datePublished":"2025-11-01T06:56:17+00:00","dateModified":"2025-12-03T02:20:19+00:00","description":"Passez \u00e0 des toilettes intelligentes certifi\u00e9es par le CUPC : Faites l'exp\u00e9rience de la durabilit\u00e9 certifi\u00e9e, de l'efficacit\u00e9 de l'eau et de la technologie intelligente intuitive pour une s\u00e9curit\u00e9 accrue.","breadcrumb":{"@id":"https:\/\/bikibath.com\/product\/high-durability-floor-mounted-smart-toilet-quiet-flush-deodorization-cupc-certified\/#breadcrumb"},"inLanguage":"fr-FR","potentialAction":[{"@type":"ReadAction","target":["https:\/\/bikibath.com\/product\/high-durability-floor-mounted-smart-toilet-quiet-flush-deodorization-cupc-certified\/"]}]},{"@type":"ImageObject","inLanguage":"fr-FR","@id":"https:\/\/bikibath.com\/product\/high-durability-floor-mounted-smart-toilet-quiet-flush-deodorization-cupc-certified\/#primaryimage","url":"https:\/\/bikibath.com\/wp-content\/uploads\/2025\/11\/CUPC-Certified.webp","contentUrl":"https:\/\/bikibath.com\/wp-content\/uploads\/2025\/11\/CUPC-Certified.webp","width":1000,"height":1000,"caption":"Smart Toilet Cupc Certified"},{"@type":"BreadcrumbList","@id":"https:\/\/bikibath.com\/product\/high-durability-floor-mounted-smart-toilet-quiet-flush-deodorization-cupc-certified\/#breadcrumb","itemListElement":[{"@type":"ListItem","position":1,"name":"Home","item":"https:\/\/bikibath.com\/"},{"@type":"ListItem","position":2,"name":"Product","item":"https:\/\/bikibath.com\/product\/"},{"@type":"ListItem","position":3,"name":"High-Durability Floor-Mounted Smart Toilet: Quiet Flush + Deodorization, CUPC-Certified"}]},{"@type":"WebSite","@id":"https:\/\/bikibath.com\/#website","url":"https:\/\/bikibath.com\/","name":"Toilette intelligente BIKI","description":"Am\u00e9liorez votre confort quotidien","publisher":{"@id":"https:\/\/bikibath.com\/#organization"},"potentialAction":[{"@type":"SearchAction","target":{"@type":"EntryPoint","urlTemplate":"https:\/\/bikibath.com\/?s={search_term_string}"},"query-input":{"@type":"PropertyValueSpecification","valueRequired":true,"valueName":"search_term_string"}}],"inLanguage":"fr-FR"},{"@type":"Organization","@id":"https:\/\/bikibath.com\/#organization","name":"Toilette intelligente BIKI","url":"https:\/\/bikibath.com\/","logo":{"@type":"ImageObject","inLanguage":"fr-FR","@id":"https:\/\/bikibath.com\/#\/schema\/logo\/image\/","url":"https:\/\/bikibath.com\/wp-content\/uploads\/2025\/10\/biki.png","contentUrl":"https:\/\/bikibath.com\/wp-content\/uploads\/2025\/10\/biki.png","width":500,"height":162,"caption":"BIKI Smart Toilet"},"image":{"@id":"https:\/\/bikibath.com\/#\/schema\/logo\/image\/"}}]}},"_links":{"self":[{"href":"https:\/\/bikibath.com\/fr\/wp-json\/wp\/v2\/product\/2943","targetHints":{"allow":["GET"]}}],"collection":[{"href":"https:\/\/bikibath.com\/fr\/wp-json\/wp\/v2\/product"}],"about":[{"href":"https:\/\/bikibath.com\/fr\/wp-json\/wp\/v2\/types\/product"}],"replies":[{"embeddable":true,"href":"https:\/\/bikibath.com\/fr\/wp-json\/wp\/v2\/comments?post=2943"}],"wp:featuredmedia":[{"embeddable":true,"href":"https:\/\/bikibath.com\/fr\/wp-json\/wp\/v2\/media\/3965"}],"wp:attachment":[{"href":"https:\/\/bikibath.com\/fr\/wp-json\/wp\/v2\/media?parent=2943"}],"wp:term":[{"taxonomy":"product_brand","embeddable":true,"href":"https:\/\/bikibath.com\/fr\/wp-json\/wp\/v2\/product_brand?post=2943"},{"taxonomy":"product_cat","embeddable":true,"href":"https:\/\/bikibath.com\/fr\/wp-json\/wp\/v2\/product_cat?post=2943"},{"taxonomy":"product_tag","embeddable":true,"href":"https:\/\/bikibath.com\/fr\/wp-json\/wp\/v2\/product_tag?post=2943"}],"curies":[{"name":"wp","href":"https:\/\/api.w.org\/{rel}","templated":true}]}}