{"id":2860,"date":"2025-10-31T08:00:06","date_gmt":"2025-10-31T08:00:06","guid":{"rendered":"https:\/\/bikibath.com\/?post_type=product&#038;p=2860"},"modified":"2026-01-07T03:09:11","modified_gmt":"2026-01-07T03:09:11","slug":"toilettes-murales-intelligentes-chasse-deau-silencieuse-controle-par-application-certifications-europeennes-et-americaines-ce-cupc-installation-flexible-entretien-facile","status":"publish","type":"product","link":"https:\/\/bikibath.com\/fr\/product\/toilettes-murales-intelligentes-chasse-deau-silencieuse-controle-par-application-certifications-europeennes-et-americaines-ce-cupc-installation-flexible-entretien-facile\/","title":{"rendered":"Chasse d'eau automatique Chasse d'eau silencieuse et contr\u00f4le APP, certifications europ\u00e9ennes et am\u00e9ricaines (CE\/CUPC), installation flexible et entretien facile"},"content":{"rendered":"<p><img decoding=\"async\" class=\"size-full wp-image-2250 aligncenter\" src=\"https:\/\/bikibath.com\/wp-content\/uploads\/2025\/10\/data.png\" alt=\"particularit\u00e9s\" width=\"1300\" \/><\/p>\n<div style=\"display: none;\">\n<h1 class=\"header-iWP5WJ auto-hide-last-sibling-br\">Passez \u00e0 des toilettes intelligentes avec chasse d'eau automatique, chasse d'eau silencieuse et contr\u00f4le par APP : Le luxe au service de la commodit\u00e9<\/h1>\n<div class=\"auto-hide-last-sibling-br paragraph-pP9ZLC paragraph-element br-paragraph-space\">Rehaussez votre salle de bains avec des toilettes intelligentes qui combinent trois fonctions qui changent la donne : la chasse d'eau automatique, la chasse d'eau silencieuse et le contr\u00f4le APP. Cet appareil moderne red\u00e9finit l'hygi\u00e8ne quotidienne gr\u00e2ce au fonctionnement \u00e0 distance, \u00e0 la performance silencieuse et \u00e0 la commodit\u00e9 des mains libres, transformant les trajets habituels en une exp\u00e9rience luxueuse. Mieux encore, ces avantages intelligents s'\u00e9tendent \u00e0 divers mod\u00e8les, des mod\u00e8les suspendus aux \u00e9l\u00e9gants appareils noirs, garantissant ainsi une adaptation parfaite \u00e0 chaque foyer.<\/div>\n<h2 class=\"header-iWP5WJ auto-hide-last-sibling-br\">Le triple avantage : Chasse d'eau automatique, chasse d'eau silencieuse et contr\u00f4le APP<\/h2>\n<div class=\"auto-hide-last-sibling-br paragraph-pP9ZLC paragraph-element br-paragraph-space\">Au c\u0153ur de cette am\u00e9lioration intelligente des toilettes se trouve un trio de fonctions qui r\u00e9solvent les frustrations les plus courantes dans la salle de bains. Les toilettes \u00e0 chasse d'eau automatique \u00e9liminent compl\u00e8tement la chasse d'eau manuelle : des capteurs d\u00e9tectent l'utilisation et d\u00e9clenchent automatiquement une chasse d'eau puissante et \u00e9conome en eau. Cette conception sans contact r\u00e9duit la propagation des germes et garantit que vous n'oublierez jamais de tirer la chasse d'eau.<\/div>\n<div class=\"auto-hide-last-sibling-br paragraph-pP9ZLC paragraph-element br-paragraph-space\">La technologie de chasse d'eau silencieuse est associ\u00e9e \u00e0 la chasse d'eau automatique. Fini les chasses d'eau bruyantes et d\u00e9rangeantes : ces toilettes fonctionnent en chuchotant, ce qui les rend id\u00e9ales pour les voyages nocturnes ou les espaces de vie partag\u00e9s. La performance silencieuse ne sacrifie pas pour autant la puissance ; elle assure une chasse d'eau compl\u00e8te sans le bruit.<\/div>\n<div class=\"auto-hide-last-sibling-br paragraph-pP9ZLC paragraph-element br-paragraph-space\">Le contr\u00f4le par APP va encore plus loin dans la commodit\u00e9. Connectez vos toilettes intelligentes \u00e0 votre t\u00e9l\u00e9phone pour r\u00e9gler les param\u00e8tres \u00e0 distance, de la force de la chasse d'eau \u00e0 la temp\u00e9rature du si\u00e8ge chauffant, en passant par les fonctions de bidet. Vous pouvez m\u00eame surveiller la consommation d'eau ou r\u00e9soudre des probl\u00e8mes mineurs, le tout depuis la paume de votre main.<\/div>\n<h2 class=\"header-iWP5WJ auto-hide-last-sibling-br\">Diverses conceptions : Des toilettes intelligentes pour tous les styles et tous les espaces<\/h2>\n<div class=\"auto-hide-last-sibling-br paragraph-pP9ZLC paragraph-element br-paragraph-space\">Ces caract\u00e9ristiques haut de gamme ne se limitent pas \u00e0 un seul type de toilettes : elles sont disponibles dans toute une gamme de mod\u00e8les populaires, chacun avec ses propres avantages.<\/div>\n<h3 class=\"header-iWP5WJ auto-hide-last-sibling-br\">Toilettes intelligentes suspendues<\/h3>\n<div class=\"auto-hide-last-sibling-br paragraph-pP9ZLC paragraph-element br-paragraph-space\">Les toilettes intelligentes suspendues au mur permettent de gagner de l'espace au sol et donnent un aspect \u00e9l\u00e9gant et flottant \u00e0 votre salle de bains. Ils sont faciles \u00e0 nettoyer en dessous et s'int\u00e8grent parfaitement \u00e0 un d\u00e9cor minimaliste. \u00c9quip\u00e9es d'une chasse d'eau automatique, d'une chasse d'eau silencieuse et d'une commande APP, elles sont aussi fonctionnelles qu'\u00e9l\u00e9gantes.<\/div>\n<h3 class=\"header-iWP5WJ auto-hide-last-sibling-br\">Toilettes sans r\u00e9servoir et toilettes bidet sans r\u00e9servoir<\/h3>\n<div class=\"auto-hide-last-sibling-br paragraph-pP9ZLC paragraph-element br-paragraph-space\">Les toilettes sans r\u00e9servoir abandonnent le r\u00e9servoir encombrant pour un design compact et moderne. Elles s'int\u00e8grent parfaitement dans les petites salles de bains ou les salles d'eau et consomment moins d'eau que les mod\u00e8les traditionnels. Pour une hygi\u00e8ne renforc\u00e9e, optez pour un WC bidet sans r\u00e9servoir, qui combine l'efficacit\u00e9 du syst\u00e8me sans r\u00e9servoir avec les fonctions de nettoyage du bidet, la chasse d'eau automatique, la chasse d'eau silencieuse et le contr\u00f4le APP.<\/div>\n<h3 class=\"header-iWP5WJ auto-hide-last-sibling-br\">Toilette intelligente noire<\/h3>\n<div class=\"auto-hide-last-sibling-br paragraph-pP9ZLC paragraph-element br-paragraph-space\">Faites preuve d'audace en optant pour des toilettes noires intelligentes. Cet appareil contemporain se d\u00e9marque des carreaux blancs ou des meubles-lavabos sombres, ajoutant une touche de sophistication \u00e0 n'importe quelle salle de bains. Il est dot\u00e9 de toutes les fonctions essentielles : chasse d'eau automatique, chasse d'eau silencieuse, contr\u00f4le APP, et souvent un si\u00e8ge chauffant pour un confort tout au long de l'ann\u00e9e.<\/div>\n<h3 class=\"header-iWP5WJ auto-hide-last-sibling-br\">Toilettes t\u00e9l\u00e9command\u00e9es<\/h3>\n<div class=\"auto-hide-last-sibling-br paragraph-pP9ZLC paragraph-element br-paragraph-space\">Pour ceux qui pr\u00e9f\u00e8rent les commandes physiques, les toilettes \u00e0 t\u00e9l\u00e9commande sont un excellent choix. Il s'agit d'une t\u00e9l\u00e9commande manuelle qui permet de r\u00e9gler les param\u00e8tres de la chasse d'eau, les jets du bidet et la temp\u00e9rature du si\u00e8ge chauffant, sans qu'il soit n\u00e9cessaire d'installer une application sur le t\u00e9l\u00e9phone. De nombreux mod\u00e8les proposent encore une commande par APP comme solution de secours, ce qui vous permet d'avoir le meilleur des deux mondes.<\/div>\n<h3 class=\"header-iWP5WJ auto-hide-last-sibling-br\">Toilettes avec si\u00e8ge chauffant<\/h3>\n<div class=\"auto-hide-last-sibling-br paragraph-pP9ZLC paragraph-element br-paragraph-space\">Un WC avec si\u00e8ge chauffant est un must pour le confort, et il s'associe parfaitement aux fonctions intelligentes de ces toilettes. R\u00e9glez la chaleur via l'application ou la t\u00e9l\u00e9commande, et dites adieu \u00e0 la c\u00e9ramique froide des matins frisquets. C'est un petit d\u00e9tail qui fait une grande diff\u00e9rence dans le confort quotidien.<\/div>\n<h2 class=\"header-iWP5WJ auto-hide-last-sibling-br\">Pourquoi cette am\u00e9lioration des toilettes intelligentes en vaut la peine<\/h2>\n<div class=\"auto-hide-last-sibling-br paragraph-pP9ZLC paragraph-element br-paragraph-space\">Au-del\u00e0 de la commodit\u00e9 et du style, ces toilettes intelligentes offrent une valeur \u00e0 long terme. La chasse d'eau automatique et les mod\u00e8les sans r\u00e9servoir permettent d'\u00e9conomiser de l'eau, ce qui r\u00e9duit vos factures d'\u00e9lectricit\u00e9. La technologie de chasse d'eau silencieuse renforce la tranquillit\u00e9 \u00e0 la maison, tandis que les fonctions sans contact et bidet am\u00e9liorent l'hygi\u00e8ne. La commande APP ajoute de la flexibilit\u00e9, vous permettant d'adapter les toilettes \u00e0 vos besoins.<\/div>\n<div class=\"auto-hide-last-sibling-br paragraph-pP9ZLC paragraph-element br-paragraph-space\">Qu'il s'agisse d'une r\u00e9novation ou d'une simple mise \u00e0 niveau, des toilettes intelligentes avec chasse d'eau automatique, chasse d'eau silencieuse et contr\u00f4le APP constituent un investissement dans le confort et la fonctionnalit\u00e9. Avec des options telles que les toilettes intelligentes suspendues, les toilettes intelligentes noires et les toilettes bidet sans r\u00e9servoir, vous pouvez trouver un mod\u00e8le qui convient \u00e0 votre espace et \u00e0 votre style, tout en profitant du luxe de la technologie intelligente moderne.<\/div>\n<h2 class=\"header-iWP5WJ auto-hide-last-sibling-br\">Conclusion<\/h2>\n<div class=\"auto-hide-last-sibling-br paragraph-pP9ZLC paragraph-element br-paragraph-space\">Am\u00e9liorez votre salle de bains avec des toilettes intelligentes qui offrent commodit\u00e9, performance et style. La chasse d'eau automatique, la chasse d'eau silencieuse et le contr\u00f4le APP s'associent pour cr\u00e9er une exp\u00e9rience hygi\u00e9nique sans tracas. Choisissez parmi diff\u00e9rents mod\u00e8les - suspendu, sans r\u00e9servoir, noir ou t\u00e9l\u00e9command\u00e9 - chacun \u00e9quip\u00e9 d'un si\u00e8ge chauffant et d'autres fonctions haut de gamme. Il ne s'agit pas simplement d'une am\u00e9lioration des toilettes, mais d'une transformation de votre routine quotidienne, apportant luxe et intelligence \u00e0 l'un des espaces les plus utilis\u00e9s de votre maison.<\/div>\n<div><\/div>\n<\/div>","protected":false},"excerpt":{"rendered":"<div class=\"pro_desc\">\n<table cellspacing=\"0\" cellpadding=\"0\">\n<tbody>\n<tr>\n<td>Num\u00e9ro de mod\u00e8le :<\/td>\n<td>E40<\/td>\n<\/tr>\n<tr>\n<td>M\u00e9thode de rin\u00e7age<\/td>\n<td>type de siphon \u00e0 jet<\/td>\n<\/tr>\n<tr>\n<td>Taille\uff1a<\/td>\n<td>684*462*407mm<\/td>\n<\/tr>\n<tr>\n<td>Syst\u00e8me de rin\u00e7age\uff1a<\/td>\n<td>affleurement du pied, affleurement du si\u00e8ge<\/td>\n<\/tr>\n<tr>\n<td>plaque de recouvrement descente lente\uff1a<\/td>\n<td>couvercle rabattable automatique<\/td>\n<\/tr>\n<tr>\n<td>MOQ\uff1a<\/td>\n<td>1 ensembles<\/td>\n<\/tr>\n<tr>\n<td>D\u00e9lai de livraison\uff1a<\/td>\n<td>7-15 jours<\/td>\n<\/tr>\n<\/tbody>\n<\/table>\n<\/div>","protected":false},"featured_media":3966,"comment_status":"open","ping_status":"closed","template":"","meta":{"_acf_changed":false},"product_brand":[],"product_cat":[28],"product_tag":[],"class_list":{"0":"post-2860","1":"product","2":"type-product","3":"status-publish","4":"has-post-thumbnail","6":"product_cat-smart-toilet","8":"first","9":"instock","10":"shipping-taxable","11":"product-type-simple"},"acf":[],"yoast_head":"<!-- This site is optimized with the Yoast SEO Premium plugin v23.6 (Yoast SEO v26.3) - https:\/\/yoast.com\/wordpress\/plugins\/seo\/ -->\n<title>Smart Toilet Auto Flush Toilets Quiet Flush &amp; APP Control - BIKI Smart Toilet<\/title>\n<meta name=\"description\" content=\"Smart Toilet Suto Flush Toilets Upgrade to a smart toilet with auto flush, quiet flush &amp; APP control: Experience remote operation.\" \/>\n<meta name=\"robots\" content=\"index, follow, max-snippet:-1, max-image-preview:large, max-video-preview:-1\" \/>\n<link rel=\"canonical\" href=\"https:\/\/bikibath.com\/fr\/product\/toilettes-murales-intelligentes-chasse-deau-silencieuse-controle-par-application-certifications-europeennes-et-americaines-ce-cupc-installation-flexible-entretien-facile\/\" \/>\n<meta property=\"og:locale\" content=\"fr_FR\" \/>\n<meta property=\"og:type\" content=\"article\" \/>\n<meta property=\"og:title\" content=\"Auto Flush Toilets Quiet Flush &amp; APP Control, Rear Outlet, Full European &amp; American Certifications (CE\/CUPC), Flexible Installation &amp; Easy Maintenance\" \/>\n<meta property=\"og:description\" content=\"Smart Toilet Suto Flush Toilets Upgrade to a smart toilet with auto flush, quiet flush &amp; APP control: Experience remote operation.\" \/>\n<meta property=\"og:url\" content=\"https:\/\/bikibath.com\/fr\/product\/toilettes-murales-intelligentes-chasse-deau-silencieuse-controle-par-application-certifications-europeennes-et-americaines-ce-cupc-installation-flexible-entretien-facile\/\" \/>\n<meta property=\"og:site_name\" content=\"BIKI Smart Toilet\" \/>\n<meta property=\"article:modified_time\" content=\"2026-01-07T03:09:11+00:00\" \/>\n<meta property=\"og:image\" content=\"https:\/\/bikibath.com\/wp-content\/uploads\/2025\/10\/Smart-Toilet-Quiet-Flush-APP-Control.webp\" \/>\n\t<meta property=\"og:image:width\" content=\"1000\" \/>\n\t<meta property=\"og:image:height\" content=\"1000\" \/>\n\t<meta property=\"og:image:type\" content=\"image\/webp\" \/>\n<meta name=\"twitter:card\" content=\"summary_large_image\" \/>\n<meta name=\"twitter:label1\" content=\"Dur\u00e9e de lecture estim\u00e9e\" \/>\n\t<meta name=\"twitter:data1\" content=\"4 minutes\" \/>\n<script type=\"application\/ld+json\" class=\"yoast-schema-graph\">{\"@context\":\"https:\/\/schema.org\",\"@graph\":[{\"@type\":\"WebPage\",\"@id\":\"https:\/\/bikibath.com\/product\/wall-hung-smart-toilet-quiet-flush-app-control-full-european-american-certifications-ce-cupc-flexible-installation-easy-maintenance\/\",\"url\":\"https:\/\/bikibath.com\/product\/wall-hung-smart-toilet-quiet-flush-app-control-full-european-american-certifications-ce-cupc-flexible-installation-easy-maintenance\/\",\"name\":\"Smart Toilet Auto Flush Toilets Quiet Flush & APP Control - BIKI Smart Toilet\",\"isPartOf\":{\"@id\":\"https:\/\/bikibath.com\/#website\"},\"primaryImageOfPage\":{\"@id\":\"https:\/\/bikibath.com\/product\/wall-hung-smart-toilet-quiet-flush-app-control-full-european-american-certifications-ce-cupc-flexible-installation-easy-maintenance\/#primaryimage\"},\"image\":{\"@id\":\"https:\/\/bikibath.com\/product\/wall-hung-smart-toilet-quiet-flush-app-control-full-european-american-certifications-ce-cupc-flexible-installation-easy-maintenance\/#primaryimage\"},\"thumbnailUrl\":\"https:\/\/bikibath.com\/wp-content\/uploads\/2025\/10\/Smart-Toilet-Quiet-Flush-APP-Control.webp\",\"datePublished\":\"2025-10-31T08:00:06+00:00\",\"dateModified\":\"2026-01-07T03:09:11+00:00\",\"description\":\"Smart Toilet Suto Flush Toilets Upgrade to a smart toilet with auto flush, quiet flush & APP control: Experience remote operation.\",\"breadcrumb\":{\"@id\":\"https:\/\/bikibath.com\/product\/wall-hung-smart-toilet-quiet-flush-app-control-full-european-american-certifications-ce-cupc-flexible-installation-easy-maintenance\/#breadcrumb\"},\"inLanguage\":\"fr-FR\",\"potentialAction\":[{\"@type\":\"ReadAction\",\"target\":[\"https:\/\/bikibath.com\/product\/wall-hung-smart-toilet-quiet-flush-app-control-full-european-american-certifications-ce-cupc-flexible-installation-easy-maintenance\/\"]}]},{\"@type\":\"ImageObject\",\"inLanguage\":\"fr-FR\",\"@id\":\"https:\/\/bikibath.com\/product\/wall-hung-smart-toilet-quiet-flush-app-control-full-european-american-certifications-ce-cupc-flexible-installation-easy-maintenance\/#primaryimage\",\"url\":\"https:\/\/bikibath.com\/wp-content\/uploads\/2025\/10\/Smart-Toilet-Quiet-Flush-APP-Control.webp\",\"contentUrl\":\"https:\/\/bikibath.com\/wp-content\/uploads\/2025\/10\/Smart-Toilet-Quiet-Flush-APP-Control.webp\",\"width\":1000,\"height\":1000,\"caption\":\"Smart Toilet Quiet Flush & App Control\"},{\"@type\":\"BreadcrumbList\",\"@id\":\"https:\/\/bikibath.com\/product\/wall-hung-smart-toilet-quiet-flush-app-control-full-european-american-certifications-ce-cupc-flexible-installation-easy-maintenance\/#breadcrumb\",\"itemListElement\":[{\"@type\":\"ListItem\",\"position\":1,\"name\":\"Home\",\"item\":\"https:\/\/bikibath.com\/\"},{\"@type\":\"ListItem\",\"position\":2,\"name\":\"Product\",\"item\":\"https:\/\/bikibath.com\/product\/\"},{\"@type\":\"ListItem\",\"position\":3,\"name\":\"Auto Flush Toilets Quiet Flush &#038; APP Control, Rear Outlet, Full European &#038; American Certifications (CE\/CUPC), Flexible Installation &#038; Easy Maintenance\"}]},{\"@type\":\"WebSite\",\"@id\":\"https:\/\/bikibath.com\/#website\",\"url\":\"https:\/\/bikibath.com\/\",\"name\":\"BIKI Smart Toilet\",\"description\":\"Elevate Every Daily Comfort\",\"publisher\":{\"@id\":\"https:\/\/bikibath.com\/#organization\"},\"potentialAction\":[{\"@type\":\"SearchAction\",\"target\":{\"@type\":\"EntryPoint\",\"urlTemplate\":\"https:\/\/bikibath.com\/?s={search_term_string}\"},\"query-input\":{\"@type\":\"PropertyValueSpecification\",\"valueRequired\":true,\"valueName\":\"search_term_string\"}}],\"inLanguage\":\"fr-FR\"},{\"@type\":\"Organization\",\"@id\":\"https:\/\/bikibath.com\/#organization\",\"name\":\"BIKI Smart Toilet\",\"url\":\"https:\/\/bikibath.com\/\",\"logo\":{\"@type\":\"ImageObject\",\"inLanguage\":\"fr-FR\",\"@id\":\"https:\/\/bikibath.com\/#\/schema\/logo\/image\/\",\"url\":\"https:\/\/bikibath.com\/wp-content\/uploads\/2025\/10\/biki.png\",\"contentUrl\":\"https:\/\/bikibath.com\/wp-content\/uploads\/2025\/10\/biki.png\",\"width\":500,\"height\":162,\"caption\":\"BIKI Smart Toilet\"},\"image\":{\"@id\":\"https:\/\/bikibath.com\/#\/schema\/logo\/image\/\"}}]}<\/script>\n<!-- \/ Yoast SEO Premium plugin. -->","yoast_head_json":{"title":"Toilettes intelligentes Chasse d'eau automatique Toilettes silencieuses et contr\u00f4le par APP - BIKI Smart Toilet","description":"Toilettes intelligentes Toilettes \u00e0 chasse d'eau automatique Passez \u00e0 des toilettes intelligentes avec chasse d'eau automatique, chasse d'eau silencieuse et contr\u00f4le APP : Faites l'exp\u00e9rience de la commande \u00e0 distance.","robots":{"index":"index","follow":"follow","max-snippet":"max-snippet:-1","max-image-preview":"max-image-preview:large","max-video-preview":"max-video-preview:-1"},"canonical":"https:\/\/bikibath.com\/fr\/product\/toilettes-murales-intelligentes-chasse-deau-silencieuse-controle-par-application-certifications-europeennes-et-americaines-ce-cupc-installation-flexible-entretien-facile\/","og_locale":"fr_FR","og_type":"article","og_title":"Auto Flush Toilets Quiet Flush & APP Control, Rear Outlet, Full European & American Certifications (CE\/CUPC), Flexible Installation & Easy Maintenance","og_description":"Smart Toilet Suto Flush Toilets Upgrade to a smart toilet with auto flush, quiet flush & APP control: Experience remote operation.","og_url":"https:\/\/bikibath.com\/fr\/product\/toilettes-murales-intelligentes-chasse-deau-silencieuse-controle-par-application-certifications-europeennes-et-americaines-ce-cupc-installation-flexible-entretien-facile\/","og_site_name":"BIKI Smart Toilet","article_modified_time":"2026-01-07T03:09:11+00:00","og_image":[{"width":1000,"height":1000,"url":"https:\/\/bikibath.com\/wp-content\/uploads\/2025\/10\/Smart-Toilet-Quiet-Flush-APP-Control.webp","type":"image\/webp"}],"twitter_card":"summary_large_image","twitter_misc":{"Dur\u00e9e de lecture estim\u00e9e":"4 minutes"},"schema":{"@context":"https:\/\/schema.org","@graph":[{"@type":"WebPage","@id":"https:\/\/bikibath.com\/product\/wall-hung-smart-toilet-quiet-flush-app-control-full-european-american-certifications-ce-cupc-flexible-installation-easy-maintenance\/","url":"https:\/\/bikibath.com\/product\/wall-hung-smart-toilet-quiet-flush-app-control-full-european-american-certifications-ce-cupc-flexible-installation-easy-maintenance\/","name":"Toilettes intelligentes Chasse d'eau automatique Toilettes silencieuses et contr\u00f4le par APP - BIKI Smart Toilet","isPartOf":{"@id":"https:\/\/bikibath.com\/#website"},"primaryImageOfPage":{"@id":"https:\/\/bikibath.com\/product\/wall-hung-smart-toilet-quiet-flush-app-control-full-european-american-certifications-ce-cupc-flexible-installation-easy-maintenance\/#primaryimage"},"image":{"@id":"https:\/\/bikibath.com\/product\/wall-hung-smart-toilet-quiet-flush-app-control-full-european-american-certifications-ce-cupc-flexible-installation-easy-maintenance\/#primaryimage"},"thumbnailUrl":"https:\/\/bikibath.com\/wp-content\/uploads\/2025\/10\/Smart-Toilet-Quiet-Flush-APP-Control.webp","datePublished":"2025-10-31T08:00:06+00:00","dateModified":"2026-01-07T03:09:11+00:00","description":"Toilettes intelligentes Toilettes \u00e0 chasse d'eau automatique Passez \u00e0 des toilettes intelligentes avec chasse d'eau automatique, chasse d'eau silencieuse et contr\u00f4le APP : Faites l'exp\u00e9rience de la commande \u00e0 distance.","breadcrumb":{"@id":"https:\/\/bikibath.com\/product\/wall-hung-smart-toilet-quiet-flush-app-control-full-european-american-certifications-ce-cupc-flexible-installation-easy-maintenance\/#breadcrumb"},"inLanguage":"fr-FR","potentialAction":[{"@type":"ReadAction","target":["https:\/\/bikibath.com\/product\/wall-hung-smart-toilet-quiet-flush-app-control-full-european-american-certifications-ce-cupc-flexible-installation-easy-maintenance\/"]}]},{"@type":"ImageObject","inLanguage":"fr-FR","@id":"https:\/\/bikibath.com\/product\/wall-hung-smart-toilet-quiet-flush-app-control-full-european-american-certifications-ce-cupc-flexible-installation-easy-maintenance\/#primaryimage","url":"https:\/\/bikibath.com\/wp-content\/uploads\/2025\/10\/Smart-Toilet-Quiet-Flush-APP-Control.webp","contentUrl":"https:\/\/bikibath.com\/wp-content\/uploads\/2025\/10\/Smart-Toilet-Quiet-Flush-APP-Control.webp","width":1000,"height":1000,"caption":"Smart Toilet Quiet Flush & App Control"},{"@type":"BreadcrumbList","@id":"https:\/\/bikibath.com\/product\/wall-hung-smart-toilet-quiet-flush-app-control-full-european-american-certifications-ce-cupc-flexible-installation-easy-maintenance\/#breadcrumb","itemListElement":[{"@type":"ListItem","position":1,"name":"Home","item":"https:\/\/bikibath.com\/"},{"@type":"ListItem","position":2,"name":"Product","item":"https:\/\/bikibath.com\/product\/"},{"@type":"ListItem","position":3,"name":"Auto Flush Toilets Quiet Flush &#038; APP Control, Rear Outlet, Full European &#038; American Certifications (CE\/CUPC), Flexible Installation &#038; Easy Maintenance"}]},{"@type":"WebSite","@id":"https:\/\/bikibath.com\/#website","url":"https:\/\/bikibath.com\/","name":"Toilette intelligente BIKI","description":"Am\u00e9liorez votre confort quotidien","publisher":{"@id":"https:\/\/bikibath.com\/#organization"},"potentialAction":[{"@type":"SearchAction","target":{"@type":"EntryPoint","urlTemplate":"https:\/\/bikibath.com\/?s={search_term_string}"},"query-input":{"@type":"PropertyValueSpecification","valueRequired":true,"valueName":"search_term_string"}}],"inLanguage":"fr-FR"},{"@type":"Organization","@id":"https:\/\/bikibath.com\/#organization","name":"Toilette intelligente BIKI","url":"https:\/\/bikibath.com\/","logo":{"@type":"ImageObject","inLanguage":"fr-FR","@id":"https:\/\/bikibath.com\/#\/schema\/logo\/image\/","url":"https:\/\/bikibath.com\/wp-content\/uploads\/2025\/10\/biki.png","contentUrl":"https:\/\/bikibath.com\/wp-content\/uploads\/2025\/10\/biki.png","width":500,"height":162,"caption":"BIKI Smart Toilet"},"image":{"@id":"https:\/\/bikibath.com\/#\/schema\/logo\/image\/"}}]}},"_links":{"self":[{"href":"https:\/\/bikibath.com\/fr\/wp-json\/wp\/v2\/product\/2860","targetHints":{"allow":["GET"]}}],"collection":[{"href":"https:\/\/bikibath.com\/fr\/wp-json\/wp\/v2\/product"}],"about":[{"href":"https:\/\/bikibath.com\/fr\/wp-json\/wp\/v2\/types\/product"}],"replies":[{"embeddable":true,"href":"https:\/\/bikibath.com\/fr\/wp-json\/wp\/v2\/comments?post=2860"}],"wp:featuredmedia":[{"embeddable":true,"href":"https:\/\/bikibath.com\/fr\/wp-json\/wp\/v2\/media\/3966"}],"wp:attachment":[{"href":"https:\/\/bikibath.com\/fr\/wp-json\/wp\/v2\/media?parent=2860"}],"wp:term":[{"taxonomy":"product_brand","embeddable":true,"href":"https:\/\/bikibath.com\/fr\/wp-json\/wp\/v2\/product_brand?post=2860"},{"taxonomy":"product_cat","embeddable":true,"href":"https:\/\/bikibath.com\/fr\/wp-json\/wp\/v2\/product_cat?post=2860"},{"taxonomy":"product_tag","embeddable":true,"href":"https:\/\/bikibath.com\/fr\/wp-json\/wp\/v2\/product_tag?post=2860"}],"curies":[{"name":"wp","href":"https:\/\/api.w.org\/{rel}","templated":true}]}}