{"id":2704,"date":"2025-10-30T06:02:57","date_gmt":"2025-10-30T06:02:57","guid":{"rendered":"https:\/\/bikibath.com\/?post_type=product&#038;p=2704"},"modified":"2026-01-07T03:25:02","modified_gmt":"2026-01-07T03:25:02","slug":"toilette-a-leau-chaude","status":"publish","type":"product","link":"https:\/\/bikibath.com\/fr\/product\/toilette-a-leau-chaude\/","title":{"rendered":"Toilettes \u00e0 eau chaude : avec bidet et s\u00e9choir pour construire des toilettes intelligentes, en veillant \u00e0 ce que chaque unit\u00e9 r\u00e9ponde aux normes mondiales."},"content":{"rendered":"<p><img decoding=\"async\" class=\"size-full wp-image-2250 aligncenter\" src=\"https:\/\/bikibath.com\/wp-content\/uploads\/2025\/10\/E30x.png\" alt=\"particularit\u00e9s\" width=\"1300\" \/><\/p>\n<div class=\"auto-hide-last-sibling-br paragraph-pP9ZLC paragraph-element br-paragraph-space\" style=\"display: none;\">\n<h1 class=\"header-iWP5WJ auto-hide-last-sibling-br\">Toilettes \u00e0 eau chaude : Les solutions sanitaires intelligentes de Global-Standard red\u00e9finissent le confort de la salle de bains<\/h1>\n<div class=\"auto-hide-last-sibling-br paragraph-pP9ZLC paragraph-element br-paragraph-space\">Nous sommes ind\u00e9fectiblement attach\u00e9s \u00e0 une assurance qualit\u00e9 stricte, ne n\u00e9gligeant aucun d\u00e9tail pour garantir que chaque unit\u00e9 - de nos toilettes intelligentes murales innovantes et toilettes \u00e0 chasse d'eau automatique pratiques aux toilettes \u00e0 commande \u00e0 distance conviviales, aux toilettes intelligentes noires \u00e9l\u00e9gantes, aux toilettes sans r\u00e9servoir peu encombrantes, aux toilettes bidet sans r\u00e9servoir multifonctionnelles et aux toilettes confortables avec si\u00e8ge chauffant - respecte et d\u00e9passe les normes mondiales les plus rigoureuses. Notre gamme de produits est con\u00e7ue pour red\u00e9finir l'exp\u00e9rience de la salle de bains moderne, en int\u00e9grant la technologie de pointe, le confort ergonomique et la responsabilit\u00e9 environnementale, tout en respectant les crit\u00e8res d'excellence les plus \u00e9lev\u00e9s.<\/div>\n<h2 class=\"header-iWP5WJ auto-hide-last-sibling-br\">Gamme de produits de base : Fusionner l'innovation et la conception centr\u00e9e sur l'utilisateur<\/h2>\n<div class=\"auto-hide-last-sibling-br paragraph-pP9ZLC paragraph-element br-paragraph-space\">Notre gamme diversifi\u00e9e couvre toutes les exigences de l'assainissement moderne, chaque mod\u00e8le \u00e9tant con\u00e7u pour offrir des performances exceptionnelles :<\/div>\n<ul class=\"auto-hide-last-sibling-br\">\n<li><strong>Toilettes intelligentes suspendues<\/strong>: Un chef-d'\u0153uvre d'\u00e9conomie d'espace pour les salles de bains minimalistes, combinant une esth\u00e9tique \u00e9l\u00e9gante et une fonctionnalit\u00e9 intelligente.<\/li>\n<li><strong>Toilettes \u00e0 chasse automatique<\/strong>: Solutions d'hygi\u00e8ne mains libres id\u00e9ales pour les espaces publics et l'usage r\u00e9sidentiel, \u00e9liminant le contact manuel.<\/li>\n<li><strong>Toilettes t\u00e9l\u00e9command\u00e9es<\/strong>: Un confort personnalisable au bout des doigts, avec des commandes \u00e9tanches pour des r\u00e9glages personnalis\u00e9s.<\/li>\n<li><strong>Toilette intelligente noire<\/strong>: Le style sophistiqu\u00e9 rencontre la performance robuste, avec des finitions r\u00e9sistantes aux rayures et \u00e0 la d\u00e9coloration.<\/li>\n<li><strong>Toilettes sans r\u00e9servoir<\/strong>: Des conceptions \u00e9conomes en eau qui maximisent l'espace tout en minimisant l'impact sur l'environnement.<\/li>\n<li><strong>Toilette bidet sans r\u00e9servoir<\/strong>: Solution d'hygi\u00e8ne tout-en-un, int\u00e9grant des fonctions de lavage \u00e0 l'eau chaude et une efficacit\u00e9 sans r\u00e9servoir.<\/li>\n<li><strong>Toilettes avec si\u00e8ge chauffant<\/strong>: Un confort tout au long de l'ann\u00e9e pour chaque utilisateur, avec des temp\u00e9ratures r\u00e9glables pour r\u00e9pondre aux diff\u00e9rents besoins.<\/li>\n<\/ul>\n<h2 class=\"header-iWP5WJ auto-hide-last-sibling-br\">Un contr\u00f4le de qualit\u00e9 rigoureux : Des mati\u00e8res premi\u00e8res aux produits finis<\/h2>\n<div class=\"auto-hide-last-sibling-br paragraph-pP9ZLC paragraph-element br-paragraph-space\">De la s\u00e9lection des mati\u00e8res premi\u00e8res aux inspections finales de production, chaque \u00e9tape de la fabrication de nos toilettes intelligentes suspendues, toilettes \u00e0 chasse d'eau automatique, toilettes \u00e0 commande \u00e0 distance, toilettes intelligentes noires, toilettes sans r\u00e9servoir, toilettes \u00e0 bidet sans r\u00e9servoir et toilettes avec si\u00e8ge chauffant est r\u00e9gie par des crit\u00e8res internationalement reconnus en mati\u00e8re de s\u00e9curit\u00e9, de performance, de conformit\u00e9 et de fiabilit\u00e9.<\/div>\n<ul class=\"auto-hide-last-sibling-br\">\n<li>Pour les\u00a0<strong>toilettes intelligentes suspendues<\/strong>, Nous nous procurons des mat\u00e9riaux de haute qualit\u00e9 et r\u00e9sistants \u00e0 la corrosion pour garantir l'int\u00e9grit\u00e9 structurelle tout en optimisant l'efficacit\u00e9 de l'espace.<\/li>\n<li>Notre\u00a0<strong>Toilettes \u00e0 chasse d'eau automatique<\/strong>\u00a0sont dot\u00e9s d'une technologie de d\u00e9tection calibr\u00e9e selon les normes d'hygi\u00e8ne mondiales, ce qui r\u00e9duit les risques de contamination crois\u00e9e.<\/li>\n<li>Le\u00a0<strong>toilettes t\u00e9l\u00e9command\u00e9es<\/strong>\u00a0est con\u00e7u avec des commandes intuitives et \u00e9tanches qui respectent les r\u00e8gles d'accessibilit\u00e9 et de durabilit\u00e9.<\/li>\n<li>Le\u00a0<strong>toilettes intelligentes noires<\/strong>\u00a0utilise des finitions \u00e0 faible teneur en COV, r\u00e9sistantes \u00e0 la d\u00e9coloration et conformes aux normes environnementales mondiales.<\/li>\n<li><strong>Toilettes sans r\u00e9servoir<\/strong>\u00a0et\u00a0<strong>bidet sans r\u00e9servoir<\/strong>\u00a0int\u00e8grent des syst\u00e8mes de pompage avanc\u00e9s conformes aux directives mondiales en mati\u00e8re de conservation de l'eau, r\u00e9duisant la consommation d'eau jusqu'\u00e0 50%.<\/li>\n<li>Le\u00a0<strong>toilettes avec si\u00e8ge chauffant<\/strong>\u00a0est \u00e9quip\u00e9 d'\u00e9l\u00e9ments chauffants \u00e0 faible consommation d'\u00e9nergie et sans danger pour la peau, certifi\u00e9s conformes aux normes de s\u00e9curit\u00e9 internationales.<\/li>\n<\/ul>\n<h2 class=\"header-iWP5WJ auto-hide-last-sibling-br\">Tests avanc\u00e9s : Valider les performances de chaque mod\u00e8le<\/h2>\n<div class=\"auto-hide-last-sibling-br paragraph-pP9ZLC paragraph-element br-paragraph-space\">Notre \u00e9quipe sp\u00e9cialis\u00e9e dans le contr\u00f4le de la qualit\u00e9 utilise des technologies de test avanc\u00e9es et des contr\u00f4les manuels m\u00e9ticuleux pour v\u00e9rifier la coh\u00e9rence de tous les produits :<\/div>\n<ul class=\"auto-hide-last-sibling-br\">\n<li><strong>Toilettes intelligentes suspendues<\/strong>: Des tests de r\u00e9sistance \u00e0 la charge et des simulations de durabilit\u00e9 \u00e0 long terme sont effectu\u00e9s pour les composants intelligents, afin de garantir la conformit\u00e9 avec les normes structurelles mondiales.<\/li>\n<li><strong>Toilettes \u00e0 chasse automatique<\/strong>: Tests rigoureux de la pr\u00e9cision des capteurs dans divers sc\u00e9narios d'utilisation et conditions environnementales.<\/li>\n<li><strong>Toilettes t\u00e9l\u00e9command\u00e9es<\/strong>: Essais approfondis concernant l'autonomie de la batterie, la port\u00e9e du signal et la r\u00e9sistance \u00e0 l'eau, conform\u00e9ment aux r\u00e9glementations de l'industrie \u00e9lectronique.<\/li>\n<li><strong>Toilette intelligente noire<\/strong>: La durabilit\u00e9 de la finition est test\u00e9e contre l'abrasion, l'exposition aux UV et les agents de nettoyage afin de conserver son aspect \u00e9l\u00e9gant.<\/li>\n<li><strong>Toilettes sans r\u00e9servoir et toilettes bidet sans r\u00e9servoir<\/strong>: Test de pression pour une performance \u00e9tanche, avec des syst\u00e8mes de lavage \u00e0 l'eau chaude calibr\u00e9s selon les normes d'hygi\u00e8ne mondiales.<\/li>\n<li><strong>Toilettes avec si\u00e8ge chauffant<\/strong>: Tests de protection contre la surchauffe et audits de la consommation d'\u00e9nergie, conformes aux directives internationales en mati\u00e8re d'efficacit\u00e9 \u00e9nerg\u00e9tique.<\/li>\n<\/ul>\n<h2 class=\"header-iWP5WJ auto-hide-last-sibling-br\">Durabilit\u00e9 et centrage sur l'utilisateur : Au-del\u00e0 de la conformit\u00e9<\/h2>\n<div class=\"auto-hide-last-sibling-br paragraph-pP9ZLC paragraph-element br-paragraph-space\">Nous allons au-del\u00e0 des exigences r\u00e9glementaires pour aligner nos produits sur la durabilit\u00e9 environnementale et les mesures de performance centr\u00e9es sur le client :<\/div>\n<ul class=\"auto-hide-last-sibling-br\">\n<li>Tous les mod\u00e8les intelligents (toilettes intelligentes suspendues, toilettes \u00e0 t\u00e9l\u00e9commande, toilettes intelligentes noires) sont dot\u00e9s de modes d'\u00e9conomie d'\u00e9nergie afin de r\u00e9duire la consommation \u00e9lectrique.<\/li>\n<li><strong>Toilettes sans r\u00e9servoir<\/strong>\u00a0et\u00a0<strong>bidet sans r\u00e9servoir<\/strong>\u00a0donnent la priorit\u00e9 \u00e0 l'\u00e9conomie d'eau sans compromettre les performances de rin\u00e7age ou de nettoyage.<\/li>\n<li>Le\u00a0<strong>toilettes avec si\u00e8ge chauffant<\/strong>\u00a0offre des r\u00e9glages de temp\u00e9rature ajustables, pour r\u00e9pondre aux besoins des peaux sensibles et des utilisateurs de climats froids.<\/li>\n<li>Chaque produit est con\u00e7u avec des mat\u00e9riaux \u00e0 faible teneur en COV et des composants recyclables, en accord avec les initiatives \u00e9cologiques mondiales.<\/li>\n<\/ul>\n<h2 class=\"header-iWP5WJ auto-hide-last-sibling-br\">Notre promesse : des produits de qualit\u00e9 mondiale pour un succ\u00e8s mondial<\/h2>\n<div class=\"auto-hide-last-sibling-br paragraph-pP9ZLC paragraph-element br-paragraph-space\">Cette approche rigoureuse n'est pas seulement un processus, c'est une promesse faite aux entreprises et aux utilisateurs finaux du monde entier : chaque toilette intelligente suspendue, toilette \u00e0 chasse d'eau automatique, toilette \u00e0 commande \u00e0 distance, toilette intelligente noire, toilette sans r\u00e9servoir, toilette \u00e0 bidet sans r\u00e9servoir et toilette avec si\u00e8ge chauffant qui porte notre engagement est construite pour r\u00e9sister \u00e0 l'\u00e9preuve des march\u00e9s mondiaux, favoriser la confiance transfrontali\u00e8re et assurer le succ\u00e8s \u00e0 long terme de nos partenaires.<\/div>\n<div class=\"auto-hide-last-sibling-br paragraph-pP9ZLC paragraph-element br-paragraph-space\">En nous alignant sur les normes mondiales, nous \u00e9liminons les obstacles au commerce international, ce qui permet aux marques de se d\u00e9velopper en toute confiance sur divers march\u00e9s :<\/div>\n<ul class=\"auto-hide-last-sibling-br\">\n<li><strong>Toilettes intelligentes suspendues<\/strong>: Parfait pour les appartements urbains et les projets r\u00e9sidentiels modernes.<\/li>\n<li><strong>Toilettes \u00e0 chasse automatique<\/strong>: Id\u00e9al pour les espaces commerciaux, les h\u00f4tels et les installations publiques.<\/li>\n<li><strong>Toilettes t\u00e9l\u00e9command\u00e9es<\/strong>: Un choix de premier ordre pour les maisons de luxe \u00e0 la recherche d'un confort personnalisable.<\/li>\n<li><strong>Toilette intelligente noire<\/strong>: \u00c9l\u00e8ve les int\u00e9rieurs modernes dans les r\u00e9sidences haut de gamme et l'h\u00f4tellerie.<\/li>\n<li><strong>Toilettes sans r\u00e9servoir<\/strong>: Convient aux b\u00e2timents \u00e9cologiques et aux r\u00e9gions o\u00f9 l'eau est rare.<\/li>\n<li><strong>Toilette bidet sans r\u00e9servoir<\/strong>: Un choix de premier ordre pour les consommateurs soucieux de leur sant\u00e9 et les espaces ax\u00e9s sur le bien-\u00eatre.<\/li>\n<li><strong>Toilettes avec si\u00e8ge chauffant<\/strong>: Essentiel pour les climats froids et les utilisateurs qui privil\u00e9gient le confort tout au long de l'ann\u00e9e.<\/li>\n<\/ul>\n<h2 class=\"header-iWP5WJ auto-hide-last-sibling-br\">Conclusion : Red\u00e9finir l'assainissement gr\u00e2ce \u00e0 l'excellence mondiale<\/h2>\n<div class=\"auto-hide-last-sibling-br paragraph-pP9ZLC paragraph-element br-paragraph-space\">Dans les moindres d\u00e9tails, de la s\u00e9lection des mat\u00e9riaux \u00e0 l'inspection finale, nous respectons notre engagement en mati\u00e8re de qualit\u00e9, en veillant \u00e0 ce que chaque produit soit non seulement conforme aux normes internationales, mais qu'il red\u00e9finisse les attentes des utilisateurs en ce qui concerne les toilettes \u00e0 eau chaude. Avec notre gamme diversifi\u00e9e de toilettes intelligentes suspendues, de toilettes \u00e0 chasse d'eau automatique, de toilettes \u00e0 t\u00e9l\u00e9commande, de toilettes intelligentes noires, de toilettes sans r\u00e9servoir, de toilettes \u00e0 bidet sans r\u00e9servoir et de toilettes \u00e0 si\u00e8ge chauffant, nous offrons une valeur qui transcende les fronti\u00e8res, alliant performance, s\u00e9curit\u00e9, durabilit\u00e9 et confort pour assurer le succ\u00e8s \u00e0 long terme de nos partenaires et la satisfaction des utilisateurs finaux dans le monde entier.<\/div>\n<\/div>","protected":false},"excerpt":{"rendered":"<div class=\"pro_desc\">\n<table cellspacing=\"0\" cellpadding=\"0\">\n<tbody>\n<tr>\n<td>Num\u00e9ro de mod\u00e8le :<\/td>\n<td>E30<\/td>\n<\/tr>\n<tr>\n<td>Structure<\/td>\n<td>Petit cadre en fer<\/td>\n<\/tr>\n<tr>\n<td>Taille\uff1a<\/td>\n<td>590*380*370mm<\/td>\n<\/tr>\n<tr>\n<td>Syst\u00e8me de rin\u00e7age\uff1a<\/td>\n<td>Drainage des murs<\/td>\n<\/tr>\n<tr>\n<td>M\u00e9thode d'\u00e9rosion\uff1a<\/td>\n<td>Mod\u00e8le de r\u00e9servoir d'eau<\/td>\n<\/tr>\n<tr>\n<td>MOQ\uff1a<\/td>\n<td>1 ensembles<\/td>\n<\/tr>\n<tr>\n<td>D\u00e9lai de livraison\uff1a<\/td>\n<td>7-15 jours<\/td>\n<\/tr>\n<\/tbody>\n<\/table>\n<\/div>","protected":false},"featured_media":2858,"comment_status":"open","ping_status":"closed","template":"","meta":{"_acf_changed":false},"product_brand":[],"product_cat":[28],"product_tag":[],"class_list":{"0":"post-2704","1":"product","2":"type-product","3":"status-publish","4":"has-post-thumbnail","6":"product_cat-smart-toilet","8":"first","9":"instock","10":"shipping-taxable","11":"product-type-simple"},"acf":[],"yoast_head":"<!-- This site is optimized with the Yoast SEO Premium plugin v23.6 (Yoast SEO v26.3) - https:\/\/yoast.com\/wordpress\/plugins\/seo\/ -->\n<title>Warm Water Wash Toilet - BIKI Smart Toilet<\/title>\n<meta name=\"description\" content=\"We prioritize strict quality checks, ensuring every unit meets global standards for safety, compliance, Warm Water Wash Toilet.\" \/>\n<meta name=\"robots\" content=\"index, follow, max-snippet:-1, max-image-preview:large, max-video-preview:-1\" \/>\n<link rel=\"canonical\" href=\"https:\/\/bikibath.com\/fr\/product\/toilette-a-leau-chaude\/\" \/>\n<meta property=\"og:locale\" content=\"fr_FR\" \/>\n<meta property=\"og:type\" content=\"article\" \/>\n<meta property=\"og:title\" content=\"Warm Water Wash Toilet : With Bidet and Dryer to Build Smart Toilets, Ensuring Every Unit Meets Global Standards.\" \/>\n<meta property=\"og:description\" content=\"We prioritize strict quality checks, ensuring every unit meets global standards for safety, compliance, Warm Water Wash Toilet.\" \/>\n<meta property=\"og:url\" content=\"https:\/\/bikibath.com\/fr\/product\/toilette-a-leau-chaude\/\" \/>\n<meta property=\"og:site_name\" content=\"BIKI Smart Toilet\" \/>\n<meta property=\"article:modified_time\" content=\"2026-01-07T03:25:02+00:00\" \/>\n<meta property=\"og:image\" content=\"https:\/\/bikibath.com\/wp-content\/uploads\/2025\/10\/E30-5.png\" \/>\n\t<meta property=\"og:image:width\" content=\"1000\" \/>\n\t<meta property=\"og:image:height\" content=\"1000\" \/>\n\t<meta property=\"og:image:type\" content=\"image\/png\" \/>\n<meta name=\"twitter:card\" content=\"summary_large_image\" \/>\n<meta name=\"twitter:label1\" content=\"Dur\u00e9e de lecture estim\u00e9e\" \/>\n\t<meta name=\"twitter:data1\" content=\"5 minutes\" \/>\n<script type=\"application\/ld+json\" class=\"yoast-schema-graph\">{\"@context\":\"https:\/\/schema.org\",\"@graph\":[{\"@type\":\"WebPage\",\"@id\":\"https:\/\/bikibath.com\/product\/warm-water-wash-toilet\/\",\"url\":\"https:\/\/bikibath.com\/product\/warm-water-wash-toilet\/\",\"name\":\"Warm Water Wash Toilet - BIKI Smart Toilet\",\"isPartOf\":{\"@id\":\"https:\/\/bikibath.com\/#website\"},\"primaryImageOfPage\":{\"@id\":\"https:\/\/bikibath.com\/product\/warm-water-wash-toilet\/#primaryimage\"},\"image\":{\"@id\":\"https:\/\/bikibath.com\/product\/warm-water-wash-toilet\/#primaryimage\"},\"thumbnailUrl\":\"https:\/\/bikibath.com\/wp-content\/uploads\/2025\/10\/E30-5.png\",\"datePublished\":\"2025-10-30T06:02:57+00:00\",\"dateModified\":\"2026-01-07T03:25:02+00:00\",\"description\":\"We prioritize strict quality checks, ensuring every unit meets global standards for safety, compliance, Warm Water Wash Toilet.\",\"breadcrumb\":{\"@id\":\"https:\/\/bikibath.com\/product\/warm-water-wash-toilet\/#breadcrumb\"},\"inLanguage\":\"fr-FR\",\"potentialAction\":[{\"@type\":\"ReadAction\",\"target\":[\"https:\/\/bikibath.com\/product\/warm-water-wash-toilet\/\"]}]},{\"@type\":\"ImageObject\",\"inLanguage\":\"fr-FR\",\"@id\":\"https:\/\/bikibath.com\/product\/warm-water-wash-toilet\/#primaryimage\",\"url\":\"https:\/\/bikibath.com\/wp-content\/uploads\/2025\/10\/E30-5.png\",\"contentUrl\":\"https:\/\/bikibath.com\/wp-content\/uploads\/2025\/10\/E30-5.png\",\"width\":1000,\"height\":1000},{\"@type\":\"BreadcrumbList\",\"@id\":\"https:\/\/bikibath.com\/product\/warm-water-wash-toilet\/#breadcrumb\",\"itemListElement\":[{\"@type\":\"ListItem\",\"position\":1,\"name\":\"Home\",\"item\":\"https:\/\/bikibath.com\/\"},{\"@type\":\"ListItem\",\"position\":2,\"name\":\"Product\",\"item\":\"https:\/\/bikibath.com\/product\/\"},{\"@type\":\"ListItem\",\"position\":3,\"name\":\"Warm Water Wash Toilet : With Bidet and Dryer to Build Smart Toilets, Ensuring Every Unit Meets Global Standards.\"}]},{\"@type\":\"WebSite\",\"@id\":\"https:\/\/bikibath.com\/#website\",\"url\":\"https:\/\/bikibath.com\/\",\"name\":\"BIKI Smart Toilet\",\"description\":\"Elevate Every Daily Comfort\",\"publisher\":{\"@id\":\"https:\/\/bikibath.com\/#organization\"},\"potentialAction\":[{\"@type\":\"SearchAction\",\"target\":{\"@type\":\"EntryPoint\",\"urlTemplate\":\"https:\/\/bikibath.com\/?s={search_term_string}\"},\"query-input\":{\"@type\":\"PropertyValueSpecification\",\"valueRequired\":true,\"valueName\":\"search_term_string\"}}],\"inLanguage\":\"fr-FR\"},{\"@type\":\"Organization\",\"@id\":\"https:\/\/bikibath.com\/#organization\",\"name\":\"BIKI Smart Toilet\",\"url\":\"https:\/\/bikibath.com\/\",\"logo\":{\"@type\":\"ImageObject\",\"inLanguage\":\"fr-FR\",\"@id\":\"https:\/\/bikibath.com\/#\/schema\/logo\/image\/\",\"url\":\"https:\/\/bikibath.com\/wp-content\/uploads\/2025\/10\/biki.png\",\"contentUrl\":\"https:\/\/bikibath.com\/wp-content\/uploads\/2025\/10\/biki.png\",\"width\":500,\"height\":162,\"caption\":\"BIKI Smart Toilet\"},\"image\":{\"@id\":\"https:\/\/bikibath.com\/#\/schema\/logo\/image\/\"}}]}<\/script>\n<!-- \/ Yoast SEO Premium plugin. -->","yoast_head_json":{"title":"Toilettes \u00e0 eau chaude - BIKI Smart Toilet","description":"Nous accordons la priorit\u00e9 \u00e0 des contr\u00f4les de qualit\u00e9 stricts, garantissant que chaque unit\u00e9 r\u00e9pond aux normes mondiales en mati\u00e8re de s\u00e9curit\u00e9, de conformit\u00e9, de toilettes \u00e0 eau chaude.","robots":{"index":"index","follow":"follow","max-snippet":"max-snippet:-1","max-image-preview":"max-image-preview:large","max-video-preview":"max-video-preview:-1"},"canonical":"https:\/\/bikibath.com\/fr\/product\/toilette-a-leau-chaude\/","og_locale":"fr_FR","og_type":"article","og_title":"Warm Water Wash Toilet : With Bidet and Dryer to Build Smart Toilets, Ensuring Every Unit Meets Global Standards.","og_description":"We prioritize strict quality checks, ensuring every unit meets global standards for safety, compliance, Warm Water Wash Toilet.","og_url":"https:\/\/bikibath.com\/fr\/product\/toilette-a-leau-chaude\/","og_site_name":"BIKI Smart Toilet","article_modified_time":"2026-01-07T03:25:02+00:00","og_image":[{"width":1000,"height":1000,"url":"https:\/\/bikibath.com\/wp-content\/uploads\/2025\/10\/E30-5.png","type":"image\/png"}],"twitter_card":"summary_large_image","twitter_misc":{"Dur\u00e9e de lecture estim\u00e9e":"5 minutes"},"schema":{"@context":"https:\/\/schema.org","@graph":[{"@type":"WebPage","@id":"https:\/\/bikibath.com\/product\/warm-water-wash-toilet\/","url":"https:\/\/bikibath.com\/product\/warm-water-wash-toilet\/","name":"Toilettes \u00e0 eau chaude - BIKI Smart Toilet","isPartOf":{"@id":"https:\/\/bikibath.com\/#website"},"primaryImageOfPage":{"@id":"https:\/\/bikibath.com\/product\/warm-water-wash-toilet\/#primaryimage"},"image":{"@id":"https:\/\/bikibath.com\/product\/warm-water-wash-toilet\/#primaryimage"},"thumbnailUrl":"https:\/\/bikibath.com\/wp-content\/uploads\/2025\/10\/E30-5.png","datePublished":"2025-10-30T06:02:57+00:00","dateModified":"2026-01-07T03:25:02+00:00","description":"Nous accordons la priorit\u00e9 \u00e0 des contr\u00f4les de qualit\u00e9 stricts, garantissant que chaque unit\u00e9 r\u00e9pond aux normes mondiales en mati\u00e8re de s\u00e9curit\u00e9, de conformit\u00e9, de toilettes \u00e0 eau chaude.","breadcrumb":{"@id":"https:\/\/bikibath.com\/product\/warm-water-wash-toilet\/#breadcrumb"},"inLanguage":"fr-FR","potentialAction":[{"@type":"ReadAction","target":["https:\/\/bikibath.com\/product\/warm-water-wash-toilet\/"]}]},{"@type":"ImageObject","inLanguage":"fr-FR","@id":"https:\/\/bikibath.com\/product\/warm-water-wash-toilet\/#primaryimage","url":"https:\/\/bikibath.com\/wp-content\/uploads\/2025\/10\/E30-5.png","contentUrl":"https:\/\/bikibath.com\/wp-content\/uploads\/2025\/10\/E30-5.png","width":1000,"height":1000},{"@type":"BreadcrumbList","@id":"https:\/\/bikibath.com\/product\/warm-water-wash-toilet\/#breadcrumb","itemListElement":[{"@type":"ListItem","position":1,"name":"Home","item":"https:\/\/bikibath.com\/"},{"@type":"ListItem","position":2,"name":"Product","item":"https:\/\/bikibath.com\/product\/"},{"@type":"ListItem","position":3,"name":"Warm Water Wash Toilet : With Bidet and Dryer to Build Smart Toilets, Ensuring Every Unit Meets Global Standards."}]},{"@type":"WebSite","@id":"https:\/\/bikibath.com\/#website","url":"https:\/\/bikibath.com\/","name":"Toilette intelligente BIKI","description":"Am\u00e9liorez votre confort quotidien","publisher":{"@id":"https:\/\/bikibath.com\/#organization"},"potentialAction":[{"@type":"SearchAction","target":{"@type":"EntryPoint","urlTemplate":"https:\/\/bikibath.com\/?s={search_term_string}"},"query-input":{"@type":"PropertyValueSpecification","valueRequired":true,"valueName":"search_term_string"}}],"inLanguage":"fr-FR"},{"@type":"Organization","@id":"https:\/\/bikibath.com\/#organization","name":"Toilette intelligente BIKI","url":"https:\/\/bikibath.com\/","logo":{"@type":"ImageObject","inLanguage":"fr-FR","@id":"https:\/\/bikibath.com\/#\/schema\/logo\/image\/","url":"https:\/\/bikibath.com\/wp-content\/uploads\/2025\/10\/biki.png","contentUrl":"https:\/\/bikibath.com\/wp-content\/uploads\/2025\/10\/biki.png","width":500,"height":162,"caption":"BIKI Smart Toilet"},"image":{"@id":"https:\/\/bikibath.com\/#\/schema\/logo\/image\/"}}]}},"_links":{"self":[{"href":"https:\/\/bikibath.com\/fr\/wp-json\/wp\/v2\/product\/2704","targetHints":{"allow":["GET"]}}],"collection":[{"href":"https:\/\/bikibath.com\/fr\/wp-json\/wp\/v2\/product"}],"about":[{"href":"https:\/\/bikibath.com\/fr\/wp-json\/wp\/v2\/types\/product"}],"replies":[{"embeddable":true,"href":"https:\/\/bikibath.com\/fr\/wp-json\/wp\/v2\/comments?post=2704"}],"wp:featuredmedia":[{"embeddable":true,"href":"https:\/\/bikibath.com\/fr\/wp-json\/wp\/v2\/media\/2858"}],"wp:attachment":[{"href":"https:\/\/bikibath.com\/fr\/wp-json\/wp\/v2\/media?parent=2704"}],"wp:term":[{"taxonomy":"product_brand","embeddable":true,"href":"https:\/\/bikibath.com\/fr\/wp-json\/wp\/v2\/product_brand?post=2704"},{"taxonomy":"product_cat","embeddable":true,"href":"https:\/\/bikibath.com\/fr\/wp-json\/wp\/v2\/product_cat?post=2704"},{"taxonomy":"product_tag","embeddable":true,"href":"https:\/\/bikibath.com\/fr\/wp-json\/wp\/v2\/product_tag?post=2704"}],"curies":[{"name":"wp","href":"https:\/\/api.w.org\/{rel}","templated":true}]}}