{"id":2684,"date":"2025-10-30T03:30:50","date_gmt":"2025-10-30T03:30:50","guid":{"rendered":"https:\/\/bikibath.com\/?post_type=product&#038;p=2684"},"modified":"2025-12-06T06:45:39","modified_gmt":"2025-12-06T06:45:39","slug":"toilettes-intelligentes-pour-salles-de-bains-europeennes-chasse-deau-silencieuse-siege-chauffant-installation-facile","status":"publish","type":"product","link":"https:\/\/bikibath.com\/fr\/product\/toilettes-intelligentes-pour-salles-de-bains-europeennes-chasse-deau-silencieuse-siege-chauffant-installation-facile\/","title":{"rendered":"Toilettes intelligentes pour les salles de bains europ\u00e9ennes : Chasse d'eau silencieuse, si\u00e8ge chauffant et installation facile"},"content":{"rendered":"<p><img fetchpriority=\"high\" decoding=\"async\" class=\"aligncenter wp-image-2250 size-full\" src=\"https:\/\/bikibath.com\/wp-content\/uploads\/2025\/10\/E21.png\" alt=\"Toilettes intelligentes Quiet Flush\" width=\"1440\" height=\"2151\" \/><\/p>\n<div style=\"display: none;\">\n<h1 class=\"header-iWP5WJ auto-hide-last-sibling-br\">Toilette intelligente Quiet Flush : Votre ticket pour une salle de bains paisible et hygi\u00e9nique<\/h1>\n<div class=\"auto-hide-last-sibling-br paragraph-pP9ZLC paragraph-element br-paragraph-space\">Vous en avez assez d'\u00eatre r\u00e9veill\u00e9 en sursaut par une chasse d'eau bruyante ou d'\u00eatre g\u00ean\u00e9 par les bruits d'\u00e9cho lorsque vous recevez des invit\u00e9s ? Les\u00a0<strong>toilettes intelligentes \u00e0 chasse d'eau silencieuse<\/strong>\u00a0est l\u00e0 pour r\u00e9soudre ce probl\u00e8me, en associant des performances silencieuses au confort et \u00e0 l'hygi\u00e8ne modernes. Plus besoin de choisir entre la puissance et la tranquillit\u00e9 ; cette am\u00e9lioration de la salle de bains change la donne pour les personnes qui ont le sommeil l\u00e9ger, celles qui habitent dans des espaces restreints et toutes celles qui tiennent \u00e0 avoir une maison sereine. Voyons pourquoi il vaut la peine de changer, quelles sont ses principales caract\u00e9ristiques et ce qu'il faut en attendre.<\/div>\n<h2 class=\"header-iWP5WJ auto-hide-last-sibling-br\">Pourquoi les toilettes traditionnelles ne sont pas \u00e0 la hauteur (et la chasse d'eau silencieuse y rem\u00e9die)<\/h2>\n<div class=\"auto-hide-last-sibling-br paragraph-pP9ZLC paragraph-element br-paragraph-space\">Les toilettes standard sont bruyantes (70-80 d\u00e9cibels - plus bruyantes qu'une conversation) et gaspillent (3-5 gallons par chasse d'eau). Les mod\u00e8les \u00e0 chasse d'eau silencieuse r\u00e8glent les deux probl\u00e8mes : ils fonctionnent \u00e0 30-40 dB (plus silencieux qu'un murmure de biblioth\u00e8que) et consomment 1,28 gallon ou moins par chasse d'eau. Plus besoin de perturber le sommeil, d'ennuyer les voisins ou de payer des factures d'eau trop \u00e9lev\u00e9es.<\/div>\n<h2 class=\"header-iWP5WJ auto-hide-last-sibling-br\">Comment ils restent silencieux (sans sacrifier la propret\u00e9)<\/h2>\n<div class=\"auto-hide-last-sibling-br paragraph-pP9ZLC paragraph-element br-paragraph-space\">La magie r\u00e9side dans l'ing\u00e9nierie intelligente :<\/div>\n<ul class=\"auto-hide-last-sibling-br\">\n<li><strong>Vortex\/Spiral Flush<\/strong>: L'eau tourbillonne dans un mouvement circulaire, utilisant la force centrifuge pour \u00e9liminer les d\u00e9chets silencieusement - pas de gargouillis ni d'\u00e9claboussures.<\/li>\n<li><strong>Conception de l'insonorisation<\/strong>: Les r\u00e9servoirs isol\u00e9s et les joints en caoutchouc retiennent le bruit, m\u00eame dans les mod\u00e8les \u00e0 pression assist\u00e9e.<\/li>\n<li><strong>Double chasse d'eau<\/strong>: Chasse d'eau l\u00e9g\u00e8re (d\u00e9chets liquides) pour plus de silence, chasse d'eau compl\u00e8te (d\u00e9chets solides) pour plus de puissance, ce qui permet \u00e9galement d'\u00e9conomiser de l'eau.<\/li>\n<\/ul>\n<h2 class=\"header-iWP5WJ auto-hide-last-sibling-br\">Fonctions intelligentes indispensables<\/h2>\n<div class=\"auto-hide-last-sibling-br paragraph-pP9ZLC paragraph-element br-paragraph-space\">Au-del\u00e0 d'une chasse d'eau silencieuse, ces toilettes am\u00e9liorent votre routine :<\/div>\n<ul class=\"auto-hide-last-sibling-br\">\n<li><strong>Si\u00e8ge chauffant<\/strong>: Temp\u00e9ratures r\u00e9glables pour un confort tout au long de l'ann\u00e9e (fini les coups de froid !).<\/li>\n<li><strong>Bidet encastr\u00e9<\/strong>: Lavage avant\/arri\u00e8re avec pression\/temp\u00e9rature r\u00e9glable - \u00e9cologique (moins de papier toilette) et plus doux pour la peau.<\/li>\n<li><strong>Fonctionnement mains libres<\/strong>: Des capteurs de mouvement soul\u00e8vent le si\u00e8ge et le rincent automatiquement - hygi\u00e9nique et pratique.<\/li>\n<li><strong>Bol autonettoyant<\/strong>: Des \u00e9maux sp\u00e9ciaux repoussent la salet\u00e9 et les bact\u00e9ries, ce qui r\u00e9duit le nombre de nettoyages.<\/li>\n<\/ul>\n<h2 class=\"header-iWP5WJ auto-hide-last-sibling-br\">Qui en profite le plus ?<\/h2>\n<ul class=\"auto-hide-last-sibling-br\">\n<li>Dormeurs l\u00e9gers et familles (pas de perturbations \u00e0 minuit).<\/li>\n<li>Les habitants d'appartements (calme = voisins heureux).<\/li>\n<li>Propri\u00e9taires soucieux de l'environnement (\u00e9conomies d'eau et de papier toilette).<\/li>\n<li>Utilisateurs \u00e2g\u00e9s ou handicap\u00e9s (les fonctions mains libres favorisent l'ind\u00e9pendance).<\/li>\n<\/ul>\n<h2 class=\"header-iWP5WJ auto-hide-last-sibling-br\">Conseils d'achat rapide<\/h2>\n<ul class=\"auto-hide-last-sibling-br\">\n<li>Donner la priorit\u00e9 \u00e0 un niveau de bruit de 30 \u00e0 40 dB.<\/li>\n<li>Recherchez des robinets de 1,28 GPF ou moins (\u00e9conomes en eau).<\/li>\n<li>Choisissez le bidet et le si\u00e8ge chauffant si le confort est essentiel.<\/li>\n<li>Optez pour un \u00e9mail autonettoyant afin de r\u00e9duire l'entretien.<\/li>\n<\/ul>\n<h2 class=\"header-iWP5WJ auto-hide-last-sibling-br\">Derni\u00e8re r\u00e9flexion<\/h2>\n<div class=\"auto-hide-last-sibling-br paragraph-pP9ZLC paragraph-element br-paragraph-space\">Des toilettes intelligentes \u00e0 chasse d'eau silencieuse ne sont pas seulement un luxe, c'est aussi une am\u00e9lioration pratique qui rend la vie quotidienne plus calme, plus propre et plus pratique. Laissez tomber les toilettes bruyantes et inutiles et transformez votre salle de bains en un lieu de retraite paisible. Votre sommeil, vos voisins et votre hygi\u00e8ne vous remercieront !<\/div>\n<div class=\"ace-line\" dir=\"auto\" data-node=\"true\"><\/div>\n<\/div>","protected":false},"excerpt":{"rendered":"<div class=\"pro_desc\">\n<table cellspacing=\"0\" cellpadding=\"0\">\n<tbody>\n<tr>\n<td>Num\u00e9ro de mod\u00e8le :<\/td>\n<td>E20<\/td>\n<\/tr>\n<tr>\n<td>Structure<\/td>\n<td>Petit cadre en fer<\/td>\n<\/tr>\n<tr>\n<td>Taille\uff1a<\/td>\n<td>590*380*370mm<\/td>\n<\/tr>\n<tr>\n<td>Syst\u00e8me de rin\u00e7age\uff1a<\/td>\n<td>Drainage des murs<\/td>\n<\/tr>\n<tr>\n<td>M\u00e9thode d'\u00e9rosion\uff1a<\/td>\n<td>Mod\u00e8le de r\u00e9servoir d'eau<\/td>\n<\/tr>\n<tr>\n<td>MOQ\uff1a<\/td>\n<td>1 ensembles<\/td>\n<\/tr>\n<tr>\n<td>D\u00e9lai de livraison\uff1a<\/td>\n<td>7-15 jours<\/td>\n<\/tr>\n<\/tbody>\n<\/table>\n<\/div>","protected":false},"featured_media":2857,"comment_status":"open","ping_status":"closed","template":"","meta":{"_acf_changed":false},"product_brand":[],"product_cat":[28],"product_tag":[],"class_list":{"0":"post-2684","1":"product","2":"type-product","3":"status-publish","4":"has-post-thumbnail","6":"product_cat-smart-toilet","8":"first","9":"instock","10":"shipping-taxable","11":"product-type-simple"},"acf":[],"yoast_head":"<!-- This site is optimized with the Yoast SEO Premium plugin v23.6 (Yoast SEO v26.3) - https:\/\/yoast.com\/wordpress\/plugins\/seo\/ -->\n<title>Quiet Flush smart toilet Heated Seat &amp; Easy Installation - BIKI Smart Toilet<\/title>\n<meta name=\"description\" content=\"Experience the Quiet Flush smart toilet\u2014enjoy whisper-quiet flushing, smart convenience, and sleek design for a peaceful.\" \/>\n<meta name=\"robots\" content=\"index, follow, max-snippet:-1, max-image-preview:large, max-video-preview:-1\" \/>\n<link rel=\"canonical\" href=\"https:\/\/bikibath.com\/fr\/product\/toilettes-intelligentes-pour-salles-de-bains-europeennes-chasse-deau-silencieuse-siege-chauffant-installation-facile\/\" \/>\n<meta property=\"og:locale\" content=\"fr_FR\" \/>\n<meta property=\"og:type\" content=\"article\" \/>\n<meta property=\"og:title\" content=\"Smart Toilets for European Bathrooms: Quiet Flush, Heated Seat &amp; Easy Installation\" \/>\n<meta property=\"og:description\" content=\"Experience the Quiet Flush smart toilet\u2014enjoy whisper-quiet flushing, smart convenience, and sleek design for a peaceful.\" \/>\n<meta property=\"og:url\" content=\"https:\/\/bikibath.com\/fr\/product\/toilettes-intelligentes-pour-salles-de-bains-europeennes-chasse-deau-silencieuse-siege-chauffant-installation-facile\/\" \/>\n<meta property=\"og:site_name\" content=\"BIKI Smart Toilet\" \/>\n<meta property=\"article:modified_time\" content=\"2025-12-06T06:45:39+00:00\" \/>\n<meta property=\"og:image\" content=\"https:\/\/bikibath.com\/wp-content\/uploads\/2025\/10\/1-1-2.png\" \/>\n\t<meta property=\"og:image:width\" content=\"1000\" \/>\n\t<meta property=\"og:image:height\" content=\"1000\" \/>\n\t<meta property=\"og:image:type\" content=\"image\/png\" \/>\n<meta name=\"twitter:card\" content=\"summary_large_image\" \/>\n<meta name=\"twitter:label1\" content=\"Dur\u00e9e de lecture estim\u00e9e\" \/>\n\t<meta name=\"twitter:data1\" content=\"3 minutes\" \/>\n<script type=\"application\/ld+json\" class=\"yoast-schema-graph\">{\"@context\":\"https:\/\/schema.org\",\"@graph\":[{\"@type\":\"WebPage\",\"@id\":\"https:\/\/bikibath.com\/product\/smart-toilets-for-european-bathrooms-quiet-flush-heated-seat-easy-installation\/\",\"url\":\"https:\/\/bikibath.com\/product\/smart-toilets-for-european-bathrooms-quiet-flush-heated-seat-easy-installation\/\",\"name\":\"Quiet Flush smart toilet Heated Seat & Easy Installation - BIKI Smart Toilet\",\"isPartOf\":{\"@id\":\"https:\/\/bikibath.com\/#website\"},\"primaryImageOfPage\":{\"@id\":\"https:\/\/bikibath.com\/product\/smart-toilets-for-european-bathrooms-quiet-flush-heated-seat-easy-installation\/#primaryimage\"},\"image\":{\"@id\":\"https:\/\/bikibath.com\/product\/smart-toilets-for-european-bathrooms-quiet-flush-heated-seat-easy-installation\/#primaryimage\"},\"thumbnailUrl\":\"https:\/\/bikibath.com\/wp-content\/uploads\/2025\/10\/1-1-2.png\",\"datePublished\":\"2025-10-30T03:30:50+00:00\",\"dateModified\":\"2025-12-06T06:45:39+00:00\",\"description\":\"Experience the Quiet Flush smart toilet\u2014enjoy whisper-quiet flushing, smart convenience, and sleek design for a peaceful.\",\"breadcrumb\":{\"@id\":\"https:\/\/bikibath.com\/product\/smart-toilets-for-european-bathrooms-quiet-flush-heated-seat-easy-installation\/#breadcrumb\"},\"inLanguage\":\"fr-FR\",\"potentialAction\":[{\"@type\":\"ReadAction\",\"target\":[\"https:\/\/bikibath.com\/product\/smart-toilets-for-european-bathrooms-quiet-flush-heated-seat-easy-installation\/\"]}]},{\"@type\":\"ImageObject\",\"inLanguage\":\"fr-FR\",\"@id\":\"https:\/\/bikibath.com\/product\/smart-toilets-for-european-bathrooms-quiet-flush-heated-seat-easy-installation\/#primaryimage\",\"url\":\"https:\/\/bikibath.com\/wp-content\/uploads\/2025\/10\/1-1-2.png\",\"contentUrl\":\"https:\/\/bikibath.com\/wp-content\/uploads\/2025\/10\/1-1-2.png\",\"width\":1000,\"height\":1000},{\"@type\":\"BreadcrumbList\",\"@id\":\"https:\/\/bikibath.com\/product\/smart-toilets-for-european-bathrooms-quiet-flush-heated-seat-easy-installation\/#breadcrumb\",\"itemListElement\":[{\"@type\":\"ListItem\",\"position\":1,\"name\":\"Home\",\"item\":\"https:\/\/bikibath.com\/\"},{\"@type\":\"ListItem\",\"position\":2,\"name\":\"Product\",\"item\":\"https:\/\/bikibath.com\/product\/\"},{\"@type\":\"ListItem\",\"position\":3,\"name\":\"Smart Toilets for European Bathrooms: Quiet Flush, Heated Seat &#038; Easy Installation\"}]},{\"@type\":\"WebSite\",\"@id\":\"https:\/\/bikibath.com\/#website\",\"url\":\"https:\/\/bikibath.com\/\",\"name\":\"BIKI Smart Toilet\",\"description\":\"Elevate Every Daily Comfort\",\"publisher\":{\"@id\":\"https:\/\/bikibath.com\/#organization\"},\"potentialAction\":[{\"@type\":\"SearchAction\",\"target\":{\"@type\":\"EntryPoint\",\"urlTemplate\":\"https:\/\/bikibath.com\/?s={search_term_string}\"},\"query-input\":{\"@type\":\"PropertyValueSpecification\",\"valueRequired\":true,\"valueName\":\"search_term_string\"}}],\"inLanguage\":\"fr-FR\"},{\"@type\":\"Organization\",\"@id\":\"https:\/\/bikibath.com\/#organization\",\"name\":\"BIKI Smart Toilet\",\"url\":\"https:\/\/bikibath.com\/\",\"logo\":{\"@type\":\"ImageObject\",\"inLanguage\":\"fr-FR\",\"@id\":\"https:\/\/bikibath.com\/#\/schema\/logo\/image\/\",\"url\":\"https:\/\/bikibath.com\/wp-content\/uploads\/2025\/10\/biki.png\",\"contentUrl\":\"https:\/\/bikibath.com\/wp-content\/uploads\/2025\/10\/biki.png\",\"width\":500,\"height\":162,\"caption\":\"BIKI Smart Toilet\"},\"image\":{\"@id\":\"https:\/\/bikibath.com\/#\/schema\/logo\/image\/\"}}]}<\/script>\n<!-- \/ Yoast SEO Premium plugin. -->","yoast_head_json":{"title":"Toilette intelligente Quiet Flush Si\u00e8ge chauffant et installation facile - BIKI Smart Toilet","description":"Faites l'exp\u00e9rience des toilettes intelligentes Quiet Flush - profitez d'une chasse d'eau silencieuse, d'une commodit\u00e9 intelligente et d'un design \u00e9l\u00e9gant pour une vie paisible.","robots":{"index":"index","follow":"follow","max-snippet":"max-snippet:-1","max-image-preview":"max-image-preview:large","max-video-preview":"max-video-preview:-1"},"canonical":"https:\/\/bikibath.com\/fr\/product\/toilettes-intelligentes-pour-salles-de-bains-europeennes-chasse-deau-silencieuse-siege-chauffant-installation-facile\/","og_locale":"fr_FR","og_type":"article","og_title":"Smart Toilets for European Bathrooms: Quiet Flush, Heated Seat & Easy Installation","og_description":"Experience the Quiet Flush smart toilet\u2014enjoy whisper-quiet flushing, smart convenience, and sleek design for a peaceful.","og_url":"https:\/\/bikibath.com\/fr\/product\/toilettes-intelligentes-pour-salles-de-bains-europeennes-chasse-deau-silencieuse-siege-chauffant-installation-facile\/","og_site_name":"BIKI Smart Toilet","article_modified_time":"2025-12-06T06:45:39+00:00","og_image":[{"width":1000,"height":1000,"url":"https:\/\/bikibath.com\/wp-content\/uploads\/2025\/10\/1-1-2.png","type":"image\/png"}],"twitter_card":"summary_large_image","twitter_misc":{"Dur\u00e9e de lecture estim\u00e9e":"3 minutes"},"schema":{"@context":"https:\/\/schema.org","@graph":[{"@type":"WebPage","@id":"https:\/\/bikibath.com\/product\/smart-toilets-for-european-bathrooms-quiet-flush-heated-seat-easy-installation\/","url":"https:\/\/bikibath.com\/product\/smart-toilets-for-european-bathrooms-quiet-flush-heated-seat-easy-installation\/","name":"Toilette intelligente Quiet Flush Si\u00e8ge chauffant et installation facile - BIKI Smart Toilet","isPartOf":{"@id":"https:\/\/bikibath.com\/#website"},"primaryImageOfPage":{"@id":"https:\/\/bikibath.com\/product\/smart-toilets-for-european-bathrooms-quiet-flush-heated-seat-easy-installation\/#primaryimage"},"image":{"@id":"https:\/\/bikibath.com\/product\/smart-toilets-for-european-bathrooms-quiet-flush-heated-seat-easy-installation\/#primaryimage"},"thumbnailUrl":"https:\/\/bikibath.com\/wp-content\/uploads\/2025\/10\/1-1-2.png","datePublished":"2025-10-30T03:30:50+00:00","dateModified":"2025-12-06T06:45:39+00:00","description":"Faites l'exp\u00e9rience des toilettes intelligentes Quiet Flush - profitez d'une chasse d'eau silencieuse, d'une commodit\u00e9 intelligente et d'un design \u00e9l\u00e9gant pour une vie paisible.","breadcrumb":{"@id":"https:\/\/bikibath.com\/product\/smart-toilets-for-european-bathrooms-quiet-flush-heated-seat-easy-installation\/#breadcrumb"},"inLanguage":"fr-FR","potentialAction":[{"@type":"ReadAction","target":["https:\/\/bikibath.com\/product\/smart-toilets-for-european-bathrooms-quiet-flush-heated-seat-easy-installation\/"]}]},{"@type":"ImageObject","inLanguage":"fr-FR","@id":"https:\/\/bikibath.com\/product\/smart-toilets-for-european-bathrooms-quiet-flush-heated-seat-easy-installation\/#primaryimage","url":"https:\/\/bikibath.com\/wp-content\/uploads\/2025\/10\/1-1-2.png","contentUrl":"https:\/\/bikibath.com\/wp-content\/uploads\/2025\/10\/1-1-2.png","width":1000,"height":1000},{"@type":"BreadcrumbList","@id":"https:\/\/bikibath.com\/product\/smart-toilets-for-european-bathrooms-quiet-flush-heated-seat-easy-installation\/#breadcrumb","itemListElement":[{"@type":"ListItem","position":1,"name":"Home","item":"https:\/\/bikibath.com\/"},{"@type":"ListItem","position":2,"name":"Product","item":"https:\/\/bikibath.com\/product\/"},{"@type":"ListItem","position":3,"name":"Smart Toilets for European Bathrooms: Quiet Flush, Heated Seat &#038; Easy Installation"}]},{"@type":"WebSite","@id":"https:\/\/bikibath.com\/#website","url":"https:\/\/bikibath.com\/","name":"Toilette intelligente BIKI","description":"Am\u00e9liorez votre confort quotidien","publisher":{"@id":"https:\/\/bikibath.com\/#organization"},"potentialAction":[{"@type":"SearchAction","target":{"@type":"EntryPoint","urlTemplate":"https:\/\/bikibath.com\/?s={search_term_string}"},"query-input":{"@type":"PropertyValueSpecification","valueRequired":true,"valueName":"search_term_string"}}],"inLanguage":"fr-FR"},{"@type":"Organization","@id":"https:\/\/bikibath.com\/#organization","name":"Toilette intelligente BIKI","url":"https:\/\/bikibath.com\/","logo":{"@type":"ImageObject","inLanguage":"fr-FR","@id":"https:\/\/bikibath.com\/#\/schema\/logo\/image\/","url":"https:\/\/bikibath.com\/wp-content\/uploads\/2025\/10\/biki.png","contentUrl":"https:\/\/bikibath.com\/wp-content\/uploads\/2025\/10\/biki.png","width":500,"height":162,"caption":"BIKI Smart Toilet"},"image":{"@id":"https:\/\/bikibath.com\/#\/schema\/logo\/image\/"}}]}},"_links":{"self":[{"href":"https:\/\/bikibath.com\/fr\/wp-json\/wp\/v2\/product\/2684","targetHints":{"allow":["GET"]}}],"collection":[{"href":"https:\/\/bikibath.com\/fr\/wp-json\/wp\/v2\/product"}],"about":[{"href":"https:\/\/bikibath.com\/fr\/wp-json\/wp\/v2\/types\/product"}],"replies":[{"embeddable":true,"href":"https:\/\/bikibath.com\/fr\/wp-json\/wp\/v2\/comments?post=2684"}],"wp:featuredmedia":[{"embeddable":true,"href":"https:\/\/bikibath.com\/fr\/wp-json\/wp\/v2\/media\/2857"}],"wp:attachment":[{"href":"https:\/\/bikibath.com\/fr\/wp-json\/wp\/v2\/media?parent=2684"}],"wp:term":[{"taxonomy":"product_brand","embeddable":true,"href":"https:\/\/bikibath.com\/fr\/wp-json\/wp\/v2\/product_brand?post=2684"},{"taxonomy":"product_cat","embeddable":true,"href":"https:\/\/bikibath.com\/fr\/wp-json\/wp\/v2\/product_cat?post=2684"},{"taxonomy":"product_tag","embeddable":true,"href":"https:\/\/bikibath.com\/fr\/wp-json\/wp\/v2\/product_tag?post=2684"}],"curies":[{"name":"wp","href":"https:\/\/api.w.org\/{rel}","templated":true}]}}