{"id":1997,"date":"2025-10-24T09:13:53","date_gmt":"2025-10-24T09:13:53","guid":{"rendered":"https:\/\/bikibath.com\/?post_type=product&#038;p=1997"},"modified":"2026-01-07T02:57:46","modified_gmt":"2026-01-07T02:57:46","slug":"toilettes-intelligentes-american-standard","status":"publish","type":"product","link":"https:\/\/bikibath.com\/fr\/product\/toilettes-intelligentes-american-standard\/","title":{"rendered":"Toilettes intelligentes American-Standard | BIKI Wall Hung Smart Toilet (Certifi\u00e9 CE\/CUPC)"},"content":{"rendered":"<p><img fetchpriority=\"high\" decoding=\"async\" class=\"aligncenter wp-image-2250 size-full\" src=\"https:\/\/bikibath.com\/wp-content\/uploads\/2025\/10\/E21.png\" alt=\"BIKI Toilette intelligente de norme am\u00e9ricaine avec fonction bidet avanc\u00e9e\" width=\"1300\" height=\"2151\" \/><\/p>\n<div style=\"display: none;\">\n<h1 class=\"header-iWP5WJ auto-hide-last-sibling-br\">Passez aux toilettes intelligentes American-Standard : Commodit\u00e9 sans contact, confort chauffant et puissance silencieuse<\/h1>\n<div class=\"auto-hide-last-sibling-br paragraph-pP9ZLC paragraph-element br-paragraph-space\">Si vous \u00eates pr\u00eat \u00e0 \u00e9lever votre salle de bain au niveau de la fiabilit\u00e9 et du luxe, ne cherchez pas plus loin que les toilettes intelligentes d'American-Standard. Con\u00e7ue pour les foyers am\u00e9ricains modernes, cette am\u00e9lioration offre une commodit\u00e9 sans contact, un si\u00e8ge chauffant confortable et une chasse d'eau \u00e0 la fois puissante et silencieuse, le tout soutenu par une marque qui a fait ses preuves depuis des d\u00e9cennies.<\/div>\n<h2 class=\"header-iWP5WJ auto-hide-last-sibling-br\">La commodit\u00e9 sans contact : L'hygi\u00e8ne au bout des doigts<\/h2>\n<div class=\"auto-hide-last-sibling-br paragraph-pP9ZLC paragraph-element br-paragraph-space\">Fini le temps o\u00f9 l'on touchait les poign\u00e9es des toilettes, source de germes. Les toilettes intelligentes d'American-Standard sont dot\u00e9es d'une chasse d'eau activ\u00e9e par un capteur : approchez votre main du capteur ou \u00e9loignez-vous, et la chasse d'eau se d\u00e9clenche automatiquement. C'est la solution id\u00e9ale pour les familles occup\u00e9es, les invit\u00e9s et tous ceux qui accordent une grande importance \u00e0 la propret\u00e9. Plus besoin d'oublier de tirer la chasse d'eau, plus besoin de r\u00e9pandre des germes - une utilisation hygi\u00e9nique et transparente \u00e0 chaque fois.<\/div>\n<h2 class=\"header-iWP5WJ auto-hide-last-sibling-br\">Si\u00e8ge chauffant : confort toute l'ann\u00e9e<\/h2>\n<div class=\"auto-hide-last-sibling-br paragraph-pP9ZLC paragraph-element br-paragraph-space\">Dites adieu aux si\u00e8ges de toilettes froids, m\u00eame les matins glacials. Ces toilettes intelligentes sont \u00e9quip\u00e9es d'un si\u00e8ge chauffant r\u00e9glable (3 niveaux de temp\u00e9rature) pour s'adapter \u00e0 vos pr\u00e9f\u00e9rences. La conception \u00e9conome en \u00e9nergie s'\u00e9teint automatiquement lorsqu'elle n'est pas utilis\u00e9e, ce qui permet de ma\u00eetriser les factures d'\u00e9lectricit\u00e9. Elles transforment un passage rapide aux toilettes en un petit luxe r\u00e9confortant pour toute la famille.<\/div>\n<h2 class=\"header-iWP5WJ auto-hide-last-sibling-br\">Une chasse d'eau puissante et silencieuse : la performance sans le bruit<\/h2>\n<div class=\"auto-hide-last-sibling-br paragraph-pP9ZLC paragraph-element br-paragraph-space\">Les foyers am\u00e9ricains ont besoin d'une chasse d'eau qui fasse le travail sans d\u00e9ranger. Le syst\u00e8me de rin\u00e7age avanc\u00e9 de ce mod\u00e8le offre une puissance de nettoyage puissante et compl\u00e8te tout en restant ultra-silencieux (30-40 d\u00e9cibels). Il \u00e9limine efficacement les d\u00e9chets avec une consommation d'eau minimale (1,28 GPF), ce qui vous permet d'\u00e9conomiser de l'argent et de soutenir le d\u00e9veloppement durable. Fini les gargouillis bruyants et les \u00e9chos, place \u00e0 une performance calme et fiable.<\/div>\n<h2 class=\"header-iWP5WJ auto-hide-last-sibling-br\">Pourquoi choisir American-Standard ?<\/h2>\n<div class=\"auto-hide-last-sibling-br paragraph-pP9ZLC paragraph-element br-paragraph-space\">Au-del\u00e0 de ses caract\u00e9ristiques exceptionnelles, ces toilettes intelligentes s'inscrivent dans la tradition de qualit\u00e9 de la marque. Elles sont con\u00e7ues pour s'adapter \u00e0 la plomberie am\u00e9ricaine standard, ce qui garantit une installation facile (aucune r\u00e9novation majeure n'est n\u00e9cessaire). Il est durable, facile \u00e0 nettoyer et con\u00e7u pour r\u00e9sister \u00e0 une utilisation quotidienne. Pour les propri\u00e9taires qui souhaitent une tranquillit\u00e9 d'esprit lors de leur r\u00e9novation, la r\u00e9putation de fiabilit\u00e9 d'American-Standard est in\u00e9galable.<\/div>\n<h2 class=\"header-iWP5WJ auto-hide-last-sibling-br\">Derni\u00e8re r\u00e9flexion<\/h2>\n<div class=\"auto-hide-last-sibling-br paragraph-pP9ZLC paragraph-element br-paragraph-space\">Passer aux toilettes intelligentes American-Standard, ce n'est pas seulement ajouter des gadgets, c'est aussi rendre la vie quotidienne plus facile, plus propre et plus confortable. Avec une chasse d'eau sans contact, un si\u00e8ge chauffant et des performances silencieuses mais puissantes, c'est un luxe pratique qui s'int\u00e8gre parfaitement dans les foyers am\u00e9ricains. D\u00e9barrassez-vous de vos toilettes obsol\u00e8tes et optez pour une exp\u00e9rience plus intelligente et plus agr\u00e9able dans votre salle de bains. Des millions de personnes ont fait confiance \u00e0 ces toilettes, qui ont \u00e9t\u00e9 con\u00e7ues pour vous.<\/div>\n<\/div>","protected":false},"excerpt":{"rendered":"<div class=\"pro_desc\">\n<table cellspacing=\"0\" cellpadding=\"0\">\n<tbody>\n<tr>\n<td>Num\u00e9ro de mod\u00e8le :<\/td>\n<td>E21<\/td>\n<\/tr>\n<tr>\n<td>Structure<\/td>\n<td>Petit cadre en fer<\/td>\n<\/tr>\n<tr>\n<td>Taille\uff1a<\/td>\n<td>590*380*400mm<\/td>\n<\/tr>\n<tr>\n<td>Syst\u00e8me de rin\u00e7age\uff1a<\/td>\n<td>Jet siphonique<\/td>\n<\/tr>\n<tr>\n<td>M\u00e9thode de chauffage\uff1a<\/td>\n<td>Chauffage instantan\u00e9<\/td>\n<\/tr>\n<tr>\n<td>MOQ\uff1a<\/td>\n<td>1 ensembles<\/td>\n<\/tr>\n<tr>\n<td>D\u00e9lai de livraison\uff1a<\/td>\n<td>7-15 jours<\/td>\n<\/tr>\n<\/tbody>\n<\/table>\n<\/div>","protected":false},"featured_media":2856,"comment_status":"open","ping_status":"closed","template":"","meta":{"_acf_changed":false},"product_brand":[],"product_cat":[28],"product_tag":[],"class_list":{"0":"post-1997","1":"product","2":"type-product","3":"status-publish","4":"has-post-thumbnail","6":"product_cat-smart-toilet","8":"first","9":"instock","10":"shipping-taxable","11":"product-type-simple"},"acf":[],"yoast_head":"<!-- This site is optimized with the Yoast SEO Premium plugin v23.6 (Yoast SEO v26.3) - https:\/\/yoast.com\/wordpress\/plugins\/seo\/ -->\n<title>American-Standard Smart Toilet BIKI Advanced BidetBIKI Smart Toilet<\/title>\n<meta name=\"description\" content=\"American-Standard Smart Toilet Upgrade to the American-Standard Smart Toilet: touchless convenience, heated seat, powerful yet silent flushing\" \/>\n<meta name=\"robots\" content=\"index, follow, max-snippet:-1, max-image-preview:large, max-video-preview:-1\" \/>\n<link rel=\"canonical\" href=\"https:\/\/bikibath.com\/fr\/product\/toilettes-intelligentes-american-standard\/\" \/>\n<meta property=\"og:locale\" content=\"fr_FR\" \/>\n<meta property=\"og:type\" content=\"article\" \/>\n<meta property=\"og:title\" content=\"American-Standard Smart Toilet | BIKI Wall Hung Smart Toilet (CE\/CUPC Certified)\" \/>\n<meta property=\"og:description\" content=\"American-Standard Smart Toilet Upgrade to the American-Standard Smart Toilet: touchless convenience, heated seat, powerful yet silent flushing\" \/>\n<meta property=\"og:url\" content=\"https:\/\/bikibath.com\/fr\/product\/toilettes-intelligentes-american-standard\/\" \/>\n<meta property=\"og:site_name\" content=\"BIKI Smart Toilet\" \/>\n<meta property=\"article:modified_time\" content=\"2026-01-07T02:57:46+00:00\" \/>\n<meta property=\"og:image\" content=\"https:\/\/bikibath.com\/wp-content\/uploads\/2025\/10\/1-1-1.png\" \/>\n\t<meta property=\"og:image:width\" content=\"1000\" \/>\n\t<meta property=\"og:image:height\" content=\"1000\" \/>\n\t<meta property=\"og:image:type\" content=\"image\/png\" \/>\n<meta name=\"twitter:card\" content=\"summary_large_image\" \/>\n<meta name=\"twitter:label1\" content=\"Dur\u00e9e de lecture estim\u00e9e\" \/>\n\t<meta name=\"twitter:data1\" content=\"2 minutes\" \/>\n<script type=\"application\/ld+json\" class=\"yoast-schema-graph\">{\"@context\":\"https:\/\/schema.org\",\"@graph\":[{\"@type\":\"WebPage\",\"@id\":\"https:\/\/bikibath.com\/product\/american-standard-smart-toilet\/\",\"url\":\"https:\/\/bikibath.com\/product\/american-standard-smart-toilet\/\",\"name\":\"American-Standard Smart Toilet BIKI Advanced BidetBIKI Smart Toilet\",\"isPartOf\":{\"@id\":\"https:\/\/bikibath.com\/#website\"},\"primaryImageOfPage\":{\"@id\":\"https:\/\/bikibath.com\/product\/american-standard-smart-toilet\/#primaryimage\"},\"image\":{\"@id\":\"https:\/\/bikibath.com\/product\/american-standard-smart-toilet\/#primaryimage\"},\"thumbnailUrl\":\"https:\/\/bikibath.com\/wp-content\/uploads\/2025\/10\/1-1-1.png\",\"datePublished\":\"2025-10-24T09:13:53+00:00\",\"dateModified\":\"2026-01-07T02:57:46+00:00\",\"description\":\"American-Standard Smart Toilet Upgrade to the American-Standard Smart Toilet: touchless convenience, heated seat, powerful yet silent flushing\",\"breadcrumb\":{\"@id\":\"https:\/\/bikibath.com\/product\/american-standard-smart-toilet\/#breadcrumb\"},\"inLanguage\":\"fr-FR\",\"potentialAction\":[{\"@type\":\"ReadAction\",\"target\":[\"https:\/\/bikibath.com\/product\/american-standard-smart-toilet\/\"]}]},{\"@type\":\"ImageObject\",\"inLanguage\":\"fr-FR\",\"@id\":\"https:\/\/bikibath.com\/product\/american-standard-smart-toilet\/#primaryimage\",\"url\":\"https:\/\/bikibath.com\/wp-content\/uploads\/2025\/10\/1-1-1.png\",\"contentUrl\":\"https:\/\/bikibath.com\/wp-content\/uploads\/2025\/10\/1-1-1.png\",\"width\":1000,\"height\":1000},{\"@type\":\"BreadcrumbList\",\"@id\":\"https:\/\/bikibath.com\/product\/american-standard-smart-toilet\/#breadcrumb\",\"itemListElement\":[{\"@type\":\"ListItem\",\"position\":1,\"name\":\"Home\",\"item\":\"https:\/\/bikibath.com\/\"},{\"@type\":\"ListItem\",\"position\":2,\"name\":\"Product\",\"item\":\"https:\/\/bikibath.com\/product\/\"},{\"@type\":\"ListItem\",\"position\":3,\"name\":\"American-Standard Smart Toilet | BIKI Wall Hung Smart Toilet (CE\/CUPC Certified)\"}]},{\"@type\":\"WebSite\",\"@id\":\"https:\/\/bikibath.com\/#website\",\"url\":\"https:\/\/bikibath.com\/\",\"name\":\"BIKI Smart Toilet\",\"description\":\"Elevate Every Daily Comfort\",\"publisher\":{\"@id\":\"https:\/\/bikibath.com\/#organization\"},\"potentialAction\":[{\"@type\":\"SearchAction\",\"target\":{\"@type\":\"EntryPoint\",\"urlTemplate\":\"https:\/\/bikibath.com\/?s={search_term_string}\"},\"query-input\":{\"@type\":\"PropertyValueSpecification\",\"valueRequired\":true,\"valueName\":\"search_term_string\"}}],\"inLanguage\":\"fr-FR\"},{\"@type\":\"Organization\",\"@id\":\"https:\/\/bikibath.com\/#organization\",\"name\":\"BIKI Smart Toilet\",\"url\":\"https:\/\/bikibath.com\/\",\"logo\":{\"@type\":\"ImageObject\",\"inLanguage\":\"fr-FR\",\"@id\":\"https:\/\/bikibath.com\/#\/schema\/logo\/image\/\",\"url\":\"https:\/\/bikibath.com\/wp-content\/uploads\/2025\/10\/biki.png\",\"contentUrl\":\"https:\/\/bikibath.com\/wp-content\/uploads\/2025\/10\/biki.png\",\"width\":500,\"height\":162,\"caption\":\"BIKI Smart Toilet\"},\"image\":{\"@id\":\"https:\/\/bikibath.com\/#\/schema\/logo\/image\/\"}}]}<\/script>\n<!-- \/ Yoast SEO Premium plugin. -->","yoast_head_json":{"title":"American-Standard Smart Toilet BIKI Advanced BidetBIKI Smart Toilet","description":"American-Standard Smart Toilet Passez \u00e0 l'American-Standard Smart Toilet : commodit\u00e9 sans contact, si\u00e8ge chauffant, chasse d'eau puissante et silencieuse.","robots":{"index":"index","follow":"follow","max-snippet":"max-snippet:-1","max-image-preview":"max-image-preview:large","max-video-preview":"max-video-preview:-1"},"canonical":"https:\/\/bikibath.com\/fr\/product\/toilettes-intelligentes-american-standard\/","og_locale":"fr_FR","og_type":"article","og_title":"American-Standard Smart Toilet | BIKI Wall Hung Smart Toilet (CE\/CUPC Certified)","og_description":"American-Standard Smart Toilet Upgrade to the American-Standard Smart Toilet: touchless convenience, heated seat, powerful yet silent flushing","og_url":"https:\/\/bikibath.com\/fr\/product\/toilettes-intelligentes-american-standard\/","og_site_name":"BIKI Smart Toilet","article_modified_time":"2026-01-07T02:57:46+00:00","og_image":[{"width":1000,"height":1000,"url":"https:\/\/bikibath.com\/wp-content\/uploads\/2025\/10\/1-1-1.png","type":"image\/png"}],"twitter_card":"summary_large_image","twitter_misc":{"Dur\u00e9e de lecture estim\u00e9e":"2 minutes"},"schema":{"@context":"https:\/\/schema.org","@graph":[{"@type":"WebPage","@id":"https:\/\/bikibath.com\/product\/american-standard-smart-toilet\/","url":"https:\/\/bikibath.com\/product\/american-standard-smart-toilet\/","name":"American-Standard Smart Toilet BIKI Advanced BidetBIKI Smart Toilet","isPartOf":{"@id":"https:\/\/bikibath.com\/#website"},"primaryImageOfPage":{"@id":"https:\/\/bikibath.com\/product\/american-standard-smart-toilet\/#primaryimage"},"image":{"@id":"https:\/\/bikibath.com\/product\/american-standard-smart-toilet\/#primaryimage"},"thumbnailUrl":"https:\/\/bikibath.com\/wp-content\/uploads\/2025\/10\/1-1-1.png","datePublished":"2025-10-24T09:13:53+00:00","dateModified":"2026-01-07T02:57:46+00:00","description":"American-Standard Smart Toilet Passez \u00e0 l'American-Standard Smart Toilet : commodit\u00e9 sans contact, si\u00e8ge chauffant, chasse d'eau puissante et silencieuse.","breadcrumb":{"@id":"https:\/\/bikibath.com\/product\/american-standard-smart-toilet\/#breadcrumb"},"inLanguage":"fr-FR","potentialAction":[{"@type":"ReadAction","target":["https:\/\/bikibath.com\/product\/american-standard-smart-toilet\/"]}]},{"@type":"ImageObject","inLanguage":"fr-FR","@id":"https:\/\/bikibath.com\/product\/american-standard-smart-toilet\/#primaryimage","url":"https:\/\/bikibath.com\/wp-content\/uploads\/2025\/10\/1-1-1.png","contentUrl":"https:\/\/bikibath.com\/wp-content\/uploads\/2025\/10\/1-1-1.png","width":1000,"height":1000},{"@type":"BreadcrumbList","@id":"https:\/\/bikibath.com\/product\/american-standard-smart-toilet\/#breadcrumb","itemListElement":[{"@type":"ListItem","position":1,"name":"Home","item":"https:\/\/bikibath.com\/"},{"@type":"ListItem","position":2,"name":"Product","item":"https:\/\/bikibath.com\/product\/"},{"@type":"ListItem","position":3,"name":"American-Standard Smart Toilet | BIKI Wall Hung Smart Toilet (CE\/CUPC Certified)"}]},{"@type":"WebSite","@id":"https:\/\/bikibath.com\/#website","url":"https:\/\/bikibath.com\/","name":"Toilette intelligente BIKI","description":"Am\u00e9liorez votre confort quotidien","publisher":{"@id":"https:\/\/bikibath.com\/#organization"},"potentialAction":[{"@type":"SearchAction","target":{"@type":"EntryPoint","urlTemplate":"https:\/\/bikibath.com\/?s={search_term_string}"},"query-input":{"@type":"PropertyValueSpecification","valueRequired":true,"valueName":"search_term_string"}}],"inLanguage":"fr-FR"},{"@type":"Organization","@id":"https:\/\/bikibath.com\/#organization","name":"Toilette intelligente BIKI","url":"https:\/\/bikibath.com\/","logo":{"@type":"ImageObject","inLanguage":"fr-FR","@id":"https:\/\/bikibath.com\/#\/schema\/logo\/image\/","url":"https:\/\/bikibath.com\/wp-content\/uploads\/2025\/10\/biki.png","contentUrl":"https:\/\/bikibath.com\/wp-content\/uploads\/2025\/10\/biki.png","width":500,"height":162,"caption":"BIKI Smart Toilet"},"image":{"@id":"https:\/\/bikibath.com\/#\/schema\/logo\/image\/"}}]}},"_links":{"self":[{"href":"https:\/\/bikibath.com\/fr\/wp-json\/wp\/v2\/product\/1997","targetHints":{"allow":["GET"]}}],"collection":[{"href":"https:\/\/bikibath.com\/fr\/wp-json\/wp\/v2\/product"}],"about":[{"href":"https:\/\/bikibath.com\/fr\/wp-json\/wp\/v2\/types\/product"}],"replies":[{"embeddable":true,"href":"https:\/\/bikibath.com\/fr\/wp-json\/wp\/v2\/comments?post=1997"}],"wp:featuredmedia":[{"embeddable":true,"href":"https:\/\/bikibath.com\/fr\/wp-json\/wp\/v2\/media\/2856"}],"wp:attachment":[{"href":"https:\/\/bikibath.com\/fr\/wp-json\/wp\/v2\/media?parent=1997"}],"wp:term":[{"taxonomy":"product_brand","embeddable":true,"href":"https:\/\/bikibath.com\/fr\/wp-json\/wp\/v2\/product_brand?post=1997"},{"taxonomy":"product_cat","embeddable":true,"href":"https:\/\/bikibath.com\/fr\/wp-json\/wp\/v2\/product_cat?post=1997"},{"taxonomy":"product_tag","embeddable":true,"href":"https:\/\/bikibath.com\/fr\/wp-json\/wp\/v2\/product_tag?post=1997"}],"curies":[{"name":"wp","href":"https:\/\/api.w.org\/{rel}","templated":true}]}}