{"id":3153,"date":"2025-11-04T07:25:17","date_gmt":"2025-11-04T07:25:17","guid":{"rendered":"https:\/\/bikibath.com\/?post_type=product&#038;p=3153"},"modified":"2025-12-03T03:12:25","modified_gmt":"2025-12-03T03:12:25","slug":"biki-e91-watermark-inodoro-inteligente-cero-presion-de-agua-sifonico-jet-flush-ipx4-impermeable","status":"publish","type":"product","link":"https:\/\/bikibath.com\/es\/product\/biki-e91-watermark-inodoro-inteligente-cero-presion-de-agua-sifonico-jet-flush-ipx4-impermeable\/","title":{"rendered":"Inodoro inteligente BIKI E91 WaterMark - Presi\u00f3n de agua cero, descarga de chorro sif\u00f3nico y resistencia al agua IPX4"},"content":{"rendered":"<p><img fetchpriority=\"high\" decoding=\"async\" class=\"wp-image-3107 size-full aligncenter\" src=\"https:\/\/bikibath.com\/wp-content\/uploads\/2025\/11\/E91-Function.jpg\" alt=\"\" width=\"1300\" height=\"2560\" \/><\/p>\n<div style=\"display: none;\">\n<h1 class=\"header-iWP5WJ auto-hide-last-sibling-br\">Inodoro inteligente con descarga de chorro sif\u00f3nico sin presi\u00f3n de agua: Potente, sin atascos y silenciosa<\/h1>\n<div class=\"auto-hide-last-sibling-br paragraph-pP9ZLC paragraph-element br-paragraph-space\">\u00bfEst\u00e1 cansado de las descargas d\u00e9biles que provocan atascos o de los inodoros ruidosos que perturban la tranquilidad de su hogar? El inodoro inteligente con descarga de chorro sif\u00f3nico sin presi\u00f3n de agua est\u00e1 aqu\u00ed para transformar su cuarto de ba\u00f1o, proporcionando una potencia de descarga insuperable, una fiabilidad sin atascos y un funcionamiento silencioso, todo en una innovadora instalaci\u00f3n.<\/div>\n<h2 class=\"header-iWP5WJ auto-hide-last-sibling-br\">\u00bfCero presi\u00f3n de agua? Ning\u00fan problema: potencia de lavado que no cesa<\/h2>\n<div class=\"auto-hide-last-sibling-br paragraph-pP9ZLC paragraph-element br-paragraph-space\">La baja presi\u00f3n del agua en su hogar ya no significa tener que conformarse con descargas ineficaces. Este inodoro inteligente\u00a0<strong>sistema de descarga de chorro sif\u00f3nico sin presi\u00f3n de agua<\/strong>\u00a0est\u00e1 dise\u00f1ado para funcionar, incluso con un caudal de agua m\u00ednimo. Utiliza un chorro de precisi\u00f3n para crear un fuerte efecto sif\u00f3n, arrastrando los residuos hacia abajo de forma r\u00e1pida y completa, sin residuos persistentes, sin descargas repetidas, sin atascos. Si su casa tiene tuber\u00edas viejas, agua de pozo o baja presi\u00f3n municipal, este inodoro funciona de forma fiable en todo momento.<\/div>\n<h2 class=\"header-iWP5WJ auto-hide-last-sibling-br\">Dise\u00f1o sin atascos: Ahorre tiempo y frustraci\u00f3n<\/h2>\n<div class=\"auto-hide-last-sibling-br paragraph-pP9ZLC paragraph-element br-paragraph-space\">Los inodoros atascados son un fastidio: cuestan tiempo, causan desorden y arruinan el d\u00eda. Este inodoro inteligente elimina ese estr\u00e9s con su tecnolog\u00eda de chorro sif\u00f3nico. El potente y concentrado flujo de agua cubre toda la taza y crea un sif\u00f3n consistente, asegurando que los residuos se eliminan de una sola vez. Maneja los residuos s\u00f3lidos con facilidad, por lo que nunca m\u00e1s tendr\u00e1 que echar mano de un desatascador. Para las familias ocupadas, los due\u00f1os de mascotas o cualquier persona cansada de los dolores de cabeza de la fontaner\u00eda, esta promesa sin atascos es un cambio de juego.<\/div>\n<h2 class=\"header-iWP5WJ auto-hide-last-sibling-br\">Funcionamiento silencioso: Tranquilidad sin sacrificar el rendimiento<\/h2>\n<div class=\"auto-hide-last-sibling-br paragraph-pP9ZLC paragraph-element br-paragraph-space\">Las descargas potentes no tienen por qu\u00e9 ser ruidosas. Este inodoro funciona a s\u00f3lo 30-40 decibelios, menos que una conversaci\u00f3n o el susurro de un libro. El dise\u00f1o de chorro sif\u00f3nico minimiza las turbulencias y el gorgoteo del agua, manteniendo el ruido al m\u00ednimo. Es perfecto para viajes nocturnos al ba\u00f1o, apartamentos peque\u00f1os u hogares con personas que duermen poco. Disfrute de la confianza de una descarga potente sin despertar a su familia, molestar a los vecinos ni romper la calma de su hogar.<\/div>\n<h2 class=\"header-iWP5WJ auto-hide-last-sibling-br\">M\u00e1s que una cisterna: toques inteligentes para el confort diario<\/h2>\n<div class=\"auto-hide-last-sibling-br paragraph-pP9ZLC paragraph-element br-paragraph-space\">Adem\u00e1s de su destacado sistema de descarga, este inodoro inteligente a\u00f1ade comodidad y lujo a su rutina:<\/div>\n<ul class=\"auto-hide-last-sibling-br\">\n<li><strong>Asiento ajustable con calefacci\u00f3n<\/strong>: Evite los golpes de fr\u00edo con 3 ajustes de temperatura, adem\u00e1s de apagado autom\u00e1tico para ahorrar energ\u00eda.<\/li>\n<li><strong>Sensor de descarga sin contacto<\/strong>: Mueva la mano o al\u00e9jese para tirar de la cadena, sin contacto con el mango, s\u00f3lo comodidad higi\u00e9nica.<\/li>\n<li><strong>Eficiencia ecol\u00f3gica<\/strong>: Utiliza s\u00f3lo 1,28 GPF (4,8 litros) por descarga, reduciendo el desperdicio de agua y las facturas de servicios p\u00fablicos.<\/li>\n<li><strong>Bol f\u00e1cil de limpiar<\/strong>: Un suave esmalte antibacteriano repele la suciedad y las bacterias, reduciendo el tiempo de fregado.<\/li>\n<\/ul>\n<h2 class=\"header-iWP5WJ auto-hide-last-sibling-br\">Por qu\u00e9 destaca este inodoro inteligente<\/h2>\n<div class=\"auto-hide-last-sibling-br paragraph-pP9ZLC paragraph-element br-paragraph-space\">No se trata s\u00f3lo de resolver problemas, sino de mejorar su vida diaria. Este inodoro se adapta a los dise\u00f1os de cuarto de ba\u00f1o est\u00e1ndar para una f\u00e1cil instalaci\u00f3n (sin necesidad de grandes reformas). Es resistente, fabricado para durar y dise\u00f1ado para el uso en el mundo real. Tanto si est\u00e1 renovando un inodoro antiguo como remodelando su cuarto de ba\u00f1o, es una elecci\u00f3n pr\u00e1ctica y de futuro que equilibra el rendimiento, la comodidad y la tranquilidad.<\/div>\n<h2 class=\"header-iWP5WJ auto-hide-last-sibling-br\">\u00bfEst\u00e1 listo para mejorar su experiencia de descarga?<\/h2>\n<div class=\"auto-hide-last-sibling-br paragraph-pP9ZLC paragraph-element br-paragraph-space\">Diga adi\u00f3s a las descargas d\u00e9biles, los atascos y los ruidos fuertes. El inodoro inteligente con descarga de chorro sif\u00f3nico sin presi\u00f3n de agua ofrece la potencia que necesita, el silencio que anhela y la comodidad que se merece. Transforme su cuarto de ba\u00f1o en un espacio m\u00e1s eficiente y tranquilo: una descarga cada vez. Compruebe usted mismo la diferencia.<\/div>\n<\/div>","protected":false},"excerpt":{"rendered":"<div class=\"pro_desc\">\n<table cellspacing=\"0\" cellpadding=\"0\">\n<tbody>\n<tr>\n<td>Modelo No:<\/td>\n<td>E91<\/td>\n<\/tr>\n<tr>\n<td>Estructura<\/td>\n<td>De pie<\/td>\n<\/tr>\n<tr>\n<td>Tama\u00f1o\uff1a<\/td>\n<td>590*380*468mm<\/td>\n<\/tr>\n<tr>\n<td>Sistema de descarga\uff1a<\/td>\n<td>Chorro sif\u00f3nico<\/td>\n<\/tr>\n<tr>\n<td>M\u00e9todo de calentamiento\uff1a<\/td>\n<td>Calefacci\u00f3n instant\u00e1nea<\/td>\n<\/tr>\n<tr>\n<td>MOQ\uff1a<\/td>\n<td>1 juego<\/td>\n<\/tr>\n<tr>\n<td>Plazo de entrega\uff1a<\/td>\n<td>7-15 d\u00edas<\/td>\n<\/tr>\n<\/tbody>\n<\/table>\n<\/div>","protected":false},"featured_media":3154,"comment_status":"open","ping_status":"closed","template":"","meta":{"_acf_changed":false},"product_brand":[],"product_cat":[28],"product_tag":[],"class_list":{"0":"post-3153","1":"product","2":"type-product","3":"status-publish","4":"has-post-thumbnail","6":"product_cat-smart-toilet","8":"first","9":"instock","10":"shipping-taxable","11":"product-type-simple"},"acf":[],"yoast_head":"<!-- This site is optimized with the Yoast SEO Premium plugin v23.6 (Yoast SEO v26.3) - https:\/\/yoast.com\/wordpress\/plugins\/seo\/ -->\n<title>Smart Toilet Zero Water Pressure Siphonic Jet Flush - BIKI Smart Toilet<\/title>\n<meta name=\"description\" content=\"Experience powerful, clog-free flushing with the Smart Toilet Zero Water Pressure Siphonic Jet Flush\u2014whisper-quiet operation.\" \/>\n<meta name=\"robots\" content=\"index, follow, max-snippet:-1, max-image-preview:large, max-video-preview:-1\" \/>\n<link rel=\"canonical\" href=\"https:\/\/bikibath.com\/es\/product\/biki-e91-watermark-inodoro-inteligente-cero-presion-de-agua-sifonico-jet-flush-ipx4-impermeable\/\" \/>\n<meta property=\"og:locale\" content=\"es_MX\" \/>\n<meta property=\"og:type\" content=\"article\" \/>\n<meta property=\"og:title\" content=\"BIKI E91 WaterMark Smart Toilet - Zero Water Pressure, Siphonic Jet Flush &amp; IPX4 Waterproof\" \/>\n<meta property=\"og:description\" content=\"Experience powerful, clog-free flushing with the Smart Toilet Zero Water Pressure Siphonic Jet Flush\u2014whisper-quiet operation.\" \/>\n<meta property=\"og:url\" content=\"https:\/\/bikibath.com\/es\/product\/biki-e91-watermark-inodoro-inteligente-cero-presion-de-agua-sifonico-jet-flush-ipx4-impermeable\/\" \/>\n<meta property=\"og:site_name\" content=\"BIKI Smart Toilet\" \/>\n<meta property=\"article:modified_time\" content=\"2025-12-03T03:12:25+00:00\" \/>\n<meta property=\"og:image\" content=\"https:\/\/bikibath.com\/wp-content\/uploads\/2025\/11\/E91.png\" \/>\n\t<meta property=\"og:image:width\" content=\"1000\" \/>\n\t<meta property=\"og:image:height\" content=\"1000\" \/>\n\t<meta property=\"og:image:type\" content=\"image\/png\" \/>\n<meta name=\"twitter:card\" content=\"summary_large_image\" \/>\n<meta name=\"twitter:label1\" content=\"Tiempo de lectura\" \/>\n\t<meta name=\"twitter:data1\" content=\"4 minutos\" \/>\n<script type=\"application\/ld+json\" class=\"yoast-schema-graph\">{\"@context\":\"https:\/\/schema.org\",\"@graph\":[{\"@type\":\"WebPage\",\"@id\":\"https:\/\/bikibath.com\/product\/biki-e91-watermark-smart-toilet-zero-water-pressure-siphonic-jet-flush-ipx4-waterproof\/\",\"url\":\"https:\/\/bikibath.com\/product\/biki-e91-watermark-smart-toilet-zero-water-pressure-siphonic-jet-flush-ipx4-waterproof\/\",\"name\":\"Smart Toilet Zero Water Pressure Siphonic Jet Flush - BIKI Smart Toilet\",\"isPartOf\":{\"@id\":\"https:\/\/bikibath.com\/#website\"},\"primaryImageOfPage\":{\"@id\":\"https:\/\/bikibath.com\/product\/biki-e91-watermark-smart-toilet-zero-water-pressure-siphonic-jet-flush-ipx4-waterproof\/#primaryimage\"},\"image\":{\"@id\":\"https:\/\/bikibath.com\/product\/biki-e91-watermark-smart-toilet-zero-water-pressure-siphonic-jet-flush-ipx4-waterproof\/#primaryimage\"},\"thumbnailUrl\":\"https:\/\/bikibath.com\/wp-content\/uploads\/2025\/11\/E91.png\",\"datePublished\":\"2025-11-04T07:25:17+00:00\",\"dateModified\":\"2025-12-03T03:12:25+00:00\",\"description\":\"Experience powerful, clog-free flushing with the Smart Toilet Zero Water Pressure Siphonic Jet Flush\u2014whisper-quiet operation.\",\"breadcrumb\":{\"@id\":\"https:\/\/bikibath.com\/product\/biki-e91-watermark-smart-toilet-zero-water-pressure-siphonic-jet-flush-ipx4-waterproof\/#breadcrumb\"},\"inLanguage\":\"es\",\"potentialAction\":[{\"@type\":\"ReadAction\",\"target\":[\"https:\/\/bikibath.com\/product\/biki-e91-watermark-smart-toilet-zero-water-pressure-siphonic-jet-flush-ipx4-waterproof\/\"]}]},{\"@type\":\"ImageObject\",\"inLanguage\":\"es\",\"@id\":\"https:\/\/bikibath.com\/product\/biki-e91-watermark-smart-toilet-zero-water-pressure-siphonic-jet-flush-ipx4-waterproof\/#primaryimage\",\"url\":\"https:\/\/bikibath.com\/wp-content\/uploads\/2025\/11\/E91.png\",\"contentUrl\":\"https:\/\/bikibath.com\/wp-content\/uploads\/2025\/11\/E91.png\",\"width\":1000,\"height\":1000},{\"@type\":\"BreadcrumbList\",\"@id\":\"https:\/\/bikibath.com\/product\/biki-e91-watermark-smart-toilet-zero-water-pressure-siphonic-jet-flush-ipx4-waterproof\/#breadcrumb\",\"itemListElement\":[{\"@type\":\"ListItem\",\"position\":1,\"name\":\"Home\",\"item\":\"https:\/\/bikibath.com\/\"},{\"@type\":\"ListItem\",\"position\":2,\"name\":\"Product\",\"item\":\"https:\/\/bikibath.com\/product\/\"},{\"@type\":\"ListItem\",\"position\":3,\"name\":\"BIKI E91 WaterMark Smart Toilet &#8211; Zero Water Pressure, Siphonic Jet Flush &#038; IPX4 Waterproof\"}]},{\"@type\":\"WebSite\",\"@id\":\"https:\/\/bikibath.com\/#website\",\"url\":\"https:\/\/bikibath.com\/\",\"name\":\"BIKI Smart Toilet\",\"description\":\"Elevate Every Daily Comfort\",\"publisher\":{\"@id\":\"https:\/\/bikibath.com\/#organization\"},\"potentialAction\":[{\"@type\":\"SearchAction\",\"target\":{\"@type\":\"EntryPoint\",\"urlTemplate\":\"https:\/\/bikibath.com\/?s={search_term_string}\"},\"query-input\":{\"@type\":\"PropertyValueSpecification\",\"valueRequired\":true,\"valueName\":\"search_term_string\"}}],\"inLanguage\":\"es\"},{\"@type\":\"Organization\",\"@id\":\"https:\/\/bikibath.com\/#organization\",\"name\":\"BIKI Smart Toilet\",\"url\":\"https:\/\/bikibath.com\/\",\"logo\":{\"@type\":\"ImageObject\",\"inLanguage\":\"es\",\"@id\":\"https:\/\/bikibath.com\/#\/schema\/logo\/image\/\",\"url\":\"https:\/\/bikibath.com\/wp-content\/uploads\/2025\/10\/biki.png\",\"contentUrl\":\"https:\/\/bikibath.com\/wp-content\/uploads\/2025\/10\/biki.png\",\"width\":500,\"height\":162,\"caption\":\"BIKI Smart Toilet\"},\"image\":{\"@id\":\"https:\/\/bikibath.com\/#\/schema\/logo\/image\/\"}}]}<\/script>\n<!-- \/ Yoast SEO Premium plugin. -->","yoast_head_json":{"title":"Inodoro Inteligente Cero Presi\u00f3n de Agua Descarga de Chorro Sif\u00f3nico - Inodoro Inteligente BIKI","description":"Experimente una descarga potente y sin atascos con el inodoro inteligente con descarga de chorro sif\u00f3nico sin presi\u00f3n de agua, de funcionamiento silencioso como un susurro.","robots":{"index":"index","follow":"follow","max-snippet":"max-snippet:-1","max-image-preview":"max-image-preview:large","max-video-preview":"max-video-preview:-1"},"canonical":"https:\/\/bikibath.com\/es\/product\/biki-e91-watermark-inodoro-inteligente-cero-presion-de-agua-sifonico-jet-flush-ipx4-impermeable\/","og_locale":"es_MX","og_type":"article","og_title":"BIKI E91 WaterMark Smart Toilet - Zero Water Pressure, Siphonic Jet Flush & IPX4 Waterproof","og_description":"Experience powerful, clog-free flushing with the Smart Toilet Zero Water Pressure Siphonic Jet Flush\u2014whisper-quiet operation.","og_url":"https:\/\/bikibath.com\/es\/product\/biki-e91-watermark-inodoro-inteligente-cero-presion-de-agua-sifonico-jet-flush-ipx4-impermeable\/","og_site_name":"BIKI Smart Toilet","article_modified_time":"2025-12-03T03:12:25+00:00","og_image":[{"width":1000,"height":1000,"url":"https:\/\/bikibath.com\/wp-content\/uploads\/2025\/11\/E91.png","type":"image\/png"}],"twitter_card":"summary_large_image","twitter_misc":{"Tiempo de lectura":"4 minutos"},"schema":{"@context":"https:\/\/schema.org","@graph":[{"@type":"WebPage","@id":"https:\/\/bikibath.com\/product\/biki-e91-watermark-smart-toilet-zero-water-pressure-siphonic-jet-flush-ipx4-waterproof\/","url":"https:\/\/bikibath.com\/product\/biki-e91-watermark-smart-toilet-zero-water-pressure-siphonic-jet-flush-ipx4-waterproof\/","name":"Inodoro Inteligente Cero Presi\u00f3n de Agua Descarga de Chorro Sif\u00f3nico - Inodoro Inteligente BIKI","isPartOf":{"@id":"https:\/\/bikibath.com\/#website"},"primaryImageOfPage":{"@id":"https:\/\/bikibath.com\/product\/biki-e91-watermark-smart-toilet-zero-water-pressure-siphonic-jet-flush-ipx4-waterproof\/#primaryimage"},"image":{"@id":"https:\/\/bikibath.com\/product\/biki-e91-watermark-smart-toilet-zero-water-pressure-siphonic-jet-flush-ipx4-waterproof\/#primaryimage"},"thumbnailUrl":"https:\/\/bikibath.com\/wp-content\/uploads\/2025\/11\/E91.png","datePublished":"2025-11-04T07:25:17+00:00","dateModified":"2025-12-03T03:12:25+00:00","description":"Experimente una descarga potente y sin atascos con el inodoro inteligente con descarga de chorro sif\u00f3nico sin presi\u00f3n de agua, de funcionamiento silencioso como un susurro.","breadcrumb":{"@id":"https:\/\/bikibath.com\/product\/biki-e91-watermark-smart-toilet-zero-water-pressure-siphonic-jet-flush-ipx4-waterproof\/#breadcrumb"},"inLanguage":"es","potentialAction":[{"@type":"ReadAction","target":["https:\/\/bikibath.com\/product\/biki-e91-watermark-smart-toilet-zero-water-pressure-siphonic-jet-flush-ipx4-waterproof\/"]}]},{"@type":"ImageObject","inLanguage":"es","@id":"https:\/\/bikibath.com\/product\/biki-e91-watermark-smart-toilet-zero-water-pressure-siphonic-jet-flush-ipx4-waterproof\/#primaryimage","url":"https:\/\/bikibath.com\/wp-content\/uploads\/2025\/11\/E91.png","contentUrl":"https:\/\/bikibath.com\/wp-content\/uploads\/2025\/11\/E91.png","width":1000,"height":1000},{"@type":"BreadcrumbList","@id":"https:\/\/bikibath.com\/product\/biki-e91-watermark-smart-toilet-zero-water-pressure-siphonic-jet-flush-ipx4-waterproof\/#breadcrumb","itemListElement":[{"@type":"ListItem","position":1,"name":"Home","item":"https:\/\/bikibath.com\/"},{"@type":"ListItem","position":2,"name":"Product","item":"https:\/\/bikibath.com\/product\/"},{"@type":"ListItem","position":3,"name":"BIKI E91 WaterMark Smart Toilet &#8211; Zero Water Pressure, Siphonic Jet Flush &#038; IPX4 Waterproof"}]},{"@type":"WebSite","@id":"https:\/\/bikibath.com\/#website","url":"https:\/\/bikibath.com\/","name":"Inodoro inteligente BIKI","description":"Mejore su comodidad diaria","publisher":{"@id":"https:\/\/bikibath.com\/#organization"},"potentialAction":[{"@type":"SearchAction","target":{"@type":"EntryPoint","urlTemplate":"https:\/\/bikibath.com\/?s={search_term_string}"},"query-input":{"@type":"PropertyValueSpecification","valueRequired":true,"valueName":"search_term_string"}}],"inLanguage":"es"},{"@type":"Organization","@id":"https:\/\/bikibath.com\/#organization","name":"Inodoro inteligente BIKI","url":"https:\/\/bikibath.com\/","logo":{"@type":"ImageObject","inLanguage":"es","@id":"https:\/\/bikibath.com\/#\/schema\/logo\/image\/","url":"https:\/\/bikibath.com\/wp-content\/uploads\/2025\/10\/biki.png","contentUrl":"https:\/\/bikibath.com\/wp-content\/uploads\/2025\/10\/biki.png","width":500,"height":162,"caption":"BIKI Smart Toilet"},"image":{"@id":"https:\/\/bikibath.com\/#\/schema\/logo\/image\/"}}]}},"_links":{"self":[{"href":"https:\/\/bikibath.com\/es\/wp-json\/wp\/v2\/product\/3153","targetHints":{"allow":["GET"]}}],"collection":[{"href":"https:\/\/bikibath.com\/es\/wp-json\/wp\/v2\/product"}],"about":[{"href":"https:\/\/bikibath.com\/es\/wp-json\/wp\/v2\/types\/product"}],"replies":[{"embeddable":true,"href":"https:\/\/bikibath.com\/es\/wp-json\/wp\/v2\/comments?post=3153"}],"wp:featuredmedia":[{"embeddable":true,"href":"https:\/\/bikibath.com\/es\/wp-json\/wp\/v2\/media\/3154"}],"wp:attachment":[{"href":"https:\/\/bikibath.com\/es\/wp-json\/wp\/v2\/media?parent=3153"}],"wp:term":[{"taxonomy":"product_brand","embeddable":true,"href":"https:\/\/bikibath.com\/es\/wp-json\/wp\/v2\/product_brand?post=3153"},{"taxonomy":"product_cat","embeddable":true,"href":"https:\/\/bikibath.com\/es\/wp-json\/wp\/v2\/product_cat?post=3153"},{"taxonomy":"product_tag","embeddable":true,"href":"https:\/\/bikibath.com\/es\/wp-json\/wp\/v2\/product_tag?post=3153"}],"curies":[{"name":"wp","href":"https:\/\/api.w.org\/{rel}","templated":true}]}}