{"id":3128,"date":"2025-11-04T07:06:11","date_gmt":"2025-11-04T07:06:11","guid":{"rendered":"https:\/\/bikibath.com\/?post_type=product&#038;p=3128"},"modified":"2026-01-07T03:22:53","modified_gmt":"2026-01-07T03:22:53","slug":"biki-e90-inodoro-inteligente-americano-calor-instantaneo-descarga-automatica-boquilla-antibacteriana","status":"publish","type":"product","link":"https:\/\/bikibath.com\/es\/product\/biki-e90-inodoro-inteligente-americano-calor-instantaneo-descarga-automatica-boquilla-antibacteriana\/","title":{"rendered":"Inodoro Inteligente Americano BIKI E90 - Con Asiento T\u00e9rmico y Bid\u00e9, Descarga Autom\u00e1tica y Boquilla Antibacteriana (Inodoro Inteligente con forma de huevo falso)"},"content":{"rendered":"<p><img fetchpriority=\"high\" decoding=\"async\" class=\"wp-image-3107 size-full aligncenter\" src=\"https:\/\/bikibath.com\/wp-content\/uploads\/2025\/11\/E90-Function.jpg\" alt=\"\" width=\"1300\" height=\"2560\" \/><\/p>\n<div style=\"display: none;\">\n<h1 class=\"header-iWP5WJ auto-hide-last-sibling-br\">Eleve su cuarto de ba\u00f1o con el inodoro inteligente americano: Calor instant\u00e1neo y comodidad sin contacto<\/h1>\n<div class=\"auto-hide-last-sibling-br paragraph-pP9ZLC paragraph-element br-paragraph-space\">\u00bfQuiere a\u00f1adir lujo, higiene y facilidad a su rutina diaria? El inodoro inteligente American es la mejora perfecta para su cuarto de ba\u00f1o: dise\u00f1ado para los hogares estadounidenses modernos, con confort t\u00e9rmico instant\u00e1neo y descarga autom\u00e1tica sin contacto que redefine lo que puede hacer un inodoro.<\/div>\n<h2 class=\"header-iWP5WJ auto-hide-last-sibling-br\">Calor instant\u00e1neo: Confort acogedor, sin esperas<\/h2>\n<div class=\"auto-hide-last-sibling-br paragraph-pP9ZLC paragraph-element br-paragraph-space\">Los inodoros fr\u00edos son cosa del pasado. Este inodoro inteligente cuenta con\u00a0<strong>tecnolog\u00eda de calor instant\u00e1neo<\/strong>-sin precalentamiento, sin esperas. Si\u00e9ntese y disfrute de un calor uniforme y personalizable (3 ajustes de temperatura) desde el primer momento. Es la soluci\u00f3n ideal para las ma\u00f1anas fr\u00edas o las noches frescas, ya que convierte una r\u00e1pida visita al ba\u00f1o en un peque\u00f1o y reconfortante lujo. El dise\u00f1o de bajo consumo se apaga autom\u00e1ticamente cuando est\u00e1 inactivo, lo que permite mantener bajas las facturas sin sacrificar el confort.<\/div>\n<h2 class=\"header-iWP5WJ auto-hide-last-sibling-br\">Auto Flush sin contacto: Higiene en estado puro<\/h2>\n<div class=\"auto-hide-last-sibling-br paragraph-pP9ZLC paragraph-element br-paragraph-space\">Los g\u00e9rmenes en las asas de los inodoros son cosa del pasado. El Inodoro Inteligente Americano viene con\u00a0<strong>auto flush sin contacto<\/strong>-Al\u00e9jese y la cisterna se descargar\u00e1 autom\u00e1ticamente, o acerque la mano al sensor para utilizarla a demanda. Se acab\u00f3 tocar superficies sucias y olvidarse de tirar de la cadena. Es perfecto para familias ocupadas, invitados o cualquier persona que priorice la limpieza. La descarga tambi\u00e9n es potente, ya que elimina los residuos de forma eficaz con s\u00f3lo 1,28 GPF (galones por descarga), lo que ahorra agua a la vez que mantiene fresco el cuarto de ba\u00f1o.<\/div>\n<h2 class=\"header-iWP5WJ auto-hide-last-sibling-br\">Dise\u00f1ado para hogares estadounidenses<\/h2>\n<div class=\"auto-hide-last-sibling-br paragraph-pP9ZLC paragraph-element br-paragraph-space\">No se trata de un artilugio de talla \u00fanica, sino que est\u00e1 dise\u00f1ado para los cuartos de ba\u00f1o estadounidenses. Se adapta a las configuraciones de fontaner\u00eda est\u00e1ndar, por lo que su instalaci\u00f3n es sencilla (no requiere grandes reformas). El dise\u00f1o elegante y moderno complementa cualquier decoraci\u00f3n, desde la minimalista a la tradicional, a\u00f1adiendo un toque de sofisticaci\u00f3n sin sobrecargar el espacio. Duradero, f\u00e1cil de limpiar y fabricado para resistir el uso diario, est\u00e1 hecho para durar en hogares ajetreados.<\/div>\n<h2 class=\"header-iWP5WJ auto-hide-last-sibling-br\">\u00bfPor qu\u00e9 elegir el inodoro inteligente americano?<\/h2>\n<div class=\"auto-hide-last-sibling-br paragraph-pP9ZLC paragraph-element br-paragraph-space\">Es m\u00e1s que un inodoro: es una mejora diaria. Combina la practicidad con el lujo: calor instant\u00e1neo para mayor comodidad, descarga sin contacto para mayor higiene y rendimiento fiable para mayor tranquilidad. Respaldado por una ingenier\u00eda pensada a la medida de los estilos de vida estadounidenses, es la forma perfecta de elevar su cuarto de ba\u00f1o sin concesiones.<\/div>\n<h2 class=\"header-iWP5WJ auto-hide-last-sibling-br\">\u00bfListo para transformar su rutina?<\/h2>\n<div class=\"auto-hide-last-sibling-br paragraph-pP9ZLC paragraph-element br-paragraph-space\">El Inodoro Inteligente Americano convierte los momentos ordinarios del ba\u00f1o en algo mejor: m\u00e1s c\u00e1lido, m\u00e1s limpio y m\u00e1s f\u00e1cil. Diga adi\u00f3s a los asientos fr\u00edos y a las asas sucias. Disfrute de una experiencia de ba\u00f1o m\u00e1s inteligente y c\u00f3moda, dise\u00f1ada para su estilo de vida. Actual\u00edcese hoy mismo y note la diferencia.<\/div>\n<div><\/div>\n<\/div>","protected":false},"excerpt":{"rendered":"<div class=\"pro_desc\">\n<table cellspacing=\"0\" cellpadding=\"0\">\n<tbody>\n<tr>\n<td>Modelo No:<\/td>\n<td>E90<\/td>\n<\/tr>\n<tr>\n<td>Estructura<\/td>\n<td>De pie<\/td>\n<\/tr>\n<tr>\n<td>Tama\u00f1o\uff1a<\/td>\n<td>590*380*480mm<\/td>\n<\/tr>\n<tr>\n<td>Sistema de descarga\uff1a<\/td>\n<td>Chorro sif\u00f3nico<\/td>\n<\/tr>\n<tr>\n<td>M\u00e9todo de calentamiento\uff1a<\/td>\n<td>Calefacci\u00f3n instant\u00e1nea<\/td>\n<\/tr>\n<tr>\n<td>MOQ\uff1a<\/td>\n<td>1 juego<\/td>\n<\/tr>\n<tr>\n<td>Plazo de entrega\uff1a<\/td>\n<td>7-15 d\u00edas<\/td>\n<\/tr>\n<\/tbody>\n<\/table>\n<\/div>","protected":false},"featured_media":3142,"comment_status":"open","ping_status":"closed","template":"","meta":{"_acf_changed":false},"product_brand":[],"product_cat":[28],"product_tag":[],"class_list":{"0":"post-3128","1":"product","2":"type-product","3":"status-publish","4":"has-post-thumbnail","6":"product_cat-smart-toilet","8":"first","9":"instock","10":"shipping-taxable","11":"product-type-simple"},"acf":[],"yoast_head":"<!-- This site is optimized with the Yoast SEO Premium plugin v23.6 (Yoast SEO v26.3) - https:\/\/yoast.com\/wordpress\/plugins\/seo\/ -->\n<title>American Intelligent Toilet - Instant Heat - BIKI Smart Toilet<\/title>\n<meta name=\"description\" content=\"Elevate your bathroom with the American Intelligent Toilet\u2014boasting instant heat, touchless auto flush, American Intelligent Toilet.\" \/>\n<meta name=\"robots\" content=\"index, follow, max-snippet:-1, max-image-preview:large, max-video-preview:-1\" \/>\n<link rel=\"canonical\" href=\"https:\/\/bikibath.com\/es\/product\/biki-e90-inodoro-inteligente-americano-calor-instantaneo-descarga-automatica-boquilla-antibacteriana\/\" \/>\n<meta property=\"og:locale\" content=\"es_MX\" \/>\n<meta property=\"og:type\" content=\"article\" \/>\n<meta property=\"og:title\" content=\"BIKI E90 American Intelligent Toilet - With Heated Seat and Bidet, Auto Flush &amp; Antibacterial Nozzle (Fake egg shape Smart Toilet)\" \/>\n<meta property=\"og:description\" content=\"Elevate your bathroom with the American Intelligent Toilet\u2014boasting instant heat, touchless auto flush, American Intelligent Toilet.\" \/>\n<meta property=\"og:url\" content=\"https:\/\/bikibath.com\/es\/product\/biki-e90-inodoro-inteligente-americano-calor-instantaneo-descarga-automatica-boquilla-antibacteriana\/\" \/>\n<meta property=\"og:site_name\" content=\"BIKI Smart Toilet\" \/>\n<meta property=\"article:modified_time\" content=\"2026-01-07T03:22:53+00:00\" \/>\n<meta property=\"og:image\" content=\"https:\/\/bikibath.com\/wp-content\/uploads\/2025\/11\/E90.png\" \/>\n\t<meta property=\"og:image:width\" content=\"1000\" \/>\n\t<meta property=\"og:image:height\" content=\"1000\" \/>\n\t<meta property=\"og:image:type\" content=\"image\/png\" \/>\n<meta name=\"twitter:card\" content=\"summary_large_image\" \/>\n<meta name=\"twitter:label1\" content=\"Tiempo de lectura\" \/>\n\t<meta name=\"twitter:data1\" content=\"3 minutos\" \/>\n<script type=\"application\/ld+json\" class=\"yoast-schema-graph\">{\"@context\":\"https:\/\/schema.org\",\"@graph\":[{\"@type\":\"WebPage\",\"@id\":\"https:\/\/bikibath.com\/product\/biki-e90-american-intelligent-toilet-instant-heat-auto-flush-antibacterial-nozzle\/\",\"url\":\"https:\/\/bikibath.com\/product\/biki-e90-american-intelligent-toilet-instant-heat-auto-flush-antibacterial-nozzle\/\",\"name\":\"American Intelligent Toilet - Instant Heat - BIKI Smart Toilet\",\"isPartOf\":{\"@id\":\"https:\/\/bikibath.com\/#website\"},\"primaryImageOfPage\":{\"@id\":\"https:\/\/bikibath.com\/product\/biki-e90-american-intelligent-toilet-instant-heat-auto-flush-antibacterial-nozzle\/#primaryimage\"},\"image\":{\"@id\":\"https:\/\/bikibath.com\/product\/biki-e90-american-intelligent-toilet-instant-heat-auto-flush-antibacterial-nozzle\/#primaryimage\"},\"thumbnailUrl\":\"https:\/\/bikibath.com\/wp-content\/uploads\/2025\/11\/E90.png\",\"datePublished\":\"2025-11-04T07:06:11+00:00\",\"dateModified\":\"2026-01-07T03:22:53+00:00\",\"description\":\"Elevate your bathroom with the American Intelligent Toilet\u2014boasting instant heat, touchless auto flush, American Intelligent Toilet.\",\"breadcrumb\":{\"@id\":\"https:\/\/bikibath.com\/product\/biki-e90-american-intelligent-toilet-instant-heat-auto-flush-antibacterial-nozzle\/#breadcrumb\"},\"inLanguage\":\"es\",\"potentialAction\":[{\"@type\":\"ReadAction\",\"target\":[\"https:\/\/bikibath.com\/product\/biki-e90-american-intelligent-toilet-instant-heat-auto-flush-antibacterial-nozzle\/\"]}]},{\"@type\":\"ImageObject\",\"inLanguage\":\"es\",\"@id\":\"https:\/\/bikibath.com\/product\/biki-e90-american-intelligent-toilet-instant-heat-auto-flush-antibacterial-nozzle\/#primaryimage\",\"url\":\"https:\/\/bikibath.com\/wp-content\/uploads\/2025\/11\/E90.png\",\"contentUrl\":\"https:\/\/bikibath.com\/wp-content\/uploads\/2025\/11\/E90.png\",\"width\":1000,\"height\":1000},{\"@type\":\"BreadcrumbList\",\"@id\":\"https:\/\/bikibath.com\/product\/biki-e90-american-intelligent-toilet-instant-heat-auto-flush-antibacterial-nozzle\/#breadcrumb\",\"itemListElement\":[{\"@type\":\"ListItem\",\"position\":1,\"name\":\"Home\",\"item\":\"https:\/\/bikibath.com\/\"},{\"@type\":\"ListItem\",\"position\":2,\"name\":\"Product\",\"item\":\"https:\/\/bikibath.com\/product\/\"},{\"@type\":\"ListItem\",\"position\":3,\"name\":\"BIKI E90 American Intelligent Toilet &#8211; With Heated Seat and Bidet, Auto Flush &#038; Antibacterial Nozzle (Fake egg shape Smart Toilet)\"}]},{\"@type\":\"WebSite\",\"@id\":\"https:\/\/bikibath.com\/#website\",\"url\":\"https:\/\/bikibath.com\/\",\"name\":\"BIKI Smart Toilet\",\"description\":\"Elevate Every Daily Comfort\",\"publisher\":{\"@id\":\"https:\/\/bikibath.com\/#organization\"},\"potentialAction\":[{\"@type\":\"SearchAction\",\"target\":{\"@type\":\"EntryPoint\",\"urlTemplate\":\"https:\/\/bikibath.com\/?s={search_term_string}\"},\"query-input\":{\"@type\":\"PropertyValueSpecification\",\"valueRequired\":true,\"valueName\":\"search_term_string\"}}],\"inLanguage\":\"es\"},{\"@type\":\"Organization\",\"@id\":\"https:\/\/bikibath.com\/#organization\",\"name\":\"BIKI Smart Toilet\",\"url\":\"https:\/\/bikibath.com\/\",\"logo\":{\"@type\":\"ImageObject\",\"inLanguage\":\"es\",\"@id\":\"https:\/\/bikibath.com\/#\/schema\/logo\/image\/\",\"url\":\"https:\/\/bikibath.com\/wp-content\/uploads\/2025\/10\/biki.png\",\"contentUrl\":\"https:\/\/bikibath.com\/wp-content\/uploads\/2025\/10\/biki.png\",\"width\":500,\"height\":162,\"caption\":\"BIKI Smart Toilet\"},\"image\":{\"@id\":\"https:\/\/bikibath.com\/#\/schema\/logo\/image\/\"}}]}<\/script>\n<!-- \/ Yoast SEO Premium plugin. -->","yoast_head_json":{"title":"Inodoro inteligente americano - Calor instant\u00e1neo - Inodoro inteligente BIKI","description":"Eleve el nivel de su cuarto de ba\u00f1o con el inodoro inteligente American Intelligent Toilet, que ofrece calor instant\u00e1neo, descarga autom\u00e1tica sin contacto, inodoro inteligente American Intelligent Toilet.","robots":{"index":"index","follow":"follow","max-snippet":"max-snippet:-1","max-image-preview":"max-image-preview:large","max-video-preview":"max-video-preview:-1"},"canonical":"https:\/\/bikibath.com\/es\/product\/biki-e90-inodoro-inteligente-americano-calor-instantaneo-descarga-automatica-boquilla-antibacteriana\/","og_locale":"es_MX","og_type":"article","og_title":"BIKI E90 American Intelligent Toilet - With Heated Seat and Bidet, Auto Flush & Antibacterial Nozzle (Fake egg shape Smart Toilet)","og_description":"Elevate your bathroom with the American Intelligent Toilet\u2014boasting instant heat, touchless auto flush, American Intelligent Toilet.","og_url":"https:\/\/bikibath.com\/es\/product\/biki-e90-inodoro-inteligente-americano-calor-instantaneo-descarga-automatica-boquilla-antibacteriana\/","og_site_name":"BIKI Smart Toilet","article_modified_time":"2026-01-07T03:22:53+00:00","og_image":[{"width":1000,"height":1000,"url":"https:\/\/bikibath.com\/wp-content\/uploads\/2025\/11\/E90.png","type":"image\/png"}],"twitter_card":"summary_large_image","twitter_misc":{"Tiempo de lectura":"3 minutos"},"schema":{"@context":"https:\/\/schema.org","@graph":[{"@type":"WebPage","@id":"https:\/\/bikibath.com\/product\/biki-e90-american-intelligent-toilet-instant-heat-auto-flush-antibacterial-nozzle\/","url":"https:\/\/bikibath.com\/product\/biki-e90-american-intelligent-toilet-instant-heat-auto-flush-antibacterial-nozzle\/","name":"Inodoro inteligente americano - Calor instant\u00e1neo - Inodoro inteligente BIKI","isPartOf":{"@id":"https:\/\/bikibath.com\/#website"},"primaryImageOfPage":{"@id":"https:\/\/bikibath.com\/product\/biki-e90-american-intelligent-toilet-instant-heat-auto-flush-antibacterial-nozzle\/#primaryimage"},"image":{"@id":"https:\/\/bikibath.com\/product\/biki-e90-american-intelligent-toilet-instant-heat-auto-flush-antibacterial-nozzle\/#primaryimage"},"thumbnailUrl":"https:\/\/bikibath.com\/wp-content\/uploads\/2025\/11\/E90.png","datePublished":"2025-11-04T07:06:11+00:00","dateModified":"2026-01-07T03:22:53+00:00","description":"Eleve el nivel de su cuarto de ba\u00f1o con el inodoro inteligente American Intelligent Toilet, que ofrece calor instant\u00e1neo, descarga autom\u00e1tica sin contacto, inodoro inteligente American Intelligent Toilet.","breadcrumb":{"@id":"https:\/\/bikibath.com\/product\/biki-e90-american-intelligent-toilet-instant-heat-auto-flush-antibacterial-nozzle\/#breadcrumb"},"inLanguage":"es","potentialAction":[{"@type":"ReadAction","target":["https:\/\/bikibath.com\/product\/biki-e90-american-intelligent-toilet-instant-heat-auto-flush-antibacterial-nozzle\/"]}]},{"@type":"ImageObject","inLanguage":"es","@id":"https:\/\/bikibath.com\/product\/biki-e90-american-intelligent-toilet-instant-heat-auto-flush-antibacterial-nozzle\/#primaryimage","url":"https:\/\/bikibath.com\/wp-content\/uploads\/2025\/11\/E90.png","contentUrl":"https:\/\/bikibath.com\/wp-content\/uploads\/2025\/11\/E90.png","width":1000,"height":1000},{"@type":"BreadcrumbList","@id":"https:\/\/bikibath.com\/product\/biki-e90-american-intelligent-toilet-instant-heat-auto-flush-antibacterial-nozzle\/#breadcrumb","itemListElement":[{"@type":"ListItem","position":1,"name":"Home","item":"https:\/\/bikibath.com\/"},{"@type":"ListItem","position":2,"name":"Product","item":"https:\/\/bikibath.com\/product\/"},{"@type":"ListItem","position":3,"name":"BIKI E90 American Intelligent Toilet &#8211; With Heated Seat and Bidet, Auto Flush &#038; Antibacterial Nozzle (Fake egg shape Smart Toilet)"}]},{"@type":"WebSite","@id":"https:\/\/bikibath.com\/#website","url":"https:\/\/bikibath.com\/","name":"Inodoro inteligente BIKI","description":"Mejore su comodidad diaria","publisher":{"@id":"https:\/\/bikibath.com\/#organization"},"potentialAction":[{"@type":"SearchAction","target":{"@type":"EntryPoint","urlTemplate":"https:\/\/bikibath.com\/?s={search_term_string}"},"query-input":{"@type":"PropertyValueSpecification","valueRequired":true,"valueName":"search_term_string"}}],"inLanguage":"es"},{"@type":"Organization","@id":"https:\/\/bikibath.com\/#organization","name":"Inodoro inteligente BIKI","url":"https:\/\/bikibath.com\/","logo":{"@type":"ImageObject","inLanguage":"es","@id":"https:\/\/bikibath.com\/#\/schema\/logo\/image\/","url":"https:\/\/bikibath.com\/wp-content\/uploads\/2025\/10\/biki.png","contentUrl":"https:\/\/bikibath.com\/wp-content\/uploads\/2025\/10\/biki.png","width":500,"height":162,"caption":"BIKI Smart Toilet"},"image":{"@id":"https:\/\/bikibath.com\/#\/schema\/logo\/image\/"}}]}},"_links":{"self":[{"href":"https:\/\/bikibath.com\/es\/wp-json\/wp\/v2\/product\/3128","targetHints":{"allow":["GET"]}}],"collection":[{"href":"https:\/\/bikibath.com\/es\/wp-json\/wp\/v2\/product"}],"about":[{"href":"https:\/\/bikibath.com\/es\/wp-json\/wp\/v2\/types\/product"}],"replies":[{"embeddable":true,"href":"https:\/\/bikibath.com\/es\/wp-json\/wp\/v2\/comments?post=3128"}],"wp:featuredmedia":[{"embeddable":true,"href":"https:\/\/bikibath.com\/es\/wp-json\/wp\/v2\/media\/3142"}],"wp:attachment":[{"href":"https:\/\/bikibath.com\/es\/wp-json\/wp\/v2\/media?parent=3128"}],"wp:term":[{"taxonomy":"product_brand","embeddable":true,"href":"https:\/\/bikibath.com\/es\/wp-json\/wp\/v2\/product_brand?post=3128"},{"taxonomy":"product_cat","embeddable":true,"href":"https:\/\/bikibath.com\/es\/wp-json\/wp\/v2\/product_cat?post=3128"},{"taxonomy":"product_tag","embeddable":true,"href":"https:\/\/bikibath.com\/es\/wp-json\/wp\/v2\/product_tag?post=3128"}],"curies":[{"name":"wp","href":"https:\/\/api.w.org\/{rel}","templated":true}]}}