{"id":3072,"date":"2025-11-04T03:05:55","date_gmt":"2025-11-04T03:05:55","guid":{"rendered":"https:\/\/bikibath.com\/?post_type=product&#038;p=3072"},"modified":"2026-01-07T03:04:30","modified_gmt":"2026-01-07T03:04:30","slug":"auto-lid-flush-smart-toilet","status":"publish","type":"product","link":"https:\/\/bikibath.com\/es\/product\/auto-lid-flush-smart-toilet\/","title":{"rendered":"BIKI E80 Inodoro El\u00e9ctrico Contral sin Dep\u00f3sito con Bid\u00e9 - Apertura\/Cierre de Tapa y Descarga Autom\u00e1ticas (Certificaci\u00f3n WaterMark\/CE\/UL)"},"content":{"rendered":"<p><img fetchpriority=\"high\" decoding=\"async\" class=\"alignnone size-full wp-image-3118 aligncenter\" src=\"https:\/\/bikibath.com\/wp-content\/uploads\/2025\/11\/E80-Function.jpg\" alt=\"smart toilet auto lid open close\" width=\"1300\" height=\"2560\" \/><\/p>\n<div style=\"display: none;\">\n<h1 class=\"header-iWP5WJ auto-hide-last-sibling-br\">Mejore su cuarto de ba\u00f1o con el inodoro inteligente BIKI: Lujo, higiene y eficiencia h\u00eddrica en cada uso<\/h1>\n<div class=\"auto-hide-last-sibling-br paragraph-pP9ZLC paragraph-element br-paragraph-space\">\u00bfListo para transformar su rutina diaria en el ba\u00f1o en una experiencia lujosa e higi\u00e9nica? El Inodoro Inteligente BIKI es la actualizaci\u00f3n definitiva, con asiento el\u00e9ctrico calefactable, tapa autom\u00e1tica y tecnolog\u00eda de descarga avanzada, al tiempo que proporciona una eficiencia h\u00eddrica respetuosa tanto con sus facturas como con el planeta. Descubra por qu\u00e9 es el accesorio imprescindible para los hogares modernos y p\u00f3ngase en contacto con nosotros ahora para llevar esta combinaci\u00f3n de comodidad y practicidad a su espacio.<\/div>\n<h2 class=\"header-iWP5WJ auto-hide-last-sibling-br\">Asiento el\u00e9ctrico calefactable: confort a medida, sin golpes de fr\u00edo<\/h2>\n<div class=\"auto-hide-last-sibling-br paragraph-pP9ZLC paragraph-element br-paragraph-space\">Diga adi\u00f3s a los desagradables asientos de inodoro fr\u00edos, incluso en las ma\u00f1anas m\u00e1s fr\u00edas. El Inodoro Inteligente BIKI cuenta con un\u00a0<strong>asiento el\u00e9ctrico calefactable<\/strong>\u00a0con ajustes de temperatura regulables (32-38 \u00b0C), que le permiten adaptar el calor a sus preferencias. Sin precalentamiento ni esperas: confort instant\u00e1neo y constante cada vez que lo use. El dise\u00f1o de bajo consumo se apaga autom\u00e1ticamente cuando est\u00e1 inactivo, para que pueda disfrutar de momentos acogedores sin preocuparse por el derroche de energ\u00eda. Es un peque\u00f1o lujo que marca una gran diferencia para familias, ancianos y cualquier persona que valore el confort diario.<\/div>\n<h2 class=\"header-iWP5WJ auto-hide-last-sibling-br\">Tapa autom\u00e1tica: Comodidad e higiene manos libres<\/h2>\n<div class=\"auto-hide-last-sibling-br paragraph-pP9ZLC paragraph-element br-paragraph-space\">Higiene y comodidad van de la mano con el Inodoro Inteligente BIKI\u00a0<strong>auto tapa<\/strong>\u00a0funci\u00f3n. La tapa se abre autom\u00e1ticamente al acercarse y se cierra suavemente al alejarse, sin tocar superficies sucias ni olvidarse de cerrarla. Para mayor practicidad, muchos modelos incluyen un sensor de pie para un funcionamiento manos libres (perfecto para cuando tiene las manos ocupadas). Este dise\u00f1o sin contacto minimiza la propagaci\u00f3n de g\u00e9rmenes, manteniendo el ba\u00f1o m\u00e1s limpio e higi\u00e9nico para toda la familia y los invitados. Es la comodidad redefinida, que hace que el uso diario sea m\u00e1s suave e higi\u00e9nico.<\/div>\n<h2 class=\"header-iWP5WJ auto-hide-last-sibling-br\">Tecnolog\u00eda de descarga avanzada: Potencia, silencio y ahorro de agua<\/h2>\n<div class=\"auto-hide-last-sibling-br paragraph-pP9ZLC paragraph-element br-paragraph-space\">El sistema de descarga del Inodoro Inteligente BIKI est\u00e1 dise\u00f1ado para impresionar: lo suficientemente potente para eliminar los residuos a fondo, lo suficientemente silencioso para no molestar en su hogar y lo suficientemente eficiente para ahorrar agua. Gracias a su avanzada tecnolog\u00eda de v\u00f3rtice o chorro sif\u00f3nico, proporciona una descarga potente y sin atascos a la vez que funciona a s\u00f3lo 30-40 decibelios (m\u00e1s suave que una conversaci\u00f3n). Utiliza s\u00f3lo 4,8 litros por descarga, significativamente menos que los inodoros tradicionales, reduciendo el gasto de agua hasta en 60% sin sacrificar el rendimiento. Disfrute de la tranquilidad de saber que est\u00e1 eligiendo una instalaci\u00f3n de alto rendimiento y respetuosa con el medio ambiente.<\/div>\n<h2 class=\"header-iWP5WJ auto-hide-last-sibling-br\">Lujo, higiene y eficiencia h\u00eddrica, todo en uno<\/h2>\n<div class=\"auto-hide-last-sibling-br paragraph-pP9ZLC paragraph-element br-paragraph-space\">El Inodoro Inteligente BIKI no es s\u00f3lo un inodoro, es una mejora integral que cumple todos los requisitos:<\/div>\n<ul class=\"auto-hide-last-sibling-br\">\n<li><strong>Lujo<\/strong>: Los asientos calefactados y la tapa autom\u00e1tica a\u00f1aden un toque de spa a su rutina diaria.<\/li>\n<li><strong>Higiene<\/strong>: Su funcionamiento sin contacto y su potente descarga reducen la acumulaci\u00f3n de g\u00e9rmenes, manteniendo su ba\u00f1o m\u00e1s fresco.<\/li>\n<li><strong>Eficiencia h\u00eddrica<\/strong>: La tecnolog\u00eda de descarga de bajo caudal ahorra agua sin comprometer la potencia.<\/li>\n<li><strong>Durabilidad<\/strong>: Fabricados con materiales de alta calidad y sometidos a rigurosas pruebas, garantizan un rendimiento duradero durante a\u00f1os.<\/li>\n<li><strong>Dise\u00f1o elegante<\/strong>: Su perfil moderno y aerodin\u00e1mico complementa cualquier decoraci\u00f3n de ba\u00f1o, desde la minimalista a la contempor\u00e1nea.<\/li>\n<\/ul>\n<h2 class=\"header-iWP5WJ auto-hide-last-sibling-br\">\u00bfPreparado para actualizar? P\u00f3ngase en contacto con nosotros<\/h2>\n<div class=\"auto-hide-last-sibling-br paragraph-pP9ZLC paragraph-element br-paragraph-space\">No se conforme con un inodoro anticuado e inc\u00f3modo. El Inodoro Inteligente BIKI re\u00fane lo mejor del lujo, la higiene y la eficiencia, convirtiendo los momentos ordinarios del ba\u00f1o en algo extraordinario. Tanto si est\u00e1 remodelando su espacio como sustituyendo un antiguo accesorio, este inodoro inteligente es la combinaci\u00f3n perfecta de forma y funci\u00f3n.<\/div>\n<div class=\"auto-hide-last-sibling-br paragraph-pP9ZLC paragraph-element br-paragraph-space\">P\u00f3ngase en contacto con nosotros ahora para obtener m\u00e1s informaci\u00f3n sobre precios, detalles de instalaci\u00f3n y opciones de personalizaci\u00f3n. Nuestro equipo est\u00e1 listo para ayudarle a llevar el confort y la comodidad del Inodoro Inteligente BIKI a su hogar, \u00a1su ba\u00f1o (y su rutina diaria) se lo agradecer\u00e1n!<\/div>\n<div><\/div>\n<\/div>","protected":false},"excerpt":{"rendered":"<div class=\"pro_desc\">\n<table cellspacing=\"0\" cellpadding=\"0\">\n<tbody>\n<tr>\n<td>Modelo No:<\/td>\n<td>E80<\/td>\n<\/tr>\n<tr>\n<td>Estructura<\/td>\n<td>De pie<\/td>\n<\/tr>\n<tr>\n<td>Tama\u00f1o\uff1a<\/td>\n<td>590*380*480mm<\/td>\n<\/tr>\n<tr>\n<td>Sistema de descarga\uff1a<\/td>\n<td>Chorro sif\u00f3nico<\/td>\n<\/tr>\n<tr>\n<td>M\u00e9todo de calentamiento\uff1a<\/td>\n<td>Calefacci\u00f3n instant\u00e1nea<\/td>\n<\/tr>\n<tr>\n<td>MOQ\uff1a<\/td>\n<td>1 juego<\/td>\n<\/tr>\n<tr>\n<td>Plazo de entrega\uff1a<\/td>\n<td>7-15 d\u00edas<\/td>\n<\/tr>\n<\/tbody>\n<\/table>\n<\/div>","protected":false},"featured_media":3077,"comment_status":"open","ping_status":"closed","template":"","meta":{"_acf_changed":false},"product_brand":[],"product_cat":[28],"product_tag":[],"class_list":{"0":"post-3072","1":"product","2":"type-product","3":"status-publish","4":"has-post-thumbnail","6":"product_cat-smart-toilet","8":"first","9":"instock","10":"shipping-taxable","11":"product-type-simple"},"acf":[],"yoast_head":"<!-- This site is optimized with the Yoast SEO Premium plugin v23.6 (Yoast SEO v26.3) - https:\/\/yoast.com\/wordpress\/plugins\/seo\/ -->\n<title>Electric Contral Toilet with Bidet - Auto Lid Open - BIKI Smart Toilet<\/title>\n<meta name=\"description\" content=\"Upgrade your bathroom with BIKI smart toilet. electric heated seat, auto lid,flush technology. Electric toilet auto lid open close\" \/>\n<meta name=\"robots\" content=\"index, follow, max-snippet:-1, max-image-preview:large, max-video-preview:-1\" \/>\n<link rel=\"canonical\" href=\"https:\/\/bikibath.com\/es\/product\/auto-lid-flush-smart-toilet\/\" \/>\n<meta property=\"og:locale\" content=\"es_MX\" \/>\n<meta property=\"og:type\" content=\"article\" \/>\n<meta property=\"og:title\" content=\"BIKI E80 Electric Contral Toilet without Tank\u200b with Bidet - Auto Lid Open\/Close &amp; Flush (WaterMark\/CE\/UL Certification)\" \/>\n<meta property=\"og:description\" content=\"Upgrade your bathroom with BIKI smart toilet. electric heated seat, auto lid,flush technology. Electric toilet auto lid open close\" \/>\n<meta property=\"og:url\" content=\"https:\/\/bikibath.com\/es\/product\/auto-lid-flush-smart-toilet\/\" \/>\n<meta property=\"og:site_name\" content=\"BIKI Smart Toilet\" \/>\n<meta property=\"article:modified_time\" content=\"2026-01-07T03:04:30+00:00\" \/>\n<meta property=\"og:image\" content=\"https:\/\/bikibath.com\/wp-content\/uploads\/2025\/11\/E80.png\" \/>\n\t<meta property=\"og:image:width\" content=\"1000\" \/>\n\t<meta property=\"og:image:height\" content=\"1000\" \/>\n\t<meta property=\"og:image:type\" content=\"image\/png\" \/>\n<meta name=\"twitter:card\" content=\"summary_large_image\" \/>\n<meta name=\"twitter:label1\" content=\"Tiempo de lectura\" \/>\n\t<meta name=\"twitter:data1\" content=\"3 minutos\" \/>\n<script type=\"application\/ld+json\" class=\"yoast-schema-graph\">{\"@context\":\"https:\/\/schema.org\",\"@graph\":[{\"@type\":\"WebPage\",\"@id\":\"https:\/\/bikibath.com\/product\/auto-lid-flush-smart-toilet\/\",\"url\":\"https:\/\/bikibath.com\/product\/auto-lid-flush-smart-toilet\/\",\"name\":\"Electric Contral Toilet with Bidet - Auto Lid Open - BIKI Smart Toilet\",\"isPartOf\":{\"@id\":\"https:\/\/bikibath.com\/#website\"},\"primaryImageOfPage\":{\"@id\":\"https:\/\/bikibath.com\/product\/auto-lid-flush-smart-toilet\/#primaryimage\"},\"image\":{\"@id\":\"https:\/\/bikibath.com\/product\/auto-lid-flush-smart-toilet\/#primaryimage\"},\"thumbnailUrl\":\"https:\/\/bikibath.com\/wp-content\/uploads\/2025\/11\/E80.png\",\"datePublished\":\"2025-11-04T03:05:55+00:00\",\"dateModified\":\"2026-01-07T03:04:30+00:00\",\"description\":\"Upgrade your bathroom with BIKI smart toilet. electric heated seat, auto lid,flush technology. Electric toilet auto lid open close\",\"breadcrumb\":{\"@id\":\"https:\/\/bikibath.com\/product\/auto-lid-flush-smart-toilet\/#breadcrumb\"},\"inLanguage\":\"es\",\"potentialAction\":[{\"@type\":\"ReadAction\",\"target\":[\"https:\/\/bikibath.com\/product\/auto-lid-flush-smart-toilet\/\"]}]},{\"@type\":\"ImageObject\",\"inLanguage\":\"es\",\"@id\":\"https:\/\/bikibath.com\/product\/auto-lid-flush-smart-toilet\/#primaryimage\",\"url\":\"https:\/\/bikibath.com\/wp-content\/uploads\/2025\/11\/E80.png\",\"contentUrl\":\"https:\/\/bikibath.com\/wp-content\/uploads\/2025\/11\/E80.png\",\"width\":1000,\"height\":1000},{\"@type\":\"BreadcrumbList\",\"@id\":\"https:\/\/bikibath.com\/product\/auto-lid-flush-smart-toilet\/#breadcrumb\",\"itemListElement\":[{\"@type\":\"ListItem\",\"position\":1,\"name\":\"Home\",\"item\":\"https:\/\/bikibath.com\/\"},{\"@type\":\"ListItem\",\"position\":2,\"name\":\"Product\",\"item\":\"https:\/\/bikibath.com\/product\/\"},{\"@type\":\"ListItem\",\"position\":3,\"name\":\"BIKI E80 Electric Contral Toilet without Tank\u200b with Bidet &#8211; Auto Lid Open\/Close &#038; Flush (WaterMark\/CE\/UL Certification)\"}]},{\"@type\":\"WebSite\",\"@id\":\"https:\/\/bikibath.com\/#website\",\"url\":\"https:\/\/bikibath.com\/\",\"name\":\"BIKI Smart Toilet\",\"description\":\"Elevate Every Daily Comfort\",\"publisher\":{\"@id\":\"https:\/\/bikibath.com\/#organization\"},\"potentialAction\":[{\"@type\":\"SearchAction\",\"target\":{\"@type\":\"EntryPoint\",\"urlTemplate\":\"https:\/\/bikibath.com\/?s={search_term_string}\"},\"query-input\":{\"@type\":\"PropertyValueSpecification\",\"valueRequired\":true,\"valueName\":\"search_term_string\"}}],\"inLanguage\":\"es\"},{\"@type\":\"Organization\",\"@id\":\"https:\/\/bikibath.com\/#organization\",\"name\":\"BIKI Smart Toilet\",\"url\":\"https:\/\/bikibath.com\/\",\"logo\":{\"@type\":\"ImageObject\",\"inLanguage\":\"es\",\"@id\":\"https:\/\/bikibath.com\/#\/schema\/logo\/image\/\",\"url\":\"https:\/\/bikibath.com\/wp-content\/uploads\/2025\/10\/biki.png\",\"contentUrl\":\"https:\/\/bikibath.com\/wp-content\/uploads\/2025\/10\/biki.png\",\"width\":500,\"height\":162,\"caption\":\"BIKI Smart Toilet\"},\"image\":{\"@id\":\"https:\/\/bikibath.com\/#\/schema\/logo\/image\/\"}}]}<\/script>\n<!-- \/ Yoast SEO Premium plugin. -->","yoast_head_json":{"title":"Inodoro Contral El\u00e9ctrico con Bid\u00e9 - Apertura Autom\u00e1tica de la Tapa - Inodoro Inteligente BIKI","description":"Actualice su cuarto de ba\u00f1o con el inodoro inteligente BIKI. asiento el\u00e9ctrico calefactable, tapa autom\u00e1tica, tecnolog\u00eda de descarga. Inodoro el\u00e9ctrico con tapa autom\u00e1tica","robots":{"index":"index","follow":"follow","max-snippet":"max-snippet:-1","max-image-preview":"max-image-preview:large","max-video-preview":"max-video-preview:-1"},"canonical":"https:\/\/bikibath.com\/es\/product\/auto-lid-flush-smart-toilet\/","og_locale":"es_MX","og_type":"article","og_title":"BIKI E80 Electric Contral Toilet without Tank\u200b with Bidet - Auto Lid Open\/Close & Flush (WaterMark\/CE\/UL Certification)","og_description":"Upgrade your bathroom with BIKI smart toilet. electric heated seat, auto lid,flush technology. Electric toilet auto lid open close","og_url":"https:\/\/bikibath.com\/es\/product\/auto-lid-flush-smart-toilet\/","og_site_name":"BIKI Smart Toilet","article_modified_time":"2026-01-07T03:04:30+00:00","og_image":[{"width":1000,"height":1000,"url":"https:\/\/bikibath.com\/wp-content\/uploads\/2025\/11\/E80.png","type":"image\/png"}],"twitter_card":"summary_large_image","twitter_misc":{"Tiempo de lectura":"3 minutos"},"schema":{"@context":"https:\/\/schema.org","@graph":[{"@type":"WebPage","@id":"https:\/\/bikibath.com\/product\/auto-lid-flush-smart-toilet\/","url":"https:\/\/bikibath.com\/product\/auto-lid-flush-smart-toilet\/","name":"Inodoro Contral El\u00e9ctrico con Bid\u00e9 - Apertura Autom\u00e1tica de la Tapa - Inodoro Inteligente BIKI","isPartOf":{"@id":"https:\/\/bikibath.com\/#website"},"primaryImageOfPage":{"@id":"https:\/\/bikibath.com\/product\/auto-lid-flush-smart-toilet\/#primaryimage"},"image":{"@id":"https:\/\/bikibath.com\/product\/auto-lid-flush-smart-toilet\/#primaryimage"},"thumbnailUrl":"https:\/\/bikibath.com\/wp-content\/uploads\/2025\/11\/E80.png","datePublished":"2025-11-04T03:05:55+00:00","dateModified":"2026-01-07T03:04:30+00:00","description":"Actualice su cuarto de ba\u00f1o con el inodoro inteligente BIKI. asiento el\u00e9ctrico calefactable, tapa autom\u00e1tica, tecnolog\u00eda de descarga. Inodoro el\u00e9ctrico con tapa autom\u00e1tica","breadcrumb":{"@id":"https:\/\/bikibath.com\/product\/auto-lid-flush-smart-toilet\/#breadcrumb"},"inLanguage":"es","potentialAction":[{"@type":"ReadAction","target":["https:\/\/bikibath.com\/product\/auto-lid-flush-smart-toilet\/"]}]},{"@type":"ImageObject","inLanguage":"es","@id":"https:\/\/bikibath.com\/product\/auto-lid-flush-smart-toilet\/#primaryimage","url":"https:\/\/bikibath.com\/wp-content\/uploads\/2025\/11\/E80.png","contentUrl":"https:\/\/bikibath.com\/wp-content\/uploads\/2025\/11\/E80.png","width":1000,"height":1000},{"@type":"BreadcrumbList","@id":"https:\/\/bikibath.com\/product\/auto-lid-flush-smart-toilet\/#breadcrumb","itemListElement":[{"@type":"ListItem","position":1,"name":"Home","item":"https:\/\/bikibath.com\/"},{"@type":"ListItem","position":2,"name":"Product","item":"https:\/\/bikibath.com\/product\/"},{"@type":"ListItem","position":3,"name":"BIKI E80 Electric Contral Toilet without Tank\u200b with Bidet &#8211; Auto Lid Open\/Close &#038; Flush (WaterMark\/CE\/UL Certification)"}]},{"@type":"WebSite","@id":"https:\/\/bikibath.com\/#website","url":"https:\/\/bikibath.com\/","name":"Inodoro inteligente BIKI","description":"Mejore su comodidad diaria","publisher":{"@id":"https:\/\/bikibath.com\/#organization"},"potentialAction":[{"@type":"SearchAction","target":{"@type":"EntryPoint","urlTemplate":"https:\/\/bikibath.com\/?s={search_term_string}"},"query-input":{"@type":"PropertyValueSpecification","valueRequired":true,"valueName":"search_term_string"}}],"inLanguage":"es"},{"@type":"Organization","@id":"https:\/\/bikibath.com\/#organization","name":"Inodoro inteligente BIKI","url":"https:\/\/bikibath.com\/","logo":{"@type":"ImageObject","inLanguage":"es","@id":"https:\/\/bikibath.com\/#\/schema\/logo\/image\/","url":"https:\/\/bikibath.com\/wp-content\/uploads\/2025\/10\/biki.png","contentUrl":"https:\/\/bikibath.com\/wp-content\/uploads\/2025\/10\/biki.png","width":500,"height":162,"caption":"BIKI Smart Toilet"},"image":{"@id":"https:\/\/bikibath.com\/#\/schema\/logo\/image\/"}}]}},"_links":{"self":[{"href":"https:\/\/bikibath.com\/es\/wp-json\/wp\/v2\/product\/3072","targetHints":{"allow":["GET"]}}],"collection":[{"href":"https:\/\/bikibath.com\/es\/wp-json\/wp\/v2\/product"}],"about":[{"href":"https:\/\/bikibath.com\/es\/wp-json\/wp\/v2\/types\/product"}],"replies":[{"embeddable":true,"href":"https:\/\/bikibath.com\/es\/wp-json\/wp\/v2\/comments?post=3072"}],"wp:featuredmedia":[{"embeddable":true,"href":"https:\/\/bikibath.com\/es\/wp-json\/wp\/v2\/media\/3077"}],"wp:attachment":[{"href":"https:\/\/bikibath.com\/es\/wp-json\/wp\/v2\/media?parent=3072"}],"wp:term":[{"taxonomy":"product_brand","embeddable":true,"href":"https:\/\/bikibath.com\/es\/wp-json\/wp\/v2\/product_brand?post=3072"},{"taxonomy":"product_cat","embeddable":true,"href":"https:\/\/bikibath.com\/es\/wp-json\/wp\/v2\/product_cat?post=3072"},{"taxonomy":"product_tag","embeddable":true,"href":"https:\/\/bikibath.com\/es\/wp-json\/wp\/v2\/product_tag?post=3072"}],"curies":[{"name":"wp","href":"https:\/\/api.w.org\/{rel}","templated":true}]}}