{"id":2943,"date":"2025-11-01T06:56:17","date_gmt":"2025-11-01T06:56:17","guid":{"rendered":"https:\/\/bikibath.com\/?post_type=product&#038;p=2943"},"modified":"2025-12-03T02:20:19","modified_gmt":"2025-12-03T02:20:19","slug":"inodoro-inteligente-montado-en-el-suelo-de-gran-durabilidad-descarga-silenciosa-desodorizacion-certificado-cupc","status":"publish","type":"product","link":"https:\/\/bikibath.com\/es\/product\/inodoro-inteligente-montado-en-el-suelo-de-gran-durabilidad-descarga-silenciosa-desodorizacion-certificado-cupc\/","title":{"rendered":"Inodoro inteligente montado en el suelo de alta durabilidad: Descarga silenciosa + desodorizaci\u00f3n, certificado CUPC"},"content":{"rendered":"<p><img decoding=\"async\" class=\"size-full wp-image-2250 aligncenter\" src=\"https:\/\/bikibath.com\/wp-content\/uploads\/2025\/11\/E41.png\" alt=\"datos\" width=\"1300\" \/><\/p>\n<div style=\"display: none;\">\n<h1 class=\"header-iWP5WJ auto-hide-last-sibling-br\">Cambie a un inodoro inteligente con certificaci\u00f3n CUPC: Durabilidad, eficiencia y lujo certificados<\/h1>\n<div class=\"auto-hide-last-sibling-br paragraph-pP9ZLC paragraph-element br-paragraph-space\">A la hora de renovar su cuarto de ba\u00f1o, un inodoro inteligente con certificaci\u00f3n CUPC destaca como una opci\u00f3n segura y fiable. La certificaci\u00f3n CUPC garantiza el estricto cumplimiento de las normas de calidad, seguridad y eficiencia del agua, lo que le da tranquilidad en cada uso. Estos inodoros combinan un rendimiento certificado con funciones inteligentes de vanguardia, elevando su rutina diaria a nuevos niveles de comodidad y conveniencia.<\/div>\n<h2 class=\"header-iWP5WJ auto-hide-last-sibling-br\">Excelencia certificada por CUPC: Qu\u00e9 significa para usted<\/h2>\n<div class=\"auto-hide-last-sibling-br paragraph-pP9ZLC paragraph-element br-paragraph-space\">La certificaci\u00f3n CUPC es m\u00e1s que una etiqueta: es una promesa de durabilidad y seguridad. Todos los inodoros inteligentes con certificaci\u00f3n CUPC se someten a rigurosas pruebas para cumplir los est\u00e1ndares del sector en cuanto a resistencia de materiales, consumo de agua y seguridad de funcionamiento. Esto significa que est\u00e1 invirtiendo en un accesorio que durar\u00e1, ahorrar\u00e1 agua y funcionar\u00e1 de forma constante sin comprometer la calidad. Tanto si elige un modelo montado en el suelo como una alternativa elegante, la certificaci\u00f3n CUPC garantiza un cumplimiento en el que puede confiar.<\/div>\n<h2 class=\"header-iWP5WJ auto-hide-last-sibling-br\">Tipos diversos: Inodoros inteligentes con certificaci\u00f3n CUPC para cada espacio<\/h2>\n<div class=\"auto-hide-last-sibling-br paragraph-pP9ZLC paragraph-element br-paragraph-space\">La certificaci\u00f3n CUPC abarca una amplia gama de dise\u00f1os de inodoros inteligentes, lo que garantiza que haya una opci\u00f3n para cada dise\u00f1o y estilo de cuarto de ba\u00f1o.<\/div>\n<h3 class=\"header-iWP5WJ auto-hide-last-sibling-br\">Inodoro mural inteligente<\/h3>\n<div class=\"auto-hide-last-sibling-br paragraph-pP9ZLC paragraph-element br-paragraph-space\">Un inodoro inteligente colgado en la pared con certificaci\u00f3n CUPC ahorra espacio en el suelo y aporta una est\u00e9tica moderna y flotante. Es f\u00e1cil de limpiar por debajo y combina a la perfecci\u00f3n con una decoraci\u00f3n minimalista. Como todos los modelos certificados, ofrece un rendimiento fiable y muchos de ellos incorporan la tecnolog\u00eda de descarga autom\u00e1tica para una mayor comodidad sin contacto.<\/div>\n<h3 class=\"header-iWP5WJ auto-hide-last-sibling-br\">Inodoros sin tanque y bid\u00e9 sin tanque<\/h3>\n<div class=\"auto-hide-last-sibling-br paragraph-pP9ZLC paragraph-element br-paragraph-space\">Los inodoros sin cisterna con certificaci\u00f3n CUPC eliminan las voluminosas cisternas y encajan perfectamente en ba\u00f1os peque\u00f1os o tocadores. Utilizan menos agua sin sacrificar la potencia de descarga, en l\u00ednea con los objetivos ecol\u00f3gicos. Para mejorar la higiene, opte por un inodoro bid\u00e9 sin cisterna, certificado para la seguridad y equipado con rociadores bid\u00e9 ajustables, asientos calefactados y mucho m\u00e1s.<\/div>\n<h3 class=\"header-iWP5WJ auto-hide-last-sibling-br\">Inodoro inteligente negro<\/h3>\n<div class=\"auto-hide-last-sibling-br paragraph-pP9ZLC paragraph-element br-paragraph-space\">Atr\u00e9vase con un inodoro inteligente negro con certificaci\u00f3n CUPC. Este elegante accesorio a\u00f1ade profundidad a los ba\u00f1os modernos, combinando con tocadores oscuros o dise\u00f1os de inspiraci\u00f3n industrial. No solo tiene un aspecto atractivo: todos los inodoros inteligentes negros cuentan con la certificaci\u00f3n CUPC, lo que garantiza que cumplen los mismos altos est\u00e1ndares de durabilidad y eficiencia que los modelos blancos tradicionales.<\/div>\n<h2 class=\"header-iWP5WJ auto-hide-last-sibling-br\">Funciones inteligentes imprescindibles, respaldadas por CUPC<\/h2>\n<div class=\"auto-hide-last-sibling-br paragraph-pP9ZLC paragraph-element br-paragraph-space\">Los inodoros inteligentes con certificaci\u00f3n CUPC no s\u00f3lo ofrecen certificaci\u00f3n, sino que incluyen funciones que redefinen el confort.<\/div>\n<h3 class=\"header-iWP5WJ auto-hide-last-sibling-br\">Inodoros con descarga autom\u00e1tica<\/h3>\n<div class=\"auto-hide-last-sibling-br paragraph-pP9ZLC paragraph-element br-paragraph-space\">Los inodoros con descarga autom\u00e1tica son una caracter\u00edstica distintiva de los modelos inteligentes con certificaci\u00f3n CUPC. Los sensores detectan el uso y activan autom\u00e1ticamente una descarga potente que ahorra agua. Este funcionamiento sin contacto reduce la propagaci\u00f3n de g\u00e9rmenes y garantiza que nunca se olvide de tirar de la cadena, combinando higiene y comodidad.<\/div>\n<h3 class=\"header-iWP5WJ auto-hide-last-sibling-br\">Inodoro con mando a distancia<\/h3>\n<div class=\"auto-hide-last-sibling-br paragraph-pP9ZLC paragraph-element br-paragraph-space\">Un inodoro con mando a distancia certificado por CUPC pone la personalizaci\u00f3n al alcance de su mano. El mando a distancia intuitivo le permite ajustar la intensidad de la descarga, la configuraci\u00f3n del bid\u00e9 y la temperatura del asiento calefactado, todo ello desde la comodidad de su asiento. Es accesible para todos los usuarios y a\u00f1ade una sensaci\u00f3n de lujo y spa a su cuarto de ba\u00f1o.<\/div>\n<h3 class=\"header-iWP5WJ auto-hide-last-sibling-br\">Inodoro con asiento calefactado<\/h3>\n<div class=\"auto-hide-last-sibling-br paragraph-pP9ZLC paragraph-element br-paragraph-space\">Se acabaron las fr\u00edas descargas cer\u00e1micas: los inodoros con certificaci\u00f3n CUPC y asiento calefactado ofrecen calor regulable para una mayor comodidad durante todo el a\u00f1o. Esta funci\u00f3n viene de serie en muchos modelos inteligentes y se combina con otras funciones, como el secado por aire y los chorros de bid\u00e9, para crear una experiencia de higiene integral.<\/div>\n<h2 class=\"header-iWP5WJ auto-hide-last-sibling-br\">\u00bfPor qu\u00e9 elegir un inodoro inteligente con certificaci\u00f3n CUPC?<\/h2>\n<div class=\"auto-hide-last-sibling-br paragraph-pP9ZLC paragraph-element br-paragraph-space\">Adem\u00e1s de seguridad y calidad, estos inodoros ofrecen valor a largo plazo. Sus dise\u00f1os de bajo consumo de agua reducen las facturas de servicios, mientras que los materiales duraderos reducen la necesidad de sustituciones frecuentes. Tanto si est\u00e1 renovando como actualizando un \u00fanico aparato, un inodoro inteligente con certificaci\u00f3n CUPC combina conformidad, comodidad y estilo. Es una inversi\u00f3n que mejora la funcionalidad y el valor de reventa de su cuarto de ba\u00f1o.<\/div>\n<h2 class=\"header-iWP5WJ auto-hide-last-sibling-br\">Conclusi\u00f3n<\/h2>\n<div class=\"auto-hide-last-sibling-br paragraph-pP9ZLC paragraph-element br-paragraph-space\">Actualice su cuarto de ba\u00f1o con confianza eligiendo un inodoro inteligente con certificaci\u00f3n CUPC. Desde modelos de pared que ahorran espacio hasta elegantes inodoros inteligentes negros, desde inodoros con descarga autom\u00e1tica hasta opciones de bid\u00e9 sin tanque, cada accesorio certificado ofrece durabilidad, eficiencia h\u00eddrica y tecnolog\u00eda intuitiva. A\u00f1ada funciones como el mando a distancia y los asientos calefactados, y obtendr\u00e1 una actualizaci\u00f3n lujosa y segura que transformar\u00e1 sus rutinas diarias. Conf\u00ede en la certificaci\u00f3n CUPC para obtener una calidad fiable y disfrutar de un ba\u00f1o tan funcional como elegante.<\/div>\n<\/div>","protected":false},"excerpt":{"rendered":"<div class=\"pro_desc\">\n<table cellspacing=\"0\" cellpadding=\"0\">\n<tbody>\n<tr>\n<td>Modelo No:<\/td>\n<td>E41<\/td>\n<\/tr>\n<tr>\n<td>M\u00e9todo de lavado<\/td>\n<td>tipo sif\u00f3n de chorro<\/td>\n<\/tr>\n<tr>\n<td>Tama\u00f1o\uff1a<\/td>\n<td>680*380*450mm<\/td>\n<\/tr>\n<tr>\n<td>Sistema de descarga\uff1a<\/td>\n<td>pie enrasado, asiento enrasado<\/td>\n<\/tr>\n<tr>\n<td>placa de cubierta descenso lento\uff1a<\/td>\n<td>tapa abatible autom\u00e1tica<\/td>\n<\/tr>\n<tr>\n<td>MOQ\uff1a<\/td>\n<td>1 juego<\/td>\n<\/tr>\n<tr>\n<td>Plazo de entrega\uff1a<\/td>\n<td>7-15 d\u00edas<\/td>\n<\/tr>\n<\/tbody>\n<\/table>\n<\/div>","protected":false},"featured_media":3965,"comment_status":"open","ping_status":"closed","template":"","meta":{"_acf_changed":false},"product_brand":[],"product_cat":[28],"product_tag":[],"class_list":{"0":"post-2943","1":"product","2":"type-product","3":"status-publish","4":"has-post-thumbnail","6":"product_cat-smart-toilet","8":"first","9":"instock","10":"shipping-taxable","11":"product-type-simple"},"acf":[],"yoast_head":"<!-- This site is optimized with the Yoast SEO Premium plugin v23.6 (Yoast SEO v26.3) - https:\/\/yoast.com\/wordpress\/plugins\/seo\/ -->\n<title>Smart Toilet: Quiet Flush Deodorization CUPC-Certified - BIKI Smart Toilet<\/title>\n<meta name=\"description\" content=\"Upgrade to a CUPC-certified smart toilet: Experience certified durability, water efficiency, and intuitive smart technology for a safe.\" \/>\n<meta name=\"robots\" content=\"index, follow, max-snippet:-1, max-image-preview:large, max-video-preview:-1\" \/>\n<link rel=\"canonical\" href=\"https:\/\/bikibath.com\/es\/product\/inodoro-inteligente-montado-en-el-suelo-de-gran-durabilidad-descarga-silenciosa-desodorizacion-certificado-cupc\/\" \/>\n<meta property=\"og:locale\" content=\"es_MX\" \/>\n<meta property=\"og:type\" content=\"article\" \/>\n<meta property=\"og:title\" content=\"High-Durability Floor-Mounted Smart Toilet: Quiet Flush + Deodorization, CUPC-Certified\" \/>\n<meta property=\"og:description\" content=\"Upgrade to a CUPC-certified smart toilet: Experience certified durability, water efficiency, and intuitive smart technology for a safe.\" \/>\n<meta property=\"og:url\" content=\"https:\/\/bikibath.com\/es\/product\/inodoro-inteligente-montado-en-el-suelo-de-gran-durabilidad-descarga-silenciosa-desodorizacion-certificado-cupc\/\" \/>\n<meta property=\"og:site_name\" content=\"BIKI Smart Toilet\" \/>\n<meta property=\"article:modified_time\" content=\"2025-12-03T02:20:19+00:00\" \/>\n<meta property=\"og:image\" content=\"https:\/\/bikibath.com\/wp-content\/uploads\/2025\/11\/CUPC-Certified.webp\" \/>\n\t<meta property=\"og:image:width\" content=\"1000\" \/>\n\t<meta property=\"og:image:height\" content=\"1000\" \/>\n\t<meta property=\"og:image:type\" content=\"image\/webp\" \/>\n<meta name=\"twitter:card\" content=\"summary_large_image\" \/>\n<meta name=\"twitter:label1\" content=\"Tiempo de lectura\" \/>\n\t<meta name=\"twitter:data1\" content=\"4 minutos\" \/>\n<script type=\"application\/ld+json\" class=\"yoast-schema-graph\">{\"@context\":\"https:\/\/schema.org\",\"@graph\":[{\"@type\":\"WebPage\",\"@id\":\"https:\/\/bikibath.com\/product\/high-durability-floor-mounted-smart-toilet-quiet-flush-deodorization-cupc-certified\/\",\"url\":\"https:\/\/bikibath.com\/product\/high-durability-floor-mounted-smart-toilet-quiet-flush-deodorization-cupc-certified\/\",\"name\":\"Smart Toilet: Quiet Flush Deodorization CUPC-Certified - BIKI Smart Toilet\",\"isPartOf\":{\"@id\":\"https:\/\/bikibath.com\/#website\"},\"primaryImageOfPage\":{\"@id\":\"https:\/\/bikibath.com\/product\/high-durability-floor-mounted-smart-toilet-quiet-flush-deodorization-cupc-certified\/#primaryimage\"},\"image\":{\"@id\":\"https:\/\/bikibath.com\/product\/high-durability-floor-mounted-smart-toilet-quiet-flush-deodorization-cupc-certified\/#primaryimage\"},\"thumbnailUrl\":\"https:\/\/bikibath.com\/wp-content\/uploads\/2025\/11\/CUPC-Certified.webp\",\"datePublished\":\"2025-11-01T06:56:17+00:00\",\"dateModified\":\"2025-12-03T02:20:19+00:00\",\"description\":\"Upgrade to a CUPC-certified smart toilet: Experience certified durability, water efficiency, and intuitive smart technology for a safe.\",\"breadcrumb\":{\"@id\":\"https:\/\/bikibath.com\/product\/high-durability-floor-mounted-smart-toilet-quiet-flush-deodorization-cupc-certified\/#breadcrumb\"},\"inLanguage\":\"es\",\"potentialAction\":[{\"@type\":\"ReadAction\",\"target\":[\"https:\/\/bikibath.com\/product\/high-durability-floor-mounted-smart-toilet-quiet-flush-deodorization-cupc-certified\/\"]}]},{\"@type\":\"ImageObject\",\"inLanguage\":\"es\",\"@id\":\"https:\/\/bikibath.com\/product\/high-durability-floor-mounted-smart-toilet-quiet-flush-deodorization-cupc-certified\/#primaryimage\",\"url\":\"https:\/\/bikibath.com\/wp-content\/uploads\/2025\/11\/CUPC-Certified.webp\",\"contentUrl\":\"https:\/\/bikibath.com\/wp-content\/uploads\/2025\/11\/CUPC-Certified.webp\",\"width\":1000,\"height\":1000,\"caption\":\"Smart Toilet Cupc Certified\"},{\"@type\":\"BreadcrumbList\",\"@id\":\"https:\/\/bikibath.com\/product\/high-durability-floor-mounted-smart-toilet-quiet-flush-deodorization-cupc-certified\/#breadcrumb\",\"itemListElement\":[{\"@type\":\"ListItem\",\"position\":1,\"name\":\"Home\",\"item\":\"https:\/\/bikibath.com\/\"},{\"@type\":\"ListItem\",\"position\":2,\"name\":\"Product\",\"item\":\"https:\/\/bikibath.com\/product\/\"},{\"@type\":\"ListItem\",\"position\":3,\"name\":\"High-Durability Floor-Mounted Smart Toilet: Quiet Flush + Deodorization, CUPC-Certified\"}]},{\"@type\":\"WebSite\",\"@id\":\"https:\/\/bikibath.com\/#website\",\"url\":\"https:\/\/bikibath.com\/\",\"name\":\"BIKI Smart Toilet\",\"description\":\"Elevate Every Daily Comfort\",\"publisher\":{\"@id\":\"https:\/\/bikibath.com\/#organization\"},\"potentialAction\":[{\"@type\":\"SearchAction\",\"target\":{\"@type\":\"EntryPoint\",\"urlTemplate\":\"https:\/\/bikibath.com\/?s={search_term_string}\"},\"query-input\":{\"@type\":\"PropertyValueSpecification\",\"valueRequired\":true,\"valueName\":\"search_term_string\"}}],\"inLanguage\":\"es\"},{\"@type\":\"Organization\",\"@id\":\"https:\/\/bikibath.com\/#organization\",\"name\":\"BIKI Smart Toilet\",\"url\":\"https:\/\/bikibath.com\/\",\"logo\":{\"@type\":\"ImageObject\",\"inLanguage\":\"es\",\"@id\":\"https:\/\/bikibath.com\/#\/schema\/logo\/image\/\",\"url\":\"https:\/\/bikibath.com\/wp-content\/uploads\/2025\/10\/biki.png\",\"contentUrl\":\"https:\/\/bikibath.com\/wp-content\/uploads\/2025\/10\/biki.png\",\"width\":500,\"height\":162,\"caption\":\"BIKI Smart Toilet\"},\"image\":{\"@id\":\"https:\/\/bikibath.com\/#\/schema\/logo\/image\/\"}}]}<\/script>\n<!-- \/ Yoast SEO Premium plugin. -->","yoast_head_json":{"title":"Inodoro Inteligente: Desodorizaci\u00f3n silenciosa CUPC-Certificado - Inodoro Inteligente BIKI","description":"Cambie a un inodoro inteligente con certificaci\u00f3n CUPC: Experimente la durabilidad certificada, la eficiencia del agua y la tecnolog\u00eda inteligente intuitiva para un inodoro seguro.","robots":{"index":"index","follow":"follow","max-snippet":"max-snippet:-1","max-image-preview":"max-image-preview:large","max-video-preview":"max-video-preview:-1"},"canonical":"https:\/\/bikibath.com\/es\/product\/inodoro-inteligente-montado-en-el-suelo-de-gran-durabilidad-descarga-silenciosa-desodorizacion-certificado-cupc\/","og_locale":"es_MX","og_type":"article","og_title":"High-Durability Floor-Mounted Smart Toilet: Quiet Flush + Deodorization, CUPC-Certified","og_description":"Upgrade to a CUPC-certified smart toilet: Experience certified durability, water efficiency, and intuitive smart technology for a safe.","og_url":"https:\/\/bikibath.com\/es\/product\/inodoro-inteligente-montado-en-el-suelo-de-gran-durabilidad-descarga-silenciosa-desodorizacion-certificado-cupc\/","og_site_name":"BIKI Smart Toilet","article_modified_time":"2025-12-03T02:20:19+00:00","og_image":[{"width":1000,"height":1000,"url":"https:\/\/bikibath.com\/wp-content\/uploads\/2025\/11\/CUPC-Certified.webp","type":"image\/webp"}],"twitter_card":"summary_large_image","twitter_misc":{"Tiempo de lectura":"4 minutos"},"schema":{"@context":"https:\/\/schema.org","@graph":[{"@type":"WebPage","@id":"https:\/\/bikibath.com\/product\/high-durability-floor-mounted-smart-toilet-quiet-flush-deodorization-cupc-certified\/","url":"https:\/\/bikibath.com\/product\/high-durability-floor-mounted-smart-toilet-quiet-flush-deodorization-cupc-certified\/","name":"Inodoro Inteligente: Desodorizaci\u00f3n silenciosa CUPC-Certificado - Inodoro Inteligente BIKI","isPartOf":{"@id":"https:\/\/bikibath.com\/#website"},"primaryImageOfPage":{"@id":"https:\/\/bikibath.com\/product\/high-durability-floor-mounted-smart-toilet-quiet-flush-deodorization-cupc-certified\/#primaryimage"},"image":{"@id":"https:\/\/bikibath.com\/product\/high-durability-floor-mounted-smart-toilet-quiet-flush-deodorization-cupc-certified\/#primaryimage"},"thumbnailUrl":"https:\/\/bikibath.com\/wp-content\/uploads\/2025\/11\/CUPC-Certified.webp","datePublished":"2025-11-01T06:56:17+00:00","dateModified":"2025-12-03T02:20:19+00:00","description":"Cambie a un inodoro inteligente con certificaci\u00f3n CUPC: Experimente la durabilidad certificada, la eficiencia del agua y la tecnolog\u00eda inteligente intuitiva para un inodoro seguro.","breadcrumb":{"@id":"https:\/\/bikibath.com\/product\/high-durability-floor-mounted-smart-toilet-quiet-flush-deodorization-cupc-certified\/#breadcrumb"},"inLanguage":"es","potentialAction":[{"@type":"ReadAction","target":["https:\/\/bikibath.com\/product\/high-durability-floor-mounted-smart-toilet-quiet-flush-deodorization-cupc-certified\/"]}]},{"@type":"ImageObject","inLanguage":"es","@id":"https:\/\/bikibath.com\/product\/high-durability-floor-mounted-smart-toilet-quiet-flush-deodorization-cupc-certified\/#primaryimage","url":"https:\/\/bikibath.com\/wp-content\/uploads\/2025\/11\/CUPC-Certified.webp","contentUrl":"https:\/\/bikibath.com\/wp-content\/uploads\/2025\/11\/CUPC-Certified.webp","width":1000,"height":1000,"caption":"Smart Toilet Cupc Certified"},{"@type":"BreadcrumbList","@id":"https:\/\/bikibath.com\/product\/high-durability-floor-mounted-smart-toilet-quiet-flush-deodorization-cupc-certified\/#breadcrumb","itemListElement":[{"@type":"ListItem","position":1,"name":"Home","item":"https:\/\/bikibath.com\/"},{"@type":"ListItem","position":2,"name":"Product","item":"https:\/\/bikibath.com\/product\/"},{"@type":"ListItem","position":3,"name":"High-Durability Floor-Mounted Smart Toilet: Quiet Flush + Deodorization, CUPC-Certified"}]},{"@type":"WebSite","@id":"https:\/\/bikibath.com\/#website","url":"https:\/\/bikibath.com\/","name":"Inodoro inteligente BIKI","description":"Mejore su comodidad diaria","publisher":{"@id":"https:\/\/bikibath.com\/#organization"},"potentialAction":[{"@type":"SearchAction","target":{"@type":"EntryPoint","urlTemplate":"https:\/\/bikibath.com\/?s={search_term_string}"},"query-input":{"@type":"PropertyValueSpecification","valueRequired":true,"valueName":"search_term_string"}}],"inLanguage":"es"},{"@type":"Organization","@id":"https:\/\/bikibath.com\/#organization","name":"Inodoro inteligente BIKI","url":"https:\/\/bikibath.com\/","logo":{"@type":"ImageObject","inLanguage":"es","@id":"https:\/\/bikibath.com\/#\/schema\/logo\/image\/","url":"https:\/\/bikibath.com\/wp-content\/uploads\/2025\/10\/biki.png","contentUrl":"https:\/\/bikibath.com\/wp-content\/uploads\/2025\/10\/biki.png","width":500,"height":162,"caption":"BIKI Smart Toilet"},"image":{"@id":"https:\/\/bikibath.com\/#\/schema\/logo\/image\/"}}]}},"_links":{"self":[{"href":"https:\/\/bikibath.com\/es\/wp-json\/wp\/v2\/product\/2943","targetHints":{"allow":["GET"]}}],"collection":[{"href":"https:\/\/bikibath.com\/es\/wp-json\/wp\/v2\/product"}],"about":[{"href":"https:\/\/bikibath.com\/es\/wp-json\/wp\/v2\/types\/product"}],"replies":[{"embeddable":true,"href":"https:\/\/bikibath.com\/es\/wp-json\/wp\/v2\/comments?post=2943"}],"wp:featuredmedia":[{"embeddable":true,"href":"https:\/\/bikibath.com\/es\/wp-json\/wp\/v2\/media\/3965"}],"wp:attachment":[{"href":"https:\/\/bikibath.com\/es\/wp-json\/wp\/v2\/media?parent=2943"}],"wp:term":[{"taxonomy":"product_brand","embeddable":true,"href":"https:\/\/bikibath.com\/es\/wp-json\/wp\/v2\/product_brand?post=2943"},{"taxonomy":"product_cat","embeddable":true,"href":"https:\/\/bikibath.com\/es\/wp-json\/wp\/v2\/product_cat?post=2943"},{"taxonomy":"product_tag","embeddable":true,"href":"https:\/\/bikibath.com\/es\/wp-json\/wp\/v2\/product_tag?post=2943"}],"curies":[{"name":"wp","href":"https:\/\/api.w.org\/{rel}","templated":true}]}}