{"id":2860,"date":"2025-10-31T08:00:06","date_gmt":"2025-10-31T08:00:06","guid":{"rendered":"https:\/\/bikibath.com\/?post_type=product&#038;p=2860"},"modified":"2026-01-07T03:09:11","modified_gmt":"2026-01-07T03:09:11","slug":"inodoro-de-pared-inteligente-descarga-silenciosa-control-por-app-certificaciones-europeas-americanas-completas-ce-cupc-instalacion-flexible-facil-mantenimiento","status":"publish","type":"product","link":"https:\/\/bikibath.com\/es\/product\/inodoro-de-pared-inteligente-descarga-silenciosa-control-por-app-certificaciones-europeas-americanas-completas-ce-cupc-instalacion-flexible-facil-mantenimiento\/","title":{"rendered":"Inodoros con descarga autom\u00e1tica Descarga silenciosa y control APP, certificaciones europeas y americanas completas (CE\/CUPC), instalaci\u00f3n flexible y f\u00e1cil mantenimiento"},"content":{"rendered":"<p><img decoding=\"async\" class=\"size-full wp-image-2250 aligncenter\" src=\"https:\/\/bikibath.com\/wp-content\/uploads\/2025\/10\/data.png\" alt=\"datos\" width=\"1300\" \/><\/p>\n<div style=\"display: none;\">\n<h1 class=\"header-iWP5WJ auto-hide-last-sibling-br\">Actualice a un inodoro inteligente con descarga autom\u00e1tica, descarga silenciosa y control APP: El lujo se une a la comodidad<\/h1>\n<div class=\"auto-hide-last-sibling-br paragraph-pP9ZLC paragraph-element br-paragraph-space\">Mejore su cuarto de ba\u00f1o con un inodoro inteligente que combina tres funciones revolucionarias: descarga autom\u00e1tica, descarga silenciosa y control APP. Este moderno accesorio redefine la higiene diaria con un funcionamiento remoto, un rendimiento silencioso y la comodidad del manos libres, convirtiendo los viajes rutinarios en una experiencia de lujo. Lo mejor de todo es que estas ventajas inteligentes abarcan diversos dise\u00f1os, desde modelos colgados en la pared hasta elegantes grifer\u00edas negras, lo que garantiza que haya una opci\u00f3n perfecta para cada hogar.<\/div>\n<h2 class=\"header-iWP5WJ auto-hide-last-sibling-br\">La triple ventaja: Descarga autom\u00e1tica, descarga silenciosa y control APP<\/h2>\n<div class=\"auto-hide-last-sibling-br paragraph-pP9ZLC paragraph-element br-paragraph-space\">En el coraz\u00f3n de esta actualizaci\u00f3n de inodoro inteligente se encuentra un tr\u00edo de caracter\u00edsticas que resuelven las frustraciones comunes del ba\u00f1o. Los inodoros con descarga autom\u00e1tica eliminan por completo la descarga manual: los sensores detectan el uso y activan autom\u00e1ticamente una descarga potente que ahorra agua. Este dise\u00f1o sin contacto reduce la propagaci\u00f3n de g\u00e9rmenes y garantiza que nunca se olvide de tirar de la cadena.<\/div>\n<div class=\"auto-hide-last-sibling-br paragraph-pP9ZLC paragraph-element br-paragraph-space\">La tecnolog\u00eda de descarga silenciosa se combina con la descarga autom\u00e1tica. Se acabaron las descargas ruidosas y molestas: estos inodoros funcionan con un susurro, lo que los hace ideales para viajes nocturnos o espacios compartidos. El funcionamiento silencioso no sacrifica la potencia; sigue proporcionando una descarga completa sin ruido.<\/div>\n<div class=\"auto-hide-last-sibling-br paragraph-pP9ZLC paragraph-element br-paragraph-space\">El control por APP lleva la comodidad a\u00fan m\u00e1s lejos. Conecte su inodoro inteligente a su tel\u00e9fono para ajustar la configuraci\u00f3n de forma remota, desde la intensidad de la descarga y las funciones de bid\u00e9 hasta la temperatura del asiento calefactado. Incluso puedes controlar el consumo de agua o solucionar problemas menores, todo desde la palma de tu mano.<\/div>\n<h2 class=\"header-iWP5WJ auto-hide-last-sibling-br\">Dise\u00f1os diversos: Inodoros inteligentes para cada estilo y espacio<\/h2>\n<div class=\"auto-hide-last-sibling-br paragraph-pP9ZLC paragraph-element br-paragraph-space\">Estas caracter\u00edsticas premium no se limitan a un solo tipo de inodoro, sino que est\u00e1n disponibles en una amplia gama de dise\u00f1os populares, cada uno con sus propias ventajas.<\/div>\n<h3 class=\"header-iWP5WJ auto-hide-last-sibling-br\">Inodoro mural inteligente<\/h3>\n<div class=\"auto-hide-last-sibling-br paragraph-pP9ZLC paragraph-element br-paragraph-space\">Un inodoro inteligente colgado de la pared ahorra un valioso espacio en el suelo y a\u00f1ade un aspecto elegante y flotante a su cuarto de ba\u00f1o. Es f\u00e1cil de limpiar por debajo y combina a la perfecci\u00f3n con una decoraci\u00f3n minimalista. Equipado con descarga autom\u00e1tica, descarga silenciosa y control APP, es tan funcional como elegante.<\/div>\n<h3 class=\"header-iWP5WJ auto-hide-last-sibling-br\">Inodoros sin tanque y bid\u00e9 sin tanque<\/h3>\n<div class=\"auto-hide-last-sibling-br paragraph-pP9ZLC paragraph-element br-paragraph-space\">Los inodoros sin tanque sustituyen el voluminoso dep\u00f3sito por un dise\u00f1o compacto y moderno. Encajan perfectamente en ba\u00f1os peque\u00f1os o tocadores y consumen menos agua que los modelos tradicionales. Para mejorar la higiene, opte por un inodoro bid\u00e9 sin dep\u00f3sito, que combina la eficiencia de los inodoros sin dep\u00f3sito con las funciones de limpieza del bid\u00e9, adem\u00e1s de descarga autom\u00e1tica, descarga silenciosa y control APP.<\/div>\n<h3 class=\"header-iWP5WJ auto-hide-last-sibling-br\">Inodoro inteligente negro<\/h3>\n<div class=\"auto-hide-last-sibling-br paragraph-pP9ZLC paragraph-element br-paragraph-space\">Atr\u00e9vase con un inodoro inteligente negro. Este accesorio contempor\u00e1neo destaca sobre azulejos blancos o tocadores oscuros, a\u00f1adiendo un toque de sofisticaci\u00f3n a cualquier cuarto de ba\u00f1o. Viene cargado con todas las funciones clave: descarga autom\u00e1tica, descarga silenciosa, control APP y, a menudo, asiento calefactado para mayor comodidad durante todo el a\u00f1o.<\/div>\n<h3 class=\"header-iWP5WJ auto-hide-last-sibling-br\">Inodoro con mando a distancia<\/h3>\n<div class=\"auto-hide-last-sibling-br paragraph-pP9ZLC paragraph-element br-paragraph-space\">Para los que prefieren los controles f\u00edsicos, un inodoro con mando a distancia es una opci\u00f3n excelente. Incluye un mando a distancia para ajustar la configuraci\u00f3n de la cisterna, los chorros de bid\u00e9 y la temperatura del asiento calefactado, sin necesidad de una aplicaci\u00f3n de tel\u00e9fono. Muchos modelos siguen ofreciendo el control por APP como alternativa, lo que le ofrece lo mejor de ambos mundos.<\/div>\n<h3 class=\"header-iWP5WJ auto-hide-last-sibling-br\">Inodoro con asiento calefactado<\/h3>\n<div class=\"auto-hide-last-sibling-br paragraph-pP9ZLC paragraph-element br-paragraph-space\">Un inodoro con asiento calefactado es imprescindible para el confort, y se combina a la perfecci\u00f3n con las funciones inteligentes de estos inodoros. Ajuste el calor a trav\u00e9s de la APP o el mando a distancia y diga adi\u00f3s a la cer\u00e1mica fr\u00eda en las ma\u00f1anas fr\u00edas. Es un peque\u00f1o detalle que marca una gran diferencia en la comodidad diaria.<\/div>\n<h2 class=\"header-iWP5WJ auto-hide-last-sibling-br\">Por qu\u00e9 merece la pena actualizar este inodoro inteligente<\/h2>\n<div class=\"auto-hide-last-sibling-br paragraph-pP9ZLC paragraph-element br-paragraph-space\">M\u00e1s all\u00e1 de la comodidad y el estilo, estos inodoros inteligentes ofrecen valor a largo plazo. Los dise\u00f1os de descarga autom\u00e1tica y sin tanque ahorran agua, reduciendo sus facturas de servicios p\u00fablicos. La tecnolog\u00eda de descarga silenciosa aumenta la tranquilidad en el hogar, mientras que las funciones sin contacto y de bid\u00e9 mejoran la higiene. El control APP a\u00f1ade flexibilidad, permiti\u00e9ndole adaptar el inodoro a sus necesidades.<\/div>\n<div class=\"auto-hide-last-sibling-br paragraph-pP9ZLC paragraph-element br-paragraph-space\">Tanto si est\u00e1 renovando o simplemente actualizando una instalaci\u00f3n, un inodoro inteligente con descarga autom\u00e1tica, descarga silenciosa y control APP es una inversi\u00f3n en comodidad y funcionalidad. Con opciones como inodoros inteligentes suspendidos, inodoros inteligentes negros e inodoros bid\u00e9 sin tanque, puede encontrar un modelo que se adapte a su espacio y estilo, mientras disfruta del lujo de la tecnolog\u00eda inteligente moderna.<\/div>\n<h2 class=\"header-iWP5WJ auto-hide-last-sibling-br\">Conclusi\u00f3n<\/h2>\n<div class=\"auto-hide-last-sibling-br paragraph-pP9ZLC paragraph-element br-paragraph-space\">Actualice su ba\u00f1o con un inodoro inteligente que ofrece comodidad, rendimiento y estilo. La descarga autom\u00e1tica, la descarga silenciosa y el control APP se combinan para crear una experiencia higi\u00e9nica sin complicaciones. Elija entre varios dise\u00f1os (suspendido, sin tanque, negro o con mando a distancia), cada uno equipado con un asiento calefactable y otras caracter\u00edsticas de primera calidad. No se trata solo de una mejora del inodoro, sino de una transformaci\u00f3n de su rutina diaria que aporta lujo y vida inteligente a uno de los espacios m\u00e1s utilizados de su hogar.<\/div>\n<div><\/div>\n<\/div>","protected":false},"excerpt":{"rendered":"<div class=\"pro_desc\">\n<table cellspacing=\"0\" cellpadding=\"0\">\n<tbody>\n<tr>\n<td>Modelo No:<\/td>\n<td>E40<\/td>\n<\/tr>\n<tr>\n<td>M\u00e9todo de lavado<\/td>\n<td>tipo sif\u00f3n de chorro<\/td>\n<\/tr>\n<tr>\n<td>Tama\u00f1o\uff1a<\/td>\n<td>684*462*407mm<\/td>\n<\/tr>\n<tr>\n<td>Sistema de descarga\uff1a<\/td>\n<td>pie enrasado, asiento enrasado<\/td>\n<\/tr>\n<tr>\n<td>placa de cubierta descenso lento\uff1a<\/td>\n<td>tapa abatible autom\u00e1tica<\/td>\n<\/tr>\n<tr>\n<td>MOQ\uff1a<\/td>\n<td>1 juego<\/td>\n<\/tr>\n<tr>\n<td>Plazo de entrega\uff1a<\/td>\n<td>7-15 d\u00edas<\/td>\n<\/tr>\n<\/tbody>\n<\/table>\n<\/div>","protected":false},"featured_media":3966,"comment_status":"open","ping_status":"closed","template":"","meta":{"_acf_changed":false},"product_brand":[],"product_cat":[28],"product_tag":[],"class_list":{"0":"post-2860","1":"product","2":"type-product","3":"status-publish","4":"has-post-thumbnail","6":"product_cat-smart-toilet","8":"first","9":"instock","10":"shipping-taxable","11":"product-type-simple"},"acf":[],"yoast_head":"<!-- This site is optimized with the Yoast SEO Premium plugin v23.6 (Yoast SEO v26.3) - https:\/\/yoast.com\/wordpress\/plugins\/seo\/ -->\n<title>Smart Toilet Auto Flush Toilets Quiet Flush &amp; APP Control - BIKI Smart Toilet<\/title>\n<meta name=\"description\" content=\"Smart Toilet Suto Flush Toilets Upgrade to a smart toilet with auto flush, quiet flush &amp; APP control: Experience remote operation.\" \/>\n<meta name=\"robots\" content=\"index, follow, max-snippet:-1, max-image-preview:large, max-video-preview:-1\" \/>\n<link rel=\"canonical\" href=\"https:\/\/bikibath.com\/es\/product\/inodoro-de-pared-inteligente-descarga-silenciosa-control-por-app-certificaciones-europeas-americanas-completas-ce-cupc-instalacion-flexible-facil-mantenimiento\/\" \/>\n<meta property=\"og:locale\" content=\"es_MX\" \/>\n<meta property=\"og:type\" content=\"article\" \/>\n<meta property=\"og:title\" content=\"Auto Flush Toilets Quiet Flush &amp; APP Control, Rear Outlet, Full European &amp; American Certifications (CE\/CUPC), Flexible Installation &amp; Easy Maintenance\" \/>\n<meta property=\"og:description\" content=\"Smart Toilet Suto Flush Toilets Upgrade to a smart toilet with auto flush, quiet flush &amp; APP control: Experience remote operation.\" \/>\n<meta property=\"og:url\" content=\"https:\/\/bikibath.com\/es\/product\/inodoro-de-pared-inteligente-descarga-silenciosa-control-por-app-certificaciones-europeas-americanas-completas-ce-cupc-instalacion-flexible-facil-mantenimiento\/\" \/>\n<meta property=\"og:site_name\" content=\"BIKI Smart Toilet\" \/>\n<meta property=\"article:modified_time\" content=\"2026-01-07T03:09:11+00:00\" \/>\n<meta property=\"og:image\" content=\"https:\/\/bikibath.com\/wp-content\/uploads\/2025\/10\/Smart-Toilet-Quiet-Flush-APP-Control.webp\" \/>\n\t<meta property=\"og:image:width\" content=\"1000\" \/>\n\t<meta property=\"og:image:height\" content=\"1000\" \/>\n\t<meta property=\"og:image:type\" content=\"image\/webp\" \/>\n<meta name=\"twitter:card\" content=\"summary_large_image\" \/>\n<meta name=\"twitter:label1\" content=\"Tiempo de lectura\" \/>\n\t<meta name=\"twitter:data1\" content=\"4 minutos\" \/>\n<script type=\"application\/ld+json\" class=\"yoast-schema-graph\">{\"@context\":\"https:\/\/schema.org\",\"@graph\":[{\"@type\":\"WebPage\",\"@id\":\"https:\/\/bikibath.com\/product\/wall-hung-smart-toilet-quiet-flush-app-control-full-european-american-certifications-ce-cupc-flexible-installation-easy-maintenance\/\",\"url\":\"https:\/\/bikibath.com\/product\/wall-hung-smart-toilet-quiet-flush-app-control-full-european-american-certifications-ce-cupc-flexible-installation-easy-maintenance\/\",\"name\":\"Smart Toilet Auto Flush Toilets Quiet Flush & APP Control - BIKI Smart Toilet\",\"isPartOf\":{\"@id\":\"https:\/\/bikibath.com\/#website\"},\"primaryImageOfPage\":{\"@id\":\"https:\/\/bikibath.com\/product\/wall-hung-smart-toilet-quiet-flush-app-control-full-european-american-certifications-ce-cupc-flexible-installation-easy-maintenance\/#primaryimage\"},\"image\":{\"@id\":\"https:\/\/bikibath.com\/product\/wall-hung-smart-toilet-quiet-flush-app-control-full-european-american-certifications-ce-cupc-flexible-installation-easy-maintenance\/#primaryimage\"},\"thumbnailUrl\":\"https:\/\/bikibath.com\/wp-content\/uploads\/2025\/10\/Smart-Toilet-Quiet-Flush-APP-Control.webp\",\"datePublished\":\"2025-10-31T08:00:06+00:00\",\"dateModified\":\"2026-01-07T03:09:11+00:00\",\"description\":\"Smart Toilet Suto Flush Toilets Upgrade to a smart toilet with auto flush, quiet flush & APP control: Experience remote operation.\",\"breadcrumb\":{\"@id\":\"https:\/\/bikibath.com\/product\/wall-hung-smart-toilet-quiet-flush-app-control-full-european-american-certifications-ce-cupc-flexible-installation-easy-maintenance\/#breadcrumb\"},\"inLanguage\":\"es\",\"potentialAction\":[{\"@type\":\"ReadAction\",\"target\":[\"https:\/\/bikibath.com\/product\/wall-hung-smart-toilet-quiet-flush-app-control-full-european-american-certifications-ce-cupc-flexible-installation-easy-maintenance\/\"]}]},{\"@type\":\"ImageObject\",\"inLanguage\":\"es\",\"@id\":\"https:\/\/bikibath.com\/product\/wall-hung-smart-toilet-quiet-flush-app-control-full-european-american-certifications-ce-cupc-flexible-installation-easy-maintenance\/#primaryimage\",\"url\":\"https:\/\/bikibath.com\/wp-content\/uploads\/2025\/10\/Smart-Toilet-Quiet-Flush-APP-Control.webp\",\"contentUrl\":\"https:\/\/bikibath.com\/wp-content\/uploads\/2025\/10\/Smart-Toilet-Quiet-Flush-APP-Control.webp\",\"width\":1000,\"height\":1000,\"caption\":\"Smart Toilet Quiet Flush & App Control\"},{\"@type\":\"BreadcrumbList\",\"@id\":\"https:\/\/bikibath.com\/product\/wall-hung-smart-toilet-quiet-flush-app-control-full-european-american-certifications-ce-cupc-flexible-installation-easy-maintenance\/#breadcrumb\",\"itemListElement\":[{\"@type\":\"ListItem\",\"position\":1,\"name\":\"Home\",\"item\":\"https:\/\/bikibath.com\/\"},{\"@type\":\"ListItem\",\"position\":2,\"name\":\"Product\",\"item\":\"https:\/\/bikibath.com\/product\/\"},{\"@type\":\"ListItem\",\"position\":3,\"name\":\"Auto Flush Toilets Quiet Flush &#038; APP Control, Rear Outlet, Full European &#038; American Certifications (CE\/CUPC), Flexible Installation &#038; Easy Maintenance\"}]},{\"@type\":\"WebSite\",\"@id\":\"https:\/\/bikibath.com\/#website\",\"url\":\"https:\/\/bikibath.com\/\",\"name\":\"BIKI Smart Toilet\",\"description\":\"Elevate Every Daily Comfort\",\"publisher\":{\"@id\":\"https:\/\/bikibath.com\/#organization\"},\"potentialAction\":[{\"@type\":\"SearchAction\",\"target\":{\"@type\":\"EntryPoint\",\"urlTemplate\":\"https:\/\/bikibath.com\/?s={search_term_string}\"},\"query-input\":{\"@type\":\"PropertyValueSpecification\",\"valueRequired\":true,\"valueName\":\"search_term_string\"}}],\"inLanguage\":\"es\"},{\"@type\":\"Organization\",\"@id\":\"https:\/\/bikibath.com\/#organization\",\"name\":\"BIKI Smart Toilet\",\"url\":\"https:\/\/bikibath.com\/\",\"logo\":{\"@type\":\"ImageObject\",\"inLanguage\":\"es\",\"@id\":\"https:\/\/bikibath.com\/#\/schema\/logo\/image\/\",\"url\":\"https:\/\/bikibath.com\/wp-content\/uploads\/2025\/10\/biki.png\",\"contentUrl\":\"https:\/\/bikibath.com\/wp-content\/uploads\/2025\/10\/biki.png\",\"width\":500,\"height\":162,\"caption\":\"BIKI Smart Toilet\"},\"image\":{\"@id\":\"https:\/\/bikibath.com\/#\/schema\/logo\/image\/\"}}]}<\/script>\n<!-- \/ Yoast SEO Premium plugin. -->","yoast_head_json":{"title":"Inodoro inteligente con descarga autom\u00e1tica Inodoros con descarga silenciosa y control APP - BIKI Smart Toilet","description":"Inodoro inteligente Inodoros con descarga autom\u00e1tica Actual\u00edcese a un inodoro inteligente con descarga autom\u00e1tica, descarga silenciosa y control APP: Experimente el manejo a distancia.","robots":{"index":"index","follow":"follow","max-snippet":"max-snippet:-1","max-image-preview":"max-image-preview:large","max-video-preview":"max-video-preview:-1"},"canonical":"https:\/\/bikibath.com\/es\/product\/inodoro-de-pared-inteligente-descarga-silenciosa-control-por-app-certificaciones-europeas-americanas-completas-ce-cupc-instalacion-flexible-facil-mantenimiento\/","og_locale":"es_MX","og_type":"article","og_title":"Auto Flush Toilets Quiet Flush & APP Control, Rear Outlet, Full European & American Certifications (CE\/CUPC), Flexible Installation & Easy Maintenance","og_description":"Smart Toilet Suto Flush Toilets Upgrade to a smart toilet with auto flush, quiet flush & APP control: Experience remote operation.","og_url":"https:\/\/bikibath.com\/es\/product\/inodoro-de-pared-inteligente-descarga-silenciosa-control-por-app-certificaciones-europeas-americanas-completas-ce-cupc-instalacion-flexible-facil-mantenimiento\/","og_site_name":"BIKI Smart Toilet","article_modified_time":"2026-01-07T03:09:11+00:00","og_image":[{"width":1000,"height":1000,"url":"https:\/\/bikibath.com\/wp-content\/uploads\/2025\/10\/Smart-Toilet-Quiet-Flush-APP-Control.webp","type":"image\/webp"}],"twitter_card":"summary_large_image","twitter_misc":{"Tiempo de lectura":"4 minutos"},"schema":{"@context":"https:\/\/schema.org","@graph":[{"@type":"WebPage","@id":"https:\/\/bikibath.com\/product\/wall-hung-smart-toilet-quiet-flush-app-control-full-european-american-certifications-ce-cupc-flexible-installation-easy-maintenance\/","url":"https:\/\/bikibath.com\/product\/wall-hung-smart-toilet-quiet-flush-app-control-full-european-american-certifications-ce-cupc-flexible-installation-easy-maintenance\/","name":"Inodoro inteligente con descarga autom\u00e1tica Inodoros con descarga silenciosa y control APP - BIKI Smart Toilet","isPartOf":{"@id":"https:\/\/bikibath.com\/#website"},"primaryImageOfPage":{"@id":"https:\/\/bikibath.com\/product\/wall-hung-smart-toilet-quiet-flush-app-control-full-european-american-certifications-ce-cupc-flexible-installation-easy-maintenance\/#primaryimage"},"image":{"@id":"https:\/\/bikibath.com\/product\/wall-hung-smart-toilet-quiet-flush-app-control-full-european-american-certifications-ce-cupc-flexible-installation-easy-maintenance\/#primaryimage"},"thumbnailUrl":"https:\/\/bikibath.com\/wp-content\/uploads\/2025\/10\/Smart-Toilet-Quiet-Flush-APP-Control.webp","datePublished":"2025-10-31T08:00:06+00:00","dateModified":"2026-01-07T03:09:11+00:00","description":"Inodoro inteligente Inodoros con descarga autom\u00e1tica Actual\u00edcese a un inodoro inteligente con descarga autom\u00e1tica, descarga silenciosa y control APP: Experimente el manejo a distancia.","breadcrumb":{"@id":"https:\/\/bikibath.com\/product\/wall-hung-smart-toilet-quiet-flush-app-control-full-european-american-certifications-ce-cupc-flexible-installation-easy-maintenance\/#breadcrumb"},"inLanguage":"es","potentialAction":[{"@type":"ReadAction","target":["https:\/\/bikibath.com\/product\/wall-hung-smart-toilet-quiet-flush-app-control-full-european-american-certifications-ce-cupc-flexible-installation-easy-maintenance\/"]}]},{"@type":"ImageObject","inLanguage":"es","@id":"https:\/\/bikibath.com\/product\/wall-hung-smart-toilet-quiet-flush-app-control-full-european-american-certifications-ce-cupc-flexible-installation-easy-maintenance\/#primaryimage","url":"https:\/\/bikibath.com\/wp-content\/uploads\/2025\/10\/Smart-Toilet-Quiet-Flush-APP-Control.webp","contentUrl":"https:\/\/bikibath.com\/wp-content\/uploads\/2025\/10\/Smart-Toilet-Quiet-Flush-APP-Control.webp","width":1000,"height":1000,"caption":"Smart Toilet Quiet Flush & App Control"},{"@type":"BreadcrumbList","@id":"https:\/\/bikibath.com\/product\/wall-hung-smart-toilet-quiet-flush-app-control-full-european-american-certifications-ce-cupc-flexible-installation-easy-maintenance\/#breadcrumb","itemListElement":[{"@type":"ListItem","position":1,"name":"Home","item":"https:\/\/bikibath.com\/"},{"@type":"ListItem","position":2,"name":"Product","item":"https:\/\/bikibath.com\/product\/"},{"@type":"ListItem","position":3,"name":"Auto Flush Toilets Quiet Flush &#038; APP Control, Rear Outlet, Full European &#038; American Certifications (CE\/CUPC), Flexible Installation &#038; Easy Maintenance"}]},{"@type":"WebSite","@id":"https:\/\/bikibath.com\/#website","url":"https:\/\/bikibath.com\/","name":"Inodoro inteligente BIKI","description":"Mejore su comodidad diaria","publisher":{"@id":"https:\/\/bikibath.com\/#organization"},"potentialAction":[{"@type":"SearchAction","target":{"@type":"EntryPoint","urlTemplate":"https:\/\/bikibath.com\/?s={search_term_string}"},"query-input":{"@type":"PropertyValueSpecification","valueRequired":true,"valueName":"search_term_string"}}],"inLanguage":"es"},{"@type":"Organization","@id":"https:\/\/bikibath.com\/#organization","name":"Inodoro inteligente BIKI","url":"https:\/\/bikibath.com\/","logo":{"@type":"ImageObject","inLanguage":"es","@id":"https:\/\/bikibath.com\/#\/schema\/logo\/image\/","url":"https:\/\/bikibath.com\/wp-content\/uploads\/2025\/10\/biki.png","contentUrl":"https:\/\/bikibath.com\/wp-content\/uploads\/2025\/10\/biki.png","width":500,"height":162,"caption":"BIKI Smart Toilet"},"image":{"@id":"https:\/\/bikibath.com\/#\/schema\/logo\/image\/"}}]}},"_links":{"self":[{"href":"https:\/\/bikibath.com\/es\/wp-json\/wp\/v2\/product\/2860","targetHints":{"allow":["GET"]}}],"collection":[{"href":"https:\/\/bikibath.com\/es\/wp-json\/wp\/v2\/product"}],"about":[{"href":"https:\/\/bikibath.com\/es\/wp-json\/wp\/v2\/types\/product"}],"replies":[{"embeddable":true,"href":"https:\/\/bikibath.com\/es\/wp-json\/wp\/v2\/comments?post=2860"}],"wp:featuredmedia":[{"embeddable":true,"href":"https:\/\/bikibath.com\/es\/wp-json\/wp\/v2\/media\/3966"}],"wp:attachment":[{"href":"https:\/\/bikibath.com\/es\/wp-json\/wp\/v2\/media?parent=2860"}],"wp:term":[{"taxonomy":"product_brand","embeddable":true,"href":"https:\/\/bikibath.com\/es\/wp-json\/wp\/v2\/product_brand?post=2860"},{"taxonomy":"product_cat","embeddable":true,"href":"https:\/\/bikibath.com\/es\/wp-json\/wp\/v2\/product_cat?post=2860"},{"taxonomy":"product_tag","embeddable":true,"href":"https:\/\/bikibath.com\/es\/wp-json\/wp\/v2\/product_tag?post=2860"}],"curies":[{"name":"wp","href":"https:\/\/api.w.org\/{rel}","templated":true}]}}