{"id":2704,"date":"2025-10-30T06:02:57","date_gmt":"2025-10-30T06:02:57","guid":{"rendered":"https:\/\/bikibath.com\/?post_type=product&#038;p=2704"},"modified":"2026-01-07T03:25:02","modified_gmt":"2026-01-07T03:25:02","slug":"inodoro-de-lavado-con-agua-caliente","status":"publish","type":"product","link":"https:\/\/bikibath.com\/es\/product\/inodoro-de-lavado-con-agua-caliente\/","title":{"rendered":"Inodoro Lavable con Agua Caliente : Con Bid\u00e9 y Secador para Construir Inodoros Inteligentes, Asegurando que Cada Unidad Cumpla con los Est\u00e1ndares Globales."},"content":{"rendered":"<p><img decoding=\"async\" class=\"size-full wp-image-2250 aligncenter\" src=\"https:\/\/bikibath.com\/wp-content\/uploads\/2025\/10\/E30x.png\" alt=\"datos\" width=\"1300\" \/><\/p>\n<div class=\"auto-hide-last-sibling-br paragraph-pP9ZLC paragraph-element br-paragraph-space\" style=\"display: none;\">\n<h1 class=\"header-iWP5WJ auto-hide-last-sibling-br\">Inodoro lavable con agua caliente: Las soluciones sanitarias inteligentes de Global-Standard redefinen la comodidad en el ba\u00f1o<\/h1>\n<div class=\"auto-hide-last-sibling-br paragraph-pP9ZLC paragraph-element br-paragraph-space\">Estamos firmemente comprometidos con un estricto control de calidad y no escatimamos esfuerzos para garantizar que todas y cada una de nuestras unidades, desde nuestros innovadores inodoros inteligentes colgados de la pared y los c\u00f3modos inodoros con descarga autom\u00e1tica hasta el inodoro con mando a distancia de f\u00e1cil uso, el elegante inodoro inteligente negro, los inodoros sin tanque que ahorran espacio, el inodoro bid\u00e9 sin tanque multifuncional y el c\u00f3modo inodoro con asiento calefactable, cumplan y superen los rigurosos est\u00e1ndares mundiales. Nuestra gama de productos est\u00e1 dise\u00f1ada para redefinir la experiencia del ba\u00f1o moderno, integrando tecnolog\u00eda punta, confort ergon\u00f3mico y responsabilidad medioambiental, todo ello manteniendo los m\u00e1s altos est\u00e1ndares de excelencia.<\/div>\n<h2 class=\"header-iWP5WJ auto-hide-last-sibling-br\">Gama de productos b\u00e1sicos: Fusi\u00f3n de innovaci\u00f3n y dise\u00f1o centrado en el usuario<\/h2>\n<div class=\"auto-hide-last-sibling-br paragraph-pP9ZLC paragraph-element br-paragraph-space\">Nuestra variada cartera de productos cubre todas las necesidades del saneamiento moderno, y cada modelo est\u00e1 dise\u00f1ado para ofrecer un rendimiento excepcional:<\/div>\n<ul class=\"auto-hide-last-sibling-br\">\n<li><strong>Inodoro mural inteligente<\/strong>: Una obra maestra del ahorro de espacio para ba\u00f1os minimalistas, que combina una est\u00e9tica elegante con una funcionalidad inteligente.<\/li>\n<li><strong>Inodoros con descarga autom\u00e1tica<\/strong>: Soluciones de higiene manos libres ideales para espacios p\u00fablicos y uso residencial, que eliminan el contacto manual.<\/li>\n<li><strong>Inodoro con mando a distancia<\/strong>: Confort personalizable al alcance de la mano, con controles impermeables para ajustes personalizados.<\/li>\n<li><strong>Inodoro inteligente negro<\/strong>: El estilo sofisticado se une a un rendimiento robusto, con acabados resistentes a los ara\u00f1azos y a la decoloraci\u00f3n.<\/li>\n<li><strong>Inodoros sin tanque<\/strong>: Dise\u00f1os eficientes en el uso del agua que maximizan el espacio a la vez que minimizan el impacto medioambiental.<\/li>\n<li><strong>Bid\u00e9 sin tanque<\/strong>: Soluci\u00f3n de higiene todo en uno, que integra las funciones de lavado con agua caliente y la eficacia de la limpieza sin dep\u00f3sito.<\/li>\n<li><strong>Inodoro con asiento calefactado<\/strong>: Confort durante todo el a\u00f1o para todos los usuarios, con ajustes de temperatura para diversas necesidades.<\/li>\n<\/ul>\n<h2 class=\"header-iWP5WJ auto-hide-last-sibling-br\">Riguroso control de calidad: De las materias primas a los productos acabados<\/h2>\n<div class=\"auto-hide-last-sibling-br paragraph-pP9ZLC paragraph-element br-paragraph-space\">Desde la selecci\u00f3n de las materias primas hasta las inspecciones finales de producci\u00f3n, cada paso en la fabricaci\u00f3n de nuestros inodoros inteligentes suspendidos, inodoros con cisterna autom\u00e1tica, inodoros con mando a distancia, inodoros inteligentes negros, inodoros sin tanque, inodoros con bid\u00e9 sin tanque e inodoros con asiento calefactable se rige por par\u00e1metros de seguridad, rendimiento, conformidad y fiabilidad reconocidos internacionalmente.<\/div>\n<ul class=\"auto-hide-last-sibling-br\">\n<li>Para el\u00a0<strong>inodoro inteligente suspendido<\/strong>, Adem\u00e1s, nos abastecemos de materiales de alta calidad y resistentes a la corrosi\u00f3n para garantizar la integridad estructural y optimizar la eficiencia del espacio.<\/li>\n<li>Nuestra\u00a0<strong>inodoros con descarga autom\u00e1tica<\/strong>\u00a0cuentan con una tecnolog\u00eda de sensores calibrada seg\u00fan las normas mundiales de higiene, lo que reduce los riesgos de contaminaci\u00f3n cruzada.<\/li>\n<li>En\u00a0<strong>inodoro con mando a distancia<\/strong>\u00a0est\u00e1 dise\u00f1ado con controles intuitivos e impermeables que cumplen las normativas de accesibilidad y durabilidad.<\/li>\n<li>En\u00a0<strong>smart toilet negro<\/strong>\u00a0utiliza acabados con bajo contenido en COV y resistentes a la decoloraci\u00f3n que cumplen las normas medioambientales mundiales.<\/li>\n<li><strong>Inodoros sin tanque<\/strong>\u00a0y\u00a0<strong>inodoro bid\u00e9 sin tanque<\/strong>\u00a0integran sistemas de bombeo avanzados que cumplen las directrices mundiales de conservaci\u00f3n del agua y reducen el consumo hasta 50%.<\/li>\n<li>En\u00a0<strong>inodoro con asiento calefactable<\/strong>\u00a0est\u00e1 equipada con elementos calefactores seguros para la piel y de bajo consumo, certificados seg\u00fan las normas internacionales de seguridad.<\/li>\n<\/ul>\n<h2 class=\"header-iWP5WJ auto-hide-last-sibling-br\">Pruebas avanzadas: Validaci\u00f3n del rendimiento en todos los modelos<\/h2>\n<div class=\"auto-hide-last-sibling-br paragraph-pP9ZLC paragraph-element br-paragraph-space\">Nuestro equipo de control de calidad emplea tecnolog\u00edas de ensayo avanzadas y meticulosas comprobaciones manuales para verificar la coherencia de todos los productos:<\/div>\n<ul class=\"auto-hide-last-sibling-br\">\n<li><strong>Inodoro mural inteligente<\/strong>: Realiza pruebas de carga y simulaciones de durabilidad a largo plazo de los componentes inteligentes, garantizando el cumplimiento de las normas estructurales mundiales.<\/li>\n<li><strong>Inodoros con descarga autom\u00e1tica<\/strong>: Pruebas rigurosas de precisi\u00f3n de los sensores en diversos escenarios de uso y condiciones ambientales.<\/li>\n<li><strong>Inodoro con mando a distancia<\/strong>: Pruebas exhaustivas de duraci\u00f3n de la bater\u00eda, alcance de la se\u00f1al y resistencia al agua, conforme a la normativa de la industria electr\u00f3nica.<\/li>\n<li><strong>Inodoro inteligente negro<\/strong>: Pruebas de durabilidad del acabado frente a la abrasi\u00f3n, la exposici\u00f3n a los rayos UV y los productos de limpieza para mantener su aspecto elegante.<\/li>\n<li><strong>Inodoros sin tanque y bid\u00e9 sin tanque<\/strong>: Pruebas de presi\u00f3n a prueba de fugas, con sistemas de lavado con agua caliente calibrados seg\u00fan las normas mundiales de higiene.<\/li>\n<li><strong>Inodoro con asiento calefactado<\/strong>: Pruebas de protecci\u00f3n contra el sobrecalentamiento y auditor\u00edas de consumo energ\u00e9tico, en cumplimiento de las directivas internacionales sobre eficiencia energ\u00e9tica.<\/li>\n<\/ul>\n<h2 class=\"header-iWP5WJ auto-hide-last-sibling-br\">Sostenibilidad y orientaci\u00f3n al usuario: M\u00e1s all\u00e1 del cumplimiento<\/h2>\n<div class=\"auto-hide-last-sibling-br paragraph-pP9ZLC paragraph-element br-paragraph-space\">Vamos m\u00e1s all\u00e1 de los requisitos normativos para alinear nuestros productos con la sostenibilidad medioambiental y las m\u00e9tricas de rendimiento centradas en el cliente:<\/div>\n<ul class=\"auto-hide-last-sibling-br\">\n<li>Todos los modelos inteligentes (inodoro inteligente suspendido, inodoro con mando a distancia, inodoro inteligente negro) incorporan modos de ahorro de energ\u00eda para reducir el consumo.<\/li>\n<li><strong>Inodoros sin tanque<\/strong>\u00a0y\u00a0<strong>inodoro bid\u00e9 sin tanque<\/strong>\u00a0dan prioridad a la eficiencia h\u00eddrica sin comprometer el rendimiento de la descarga o la limpieza.<\/li>\n<li>En\u00a0<strong>inodoro con asiento calefactable<\/strong>\u00a0ofrece ajustes de temperatura regulables, tanto para pieles sensibles como para usuarios de climas fr\u00edos.<\/li>\n<li>Todos los productos est\u00e1n dise\u00f1ados con materiales de bajo contenido en COV y componentes reciclables, en l\u00ednea con las iniciativas ecol\u00f3gicas mundiales.<\/li>\n<\/ul>\n<h2 class=\"header-iWP5WJ auto-hide-last-sibling-br\">Nuestra promesa: productos de calidad mundial para el \u00e9xito en todo el mundo<\/h2>\n<div class=\"auto-hide-last-sibling-br paragraph-pP9ZLC paragraph-element br-paragraph-space\">Este riguroso enfoque no es s\u00f3lo un proceso, es una promesa a las empresas y usuarios finales de todo el mundo: cada inodoro inteligente suspendido, inodoro con cisterna autom\u00e1tica, inodoro con mando a distancia, inodoro inteligente negro, inodoro sin tanque, inodoro con bid\u00e9 sin tanque e inodoro con asiento calefactable que lleva nuestro compromiso est\u00e1 construido para resistir la prueba de los mercados globales, fomentar la confianza transfronteriza e impulsar el \u00e9xito a largo plazo de nuestros socios.<\/div>\n<div class=\"auto-hide-last-sibling-br paragraph-pP9ZLC paragraph-element br-paragraph-space\">Al alinearnos con las normas mundiales, eliminamos las barreras al comercio internacional, lo que permite a las marcas expandirse con confianza en diversos mercados:<\/div>\n<ul class=\"auto-hide-last-sibling-br\">\n<li><strong>Inodoro mural inteligente<\/strong>: Perfecto para apartamentos urbanos y proyectos residenciales modernos.<\/li>\n<li><strong>Inodoros con descarga autom\u00e1tica<\/strong>: Ideal para espacios comerciales, hoteles e instalaciones p\u00fablicas.<\/li>\n<li><strong>Inodoro con mando a distancia<\/strong>: Una opci\u00f3n de primera calidad para hogares de lujo que buscan un confort personalizable.<\/li>\n<li><strong>Inodoro inteligente negro<\/strong>: Eleva los interiores modernos en entornos residenciales y hosteleros de gama alta.<\/li>\n<li><strong>Inodoros sin tanque<\/strong>: Adecuado para edificios ecol\u00f3gicos y regiones con escasez de agua.<\/li>\n<li><strong>Bid\u00e9 sin tanque<\/strong>: La mejor elecci\u00f3n para los consumidores preocupados por la salud y los espacios centrados en el bienestar.<\/li>\n<li><strong>Inodoro con asiento calefactado<\/strong>: Esencial para climas fr\u00edos y usuarios que priorizan la comodidad durante todo el a\u00f1o.<\/li>\n<\/ul>\n<h2 class=\"header-iWP5WJ auto-hide-last-sibling-br\">Conclusiones: Redefinir el saneamiento con excelencia mundial<\/h2>\n<div class=\"auto-hide-last-sibling-br paragraph-pP9ZLC paragraph-element br-paragraph-space\">En cada detalle -desde la selecci\u00f3n de materiales hasta la inspecci\u00f3n final- mantenemos nuestro compromiso con la calidad, garantizando que cada producto no s\u00f3lo cumple las normas mundiales, sino que redefine las expectativas de los usuarios en cuanto a un inodoro de lavado con agua caliente. Con nuestra variada gama de inodoros inteligentes suspendidos, inodoros con cisterna autom\u00e1tica, inodoros con mando a distancia, inodoros inteligentes negros, inodoros sin tanque, inodoros con bid\u00e9 sin tanque e inodoros con asiento calefactable, ofrecemos un valor que trasciende las fronteras, uniendo rendimiento, seguridad, sostenibilidad y comodidad para impulsar el \u00e9xito a largo plazo de nuestros socios y la satisfacci\u00f3n de los usuarios finales en todo el mundo.<\/div>\n<\/div>","protected":false},"excerpt":{"rendered":"<div class=\"pro_desc\">\n<table cellspacing=\"0\" cellpadding=\"0\">\n<tbody>\n<tr>\n<td>Modelo No:<\/td>\n<td>E30<\/td>\n<\/tr>\n<tr>\n<td>Estructura<\/td>\n<td>Peque\u00f1o marco de hierro<\/td>\n<\/tr>\n<tr>\n<td>Tama\u00f1o\uff1a<\/td>\n<td>590*380*370mm<\/td>\n<\/tr>\n<tr>\n<td>Sistema de descarga\uff1a<\/td>\n<td>Drenaje de muros<\/td>\n<\/tr>\n<tr>\n<td>M\u00e9todo de erosi\u00f3n\uff1a<\/td>\n<td>Modelo de dep\u00f3sito de agua<\/td>\n<\/tr>\n<tr>\n<td>MOQ\uff1a<\/td>\n<td>1 juego<\/td>\n<\/tr>\n<tr>\n<td>Plazo de entrega\uff1a<\/td>\n<td>7-15 d\u00edas<\/td>\n<\/tr>\n<\/tbody>\n<\/table>\n<\/div>","protected":false},"featured_media":2858,"comment_status":"open","ping_status":"closed","template":"","meta":{"_acf_changed":false},"product_brand":[],"product_cat":[28],"product_tag":[],"class_list":{"0":"post-2704","1":"product","2":"type-product","3":"status-publish","4":"has-post-thumbnail","6":"product_cat-smart-toilet","8":"first","9":"instock","10":"shipping-taxable","11":"product-type-simple"},"acf":[],"yoast_head":"<!-- This site is optimized with the Yoast SEO Premium plugin v23.6 (Yoast SEO v26.3) - https:\/\/yoast.com\/wordpress\/plugins\/seo\/ -->\n<title>Warm Water Wash Toilet - BIKI Smart Toilet<\/title>\n<meta name=\"description\" content=\"We prioritize strict quality checks, ensuring every unit meets global standards for safety, compliance, Warm Water Wash Toilet.\" \/>\n<meta name=\"robots\" content=\"index, follow, max-snippet:-1, max-image-preview:large, max-video-preview:-1\" \/>\n<link rel=\"canonical\" href=\"https:\/\/bikibath.com\/es\/product\/inodoro-de-lavado-con-agua-caliente\/\" \/>\n<meta property=\"og:locale\" content=\"es_MX\" \/>\n<meta property=\"og:type\" content=\"article\" \/>\n<meta property=\"og:title\" content=\"Warm Water Wash Toilet : With Bidet and Dryer to Build Smart Toilets, Ensuring Every Unit Meets Global Standards.\" \/>\n<meta property=\"og:description\" content=\"We prioritize strict quality checks, ensuring every unit meets global standards for safety, compliance, Warm Water Wash Toilet.\" \/>\n<meta property=\"og:url\" content=\"https:\/\/bikibath.com\/es\/product\/inodoro-de-lavado-con-agua-caliente\/\" \/>\n<meta property=\"og:site_name\" content=\"BIKI Smart Toilet\" \/>\n<meta property=\"article:modified_time\" content=\"2026-01-07T03:25:02+00:00\" \/>\n<meta property=\"og:image\" content=\"https:\/\/bikibath.com\/wp-content\/uploads\/2025\/10\/E30-5.png\" \/>\n\t<meta property=\"og:image:width\" content=\"1000\" \/>\n\t<meta property=\"og:image:height\" content=\"1000\" \/>\n\t<meta property=\"og:image:type\" content=\"image\/png\" \/>\n<meta name=\"twitter:card\" content=\"summary_large_image\" \/>\n<meta name=\"twitter:label1\" content=\"Tiempo de lectura\" \/>\n\t<meta name=\"twitter:data1\" content=\"5 minutos\" \/>\n<script type=\"application\/ld+json\" class=\"yoast-schema-graph\">{\"@context\":\"https:\/\/schema.org\",\"@graph\":[{\"@type\":\"WebPage\",\"@id\":\"https:\/\/bikibath.com\/product\/warm-water-wash-toilet\/\",\"url\":\"https:\/\/bikibath.com\/product\/warm-water-wash-toilet\/\",\"name\":\"Warm Water Wash Toilet - BIKI Smart Toilet\",\"isPartOf\":{\"@id\":\"https:\/\/bikibath.com\/#website\"},\"primaryImageOfPage\":{\"@id\":\"https:\/\/bikibath.com\/product\/warm-water-wash-toilet\/#primaryimage\"},\"image\":{\"@id\":\"https:\/\/bikibath.com\/product\/warm-water-wash-toilet\/#primaryimage\"},\"thumbnailUrl\":\"https:\/\/bikibath.com\/wp-content\/uploads\/2025\/10\/E30-5.png\",\"datePublished\":\"2025-10-30T06:02:57+00:00\",\"dateModified\":\"2026-01-07T03:25:02+00:00\",\"description\":\"We prioritize strict quality checks, ensuring every unit meets global standards for safety, compliance, Warm Water Wash Toilet.\",\"breadcrumb\":{\"@id\":\"https:\/\/bikibath.com\/product\/warm-water-wash-toilet\/#breadcrumb\"},\"inLanguage\":\"es\",\"potentialAction\":[{\"@type\":\"ReadAction\",\"target\":[\"https:\/\/bikibath.com\/product\/warm-water-wash-toilet\/\"]}]},{\"@type\":\"ImageObject\",\"inLanguage\":\"es\",\"@id\":\"https:\/\/bikibath.com\/product\/warm-water-wash-toilet\/#primaryimage\",\"url\":\"https:\/\/bikibath.com\/wp-content\/uploads\/2025\/10\/E30-5.png\",\"contentUrl\":\"https:\/\/bikibath.com\/wp-content\/uploads\/2025\/10\/E30-5.png\",\"width\":1000,\"height\":1000},{\"@type\":\"BreadcrumbList\",\"@id\":\"https:\/\/bikibath.com\/product\/warm-water-wash-toilet\/#breadcrumb\",\"itemListElement\":[{\"@type\":\"ListItem\",\"position\":1,\"name\":\"Home\",\"item\":\"https:\/\/bikibath.com\/\"},{\"@type\":\"ListItem\",\"position\":2,\"name\":\"Product\",\"item\":\"https:\/\/bikibath.com\/product\/\"},{\"@type\":\"ListItem\",\"position\":3,\"name\":\"Warm Water Wash Toilet : With Bidet and Dryer to Build Smart Toilets, Ensuring Every Unit Meets Global Standards.\"}]},{\"@type\":\"WebSite\",\"@id\":\"https:\/\/bikibath.com\/#website\",\"url\":\"https:\/\/bikibath.com\/\",\"name\":\"BIKI Smart Toilet\",\"description\":\"Elevate Every Daily Comfort\",\"publisher\":{\"@id\":\"https:\/\/bikibath.com\/#organization\"},\"potentialAction\":[{\"@type\":\"SearchAction\",\"target\":{\"@type\":\"EntryPoint\",\"urlTemplate\":\"https:\/\/bikibath.com\/?s={search_term_string}\"},\"query-input\":{\"@type\":\"PropertyValueSpecification\",\"valueRequired\":true,\"valueName\":\"search_term_string\"}}],\"inLanguage\":\"es\"},{\"@type\":\"Organization\",\"@id\":\"https:\/\/bikibath.com\/#organization\",\"name\":\"BIKI Smart Toilet\",\"url\":\"https:\/\/bikibath.com\/\",\"logo\":{\"@type\":\"ImageObject\",\"inLanguage\":\"es\",\"@id\":\"https:\/\/bikibath.com\/#\/schema\/logo\/image\/\",\"url\":\"https:\/\/bikibath.com\/wp-content\/uploads\/2025\/10\/biki.png\",\"contentUrl\":\"https:\/\/bikibath.com\/wp-content\/uploads\/2025\/10\/biki.png\",\"width\":500,\"height\":162,\"caption\":\"BIKI Smart Toilet\"},\"image\":{\"@id\":\"https:\/\/bikibath.com\/#\/schema\/logo\/image\/\"}}]}<\/script>\n<!-- \/ Yoast SEO Premium plugin. -->","yoast_head_json":{"title":"Inodoro lavable con agua caliente - Inodoro inteligente BIKI","description":"Damos prioridad a estrictos controles de calidad, garantizando que cada unidad cumpla las normas mundiales de seguridad, conformidad, Inodoro de lavado con agua caliente.","robots":{"index":"index","follow":"follow","max-snippet":"max-snippet:-1","max-image-preview":"max-image-preview:large","max-video-preview":"max-video-preview:-1"},"canonical":"https:\/\/bikibath.com\/es\/product\/inodoro-de-lavado-con-agua-caliente\/","og_locale":"es_MX","og_type":"article","og_title":"Warm Water Wash Toilet : With Bidet and Dryer to Build Smart Toilets, Ensuring Every Unit Meets Global Standards.","og_description":"We prioritize strict quality checks, ensuring every unit meets global standards for safety, compliance, Warm Water Wash Toilet.","og_url":"https:\/\/bikibath.com\/es\/product\/inodoro-de-lavado-con-agua-caliente\/","og_site_name":"BIKI Smart Toilet","article_modified_time":"2026-01-07T03:25:02+00:00","og_image":[{"width":1000,"height":1000,"url":"https:\/\/bikibath.com\/wp-content\/uploads\/2025\/10\/E30-5.png","type":"image\/png"}],"twitter_card":"summary_large_image","twitter_misc":{"Tiempo de lectura":"5 minutos"},"schema":{"@context":"https:\/\/schema.org","@graph":[{"@type":"WebPage","@id":"https:\/\/bikibath.com\/product\/warm-water-wash-toilet\/","url":"https:\/\/bikibath.com\/product\/warm-water-wash-toilet\/","name":"Inodoro lavable con agua caliente - Inodoro inteligente BIKI","isPartOf":{"@id":"https:\/\/bikibath.com\/#website"},"primaryImageOfPage":{"@id":"https:\/\/bikibath.com\/product\/warm-water-wash-toilet\/#primaryimage"},"image":{"@id":"https:\/\/bikibath.com\/product\/warm-water-wash-toilet\/#primaryimage"},"thumbnailUrl":"https:\/\/bikibath.com\/wp-content\/uploads\/2025\/10\/E30-5.png","datePublished":"2025-10-30T06:02:57+00:00","dateModified":"2026-01-07T03:25:02+00:00","description":"Damos prioridad a estrictos controles de calidad, garantizando que cada unidad cumpla las normas mundiales de seguridad, conformidad, Inodoro de lavado con agua caliente.","breadcrumb":{"@id":"https:\/\/bikibath.com\/product\/warm-water-wash-toilet\/#breadcrumb"},"inLanguage":"es","potentialAction":[{"@type":"ReadAction","target":["https:\/\/bikibath.com\/product\/warm-water-wash-toilet\/"]}]},{"@type":"ImageObject","inLanguage":"es","@id":"https:\/\/bikibath.com\/product\/warm-water-wash-toilet\/#primaryimage","url":"https:\/\/bikibath.com\/wp-content\/uploads\/2025\/10\/E30-5.png","contentUrl":"https:\/\/bikibath.com\/wp-content\/uploads\/2025\/10\/E30-5.png","width":1000,"height":1000},{"@type":"BreadcrumbList","@id":"https:\/\/bikibath.com\/product\/warm-water-wash-toilet\/#breadcrumb","itemListElement":[{"@type":"ListItem","position":1,"name":"Home","item":"https:\/\/bikibath.com\/"},{"@type":"ListItem","position":2,"name":"Product","item":"https:\/\/bikibath.com\/product\/"},{"@type":"ListItem","position":3,"name":"Warm Water Wash Toilet : With Bidet and Dryer to Build Smart Toilets, Ensuring Every Unit Meets Global Standards."}]},{"@type":"WebSite","@id":"https:\/\/bikibath.com\/#website","url":"https:\/\/bikibath.com\/","name":"Inodoro inteligente BIKI","description":"Mejore su comodidad diaria","publisher":{"@id":"https:\/\/bikibath.com\/#organization"},"potentialAction":[{"@type":"SearchAction","target":{"@type":"EntryPoint","urlTemplate":"https:\/\/bikibath.com\/?s={search_term_string}"},"query-input":{"@type":"PropertyValueSpecification","valueRequired":true,"valueName":"search_term_string"}}],"inLanguage":"es"},{"@type":"Organization","@id":"https:\/\/bikibath.com\/#organization","name":"Inodoro inteligente BIKI","url":"https:\/\/bikibath.com\/","logo":{"@type":"ImageObject","inLanguage":"es","@id":"https:\/\/bikibath.com\/#\/schema\/logo\/image\/","url":"https:\/\/bikibath.com\/wp-content\/uploads\/2025\/10\/biki.png","contentUrl":"https:\/\/bikibath.com\/wp-content\/uploads\/2025\/10\/biki.png","width":500,"height":162,"caption":"BIKI Smart Toilet"},"image":{"@id":"https:\/\/bikibath.com\/#\/schema\/logo\/image\/"}}]}},"_links":{"self":[{"href":"https:\/\/bikibath.com\/es\/wp-json\/wp\/v2\/product\/2704","targetHints":{"allow":["GET"]}}],"collection":[{"href":"https:\/\/bikibath.com\/es\/wp-json\/wp\/v2\/product"}],"about":[{"href":"https:\/\/bikibath.com\/es\/wp-json\/wp\/v2\/types\/product"}],"replies":[{"embeddable":true,"href":"https:\/\/bikibath.com\/es\/wp-json\/wp\/v2\/comments?post=2704"}],"wp:featuredmedia":[{"embeddable":true,"href":"https:\/\/bikibath.com\/es\/wp-json\/wp\/v2\/media\/2858"}],"wp:attachment":[{"href":"https:\/\/bikibath.com\/es\/wp-json\/wp\/v2\/media?parent=2704"}],"wp:term":[{"taxonomy":"product_brand","embeddable":true,"href":"https:\/\/bikibath.com\/es\/wp-json\/wp\/v2\/product_brand?post=2704"},{"taxonomy":"product_cat","embeddable":true,"href":"https:\/\/bikibath.com\/es\/wp-json\/wp\/v2\/product_cat?post=2704"},{"taxonomy":"product_tag","embeddable":true,"href":"https:\/\/bikibath.com\/es\/wp-json\/wp\/v2\/product_tag?post=2704"}],"curies":[{"name":"wp","href":"https:\/\/api.w.org\/{rel}","templated":true}]}}