{"id":1997,"date":"2025-10-24T09:13:53","date_gmt":"2025-10-24T09:13:53","guid":{"rendered":"https:\/\/bikibath.com\/?post_type=product&#038;p=1997"},"modified":"2026-01-07T02:57:46","modified_gmt":"2026-01-07T02:57:46","slug":"inodoro-inteligente-american-standard","status":"publish","type":"product","link":"https:\/\/bikibath.com\/es\/product\/inodoro-inteligente-american-standard\/","title":{"rendered":"Inodoro Inteligente American-Standard | BIKI Inodoro Inteligente Colgado de la Pared (Certificado CE\/CUPC)"},"content":{"rendered":"<p><img fetchpriority=\"high\" decoding=\"async\" class=\"aligncenter wp-image-2250 size-full\" src=\"https:\/\/bikibath.com\/wp-content\/uploads\/2025\/10\/E21.png\" alt=\"Inodoro inteligente BIKI American-Standard con funci\u00f3n bid\u00e9 avanzada\" width=\"1300\" height=\"2151\" \/><\/p>\n<div style=\"display: none;\">\n<h1 class=\"header-iWP5WJ auto-hide-last-sibling-br\">Actual\u00edcese al inodoro inteligente American-Standard: Comodidad sin contacto, confort t\u00e9rmico y potencia silenciosa<\/h1>\n<div class=\"auto-hide-last-sibling-br paragraph-pP9ZLC paragraph-element br-paragraph-space\">Si est\u00e1 listo para elevar su cuarto de ba\u00f1o con fiabilidad y lujo, no busque m\u00e1s all\u00e1 del inodoro inteligente American-Standard. Dise\u00f1ado para los hogares estadounidenses modernos, esta actualizaci\u00f3n ofrece comodidad sin contacto, un acogedor asiento calefactado y una descarga potente y silenciosa, todo ello respaldado por una marca en la que se conf\u00eda desde hace d\u00e9cadas.<\/div>\n<h2 class=\"header-iWP5WJ auto-hide-last-sibling-br\">Comodidad sin contacto: Higiene al alcance de la mano<\/h2>\n<div class=\"auto-hide-last-sibling-br paragraph-pP9ZLC paragraph-element br-paragraph-space\">Se acabaron los d\u00edas en los que hab\u00eda que tocar las asas del inodoro, propensas a los g\u00e9rmenes. El inodoro inteligente American-Standard cuenta con descarga activada por sensor: mueva la mano cerca del sensor o al\u00e9jese, y se descargar\u00e1 autom\u00e1ticamente. Es perfecto para familias ocupadas, invitados o cualquier persona que priorice la limpieza. Se acabaron los olvidos de tirar de la cadena y la propagaci\u00f3n de g\u00e9rmenes; basta con un uso higi\u00e9nico y sin problemas en todo momento.<\/div>\n<h2 class=\"header-iWP5WJ auto-hide-last-sibling-br\">Asiento calefactado: comodidad todo el a\u00f1o<\/h2>\n<div class=\"auto-hide-last-sibling-br paragraph-pP9ZLC paragraph-element br-paragraph-space\">Diga adi\u00f3s a los asientos de inodoro fr\u00edos, incluso en las ma\u00f1anas g\u00e9lidas. Este inodoro inteligente dispone de un asiento calefactado ajustable (3 niveles de temperatura) que se adapta a sus preferencias. Su dise\u00f1o energ\u00e9ticamente eficiente se apaga autom\u00e1ticamente cuando no se utiliza, lo que permite controlar las facturas. Convierte una r\u00e1pida ida al ba\u00f1o en un peque\u00f1o y reconfortante lujo para toda la casa.<\/div>\n<h2 class=\"header-iWP5WJ auto-hide-last-sibling-br\">Descarga potente y silenciosa: rendimiento sin ruido<\/h2>\n<div class=\"auto-hide-last-sibling-br paragraph-pP9ZLC paragraph-element br-paragraph-space\">Los hogares americanos necesitan una cisterna que haga el trabajo sin molestar. El avanzado sistema de descarga de este modelo proporciona una potencia de limpieza potente y profunda, al tiempo que es ultrasilencioso (30-40 decibelios). Elimina los residuos de forma eficaz con un consumo m\u00ednimo de agua (1,28 GPF), ahorr\u00e1ndole dinero y apoyando la sostenibilidad. Se acabaron los ruidosos gorgoteos y los ecos, s\u00f3lo un rendimiento tranquilo y fiable.<\/div>\n<h2 class=\"header-iWP5WJ auto-hide-last-sibling-br\">\u00bfPor qu\u00e9 elegir American-Standard?<\/h2>\n<div class=\"auto-hide-last-sibling-br paragraph-pP9ZLC paragraph-element br-paragraph-space\">M\u00e1s all\u00e1 de sus caracter\u00edsticas destacadas, este inodoro inteligente lleva el legado de calidad de la marca. Est\u00e1 fabricado para adaptarse a la fontaner\u00eda americana est\u00e1ndar, lo que garantiza una instalaci\u00f3n sencilla (sin necesidad de grandes reformas). Es duradero, f\u00e1cil de limpiar y est\u00e1 dise\u00f1ado para soportar el uso diario. Para los propietarios que quieren tranquilidad con su actualizaci\u00f3n, la reputaci\u00f3n de fiabilidad de American-Standard es insuperable.<\/div>\n<h2 class=\"header-iWP5WJ auto-hide-last-sibling-br\">Reflexi\u00f3n final<\/h2>\n<div class=\"auto-hide-last-sibling-br paragraph-pP9ZLC paragraph-element br-paragraph-space\">Actualizarse al inodoro inteligente American-Standard no es s\u00f3lo a\u00f1adir gadgets: es hacer la vida diaria m\u00e1s f\u00e1cil, limpia y c\u00f3moda. Con descarga sin contacto, asiento calefactado y un funcionamiento silencioso pero potente, es un lujo pr\u00e1ctico que encaja perfectamente en los hogares estadounidenses. Desh\u00e1gase de su anticuado inodoro y disfrute de una experiencia de ba\u00f1o m\u00e1s inteligente y agradable, dise\u00f1ada para usted y en la que conf\u00edan millones de personas.<\/div>\n<\/div>","protected":false},"excerpt":{"rendered":"<div class=\"pro_desc\">\n<table cellspacing=\"0\" cellpadding=\"0\">\n<tbody>\n<tr>\n<td>Modelo No:<\/td>\n<td>E21<\/td>\n<\/tr>\n<tr>\n<td>Estructura<\/td>\n<td>Peque\u00f1o marco de hierro<\/td>\n<\/tr>\n<tr>\n<td>Tama\u00f1o\uff1a<\/td>\n<td>590*380*400mm<\/td>\n<\/tr>\n<tr>\n<td>Sistema de descarga\uff1a<\/td>\n<td>Chorro sif\u00f3nico<\/td>\n<\/tr>\n<tr>\n<td>M\u00e9todo de calentamiento\uff1a<\/td>\n<td>Calefacci\u00f3n instant\u00e1nea<\/td>\n<\/tr>\n<tr>\n<td>MOQ\uff1a<\/td>\n<td>1 juego<\/td>\n<\/tr>\n<tr>\n<td>Plazo de entrega\uff1a<\/td>\n<td>7-15 d\u00edas<\/td>\n<\/tr>\n<\/tbody>\n<\/table>\n<\/div>","protected":false},"featured_media":2856,"comment_status":"open","ping_status":"closed","template":"","meta":{"_acf_changed":false},"product_brand":[],"product_cat":[28],"product_tag":[],"class_list":{"0":"post-1997","1":"product","2":"type-product","3":"status-publish","4":"has-post-thumbnail","6":"product_cat-smart-toilet","8":"first","9":"instock","10":"shipping-taxable","11":"product-type-simple"},"acf":[],"yoast_head":"<!-- This site is optimized with the Yoast SEO Premium plugin v23.6 (Yoast SEO v26.3) - https:\/\/yoast.com\/wordpress\/plugins\/seo\/ -->\n<title>American-Standard Smart Toilet BIKI Advanced BidetBIKI Smart Toilet<\/title>\n<meta name=\"description\" content=\"American-Standard Smart Toilet Upgrade to the American-Standard Smart Toilet: touchless convenience, heated seat, powerful yet silent flushing\" \/>\n<meta name=\"robots\" content=\"index, follow, max-snippet:-1, max-image-preview:large, max-video-preview:-1\" \/>\n<link rel=\"canonical\" href=\"https:\/\/bikibath.com\/es\/product\/inodoro-inteligente-american-standard\/\" \/>\n<meta property=\"og:locale\" content=\"es_MX\" \/>\n<meta property=\"og:type\" content=\"article\" \/>\n<meta property=\"og:title\" content=\"American-Standard Smart Toilet | BIKI Wall Hung Smart Toilet (CE\/CUPC Certified)\" \/>\n<meta property=\"og:description\" content=\"American-Standard Smart Toilet Upgrade to the American-Standard Smart Toilet: touchless convenience, heated seat, powerful yet silent flushing\" \/>\n<meta property=\"og:url\" content=\"https:\/\/bikibath.com\/es\/product\/inodoro-inteligente-american-standard\/\" \/>\n<meta property=\"og:site_name\" content=\"BIKI Smart Toilet\" \/>\n<meta property=\"article:modified_time\" content=\"2026-01-07T02:57:46+00:00\" \/>\n<meta property=\"og:image\" content=\"https:\/\/bikibath.com\/wp-content\/uploads\/2025\/10\/1-1-1.png\" \/>\n\t<meta property=\"og:image:width\" content=\"1000\" \/>\n\t<meta property=\"og:image:height\" content=\"1000\" \/>\n\t<meta property=\"og:image:type\" content=\"image\/png\" \/>\n<meta name=\"twitter:card\" content=\"summary_large_image\" \/>\n<meta name=\"twitter:label1\" content=\"Tiempo de lectura\" \/>\n\t<meta name=\"twitter:data1\" content=\"2 minutos\" \/>\n<script type=\"application\/ld+json\" class=\"yoast-schema-graph\">{\"@context\":\"https:\/\/schema.org\",\"@graph\":[{\"@type\":\"WebPage\",\"@id\":\"https:\/\/bikibath.com\/product\/american-standard-smart-toilet\/\",\"url\":\"https:\/\/bikibath.com\/product\/american-standard-smart-toilet\/\",\"name\":\"American-Standard Smart Toilet BIKI Advanced BidetBIKI Smart Toilet\",\"isPartOf\":{\"@id\":\"https:\/\/bikibath.com\/#website\"},\"primaryImageOfPage\":{\"@id\":\"https:\/\/bikibath.com\/product\/american-standard-smart-toilet\/#primaryimage\"},\"image\":{\"@id\":\"https:\/\/bikibath.com\/product\/american-standard-smart-toilet\/#primaryimage\"},\"thumbnailUrl\":\"https:\/\/bikibath.com\/wp-content\/uploads\/2025\/10\/1-1-1.png\",\"datePublished\":\"2025-10-24T09:13:53+00:00\",\"dateModified\":\"2026-01-07T02:57:46+00:00\",\"description\":\"American-Standard Smart Toilet Upgrade to the American-Standard Smart Toilet: touchless convenience, heated seat, powerful yet silent flushing\",\"breadcrumb\":{\"@id\":\"https:\/\/bikibath.com\/product\/american-standard-smart-toilet\/#breadcrumb\"},\"inLanguage\":\"es\",\"potentialAction\":[{\"@type\":\"ReadAction\",\"target\":[\"https:\/\/bikibath.com\/product\/american-standard-smart-toilet\/\"]}]},{\"@type\":\"ImageObject\",\"inLanguage\":\"es\",\"@id\":\"https:\/\/bikibath.com\/product\/american-standard-smart-toilet\/#primaryimage\",\"url\":\"https:\/\/bikibath.com\/wp-content\/uploads\/2025\/10\/1-1-1.png\",\"contentUrl\":\"https:\/\/bikibath.com\/wp-content\/uploads\/2025\/10\/1-1-1.png\",\"width\":1000,\"height\":1000},{\"@type\":\"BreadcrumbList\",\"@id\":\"https:\/\/bikibath.com\/product\/american-standard-smart-toilet\/#breadcrumb\",\"itemListElement\":[{\"@type\":\"ListItem\",\"position\":1,\"name\":\"Home\",\"item\":\"https:\/\/bikibath.com\/\"},{\"@type\":\"ListItem\",\"position\":2,\"name\":\"Product\",\"item\":\"https:\/\/bikibath.com\/product\/\"},{\"@type\":\"ListItem\",\"position\":3,\"name\":\"American-Standard Smart Toilet | BIKI Wall Hung Smart Toilet (CE\/CUPC Certified)\"}]},{\"@type\":\"WebSite\",\"@id\":\"https:\/\/bikibath.com\/#website\",\"url\":\"https:\/\/bikibath.com\/\",\"name\":\"BIKI Smart Toilet\",\"description\":\"Elevate Every Daily Comfort\",\"publisher\":{\"@id\":\"https:\/\/bikibath.com\/#organization\"},\"potentialAction\":[{\"@type\":\"SearchAction\",\"target\":{\"@type\":\"EntryPoint\",\"urlTemplate\":\"https:\/\/bikibath.com\/?s={search_term_string}\"},\"query-input\":{\"@type\":\"PropertyValueSpecification\",\"valueRequired\":true,\"valueName\":\"search_term_string\"}}],\"inLanguage\":\"es\"},{\"@type\":\"Organization\",\"@id\":\"https:\/\/bikibath.com\/#organization\",\"name\":\"BIKI Smart Toilet\",\"url\":\"https:\/\/bikibath.com\/\",\"logo\":{\"@type\":\"ImageObject\",\"inLanguage\":\"es\",\"@id\":\"https:\/\/bikibath.com\/#\/schema\/logo\/image\/\",\"url\":\"https:\/\/bikibath.com\/wp-content\/uploads\/2025\/10\/biki.png\",\"contentUrl\":\"https:\/\/bikibath.com\/wp-content\/uploads\/2025\/10\/biki.png\",\"width\":500,\"height\":162,\"caption\":\"BIKI Smart Toilet\"},\"image\":{\"@id\":\"https:\/\/bikibath.com\/#\/schema\/logo\/image\/\"}}]}<\/script>\n<!-- \/ Yoast SEO Premium plugin. -->","yoast_head_json":{"title":"Inodoro inteligente American-Standard Bid\u00e9 avanzado BIKIInodoro inteligente BIKI","description":"Inodoro inteligente American-Standard Actual\u00edcese al inodoro inteligente American-Standard: comodidad sin contacto, asiento calefactado, descarga potente y silenciosa","robots":{"index":"index","follow":"follow","max-snippet":"max-snippet:-1","max-image-preview":"max-image-preview:large","max-video-preview":"max-video-preview:-1"},"canonical":"https:\/\/bikibath.com\/es\/product\/inodoro-inteligente-american-standard\/","og_locale":"es_MX","og_type":"article","og_title":"American-Standard Smart Toilet | BIKI Wall Hung Smart Toilet (CE\/CUPC Certified)","og_description":"American-Standard Smart Toilet Upgrade to the American-Standard Smart Toilet: touchless convenience, heated seat, powerful yet silent flushing","og_url":"https:\/\/bikibath.com\/es\/product\/inodoro-inteligente-american-standard\/","og_site_name":"BIKI Smart Toilet","article_modified_time":"2026-01-07T02:57:46+00:00","og_image":[{"width":1000,"height":1000,"url":"https:\/\/bikibath.com\/wp-content\/uploads\/2025\/10\/1-1-1.png","type":"image\/png"}],"twitter_card":"summary_large_image","twitter_misc":{"Tiempo de lectura":"2 minutos"},"schema":{"@context":"https:\/\/schema.org","@graph":[{"@type":"WebPage","@id":"https:\/\/bikibath.com\/product\/american-standard-smart-toilet\/","url":"https:\/\/bikibath.com\/product\/american-standard-smart-toilet\/","name":"Inodoro inteligente American-Standard Bid\u00e9 avanzado BIKIInodoro inteligente BIKI","isPartOf":{"@id":"https:\/\/bikibath.com\/#website"},"primaryImageOfPage":{"@id":"https:\/\/bikibath.com\/product\/american-standard-smart-toilet\/#primaryimage"},"image":{"@id":"https:\/\/bikibath.com\/product\/american-standard-smart-toilet\/#primaryimage"},"thumbnailUrl":"https:\/\/bikibath.com\/wp-content\/uploads\/2025\/10\/1-1-1.png","datePublished":"2025-10-24T09:13:53+00:00","dateModified":"2026-01-07T02:57:46+00:00","description":"Inodoro inteligente American-Standard Actual\u00edcese al inodoro inteligente American-Standard: comodidad sin contacto, asiento calefactado, descarga potente y silenciosa","breadcrumb":{"@id":"https:\/\/bikibath.com\/product\/american-standard-smart-toilet\/#breadcrumb"},"inLanguage":"es","potentialAction":[{"@type":"ReadAction","target":["https:\/\/bikibath.com\/product\/american-standard-smart-toilet\/"]}]},{"@type":"ImageObject","inLanguage":"es","@id":"https:\/\/bikibath.com\/product\/american-standard-smart-toilet\/#primaryimage","url":"https:\/\/bikibath.com\/wp-content\/uploads\/2025\/10\/1-1-1.png","contentUrl":"https:\/\/bikibath.com\/wp-content\/uploads\/2025\/10\/1-1-1.png","width":1000,"height":1000},{"@type":"BreadcrumbList","@id":"https:\/\/bikibath.com\/product\/american-standard-smart-toilet\/#breadcrumb","itemListElement":[{"@type":"ListItem","position":1,"name":"Home","item":"https:\/\/bikibath.com\/"},{"@type":"ListItem","position":2,"name":"Product","item":"https:\/\/bikibath.com\/product\/"},{"@type":"ListItem","position":3,"name":"American-Standard Smart Toilet | BIKI Wall Hung Smart Toilet (CE\/CUPC Certified)"}]},{"@type":"WebSite","@id":"https:\/\/bikibath.com\/#website","url":"https:\/\/bikibath.com\/","name":"Inodoro inteligente BIKI","description":"Mejore su comodidad diaria","publisher":{"@id":"https:\/\/bikibath.com\/#organization"},"potentialAction":[{"@type":"SearchAction","target":{"@type":"EntryPoint","urlTemplate":"https:\/\/bikibath.com\/?s={search_term_string}"},"query-input":{"@type":"PropertyValueSpecification","valueRequired":true,"valueName":"search_term_string"}}],"inLanguage":"es"},{"@type":"Organization","@id":"https:\/\/bikibath.com\/#organization","name":"Inodoro inteligente BIKI","url":"https:\/\/bikibath.com\/","logo":{"@type":"ImageObject","inLanguage":"es","@id":"https:\/\/bikibath.com\/#\/schema\/logo\/image\/","url":"https:\/\/bikibath.com\/wp-content\/uploads\/2025\/10\/biki.png","contentUrl":"https:\/\/bikibath.com\/wp-content\/uploads\/2025\/10\/biki.png","width":500,"height":162,"caption":"BIKI Smart Toilet"},"image":{"@id":"https:\/\/bikibath.com\/#\/schema\/logo\/image\/"}}]}},"_links":{"self":[{"href":"https:\/\/bikibath.com\/es\/wp-json\/wp\/v2\/product\/1997","targetHints":{"allow":["GET"]}}],"collection":[{"href":"https:\/\/bikibath.com\/es\/wp-json\/wp\/v2\/product"}],"about":[{"href":"https:\/\/bikibath.com\/es\/wp-json\/wp\/v2\/types\/product"}],"replies":[{"embeddable":true,"href":"https:\/\/bikibath.com\/es\/wp-json\/wp\/v2\/comments?post=1997"}],"wp:featuredmedia":[{"embeddable":true,"href":"https:\/\/bikibath.com\/es\/wp-json\/wp\/v2\/media\/2856"}],"wp:attachment":[{"href":"https:\/\/bikibath.com\/es\/wp-json\/wp\/v2\/media?parent=1997"}],"wp:term":[{"taxonomy":"product_brand","embeddable":true,"href":"https:\/\/bikibath.com\/es\/wp-json\/wp\/v2\/product_brand?post=1997"},{"taxonomy":"product_cat","embeddable":true,"href":"https:\/\/bikibath.com\/es\/wp-json\/wp\/v2\/product_cat?post=1997"},{"taxonomy":"product_tag","embeddable":true,"href":"https:\/\/bikibath.com\/es\/wp-json\/wp\/v2\/product_tag?post=1997"}],"curies":[{"name":"wp","href":"https:\/\/api.w.org\/{rel}","templated":true}]}}