{"id":3153,"date":"2025-11-04T07:25:17","date_gmt":"2025-11-04T07:25:17","guid":{"rendered":"https:\/\/bikibath.com\/?post_type=product&#038;p=3153"},"modified":"2025-12-03T03:12:25","modified_gmt":"2025-12-03T03:12:25","slug":"biki-e91-watermark-smart-toilet-zero-water-pressure-siphonic-jet-flush-ipx4-waterproof","status":"publish","type":"product","link":"https:\/\/bikibath.com\/de\/produkt\/biki-e91-watermark-smart-toilet-zero-water-pressure-siphonic-jet-flush-ipx4-waterproof\/","title":{"rendered":"BIKI E91 WaterMark Smart Toilette - Null Wasserdruck, Siphonsp\u00fclung &amp; IPX4 Wasserdicht"},"content":{"rendered":"<p><img fetchpriority=\"high\" decoding=\"async\" class=\"wp-image-3107 size-full aligncenter\" src=\"https:\/\/bikibath.com\/wp-content\/uploads\/2025\/11\/E91-Function.jpg\" alt=\"\" width=\"1300\" height=\"2560\" \/><\/p>\n<div style=\"display: none;\">\n<h1 class=\"header-iWP5WJ auto-hide-last-sibling-br\">Intelligente Toilette mit Siphonsp\u00fclung ohne Wasserdruck: Kraftvoll, verstopfungsfrei und fl\u00fcsterleise<\/h1>\n<div class=\"auto-hide-last-sibling-br paragraph-pP9ZLC paragraph-element br-paragraph-space\">Haben Sie genug von schwachen Sp\u00fclungen, die zu Verstopfungen f\u00fchren, oder lauten Toiletten, die die Ruhe in Ihrem Zuhause st\u00f6ren? Die Intelligente Toilette mit Siphonsp\u00fclung ohne Wasserdruck ist hier, um Ihr Badezimmer zu ver\u00e4ndern - sie bietet unschlagbare Sp\u00fclleistung, Zuverl\u00e4ssigkeit ohne Verstopfungen und fl\u00fcsterleisen Betrieb, alles in einer innovativen Armatur.<\/div>\n<h2 class=\"header-iWP5WJ auto-hide-last-sibling-br\">Kein Wasserdruck? Kein Problem - Sp\u00fclkraft, die nicht nachl\u00e4sst<\/h2>\n<div class=\"auto-hide-last-sibling-br paragraph-pP9ZLC paragraph-element br-paragraph-space\">Niedriger Wasserdruck in Ihrem Haus bedeutet nicht mehr, dass Sie sich mit ineffektiven Sp\u00fclungen abfinden m\u00fcssen. Diese intelligente Toilette ist\u00a0<strong>Siphonstrahl-Sp\u00fclsystem ohne Wasserdruck<\/strong>\u00a0ist so konstruiert, dass er auch bei minimalem Wasserdurchfluss funktioniert. Mit einer Pr\u00e4zisionsd\u00fcse wird ein starker Siphoneffekt erzeugt, der die Abf\u00e4lle schnell und vollst\u00e4ndig nach unten zieht - keine R\u00fcckst\u00e4nde, keine wiederholten Sp\u00fclvorg\u00e4nge, keine Verstopfungen. Ganz gleich, ob Ihr Haus \u00fcber alte Rohrleitungen, Brunnenwasser oder niedrigen kommunalen Druck verf\u00fcgt, diese Toilette funktioniert jedes Mal zuverl\u00e4ssig.<\/div>\n<h2 class=\"header-iWP5WJ auto-hide-last-sibling-br\">Clog-Free Design: Sparen Sie Zeit und Frustration<\/h2>\n<div class=\"auto-hide-last-sibling-br paragraph-pP9ZLC paragraph-element br-paragraph-space\">Verstopfte Toiletten sind ein \u00c4rgernis - sie kosten Zeit, verursachen Unordnung und ruinieren Ihren Tag. Diese intelligente Toilette macht mit ihrer Siphonstrahltechnologie Schluss mit diesem Stress. Der kraftvolle, fokussierte Wasserstrom deckt das gesamte Becken ab und erzeugt einen gleichm\u00e4\u00dfigen Siphon, der daf\u00fcr sorgt, dass die Abf\u00e4lle in einem Zug weggesp\u00fclt werden. Feste Abf\u00e4lle werden m\u00fchelos entsorgt, so dass Sie nie wieder nach einer Saugglocke greifen m\u00fcssen. F\u00fcr vielbesch\u00e4ftigte Familien, Haustierbesitzer und alle, die es leid sind, sich mit Klempnerarbeiten herumzuschlagen, ist dieses Versprechen, dass keine Verstopfung auftritt, ein entscheidender Vorteil.<\/div>\n<h2 class=\"header-iWP5WJ auto-hide-last-sibling-br\">Fl\u00fcsterleiser Betrieb: Ruhe ohne Leistungseinbu\u00dfen<\/h2>\n<div class=\"auto-hide-last-sibling-br paragraph-pP9ZLC paragraph-element br-paragraph-space\">Starke Sp\u00fclungen m\u00fcssen nicht laut sein. Diese Toilette arbeitet mit nur 30-40 Dezibel - leiser als ein Gespr\u00e4ch oder ein raschelndes Buch. Das Design der Siphon-D\u00fcsen minimiert Wasserturbulenzen und Glucksen, wodurch die Ger\u00e4uschentwicklung auf ein Minimum reduziert wird. Sie ist perfekt f\u00fcr n\u00e4chtliche Toiletteng\u00e4nge, kleine Wohnungen oder H\u00e4user mit leichten Schl\u00e4fern. Genie\u00dfen Sie die Gewissheit einer starken Sp\u00fclung, ohne Ihre Familie zu wecken, Ihre Nachbarn zu st\u00f6ren oder die Ruhe in Ihrem Zuhause zu st\u00f6ren.<\/div>\n<h2 class=\"header-iWP5WJ auto-hide-last-sibling-br\">Mehr als nur Sp\u00fclen: Intelligente L\u00f6sungen f\u00fcr den t\u00e4glichen Komfort<\/h2>\n<div class=\"auto-hide-last-sibling-br paragraph-pP9ZLC paragraph-element br-paragraph-space\">Diese intelligente Toilette zeichnet sich nicht nur durch ihr herausragendes Sp\u00fclsystem aus, sondern bringt auch Komfort und Luxus in Ihren Alltag:<\/div>\n<ul class=\"auto-hide-last-sibling-br\">\n<li><strong>Einstellbarer beheizter Sitz<\/strong>: Vermeiden Sie K\u00e4lteschocks mit 3 Temperaturstufen und automatischer Abschaltung zum Energiesparen.<\/li>\n<li><strong>Ber\u00fchrungslose Sensorsp\u00fclung<\/strong>: Winken Sie mit der Hand oder gehen Sie weg, um zu sp\u00fclen - keine keimigen Ber\u00fchrungen des Griffs, nur hygienischer Komfort.<\/li>\n<li><strong>Umweltvertr\u00e4gliche Effizienz<\/strong>: Verbraucht nur 1,28 GPF (4,8 Liter) pro Sp\u00fclung, was die Wasserverschwendung reduziert und die Stromrechnung senkt.<\/li>\n<li><strong>Leicht zu reinigende Schale<\/strong>: Eine glatte, antibakterielle Glasur weist Schmutz und Bakterien ab und reduziert die Schrubbzeit.<\/li>\n<\/ul>\n<h2 class=\"header-iWP5WJ auto-hide-last-sibling-br\">Warum sich diese intelligente Toilette abhebt<\/h2>\n<div class=\"auto-hide-last-sibling-br paragraph-pP9ZLC paragraph-element br-paragraph-space\">Es geht nicht nur darum, Probleme zu l\u00f6sen - es geht darum, Ihr t\u00e4gliches Leben zu verbessern. Diese Toilette passt in Standard-Badezimmergrundrisse und l\u00e4sst sich einfach installieren (keine gr\u00f6\u00dferen Renovierungsarbeiten erforderlich). Sie ist robust, langlebig und f\u00fcr den praktischen Einsatz konzipiert. Ganz gleich, ob Sie eine alte Toilette aufr\u00fcsten oder Ihr Badezimmer umgestalten wollen - diese Toilette ist eine praktische, zukunftsweisende Wahl, die Leistung, Komfort und Ruhe in Einklang bringt.<\/div>\n<h2 class=\"header-iWP5WJ auto-hide-last-sibling-br\">Sind Sie bereit, Ihr Flush-Erlebnis zu verbessern?<\/h2>\n<div class=\"auto-hide-last-sibling-br paragraph-pP9ZLC paragraph-element br-paragraph-space\">Verabschieden Sie sich von schwachen Sp\u00fclungen, Verstopfungen und lauten Ger\u00e4uschen. Die Intelligente Toilette mit Siphonsp\u00fclung ohne Wasserdruck bietet die Leistung, die Sie brauchen, die Ruhe, nach der Sie sich sehnen, und den Komfort, den Sie verdienen. Verwandeln Sie Ihr Badezimmer in einen effizienten, ruhigen Raum - eine Sp\u00fclung nach der anderen. Erleben Sie den Unterschied selbst!<\/div>\n<\/div>","protected":false},"excerpt":{"rendered":"<div class=\"pro_desc\">\n<table cellspacing=\"0\" cellpadding=\"0\">\n<tbody>\n<tr>\n<td>Modell Nr.:<\/td>\n<td>E91<\/td>\n<\/tr>\n<tr>\n<td>Struktur<\/td>\n<td>Bodenaufstellung<\/td>\n<\/tr>\n<tr>\n<td>Gr\u00f6\u00dfe\uff1a<\/td>\n<td>590*380*468mm<\/td>\n<\/tr>\n<tr>\n<td>Sp\u00fclsystem\uff1a<\/td>\n<td>Siphonstrahl<\/td>\n<\/tr>\n<tr>\n<td>Heizverfahren\uff1a<\/td>\n<td>Sofortige Heizung<\/td>\n<\/tr>\n<tr>\n<td>MOQ\uff1a<\/td>\n<td>1 S\u00e4tze<\/td>\n<\/tr>\n<tr>\n<td>Lieferzeit\uff1a<\/td>\n<td>7-15 Tage<\/td>\n<\/tr>\n<\/tbody>\n<\/table>\n<\/div>","protected":false},"featured_media":3154,"comment_status":"open","ping_status":"closed","template":"","meta":{"_acf_changed":false},"product_brand":[],"product_cat":[28],"product_tag":[],"class_list":{"0":"post-3153","1":"product","2":"type-product","3":"status-publish","4":"has-post-thumbnail","6":"product_cat-smart-toilet","8":"first","9":"instock","10":"shipping-taxable","11":"product-type-simple"},"acf":[],"yoast_head":"<!-- This site is optimized with the Yoast SEO Premium plugin v23.6 (Yoast SEO v26.3) - https:\/\/yoast.com\/wordpress\/plugins\/seo\/ -->\n<title>Smart Toilet Zero Water Pressure Siphonic Jet Flush - BIKI Smart Toilet<\/title>\n<meta name=\"description\" content=\"Experience powerful, clog-free flushing with the Smart Toilet Zero Water Pressure Siphonic Jet Flush\u2014whisper-quiet operation.\" \/>\n<meta name=\"robots\" content=\"index, follow, max-snippet:-1, max-image-preview:large, max-video-preview:-1\" \/>\n<link rel=\"canonical\" href=\"https:\/\/bikibath.com\/de\/produkt\/biki-e91-watermark-smart-toilet-zero-water-pressure-siphonic-jet-flush-ipx4-waterproof\/\" \/>\n<meta property=\"og:locale\" content=\"de_DE\" \/>\n<meta property=\"og:type\" content=\"article\" \/>\n<meta property=\"og:title\" content=\"BIKI E91 WaterMark Smart Toilet - Zero Water Pressure, Siphonic Jet Flush &amp; IPX4 Waterproof\" \/>\n<meta property=\"og:description\" content=\"Experience powerful, clog-free flushing with the Smart Toilet Zero Water Pressure Siphonic Jet Flush\u2014whisper-quiet operation.\" \/>\n<meta property=\"og:url\" content=\"https:\/\/bikibath.com\/de\/produkt\/biki-e91-watermark-smart-toilet-zero-water-pressure-siphonic-jet-flush-ipx4-waterproof\/\" \/>\n<meta property=\"og:site_name\" content=\"BIKI Smart Toilet\" \/>\n<meta property=\"article:modified_time\" content=\"2025-12-03T03:12:25+00:00\" \/>\n<meta property=\"og:image\" content=\"https:\/\/bikibath.com\/wp-content\/uploads\/2025\/11\/E91.png\" \/>\n\t<meta property=\"og:image:width\" content=\"1000\" \/>\n\t<meta property=\"og:image:height\" content=\"1000\" \/>\n\t<meta property=\"og:image:type\" content=\"image\/png\" \/>\n<meta name=\"twitter:card\" content=\"summary_large_image\" \/>\n<meta name=\"twitter:label1\" content=\"Gesch\u00e4tzte Lesezeit\" \/>\n\t<meta name=\"twitter:data1\" content=\"4\u00a0Minuten\" \/>\n<script type=\"application\/ld+json\" class=\"yoast-schema-graph\">{\"@context\":\"https:\/\/schema.org\",\"@graph\":[{\"@type\":\"WebPage\",\"@id\":\"https:\/\/bikibath.com\/product\/biki-e91-watermark-smart-toilet-zero-water-pressure-siphonic-jet-flush-ipx4-waterproof\/\",\"url\":\"https:\/\/bikibath.com\/product\/biki-e91-watermark-smart-toilet-zero-water-pressure-siphonic-jet-flush-ipx4-waterproof\/\",\"name\":\"Smart Toilet Zero Water Pressure Siphonic Jet Flush - BIKI Smart Toilet\",\"isPartOf\":{\"@id\":\"https:\/\/bikibath.com\/#website\"},\"primaryImageOfPage\":{\"@id\":\"https:\/\/bikibath.com\/product\/biki-e91-watermark-smart-toilet-zero-water-pressure-siphonic-jet-flush-ipx4-waterproof\/#primaryimage\"},\"image\":{\"@id\":\"https:\/\/bikibath.com\/product\/biki-e91-watermark-smart-toilet-zero-water-pressure-siphonic-jet-flush-ipx4-waterproof\/#primaryimage\"},\"thumbnailUrl\":\"https:\/\/bikibath.com\/wp-content\/uploads\/2025\/11\/E91.png\",\"datePublished\":\"2025-11-04T07:25:17+00:00\",\"dateModified\":\"2025-12-03T03:12:25+00:00\",\"description\":\"Experience powerful, clog-free flushing with the Smart Toilet Zero Water Pressure Siphonic Jet Flush\u2014whisper-quiet operation.\",\"breadcrumb\":{\"@id\":\"https:\/\/bikibath.com\/product\/biki-e91-watermark-smart-toilet-zero-water-pressure-siphonic-jet-flush-ipx4-waterproof\/#breadcrumb\"},\"inLanguage\":\"de\",\"potentialAction\":[{\"@type\":\"ReadAction\",\"target\":[\"https:\/\/bikibath.com\/product\/biki-e91-watermark-smart-toilet-zero-water-pressure-siphonic-jet-flush-ipx4-waterproof\/\"]}]},{\"@type\":\"ImageObject\",\"inLanguage\":\"de\",\"@id\":\"https:\/\/bikibath.com\/product\/biki-e91-watermark-smart-toilet-zero-water-pressure-siphonic-jet-flush-ipx4-waterproof\/#primaryimage\",\"url\":\"https:\/\/bikibath.com\/wp-content\/uploads\/2025\/11\/E91.png\",\"contentUrl\":\"https:\/\/bikibath.com\/wp-content\/uploads\/2025\/11\/E91.png\",\"width\":1000,\"height\":1000},{\"@type\":\"BreadcrumbList\",\"@id\":\"https:\/\/bikibath.com\/product\/biki-e91-watermark-smart-toilet-zero-water-pressure-siphonic-jet-flush-ipx4-waterproof\/#breadcrumb\",\"itemListElement\":[{\"@type\":\"ListItem\",\"position\":1,\"name\":\"Home\",\"item\":\"https:\/\/bikibath.com\/\"},{\"@type\":\"ListItem\",\"position\":2,\"name\":\"Product\",\"item\":\"https:\/\/bikibath.com\/product\/\"},{\"@type\":\"ListItem\",\"position\":3,\"name\":\"BIKI E91 WaterMark Smart Toilet &#8211; Zero Water Pressure, Siphonic Jet Flush &#038; IPX4 Waterproof\"}]},{\"@type\":\"WebSite\",\"@id\":\"https:\/\/bikibath.com\/#website\",\"url\":\"https:\/\/bikibath.com\/\",\"name\":\"BIKI Smart Toilet\",\"description\":\"Elevate Every Daily Comfort\",\"publisher\":{\"@id\":\"https:\/\/bikibath.com\/#organization\"},\"potentialAction\":[{\"@type\":\"SearchAction\",\"target\":{\"@type\":\"EntryPoint\",\"urlTemplate\":\"https:\/\/bikibath.com\/?s={search_term_string}\"},\"query-input\":{\"@type\":\"PropertyValueSpecification\",\"valueRequired\":true,\"valueName\":\"search_term_string\"}}],\"inLanguage\":\"de\"},{\"@type\":\"Organization\",\"@id\":\"https:\/\/bikibath.com\/#organization\",\"name\":\"BIKI Smart Toilet\",\"url\":\"https:\/\/bikibath.com\/\",\"logo\":{\"@type\":\"ImageObject\",\"inLanguage\":\"de\",\"@id\":\"https:\/\/bikibath.com\/#\/schema\/logo\/image\/\",\"url\":\"https:\/\/bikibath.com\/wp-content\/uploads\/2025\/10\/biki.png\",\"contentUrl\":\"https:\/\/bikibath.com\/wp-content\/uploads\/2025\/10\/biki.png\",\"width\":500,\"height\":162,\"caption\":\"BIKI Smart Toilet\"},\"image\":{\"@id\":\"https:\/\/bikibath.com\/#\/schema\/logo\/image\/\"}}]}<\/script>\n<!-- \/ Yoast SEO Premium plugin. -->","yoast_head_json":{"title":"Intelligente Toilette ohne Wasserdruck mit Siphonsp\u00fclung - BIKI Smart Toilet","description":"Erleben Sie eine leistungsstarke, verstopfungsfreie Sp\u00fclung mit der Smart Toilet Zero Water Pressure Siphonic Jet Flush, die fl\u00fcsterleise arbeitet.","robots":{"index":"index","follow":"follow","max-snippet":"max-snippet:-1","max-image-preview":"max-image-preview:large","max-video-preview":"max-video-preview:-1"},"canonical":"https:\/\/bikibath.com\/de\/produkt\/biki-e91-watermark-smart-toilet-zero-water-pressure-siphonic-jet-flush-ipx4-waterproof\/","og_locale":"de_DE","og_type":"article","og_title":"BIKI E91 WaterMark Smart Toilet - Zero Water Pressure, Siphonic Jet Flush & IPX4 Waterproof","og_description":"Experience powerful, clog-free flushing with the Smart Toilet Zero Water Pressure Siphonic Jet Flush\u2014whisper-quiet operation.","og_url":"https:\/\/bikibath.com\/de\/produkt\/biki-e91-watermark-smart-toilet-zero-water-pressure-siphonic-jet-flush-ipx4-waterproof\/","og_site_name":"BIKI Smart Toilet","article_modified_time":"2025-12-03T03:12:25+00:00","og_image":[{"width":1000,"height":1000,"url":"https:\/\/bikibath.com\/wp-content\/uploads\/2025\/11\/E91.png","type":"image\/png"}],"twitter_card":"summary_large_image","twitter_misc":{"Gesch\u00e4tzte Lesezeit":"4\u00a0Minuten"},"schema":{"@context":"https:\/\/schema.org","@graph":[{"@type":"WebPage","@id":"https:\/\/bikibath.com\/product\/biki-e91-watermark-smart-toilet-zero-water-pressure-siphonic-jet-flush-ipx4-waterproof\/","url":"https:\/\/bikibath.com\/product\/biki-e91-watermark-smart-toilet-zero-water-pressure-siphonic-jet-flush-ipx4-waterproof\/","name":"Intelligente Toilette ohne Wasserdruck mit Siphonsp\u00fclung - BIKI Smart Toilet","isPartOf":{"@id":"https:\/\/bikibath.com\/#website"},"primaryImageOfPage":{"@id":"https:\/\/bikibath.com\/product\/biki-e91-watermark-smart-toilet-zero-water-pressure-siphonic-jet-flush-ipx4-waterproof\/#primaryimage"},"image":{"@id":"https:\/\/bikibath.com\/product\/biki-e91-watermark-smart-toilet-zero-water-pressure-siphonic-jet-flush-ipx4-waterproof\/#primaryimage"},"thumbnailUrl":"https:\/\/bikibath.com\/wp-content\/uploads\/2025\/11\/E91.png","datePublished":"2025-11-04T07:25:17+00:00","dateModified":"2025-12-03T03:12:25+00:00","description":"Erleben Sie eine leistungsstarke, verstopfungsfreie Sp\u00fclung mit der Smart Toilet Zero Water Pressure Siphonic Jet Flush, die fl\u00fcsterleise arbeitet.","breadcrumb":{"@id":"https:\/\/bikibath.com\/product\/biki-e91-watermark-smart-toilet-zero-water-pressure-siphonic-jet-flush-ipx4-waterproof\/#breadcrumb"},"inLanguage":"de","potentialAction":[{"@type":"ReadAction","target":["https:\/\/bikibath.com\/product\/biki-e91-watermark-smart-toilet-zero-water-pressure-siphonic-jet-flush-ipx4-waterproof\/"]}]},{"@type":"ImageObject","inLanguage":"de","@id":"https:\/\/bikibath.com\/product\/biki-e91-watermark-smart-toilet-zero-water-pressure-siphonic-jet-flush-ipx4-waterproof\/#primaryimage","url":"https:\/\/bikibath.com\/wp-content\/uploads\/2025\/11\/E91.png","contentUrl":"https:\/\/bikibath.com\/wp-content\/uploads\/2025\/11\/E91.png","width":1000,"height":1000},{"@type":"BreadcrumbList","@id":"https:\/\/bikibath.com\/product\/biki-e91-watermark-smart-toilet-zero-water-pressure-siphonic-jet-flush-ipx4-waterproof\/#breadcrumb","itemListElement":[{"@type":"ListItem","position":1,"name":"Home","item":"https:\/\/bikibath.com\/"},{"@type":"ListItem","position":2,"name":"Product","item":"https:\/\/bikibath.com\/product\/"},{"@type":"ListItem","position":3,"name":"BIKI E91 WaterMark Smart Toilet &#8211; Zero Water Pressure, Siphonic Jet Flush &#038; IPX4 Waterproof"}]},{"@type":"WebSite","@id":"https:\/\/bikibath.com\/#website","url":"https:\/\/bikibath.com\/","name":"BIKI Intelligente Toilette","description":"Erh\u00f6hen Sie jeden t\u00e4glichen Komfort","publisher":{"@id":"https:\/\/bikibath.com\/#organization"},"potentialAction":[{"@type":"SearchAction","target":{"@type":"EntryPoint","urlTemplate":"https:\/\/bikibath.com\/?s={search_term_string}"},"query-input":{"@type":"PropertyValueSpecification","valueRequired":true,"valueName":"search_term_string"}}],"inLanguage":"de"},{"@type":"Organization","@id":"https:\/\/bikibath.com\/#organization","name":"BIKI Intelligente Toilette","url":"https:\/\/bikibath.com\/","logo":{"@type":"ImageObject","inLanguage":"de","@id":"https:\/\/bikibath.com\/#\/schema\/logo\/image\/","url":"https:\/\/bikibath.com\/wp-content\/uploads\/2025\/10\/biki.png","contentUrl":"https:\/\/bikibath.com\/wp-content\/uploads\/2025\/10\/biki.png","width":500,"height":162,"caption":"BIKI Smart Toilet"},"image":{"@id":"https:\/\/bikibath.com\/#\/schema\/logo\/image\/"}}]}},"_links":{"self":[{"href":"https:\/\/bikibath.com\/de\/wp-json\/wp\/v2\/product\/3153","targetHints":{"allow":["GET"]}}],"collection":[{"href":"https:\/\/bikibath.com\/de\/wp-json\/wp\/v2\/product"}],"about":[{"href":"https:\/\/bikibath.com\/de\/wp-json\/wp\/v2\/types\/product"}],"replies":[{"embeddable":true,"href":"https:\/\/bikibath.com\/de\/wp-json\/wp\/v2\/comments?post=3153"}],"wp:featuredmedia":[{"embeddable":true,"href":"https:\/\/bikibath.com\/de\/wp-json\/wp\/v2\/media\/3154"}],"wp:attachment":[{"href":"https:\/\/bikibath.com\/de\/wp-json\/wp\/v2\/media?parent=3153"}],"wp:term":[{"taxonomy":"product_brand","embeddable":true,"href":"https:\/\/bikibath.com\/de\/wp-json\/wp\/v2\/product_brand?post=3153"},{"taxonomy":"product_cat","embeddable":true,"href":"https:\/\/bikibath.com\/de\/wp-json\/wp\/v2\/product_cat?post=3153"},{"taxonomy":"product_tag","embeddable":true,"href":"https:\/\/bikibath.com\/de\/wp-json\/wp\/v2\/product_tag?post=3153"}],"curies":[{"name":"wp","href":"https:\/\/api.w.org\/{rel}","templated":true}]}}