{"id":3092,"date":"2025-11-04T03:32:36","date_gmt":"2025-11-04T03:32:36","guid":{"rendered":"https:\/\/bikibath.com\/?post_type=product&#038;p=3092"},"modified":"2026-01-07T03:02:25","modified_gmt":"2026-01-07T03:02:25","slug":"ce-smart-intelligente-toilette","status":"publish","type":"product","link":"https:\/\/bikibath.com\/de\/produkt\/ce-smart-intelligente-toilette\/","title":{"rendered":"BIKI E81 CE-zertifizierte kleine smarte Toilette 59cm - Niedrigenergie, Sprachalarmierung und automatische Sp\u00fclung"},"content":{"rendered":"<p><img fetchpriority=\"high\" decoding=\"async\" class=\"wp-image-3107 size-full aligncenter\" src=\"https:\/\/bikibath.com\/wp-content\/uploads\/2025\/11\/E81-Function.jpg\" alt=\"CE Smart Toilette\" width=\"1300\" height=\"2560\" \/><\/p>\n<div style=\"display: none;\">\n<h1 class=\"header-iWP5WJ auto-hide-last-sibling-br\">Aktualisieren Sie Ihr Badezimmer mit der CE-zertifizierten Smart Toilet: Bequemlichkeit und Komfort neu definiert<\/h1>\n<div class=\"auto-hide-last-sibling-br paragraph-pP9ZLC paragraph-element br-paragraph-space\">M\u00f6chten Sie Ihre t\u00e4gliche Routine mit einer Mischung aus Innovation, Sicherheit und Luxus aufwerten? Die CE-zertifizierte Intelligente Toilette ist das perfekte Upgrade f\u00fcr Ihr Badezimmer. Sie wurde entwickelt, um intelligenten Komfort und un\u00fcbertroffene Bequemlichkeit in moderne H\u00e4user zu bringen, die durch strenge europ\u00e4ische Sicherheitsstandards unterst\u00fctzt werden. Entdecken Sie, warum sie die erste Wahl f\u00fcr alle ist, die ein intelligenteres und angenehmeres Badezimmererlebnis suchen.<\/div>\n<h2 class=\"header-iWP5WJ auto-hide-last-sibling-br\">CE-Zertifizierung: Sicherheit, der Sie vertrauen k\u00f6nnen<\/h2>\n<div class=\"auto-hide-last-sibling-br paragraph-pP9ZLC paragraph-element br-paragraph-space\">In erster Linie h\u00e4lt diese intelligente Toilette\u00a0<strong>CE-Zertifizierung<\/strong>ein Zeichen f\u00fcr die Einhaltung der strengen Gesundheits-, Sicherheits- und Umweltstandards der EU. Jedes Bauteil, von der Elektrik bis zu den Sanit\u00e4ranschl\u00fcssen, wird auf die Einhaltung strenger Vorschriften gepr\u00fcft. Sie k\u00f6nnen sich darauf verlassen, dass er zuverl\u00e4ssig, langlebig und sicher ist - ideal f\u00fcr Familien, G\u00e4ste und langfristige Nutzung.<\/div>\n<h2 class=\"header-iWP5WJ auto-hide-last-sibling-br\">Intelligente Bequemlichkeit: Vereinfachen Sie Ihre Routine<\/h2>\n<div class=\"auto-hide-last-sibling-br paragraph-pP9ZLC paragraph-element br-paragraph-space\">Vorbei sind die Zeiten der klobigen, veralteten Toiletten. Mit diesem intelligenten Modell haben Sie den Komfort mit intuitiven Funktionen im Griff:<\/div>\n<ul class=\"auto-hide-last-sibling-br\">\n<li><strong>Ber\u00fchrungslose Sensorsp\u00fclung<\/strong>: Winken Sie mit der Hand in der N\u00e4he des Sensors oder treten Sie einen Schritt zur\u00fcck, um die automatische Sp\u00fclung auszul\u00f6sen - kein Ber\u00fchren der keimanf\u00e4lligen Griffe, keine Verbreitung von Bakterien. Das ist hygienisch, problemlos und perfekt f\u00fcr vielbesch\u00e4ftigte Haushalte.<\/li>\n<li><strong>One-Touch-Bedienelemente<\/strong>: Passen Sie die Einstellungen (z. B. Sp\u00fclst\u00e4rke oder Sitztemperatur) mit einer einfachen Fernbedienung oder dem integrierten Bedienfeld an - keine komplizierten Men\u00fcs, nur sofortige Anpassungen.<\/li>\n<li><strong>Wasser sparendes Design<\/strong>: Verbraucht nur 1,28 GPF (4,8 Liter) pro Sp\u00fclung, wodurch die Wasserverschwendung ohne Leistungseinbu\u00dfen reduziert wird. Sie ist umweltfreundlich und schont Ihre Stromrechnungen.<\/li>\n<\/ul>\n<h2 class=\"header-iWP5WJ auto-hide-last-sibling-br\">Luxuri\u00f6ser Komfort: T\u00e4gliche Reisen verwandeln<\/h2>\n<div class=\"auto-hide-last-sibling-br paragraph-pP9ZLC paragraph-element br-paragraph-space\">Die CE Smart Toilet macht aus einer einfachen Badroutine einen kleinen Moment der Selbstf\u00fcrsorge:<\/div>\n<ul class=\"auto-hide-last-sibling-br\">\n<li><strong>Einstellbarer beheizter Sitz<\/strong>: W\u00e4hlen Sie zwischen 3 Temperaturstufen (32-38\u00b0C), um K\u00e4lteschocks an k\u00fchlen Morgen zu vermeiden. Er schaltet sich automatisch ab, wenn er nicht benutzt wird, und spart so Energie, w\u00e4hrend er Sie k\u00fchl h\u00e4lt.<\/li>\n<li><strong>Sanfte Bidet-Funktion<\/strong>: Genie\u00dfen Sie Front- und R\u00fccksp\u00fclmodi mit einstellbarem Wasserdruck und Temperatur. Es ist sanfter zur Haut als Toilettenpapier, hygienischer und reduziert den Abfall - besser f\u00fcr Sie und den Planeten.<\/li>\n<li><strong>Ger\u00e4uscharmer Betrieb<\/strong>: Das Sp\u00fclsystem arbeitet mit 30-40 Dezibel (leiser als ein Gespr\u00e4ch) und sorgt so f\u00fcr Ruhe im Bad, ohne die Reinigungsleistung zu beeintr\u00e4chtigen.<\/li>\n<\/ul>\n<h2 class=\"header-iWP5WJ auto-hide-last-sibling-br\">Warum es das perfekte Upgrade f\u00fcr das Badezimmer ist<\/h2>\n<div class=\"auto-hide-last-sibling-br paragraph-pP9ZLC paragraph-element br-paragraph-space\">Diese intelligente Toilette ist nicht nur ein Gadget, sondern eine praktische, zukunftsweisende Erg\u00e4nzung f\u00fcr jedes Zuhause:<\/div>\n<ul class=\"auto-hide-last-sibling-br\">\n<li>Es passt zu Standard-Badgrundrissen und -Leitungen und l\u00e4sst sich problemlos installieren (keine gr\u00f6\u00dferen Renovierungsarbeiten erforderlich).<\/li>\n<li>Das schlichte, moderne Design passt zu jeder Einrichtung, von minimalistisch bis traditionell.<\/li>\n<li>Die CE-Zertifizierung gew\u00e4hrleistet, dass es f\u00fcr alle Benutzer, einschlie\u00dflich Kinder und \u00e4ltere Menschen, sicher ist.<\/li>\n<li>Er bietet ein ausgewogenes Verh\u00e4ltnis zwischen Bequemlichkeit, Komfort und Nachhaltigkeit und erf\u00fcllt damit alle Anforderungen der heutigen Hausbesitzer.<\/li>\n<\/ul>\n<h2 class=\"header-iWP5WJ auto-hide-last-sibling-br\">Sind Sie bereit, Ihr Badezimmer zu versch\u00f6nern?<\/h2>\n<div class=\"auto-hide-last-sibling-br paragraph-pP9ZLC paragraph-element br-paragraph-space\">Die CE-zertifizierte Smart Toilet ist mehr als nur eine Toilette - sie ist eine t\u00e4gliche Erinnerung daran, dass kleine Verbesserungen einen gro\u00dfen Unterschied machen k\u00f6nnen. Verabschieden Sie sich von kalten Sitzen, verkeimten Griffen und lauten Sp\u00fclungen. Freuen Sie sich auf intelligente Technologie, die f\u00fcr Sie arbeitet und bei jeder Benutzung f\u00fcr Bequemlichkeit und Komfort sorgt.<\/div>\n<div class=\"auto-hide-last-sibling-br paragraph-pP9ZLC paragraph-element br-paragraph-space\">Erfahren Sie jetzt mehr und machen Sie den ersten Schritt zu einem intelligenteren, gem\u00fctlicheren Badezimmer - Ihre Routine (und Ihre Familie) werden es Ihnen danken!<\/div>\n<\/div>","protected":false},"excerpt":{"rendered":"<div class=\"pro_desc\">\n<table cellspacing=\"0\" cellpadding=\"0\">\n<tbody>\n<tr>\n<td>Modell Nr.:<\/td>\n<td>E81<\/td>\n<\/tr>\n<tr>\n<td>Struktur<\/td>\n<td>Bodenaufstellung<\/td>\n<\/tr>\n<tr>\n<td>Gr\u00f6\u00dfe\uff1a<\/td>\n<td>590*380*468mm<\/td>\n<\/tr>\n<tr>\n<td>Sp\u00fclsystem\uff1a<\/td>\n<td>Siphonstrahl<\/td>\n<\/tr>\n<tr>\n<td>Heizverfahren\uff1a<\/td>\n<td>Sofortige Heizung<\/td>\n<\/tr>\n<tr>\n<td>MOQ\uff1a<\/td>\n<td>1 S\u00e4tze<\/td>\n<\/tr>\n<tr>\n<td>Lieferzeit\uff1a<\/td>\n<td>7-15 Tage<\/td>\n<\/tr>\n<\/tbody>\n<\/table>\n<\/div>","protected":false},"featured_media":3093,"comment_status":"open","ping_status":"closed","template":"","meta":{"_acf_changed":false},"product_brand":[],"product_cat":[28],"product_tag":[],"class_list":{"0":"post-3092","1":"product","2":"type-product","3":"status-publish","4":"has-post-thumbnail","6":"product_cat-smart-toilet","8":"first","9":"instock","10":"shipping-taxable","11":"product-type-simple"},"acf":[],"yoast_head":"<!-- This site is optimized with the Yoast SEO Premium plugin v23.6 (Yoast SEO v26.3) - https:\/\/yoast.com\/wordpress\/plugins\/seo\/ -->\n<title>CE Smart Toilet Voice Sedentary Alert - BIKI Smart Toilet<\/title>\n<meta name=\"description\" content=\"Upgrade your bathroom with the CE Smart Toilet, the perfect choice. Enjoy the convenience and comfort brought by intelligent technology\u2014learn more now!\" \/>\n<meta name=\"robots\" content=\"index, follow, max-snippet:-1, max-image-preview:large, max-video-preview:-1\" \/>\n<link rel=\"canonical\" href=\"https:\/\/bikibath.com\/de\/produkt\/ce-smart-intelligente-toilette\/\" \/>\n<meta property=\"og:locale\" content=\"de_DE\" \/>\n<meta property=\"og:type\" content=\"article\" \/>\n<meta property=\"og:title\" content=\"BIKI E81 CE Certified Small Tankless Smart Toilet 59cm - Low Energy, Voice Sedentary Alert &amp; Auto Flush\" \/>\n<meta property=\"og:description\" content=\"Upgrade your bathroom with the CE Smart Toilet, the perfect choice. Enjoy the convenience and comfort brought by intelligent technology\u2014learn more now!\" \/>\n<meta property=\"og:url\" content=\"https:\/\/bikibath.com\/de\/produkt\/ce-smart-intelligente-toilette\/\" \/>\n<meta property=\"og:site_name\" content=\"BIKI Smart Toilet\" \/>\n<meta property=\"article:modified_time\" content=\"2026-01-07T03:02:25+00:00\" \/>\n<meta property=\"og:image\" content=\"https:\/\/bikibath.com\/wp-content\/uploads\/2025\/11\/E81.png\" \/>\n\t<meta property=\"og:image:width\" content=\"1000\" \/>\n\t<meta property=\"og:image:height\" content=\"1000\" \/>\n\t<meta property=\"og:image:type\" content=\"image\/png\" \/>\n<meta name=\"twitter:card\" content=\"summary_large_image\" \/>\n<meta name=\"twitter:label1\" content=\"Gesch\u00e4tzte Lesezeit\" \/>\n\t<meta name=\"twitter:data1\" content=\"3\u00a0Minuten\" \/>\n<script type=\"application\/ld+json\" class=\"yoast-schema-graph\">{\"@context\":\"https:\/\/schema.org\",\"@graph\":[{\"@type\":\"WebPage\",\"@id\":\"https:\/\/bikibath.com\/product\/ce-smart-intelligent-toilet\/\",\"url\":\"https:\/\/bikibath.com\/product\/ce-smart-intelligent-toilet\/\",\"name\":\"CE Smart Toilet Voice Sedentary Alert - BIKI Smart Toilet\",\"isPartOf\":{\"@id\":\"https:\/\/bikibath.com\/#website\"},\"primaryImageOfPage\":{\"@id\":\"https:\/\/bikibath.com\/product\/ce-smart-intelligent-toilet\/#primaryimage\"},\"image\":{\"@id\":\"https:\/\/bikibath.com\/product\/ce-smart-intelligent-toilet\/#primaryimage\"},\"thumbnailUrl\":\"https:\/\/bikibath.com\/wp-content\/uploads\/2025\/11\/E81.png\",\"datePublished\":\"2025-11-04T03:32:36+00:00\",\"dateModified\":\"2026-01-07T03:02:25+00:00\",\"description\":\"Upgrade your bathroom with the CE Smart Toilet, the perfect choice. Enjoy the convenience and comfort brought by intelligent technology\u2014learn more now!\",\"breadcrumb\":{\"@id\":\"https:\/\/bikibath.com\/product\/ce-smart-intelligent-toilet\/#breadcrumb\"},\"inLanguage\":\"de\",\"potentialAction\":[{\"@type\":\"ReadAction\",\"target\":[\"https:\/\/bikibath.com\/product\/ce-smart-intelligent-toilet\/\"]}]},{\"@type\":\"ImageObject\",\"inLanguage\":\"de\",\"@id\":\"https:\/\/bikibath.com\/product\/ce-smart-intelligent-toilet\/#primaryimage\",\"url\":\"https:\/\/bikibath.com\/wp-content\/uploads\/2025\/11\/E81.png\",\"contentUrl\":\"https:\/\/bikibath.com\/wp-content\/uploads\/2025\/11\/E81.png\",\"width\":1000,\"height\":1000},{\"@type\":\"BreadcrumbList\",\"@id\":\"https:\/\/bikibath.com\/product\/ce-smart-intelligent-toilet\/#breadcrumb\",\"itemListElement\":[{\"@type\":\"ListItem\",\"position\":1,\"name\":\"Home\",\"item\":\"https:\/\/bikibath.com\/\"},{\"@type\":\"ListItem\",\"position\":2,\"name\":\"Product\",\"item\":\"https:\/\/bikibath.com\/product\/\"},{\"@type\":\"ListItem\",\"position\":3,\"name\":\"BIKI E81 CE Certified Small Tankless Smart Toilet 59cm &#8211; Low Energy, Voice Sedentary Alert &#038; Auto Flush\"}]},{\"@type\":\"WebSite\",\"@id\":\"https:\/\/bikibath.com\/#website\",\"url\":\"https:\/\/bikibath.com\/\",\"name\":\"BIKI Smart Toilet\",\"description\":\"Elevate Every Daily Comfort\",\"publisher\":{\"@id\":\"https:\/\/bikibath.com\/#organization\"},\"potentialAction\":[{\"@type\":\"SearchAction\",\"target\":{\"@type\":\"EntryPoint\",\"urlTemplate\":\"https:\/\/bikibath.com\/?s={search_term_string}\"},\"query-input\":{\"@type\":\"PropertyValueSpecification\",\"valueRequired\":true,\"valueName\":\"search_term_string\"}}],\"inLanguage\":\"de\"},{\"@type\":\"Organization\",\"@id\":\"https:\/\/bikibath.com\/#organization\",\"name\":\"BIKI Smart Toilet\",\"url\":\"https:\/\/bikibath.com\/\",\"logo\":{\"@type\":\"ImageObject\",\"inLanguage\":\"de\",\"@id\":\"https:\/\/bikibath.com\/#\/schema\/logo\/image\/\",\"url\":\"https:\/\/bikibath.com\/wp-content\/uploads\/2025\/10\/biki.png\",\"contentUrl\":\"https:\/\/bikibath.com\/wp-content\/uploads\/2025\/10\/biki.png\",\"width\":500,\"height\":162,\"caption\":\"BIKI Smart Toilet\"},\"image\":{\"@id\":\"https:\/\/bikibath.com\/#\/schema\/logo\/image\/\"}}]}<\/script>\n<!-- \/ Yoast SEO Premium plugin. -->","yoast_head_json":{"title":"CE Smart Toilet Voice Sedentary Alert - BIKI Smart Toilet","description":"R\u00fcsten Sie Ihr Badezimmer mit der CE Smart Toilet auf - die perfekte Wahl. Genie\u00dfen Sie die Bequemlichkeit und den Komfort der intelligenten Technologie - erfahren Sie jetzt mehr!","robots":{"index":"index","follow":"follow","max-snippet":"max-snippet:-1","max-image-preview":"max-image-preview:large","max-video-preview":"max-video-preview:-1"},"canonical":"https:\/\/bikibath.com\/de\/produkt\/ce-smart-intelligente-toilette\/","og_locale":"de_DE","og_type":"article","og_title":"BIKI E81 CE Certified Small Tankless Smart Toilet 59cm - Low Energy, Voice Sedentary Alert & Auto Flush","og_description":"Upgrade your bathroom with the CE Smart Toilet, the perfect choice. Enjoy the convenience and comfort brought by intelligent technology\u2014learn more now!","og_url":"https:\/\/bikibath.com\/de\/produkt\/ce-smart-intelligente-toilette\/","og_site_name":"BIKI Smart Toilet","article_modified_time":"2026-01-07T03:02:25+00:00","og_image":[{"width":1000,"height":1000,"url":"https:\/\/bikibath.com\/wp-content\/uploads\/2025\/11\/E81.png","type":"image\/png"}],"twitter_card":"summary_large_image","twitter_misc":{"Gesch\u00e4tzte Lesezeit":"3\u00a0Minuten"},"schema":{"@context":"https:\/\/schema.org","@graph":[{"@type":"WebPage","@id":"https:\/\/bikibath.com\/product\/ce-smart-intelligent-toilet\/","url":"https:\/\/bikibath.com\/product\/ce-smart-intelligent-toilet\/","name":"CE Smart Toilet Voice Sedentary Alert - BIKI Smart Toilet","isPartOf":{"@id":"https:\/\/bikibath.com\/#website"},"primaryImageOfPage":{"@id":"https:\/\/bikibath.com\/product\/ce-smart-intelligent-toilet\/#primaryimage"},"image":{"@id":"https:\/\/bikibath.com\/product\/ce-smart-intelligent-toilet\/#primaryimage"},"thumbnailUrl":"https:\/\/bikibath.com\/wp-content\/uploads\/2025\/11\/E81.png","datePublished":"2025-11-04T03:32:36+00:00","dateModified":"2026-01-07T03:02:25+00:00","description":"R\u00fcsten Sie Ihr Badezimmer mit der CE Smart Toilet auf - die perfekte Wahl. Genie\u00dfen Sie die Bequemlichkeit und den Komfort der intelligenten Technologie - erfahren Sie jetzt mehr!","breadcrumb":{"@id":"https:\/\/bikibath.com\/product\/ce-smart-intelligent-toilet\/#breadcrumb"},"inLanguage":"de","potentialAction":[{"@type":"ReadAction","target":["https:\/\/bikibath.com\/product\/ce-smart-intelligent-toilet\/"]}]},{"@type":"ImageObject","inLanguage":"de","@id":"https:\/\/bikibath.com\/product\/ce-smart-intelligent-toilet\/#primaryimage","url":"https:\/\/bikibath.com\/wp-content\/uploads\/2025\/11\/E81.png","contentUrl":"https:\/\/bikibath.com\/wp-content\/uploads\/2025\/11\/E81.png","width":1000,"height":1000},{"@type":"BreadcrumbList","@id":"https:\/\/bikibath.com\/product\/ce-smart-intelligent-toilet\/#breadcrumb","itemListElement":[{"@type":"ListItem","position":1,"name":"Home","item":"https:\/\/bikibath.com\/"},{"@type":"ListItem","position":2,"name":"Product","item":"https:\/\/bikibath.com\/product\/"},{"@type":"ListItem","position":3,"name":"BIKI E81 CE Certified Small Tankless Smart Toilet 59cm &#8211; Low Energy, Voice Sedentary Alert &#038; Auto Flush"}]},{"@type":"WebSite","@id":"https:\/\/bikibath.com\/#website","url":"https:\/\/bikibath.com\/","name":"BIKI Intelligente Toilette","description":"Erh\u00f6hen Sie jeden t\u00e4glichen Komfort","publisher":{"@id":"https:\/\/bikibath.com\/#organization"},"potentialAction":[{"@type":"SearchAction","target":{"@type":"EntryPoint","urlTemplate":"https:\/\/bikibath.com\/?s={search_term_string}"},"query-input":{"@type":"PropertyValueSpecification","valueRequired":true,"valueName":"search_term_string"}}],"inLanguage":"de"},{"@type":"Organization","@id":"https:\/\/bikibath.com\/#organization","name":"BIKI Intelligente Toilette","url":"https:\/\/bikibath.com\/","logo":{"@type":"ImageObject","inLanguage":"de","@id":"https:\/\/bikibath.com\/#\/schema\/logo\/image\/","url":"https:\/\/bikibath.com\/wp-content\/uploads\/2025\/10\/biki.png","contentUrl":"https:\/\/bikibath.com\/wp-content\/uploads\/2025\/10\/biki.png","width":500,"height":162,"caption":"BIKI Smart Toilet"},"image":{"@id":"https:\/\/bikibath.com\/#\/schema\/logo\/image\/"}}]}},"_links":{"self":[{"href":"https:\/\/bikibath.com\/de\/wp-json\/wp\/v2\/product\/3092","targetHints":{"allow":["GET"]}}],"collection":[{"href":"https:\/\/bikibath.com\/de\/wp-json\/wp\/v2\/product"}],"about":[{"href":"https:\/\/bikibath.com\/de\/wp-json\/wp\/v2\/types\/product"}],"replies":[{"embeddable":true,"href":"https:\/\/bikibath.com\/de\/wp-json\/wp\/v2\/comments?post=3092"}],"wp:featuredmedia":[{"embeddable":true,"href":"https:\/\/bikibath.com\/de\/wp-json\/wp\/v2\/media\/3093"}],"wp:attachment":[{"href":"https:\/\/bikibath.com\/de\/wp-json\/wp\/v2\/media?parent=3092"}],"wp:term":[{"taxonomy":"product_brand","embeddable":true,"href":"https:\/\/bikibath.com\/de\/wp-json\/wp\/v2\/product_brand?post=3092"},{"taxonomy":"product_cat","embeddable":true,"href":"https:\/\/bikibath.com\/de\/wp-json\/wp\/v2\/product_cat?post=3092"},{"taxonomy":"product_tag","embeddable":true,"href":"https:\/\/bikibath.com\/de\/wp-json\/wp\/v2\/product_tag?post=3092"}],"curies":[{"name":"wp","href":"https:\/\/api.w.org\/{rel}","templated":true}]}}