{"id":3072,"date":"2025-11-04T03:05:55","date_gmt":"2025-11-04T03:05:55","guid":{"rendered":"https:\/\/bikibath.com\/?post_type=product&#038;p=3072"},"modified":"2026-01-07T03:04:30","modified_gmt":"2026-01-07T03:04:30","slug":"intelligente-toilette-mit-automatischer-deckelspulung","status":"publish","type":"product","link":"https:\/\/bikibath.com\/de\/produkt\/intelligente-toilette-mit-automatischer-deckelspulung\/","title":{"rendered":"BIKI E80 Elektrische Contral-Toilette ohne Tank mit Bidet - Automatisches \u00d6ffnen\/Schlie\u00dfen des Deckels und Sp\u00fclung (WaterMark\/CE\/UL Zertifizierung)"},"content":{"rendered":"<p><img fetchpriority=\"high\" decoding=\"async\" class=\"alignnone size-full wp-image-3118 aligncenter\" src=\"https:\/\/bikibath.com\/wp-content\/uploads\/2025\/11\/E80-Function.jpg\" alt=\"Smart WC Deckel automatisch \u00f6ffnen schlie\u00dfen\" width=\"1300\" height=\"2560\" \/><\/p>\n<div style=\"display: none;\">\n<h1 class=\"header-iWP5WJ auto-hide-last-sibling-br\">Erweitern Sie Ihr Badezimmer mit BIKI Smart Toilet: Luxus, Hygiene und Wassereffizienz bei jeder Benutzung<\/h1>\n<div class=\"auto-hide-last-sibling-br paragraph-pP9ZLC paragraph-element br-paragraph-space\">Sind Sie bereit, Ihre t\u00e4gliche Badezimmerroutine in ein luxuri\u00f6ses und hygienisches Erlebnis zu verwandeln? Die BIKI Smart Toilette ist das ultimative Upgrade - mit elektrisch beheizbarem Sitz, automatischem Deckel und fortschrittlicher Sp\u00fcltechnologie, und das alles bei einer Wassereffizienz, die sowohl Ihre Stromrechnungen als auch den Planeten schont. Entdecken Sie, warum diese Toilette ein Muss f\u00fcr moderne Haushalte ist, und kontaktieren Sie uns jetzt, um diese Mischung aus Komfort und Zweckm\u00e4\u00dfigkeit in Ihren Raum zu bringen.<\/div>\n<h2 class=\"header-iWP5WJ auto-hide-last-sibling-br\">Elektrisch beheizter Sitz: Komfort nach Ma\u00df, keine K\u00e4lteschocks<\/h2>\n<div class=\"auto-hide-last-sibling-br paragraph-pP9ZLC paragraph-element br-paragraph-space\">Verabschieden Sie sich von unangenehm kalten Toilettensitzen, selbst an den k\u00e4ltesten Morgen. Die BIKI Smart Toilette verf\u00fcgt \u00fcber eine\u00a0<strong>elektrische Sitzheizung<\/strong>\u00a0mit einstellbarer Temperatur (32-38 \u00b0C), mit der Sie die W\u00e4rme ganz nach Ihren W\u00fcnschen einstellen k\u00f6nnen. Kein Vorheizen oder Warten - nur sofortiger, gleichm\u00e4\u00dfiger Komfort bei jeder Benutzung. Das energieeffiziente Design schaltet sich bei Nichtgebrauch automatisch ab, so dass Sie gem\u00fctliche Momente genie\u00dfen k\u00f6nnen, ohne sich Gedanken \u00fcber Energieverschwendung zu machen. Ein kleiner Luxus, der f\u00fcr Familien, \u00e4ltere Menschen und alle, die Wert auf t\u00e4glichen Komfort legen, einen gro\u00dfen Unterschied macht.<\/div>\n<h2 class=\"header-iWP5WJ auto-hide-last-sibling-br\">Auto-Deckel: Freih\u00e4ndiger Komfort und Hygiene<\/h2>\n<div class=\"auto-hide-last-sibling-br paragraph-pP9ZLC paragraph-element br-paragraph-space\">Hygiene und Komfort gehen Hand in Hand mit der BIKI Smart Toilet\u00a0<strong>Autodeckel<\/strong>\u00a0Funktion. Der Deckel \u00f6ffnet sich automatisch, wenn Sie sich n\u00e4hern, und schlie\u00dft sich sanft, wenn Sie weggehen - kein Ber\u00fchren von schmutzigen Oberfl\u00e4chen, kein Vergessen, den Deckel zu schlie\u00dfen. F\u00fcr zus\u00e4tzlichen Komfort sind viele Modelle mit einem Fu\u00dfsensor ausgestattet, der eine ber\u00fchrungslose Bedienung erm\u00f6glicht (perfekt, wenn Sie die H\u00e4nde voll haben). Dieses ber\u00fchrungslose Design minimiert die Verbreitung von Keimen und h\u00e4lt Ihr Badezimmer sauberer und hygienischer f\u00fcr die ganze Familie und G\u00e4ste. Das ist neu definierter Komfort, der die t\u00e4gliche Nutzung reibungsloser und hygienischer macht.<\/div>\n<h2 class=\"header-iWP5WJ auto-hide-last-sibling-br\">Fortschrittliche Sp\u00fcltechnik: Kraft, Ger\u00e4uscharmut und Wassereffizienz<\/h2>\n<div class=\"auto-hide-last-sibling-br paragraph-pP9ZLC paragraph-element br-paragraph-space\">Das Sp\u00fclsystem der BIKI Smart Toilet wurde entwickelt, um zu beeindrucken: Es ist leistungsstark genug, um den Abfall gr\u00fcndlich zu beseitigen, leise genug, um Ihr Zuhause nicht zu st\u00f6ren, und effizient genug, um Wasser zu sparen. Die fortschrittliche Wirbel- oder Siphonstrahltechnologie sorgt f\u00fcr eine starke, verstopfungsfreie Sp\u00fclung bei einem Betriebsger\u00e4usch von nur 30-40 Dezibel (leiser als eine Unterhaltung). Sie verbraucht nur 1,28 GPF (4,8 Liter) pro Sp\u00fclung - deutlich weniger als herk\u00f6mmliche Toiletten - und senkt so den Wasserverbrauch um bis zu 60%, ohne dabei an Leistung einzub\u00fc\u00dfen. Genie\u00dfen Sie die Gewissheit, dass Sie sich f\u00fcr eine Armatur entscheiden, die sowohl leistungsstark als auch umweltfreundlich ist.<\/div>\n<h2 class=\"header-iWP5WJ auto-hide-last-sibling-br\">Luxus, Hygiene und Wassereffizienz - alles in Einem<\/h2>\n<div class=\"auto-hide-last-sibling-br paragraph-pP9ZLC paragraph-element br-paragraph-space\">Die BIKI Smart Toilet ist nicht einfach nur eine Toilette - sie ist ein ganzheitliches Upgrade, das alle Kriterien erf\u00fcllt:<\/div>\n<ul class=\"auto-hide-last-sibling-br\">\n<li><strong>Luxus<\/strong>: Die beheizte Sitzfl\u00e4che und die automatische Klappe bringen einen Hauch von Wellness in Ihren Alltag.<\/li>\n<li><strong>Hygiene<\/strong>: Die ber\u00fchrungslose Bedienung und die leistungsstarke Sp\u00fclung reduzieren die Keimbildung und sorgen f\u00fcr mehr Frische im Bad.<\/li>\n<li><strong>Wasser-Effizienz<\/strong>: Die Technologie der Sp\u00fclung mit niedrigem Durchfluss spart Wasser, ohne die Leistung zu beeintr\u00e4chtigen.<\/li>\n<li><strong>Dauerhaftigkeit<\/strong>: Hochwertige Materialien und strenge Tests sorgen f\u00fcr eine lang anhaltende Leistung \u00fcber Jahre hinweg.<\/li>\n<li><strong>Schlankes Design<\/strong>: Sein modernes, stromlinienf\u00f6rmiges Profil passt zu jeder Badeinrichtung, von minimalistisch bis zeitgen\u00f6ssisch.<\/li>\n<\/ul>\n<h2 class=\"header-iWP5WJ auto-hide-last-sibling-br\">Bereit f\u00fcr ein Upgrade? Kontaktieren Sie uns jetzt<\/h2>\n<div class=\"auto-hide-last-sibling-br paragraph-pP9ZLC paragraph-element br-paragraph-space\">Geben Sie sich nicht mit einer veralteten, unbequemen Toilette zufrieden. Die BIKI Smart Toilette vereint das Beste aus Luxus, Hygiene und Effizienz und verwandelt gew\u00f6hnliche Badezimmermomente in etwas Au\u00dfergew\u00f6hnliches. Ganz gleich, ob Sie Ihren Raum umgestalten oder eine alte Armatur ersetzen, diese intelligente Toilette ist die perfekte Mischung aus Form und Funktion.<\/div>\n<div class=\"auto-hide-last-sibling-br paragraph-pP9ZLC paragraph-element br-paragraph-space\">Kontaktieren Sie uns jetzt, um mehr \u00fcber Preise, Installationsdetails und Anpassungsm\u00f6glichkeiten zu erfahren. Unser Team ist bereit, Ihnen dabei zu helfen, den Komfort und die Bequemlichkeit der BIKI Smart Toilet in Ihr Zuhause zu bringen - Ihr Badezimmer (und Ihr Alltag) werden es Ihnen danken!<\/div>\n<div><\/div>\n<\/div>","protected":false},"excerpt":{"rendered":"<div class=\"pro_desc\">\n<table cellspacing=\"0\" cellpadding=\"0\">\n<tbody>\n<tr>\n<td>Modell Nr.:<\/td>\n<td>E80<\/td>\n<\/tr>\n<tr>\n<td>Struktur<\/td>\n<td>Bodenaufstellung<\/td>\n<\/tr>\n<tr>\n<td>Gr\u00f6\u00dfe\uff1a<\/td>\n<td>590*380*480mm<\/td>\n<\/tr>\n<tr>\n<td>Sp\u00fclsystem\uff1a<\/td>\n<td>Siphonstrahl<\/td>\n<\/tr>\n<tr>\n<td>Heizverfahren\uff1a<\/td>\n<td>Sofortige Heizung<\/td>\n<\/tr>\n<tr>\n<td>MOQ\uff1a<\/td>\n<td>1 S\u00e4tze<\/td>\n<\/tr>\n<tr>\n<td>Lieferzeit\uff1a<\/td>\n<td>7-15 Tage<\/td>\n<\/tr>\n<\/tbody>\n<\/table>\n<\/div>","protected":false},"featured_media":3077,"comment_status":"open","ping_status":"closed","template":"","meta":{"_acf_changed":false},"product_brand":[],"product_cat":[28],"product_tag":[],"class_list":{"0":"post-3072","1":"product","2":"type-product","3":"status-publish","4":"has-post-thumbnail","6":"product_cat-smart-toilet","8":"first","9":"instock","10":"shipping-taxable","11":"product-type-simple"},"acf":[],"yoast_head":"<!-- This site is optimized with the Yoast SEO Premium plugin v23.6 (Yoast SEO v26.3) - https:\/\/yoast.com\/wordpress\/plugins\/seo\/ -->\n<title>Electric Contral Toilet with Bidet - Auto Lid Open - BIKI Smart Toilet<\/title>\n<meta name=\"description\" content=\"Upgrade your bathroom with BIKI smart toilet. electric heated seat, auto lid,flush technology. Electric toilet auto lid open close\" \/>\n<meta name=\"robots\" content=\"index, follow, max-snippet:-1, max-image-preview:large, max-video-preview:-1\" \/>\n<link rel=\"canonical\" href=\"https:\/\/bikibath.com\/de\/produkt\/intelligente-toilette-mit-automatischer-deckelspulung\/\" \/>\n<meta property=\"og:locale\" content=\"de_DE\" \/>\n<meta property=\"og:type\" content=\"article\" \/>\n<meta property=\"og:title\" content=\"BIKI E80 Electric Contral Toilet without Tank\u200b with Bidet - Auto Lid Open\/Close &amp; Flush (WaterMark\/CE\/UL Certification)\" \/>\n<meta property=\"og:description\" content=\"Upgrade your bathroom with BIKI smart toilet. electric heated seat, auto lid,flush technology. Electric toilet auto lid open close\" \/>\n<meta property=\"og:url\" content=\"https:\/\/bikibath.com\/de\/produkt\/intelligente-toilette-mit-automatischer-deckelspulung\/\" \/>\n<meta property=\"og:site_name\" content=\"BIKI Smart Toilet\" \/>\n<meta property=\"article:modified_time\" content=\"2026-01-07T03:04:30+00:00\" \/>\n<meta property=\"og:image\" content=\"https:\/\/bikibath.com\/wp-content\/uploads\/2025\/11\/E80.png\" \/>\n\t<meta property=\"og:image:width\" content=\"1000\" \/>\n\t<meta property=\"og:image:height\" content=\"1000\" \/>\n\t<meta property=\"og:image:type\" content=\"image\/png\" \/>\n<meta name=\"twitter:card\" content=\"summary_large_image\" \/>\n<meta name=\"twitter:label1\" content=\"Gesch\u00e4tzte Lesezeit\" \/>\n\t<meta name=\"twitter:data1\" content=\"3\u00a0Minuten\" \/>\n<script type=\"application\/ld+json\" class=\"yoast-schema-graph\">{\"@context\":\"https:\/\/schema.org\",\"@graph\":[{\"@type\":\"WebPage\",\"@id\":\"https:\/\/bikibath.com\/product\/auto-lid-flush-smart-toilet\/\",\"url\":\"https:\/\/bikibath.com\/product\/auto-lid-flush-smart-toilet\/\",\"name\":\"Electric Contral Toilet with Bidet - Auto Lid Open - BIKI Smart Toilet\",\"isPartOf\":{\"@id\":\"https:\/\/bikibath.com\/#website\"},\"primaryImageOfPage\":{\"@id\":\"https:\/\/bikibath.com\/product\/auto-lid-flush-smart-toilet\/#primaryimage\"},\"image\":{\"@id\":\"https:\/\/bikibath.com\/product\/auto-lid-flush-smart-toilet\/#primaryimage\"},\"thumbnailUrl\":\"https:\/\/bikibath.com\/wp-content\/uploads\/2025\/11\/E80.png\",\"datePublished\":\"2025-11-04T03:05:55+00:00\",\"dateModified\":\"2026-01-07T03:04:30+00:00\",\"description\":\"Upgrade your bathroom with BIKI smart toilet. electric heated seat, auto lid,flush technology. Electric toilet auto lid open close\",\"breadcrumb\":{\"@id\":\"https:\/\/bikibath.com\/product\/auto-lid-flush-smart-toilet\/#breadcrumb\"},\"inLanguage\":\"de\",\"potentialAction\":[{\"@type\":\"ReadAction\",\"target\":[\"https:\/\/bikibath.com\/product\/auto-lid-flush-smart-toilet\/\"]}]},{\"@type\":\"ImageObject\",\"inLanguage\":\"de\",\"@id\":\"https:\/\/bikibath.com\/product\/auto-lid-flush-smart-toilet\/#primaryimage\",\"url\":\"https:\/\/bikibath.com\/wp-content\/uploads\/2025\/11\/E80.png\",\"contentUrl\":\"https:\/\/bikibath.com\/wp-content\/uploads\/2025\/11\/E80.png\",\"width\":1000,\"height\":1000},{\"@type\":\"BreadcrumbList\",\"@id\":\"https:\/\/bikibath.com\/product\/auto-lid-flush-smart-toilet\/#breadcrumb\",\"itemListElement\":[{\"@type\":\"ListItem\",\"position\":1,\"name\":\"Home\",\"item\":\"https:\/\/bikibath.com\/\"},{\"@type\":\"ListItem\",\"position\":2,\"name\":\"Product\",\"item\":\"https:\/\/bikibath.com\/product\/\"},{\"@type\":\"ListItem\",\"position\":3,\"name\":\"BIKI E80 Electric Contral Toilet without Tank\u200b with Bidet &#8211; Auto Lid Open\/Close &#038; Flush (WaterMark\/CE\/UL Certification)\"}]},{\"@type\":\"WebSite\",\"@id\":\"https:\/\/bikibath.com\/#website\",\"url\":\"https:\/\/bikibath.com\/\",\"name\":\"BIKI Smart Toilet\",\"description\":\"Elevate Every Daily Comfort\",\"publisher\":{\"@id\":\"https:\/\/bikibath.com\/#organization\"},\"potentialAction\":[{\"@type\":\"SearchAction\",\"target\":{\"@type\":\"EntryPoint\",\"urlTemplate\":\"https:\/\/bikibath.com\/?s={search_term_string}\"},\"query-input\":{\"@type\":\"PropertyValueSpecification\",\"valueRequired\":true,\"valueName\":\"search_term_string\"}}],\"inLanguage\":\"de\"},{\"@type\":\"Organization\",\"@id\":\"https:\/\/bikibath.com\/#organization\",\"name\":\"BIKI Smart Toilet\",\"url\":\"https:\/\/bikibath.com\/\",\"logo\":{\"@type\":\"ImageObject\",\"inLanguage\":\"de\",\"@id\":\"https:\/\/bikibath.com\/#\/schema\/logo\/image\/\",\"url\":\"https:\/\/bikibath.com\/wp-content\/uploads\/2025\/10\/biki.png\",\"contentUrl\":\"https:\/\/bikibath.com\/wp-content\/uploads\/2025\/10\/biki.png\",\"width\":500,\"height\":162,\"caption\":\"BIKI Smart Toilet\"},\"image\":{\"@id\":\"https:\/\/bikibath.com\/#\/schema\/logo\/image\/\"}}]}<\/script>\n<!-- \/ Yoast SEO Premium plugin. -->","yoast_head_json":{"title":"Elektrische Contral-Toilette mit Bidet - automatisches \u00d6ffnen des Deckels - BIKI Smart Toilet","description":"Aktualisieren Sie Ihr Badezimmer mit der intelligenten Toilette von BIKI. Elektrisch beheizter Sitz, automatischer Deckel, Sp\u00fclungstechnologie. Elektrische Toilette Auto Deckel \u00f6ffnen schlie\u00dfen","robots":{"index":"index","follow":"follow","max-snippet":"max-snippet:-1","max-image-preview":"max-image-preview:large","max-video-preview":"max-video-preview:-1"},"canonical":"https:\/\/bikibath.com\/de\/produkt\/intelligente-toilette-mit-automatischer-deckelspulung\/","og_locale":"de_DE","og_type":"article","og_title":"BIKI E80 Electric Contral Toilet without Tank\u200b with Bidet - Auto Lid Open\/Close & Flush (WaterMark\/CE\/UL Certification)","og_description":"Upgrade your bathroom with BIKI smart toilet. electric heated seat, auto lid,flush technology. Electric toilet auto lid open close","og_url":"https:\/\/bikibath.com\/de\/produkt\/intelligente-toilette-mit-automatischer-deckelspulung\/","og_site_name":"BIKI Smart Toilet","article_modified_time":"2026-01-07T03:04:30+00:00","og_image":[{"width":1000,"height":1000,"url":"https:\/\/bikibath.com\/wp-content\/uploads\/2025\/11\/E80.png","type":"image\/png"}],"twitter_card":"summary_large_image","twitter_misc":{"Gesch\u00e4tzte Lesezeit":"3\u00a0Minuten"},"schema":{"@context":"https:\/\/schema.org","@graph":[{"@type":"WebPage","@id":"https:\/\/bikibath.com\/product\/auto-lid-flush-smart-toilet\/","url":"https:\/\/bikibath.com\/product\/auto-lid-flush-smart-toilet\/","name":"Elektrische Contral-Toilette mit Bidet - automatisches \u00d6ffnen des Deckels - BIKI Smart Toilet","isPartOf":{"@id":"https:\/\/bikibath.com\/#website"},"primaryImageOfPage":{"@id":"https:\/\/bikibath.com\/product\/auto-lid-flush-smart-toilet\/#primaryimage"},"image":{"@id":"https:\/\/bikibath.com\/product\/auto-lid-flush-smart-toilet\/#primaryimage"},"thumbnailUrl":"https:\/\/bikibath.com\/wp-content\/uploads\/2025\/11\/E80.png","datePublished":"2025-11-04T03:05:55+00:00","dateModified":"2026-01-07T03:04:30+00:00","description":"Aktualisieren Sie Ihr Badezimmer mit der intelligenten Toilette von BIKI. Elektrisch beheizter Sitz, automatischer Deckel, Sp\u00fclungstechnologie. Elektrische Toilette Auto Deckel \u00f6ffnen schlie\u00dfen","breadcrumb":{"@id":"https:\/\/bikibath.com\/product\/auto-lid-flush-smart-toilet\/#breadcrumb"},"inLanguage":"de","potentialAction":[{"@type":"ReadAction","target":["https:\/\/bikibath.com\/product\/auto-lid-flush-smart-toilet\/"]}]},{"@type":"ImageObject","inLanguage":"de","@id":"https:\/\/bikibath.com\/product\/auto-lid-flush-smart-toilet\/#primaryimage","url":"https:\/\/bikibath.com\/wp-content\/uploads\/2025\/11\/E80.png","contentUrl":"https:\/\/bikibath.com\/wp-content\/uploads\/2025\/11\/E80.png","width":1000,"height":1000},{"@type":"BreadcrumbList","@id":"https:\/\/bikibath.com\/product\/auto-lid-flush-smart-toilet\/#breadcrumb","itemListElement":[{"@type":"ListItem","position":1,"name":"Home","item":"https:\/\/bikibath.com\/"},{"@type":"ListItem","position":2,"name":"Product","item":"https:\/\/bikibath.com\/product\/"},{"@type":"ListItem","position":3,"name":"BIKI E80 Electric Contral Toilet without Tank\u200b with Bidet &#8211; Auto Lid Open\/Close &#038; Flush (WaterMark\/CE\/UL Certification)"}]},{"@type":"WebSite","@id":"https:\/\/bikibath.com\/#website","url":"https:\/\/bikibath.com\/","name":"BIKI Intelligente Toilette","description":"Erh\u00f6hen Sie jeden t\u00e4glichen Komfort","publisher":{"@id":"https:\/\/bikibath.com\/#organization"},"potentialAction":[{"@type":"SearchAction","target":{"@type":"EntryPoint","urlTemplate":"https:\/\/bikibath.com\/?s={search_term_string}"},"query-input":{"@type":"PropertyValueSpecification","valueRequired":true,"valueName":"search_term_string"}}],"inLanguage":"de"},{"@type":"Organization","@id":"https:\/\/bikibath.com\/#organization","name":"BIKI Intelligente Toilette","url":"https:\/\/bikibath.com\/","logo":{"@type":"ImageObject","inLanguage":"de","@id":"https:\/\/bikibath.com\/#\/schema\/logo\/image\/","url":"https:\/\/bikibath.com\/wp-content\/uploads\/2025\/10\/biki.png","contentUrl":"https:\/\/bikibath.com\/wp-content\/uploads\/2025\/10\/biki.png","width":500,"height":162,"caption":"BIKI Smart Toilet"},"image":{"@id":"https:\/\/bikibath.com\/#\/schema\/logo\/image\/"}}]}},"_links":{"self":[{"href":"https:\/\/bikibath.com\/de\/wp-json\/wp\/v2\/product\/3072","targetHints":{"allow":["GET"]}}],"collection":[{"href":"https:\/\/bikibath.com\/de\/wp-json\/wp\/v2\/product"}],"about":[{"href":"https:\/\/bikibath.com\/de\/wp-json\/wp\/v2\/types\/product"}],"replies":[{"embeddable":true,"href":"https:\/\/bikibath.com\/de\/wp-json\/wp\/v2\/comments?post=3072"}],"wp:featuredmedia":[{"embeddable":true,"href":"https:\/\/bikibath.com\/de\/wp-json\/wp\/v2\/media\/3077"}],"wp:attachment":[{"href":"https:\/\/bikibath.com\/de\/wp-json\/wp\/v2\/media?parent=3072"}],"wp:term":[{"taxonomy":"product_brand","embeddable":true,"href":"https:\/\/bikibath.com\/de\/wp-json\/wp\/v2\/product_brand?post=3072"},{"taxonomy":"product_cat","embeddable":true,"href":"https:\/\/bikibath.com\/de\/wp-json\/wp\/v2\/product_cat?post=3072"},{"taxonomy":"product_tag","embeddable":true,"href":"https:\/\/bikibath.com\/de\/wp-json\/wp\/v2\/product_tag?post=3072"}],"curies":[{"name":"wp","href":"https:\/\/api.w.org\/{rel}","templated":true}]}}