{"id":2860,"date":"2025-10-31T08:00:06","date_gmt":"2025-10-31T08:00:06","guid":{"rendered":"https:\/\/bikibath.com\/?post_type=product&#038;p=2860"},"modified":"2026-01-07T03:09:11","modified_gmt":"2026-01-07T03:09:11","slug":"wandhangende-intelligente-toilette-leise-spulung-app-steuerung-europaische-amerikanische-zertifizierungen-ce-cupc-flexible-installation-einfache-wartung","status":"publish","type":"product","link":"https:\/\/bikibath.com\/de\/produkt\/wandhangende-intelligente-toilette-leise-spulung-app-steuerung-europaische-amerikanische-zertifizierungen-ce-cupc-flexible-installation-einfache-wartung\/","title":{"rendered":"Auto-Flush-Toiletten Leise Sp\u00fclung &amp; APP-Steuerung, vollst\u00e4ndige europ\u00e4ische und amerikanische Zertifizierungen (CE\/CUPC), flexible Installation &amp; einfache Wartung"},"content":{"rendered":"<p><img decoding=\"async\" class=\"size-full wp-image-2250 aligncenter\" src=\"https:\/\/bikibath.com\/wp-content\/uploads\/2025\/10\/data.png\" alt=\"Einzelheiten\" width=\"1300\" \/><\/p>\n<div style=\"display: none;\">\n<h1 class=\"header-iWP5WJ auto-hide-last-sibling-br\">R\u00fcsten Sie auf eine intelligente Toilette mit automatischer Sp\u00fclung, leiser Sp\u00fclung und APP-Steuerung auf: Luxus trifft Bequemlichkeit<\/h1>\n<div class=\"auto-hide-last-sibling-br paragraph-pP9ZLC paragraph-element br-paragraph-space\">Erweitern Sie Ihr Badezimmer mit einer intelligenten Toilette, die drei bahnbrechende Funktionen vereint: automatische Sp\u00fclung, leise Sp\u00fclung und APP-Steuerung. Diese moderne Armatur definiert die t\u00e4gliche Hygiene neu - mit Fernsteuerung, fl\u00fcsterleisem Betrieb und freih\u00e4ndiger Bedienung - und macht Routineg\u00e4nge zu einem luxuri\u00f6sen Erlebnis. Das Beste daran ist, dass diese intelligenten Vorteile verschiedene Designs umfassen, von wandh\u00e4ngenden Modellen bis hin zu eleganten schwarzen Armaturen, so dass es f\u00fcr jedes Zuhause eine perfekte L\u00f6sung gibt.<\/div>\n<h2 class=\"header-iWP5WJ auto-hide-last-sibling-br\">Der dreifache Vorteil: Automatische Sp\u00fclung, leise Sp\u00fclung und APP-Steuerung<\/h2>\n<div class=\"auto-hide-last-sibling-br paragraph-pP9ZLC paragraph-element br-paragraph-space\">Das Herzst\u00fcck dieses intelligenten Toiletten-Upgrades ist ein Trio von Funktionen, die h\u00e4ufige Frustrationen im Badezimmer beseitigen. Die Toiletten mit automatischer Sp\u00fclung machen die manuelle Sp\u00fclung komplett \u00fcberfl\u00fcssig - Sensoren erkennen die Benutzung und l\u00f6sen automatisch eine leistungsstarke, wassersparende Sp\u00fclung aus. Dieses ber\u00fchrungslose Design reduziert die Verbreitung von Keimen und sorgt daf\u00fcr, dass Sie nie vergessen zu sp\u00fclen.<\/div>\n<div class=\"auto-hide-last-sibling-br paragraph-pP9ZLC paragraph-element br-paragraph-space\">Die automatische Sp\u00fclung ist mit einer ger\u00e4uscharmen Sp\u00fclungstechnologie kombiniert. Keine lauten, st\u00f6renden Sp\u00fclungen mehr - diese Toiletten arbeiten fl\u00fcsterleise und sind damit ideal f\u00fcr n\u00e4chtliche Ausfl\u00fcge oder Wohngemeinschaften. Die leise Leistung geht jedoch nicht auf Kosten der Leistung, sondern erm\u00f6glicht weiterhin eine gr\u00fcndliche Sp\u00fclung ohne Ger\u00e4uschentwicklung.<\/div>\n<div class=\"auto-hide-last-sibling-br paragraph-pP9ZLC paragraph-element br-paragraph-space\">Die APP-Steuerung bietet noch mehr Komfort. Verbinden Sie Ihre intelligente Toilette mit Ihrem Smartphone, um Einstellungen aus der Ferne vorzunehmen - von der Sp\u00fclst\u00e4rke \u00fcber die Bidet-Funktionen bis hin zur Sitzheizung. Sie k\u00f6nnen sogar den Wasserverbrauch \u00fcberwachen oder kleinere Probleme beheben - und das alles von Ihrer Handfl\u00e4che aus.<\/div>\n<h2 class=\"header-iWP5WJ auto-hide-last-sibling-br\">Vielf\u00e4ltige Designs: Intelligente Toiletten f\u00fcr jeden Stil und Raum<\/h2>\n<div class=\"auto-hide-last-sibling-br paragraph-pP9ZLC paragraph-element br-paragraph-space\">Diese erstklassigen Funktionen sind nicht auf eine bestimmte Art von Toilette beschr\u00e4nkt - sie sind in einer Reihe von beliebten Designs erh\u00e4ltlich, die alle ihre eigenen Vorteile haben.<\/div>\n<h3 class=\"header-iWP5WJ auto-hide-last-sibling-br\">Wandh\u00e4ngende intelligente Toilette<\/h3>\n<div class=\"auto-hide-last-sibling-br paragraph-pP9ZLC paragraph-element br-paragraph-space\">Eine wandh\u00e4ngende, intelligente Toilette spart wertvollen Platz auf dem Boden und verleiht Ihrem Badezimmer einen eleganten, schwebenden Look. Sie ist leicht zu reinigen und f\u00fcgt sich nahtlos in eine minimalistische Einrichtung ein. Ausgestattet mit automatischer Sp\u00fclung, leiser Sp\u00fclung und APP-Steuerung ist sie ebenso funktional wie elegant.<\/div>\n<h3 class=\"header-iWP5WJ auto-hide-last-sibling-br\">Tanklose Toiletten &amp; tanklose Bidet-Toiletten<\/h3>\n<div class=\"auto-hide-last-sibling-br paragraph-pP9ZLC paragraph-element br-paragraph-space\">Tanklose Toiletten ersetzen den sperrigen Tank durch ein kompaktes, modernes Design. Sie passen perfekt in kleine B\u00e4der oder Nasszellen und verbrauchen weniger Wasser als herk\u00f6mmliche Modelle. F\u00fcr mehr Hygiene entscheiden Sie sich f\u00fcr eine tanklose Bidet-Toilette, die die Effizienz einer tanklosen Toilette mit Bidet-Reinigungsfunktionen, automatischer Sp\u00fclung, leiser Sp\u00fclung und APP-Steuerung kombiniert.<\/div>\n<h3 class=\"header-iWP5WJ auto-hide-last-sibling-br\">Schwarze Smart-Toilette<\/h3>\n<div class=\"auto-hide-last-sibling-br paragraph-pP9ZLC paragraph-element br-paragraph-space\">Setzen Sie ein markantes Zeichen mit einer schwarzen Smart-Toilette. Diese moderne Armatur hebt sich von wei\u00dfen Fliesen oder dunklen Waschtischen ab und verleiht jedem Badezimmer einen Hauch von Raffinesse. Sie ist mit allen wichtigen Funktionen ausgestattet: automatische Sp\u00fclung, leise Sp\u00fclung, APP-Steuerung und oft auch eine Sitzheizung f\u00fcr ganzj\u00e4hrigen Komfort.<\/div>\n<h3 class=\"header-iWP5WJ auto-hide-last-sibling-br\">Ferngesteuerte Toilette<\/h3>\n<div class=\"auto-hide-last-sibling-br paragraph-pP9ZLC paragraph-element br-paragraph-space\">F\u00fcr diejenigen, die physische Bedienelemente bevorzugen, ist eine Toilette mit Fernbedienung eine ausgezeichnete Wahl. Sie umfasst eine Handfernbedienung, mit der Sie die Sp\u00fclung, die Bidetbrausen und die Temperatur des beheizten Sitzes einstellen k\u00f6nnen - eine Telefon-App ist nicht erforderlich. Viele Modelle bieten auch eine APP-Steuerung an, so dass Sie das Beste aus beiden Welten haben.<\/div>\n<h3 class=\"header-iWP5WJ auto-hide-last-sibling-br\">Toilette mit beheiztem Sitz<\/h3>\n<div class=\"auto-hide-last-sibling-br paragraph-pP9ZLC paragraph-element br-paragraph-space\">Eine Toilette mit beheiztem Sitz ist ein Muss f\u00fcr den Komfort, und sie l\u00e4sst sich nahtlos mit den intelligenten Funktionen dieser Toiletten kombinieren. Stellen Sie die W\u00e4rme \u00fcber die APP oder die Fernbedienung ein und verabschieden Sie sich von der kalten Keramik an k\u00fchlen Morgen. Es ist ein kleines Detail, das einen gro\u00dfen Unterschied im t\u00e4glichen Komfort macht.<\/div>\n<h2 class=\"header-iWP5WJ auto-hide-last-sibling-br\">Warum es sich lohnt, diese intelligente Toilette aufzur\u00fcsten<\/h2>\n<div class=\"auto-hide-last-sibling-br paragraph-pP9ZLC paragraph-element br-paragraph-space\">Diese intelligenten Toiletten bieten nicht nur Komfort und Stil, sondern auch einen langfristigen Nutzen. Automatische Sp\u00fclung und tanklose Designs sparen Wasser und senken Ihre Stromrechnung. Die ger\u00e4uscharme Sp\u00fclung sorgt f\u00fcr mehr Ruhe zu Hause, w\u00e4hrend ber\u00fchrungslose und Bidet-Funktionen die Hygiene verbessern. Die APP-Steuerung sorgt f\u00fcr mehr Flexibilit\u00e4t, da Sie die Toilette an Ihre Bed\u00fcrfnisse anpassen k\u00f6nnen.<\/div>\n<div class=\"auto-hide-last-sibling-br paragraph-pP9ZLC paragraph-element br-paragraph-space\">Egal, ob Sie renovieren oder nur eine einzelne Armatur nachr\u00fcsten, eine intelligente Toilette mit automatischer Sp\u00fclung, leiser Sp\u00fclung und APP-Steuerung ist eine Investition in Komfort und Funktionalit\u00e4t. Mit Optionen wie wandh\u00e4ngenden intelligenten Toiletten, schwarzen intelligenten Toiletten und tanklosen Bidet-Toiletten k\u00f6nnen Sie ein Modell finden, das zu Ihrem Raum und Stil passt - und gleichzeitig den Luxus moderner intelligenter Technologie genie\u00dfen.<\/div>\n<h2 class=\"header-iWP5WJ auto-hide-last-sibling-br\">Schlussfolgerung<\/h2>\n<div class=\"auto-hide-last-sibling-br paragraph-pP9ZLC paragraph-element br-paragraph-space\">R\u00fcsten Sie Ihr Badezimmer mit einer intelligenten Toilette auf, die Komfort, Leistung und Stil bietet. Die automatische Sp\u00fclung, die leise Sp\u00fclung und die APP-Steuerung sorgen f\u00fcr ein problemloses und hygienisches Erlebnis. W\u00e4hlen Sie aus verschiedenen Designs - wandh\u00e4ngend, tanklos, schwarz oder ferngesteuert - die alle mit einem beheizten Sitz und anderen hochwertigen Funktionen ausgestattet sind. Dies ist nicht nur ein Upgrade der Toilette, sondern eine Umgestaltung Ihrer t\u00e4glichen Routine, die Luxus und intelligentes Leben in einen der am h\u00e4ufigsten genutzten R\u00e4ume in Ihrem Zuhause bringt.<\/div>\n<div><\/div>\n<\/div>","protected":false},"excerpt":{"rendered":"<div class=\"pro_desc\">\n<table cellspacing=\"0\" cellpadding=\"0\">\n<tbody>\n<tr>\n<td>Modell Nr.:<\/td>\n<td>E40<\/td>\n<\/tr>\n<tr>\n<td>Sp\u00fclung Methode<\/td>\n<td>Jet-Siphon-Typ<\/td>\n<\/tr>\n<tr>\n<td>Gr\u00f6\u00dfe\uff1a<\/td>\n<td>684*462*407mm<\/td>\n<\/tr>\n<tr>\n<td>Sp\u00fclsystem\uff1a<\/td>\n<td>fu\u00dfb\u00fcndig, sitzb\u00fcndig<\/td>\n<\/tr>\n<tr>\n<td>Abdeckplatte langsamer Abstieg\uff1a<\/td>\n<td>Automatik-Klappdeckel<\/td>\n<\/tr>\n<tr>\n<td>MOQ\uff1a<\/td>\n<td>1 S\u00e4tze<\/td>\n<\/tr>\n<tr>\n<td>Lieferzeit\uff1a<\/td>\n<td>7-15 Tage<\/td>\n<\/tr>\n<\/tbody>\n<\/table>\n<\/div>","protected":false},"featured_media":3966,"comment_status":"open","ping_status":"closed","template":"","meta":{"_acf_changed":false},"product_brand":[],"product_cat":[28],"product_tag":[],"class_list":{"0":"post-2860","1":"product","2":"type-product","3":"status-publish","4":"has-post-thumbnail","6":"product_cat-smart-toilet","8":"first","9":"instock","10":"shipping-taxable","11":"product-type-simple"},"acf":[],"yoast_head":"<!-- This site is optimized with the Yoast SEO Premium plugin v23.6 (Yoast SEO v26.3) - https:\/\/yoast.com\/wordpress\/plugins\/seo\/ -->\n<title>Smart Toilet Auto Flush Toilets Quiet Flush &amp; APP Control - BIKI Smart Toilet<\/title>\n<meta name=\"description\" content=\"Smart Toilet Suto Flush Toilets Upgrade to a smart toilet with auto flush, quiet flush &amp; APP control: Experience remote operation.\" \/>\n<meta name=\"robots\" content=\"index, follow, max-snippet:-1, max-image-preview:large, max-video-preview:-1\" \/>\n<link rel=\"canonical\" href=\"https:\/\/bikibath.com\/de\/produkt\/wandhangende-intelligente-toilette-leise-spulung-app-steuerung-europaische-amerikanische-zertifizierungen-ce-cupc-flexible-installation-einfache-wartung\/\" \/>\n<meta property=\"og:locale\" content=\"de_DE\" \/>\n<meta property=\"og:type\" content=\"article\" \/>\n<meta property=\"og:title\" content=\"Auto Flush Toilets Quiet Flush &amp; APP Control, Rear Outlet, Full European &amp; American Certifications (CE\/CUPC), Flexible Installation &amp; Easy Maintenance\" \/>\n<meta property=\"og:description\" content=\"Smart Toilet Suto Flush Toilets Upgrade to a smart toilet with auto flush, quiet flush &amp; APP control: Experience remote operation.\" \/>\n<meta property=\"og:url\" content=\"https:\/\/bikibath.com\/de\/produkt\/wandhangende-intelligente-toilette-leise-spulung-app-steuerung-europaische-amerikanische-zertifizierungen-ce-cupc-flexible-installation-einfache-wartung\/\" \/>\n<meta property=\"og:site_name\" content=\"BIKI Smart Toilet\" \/>\n<meta property=\"article:modified_time\" content=\"2026-01-07T03:09:11+00:00\" \/>\n<meta property=\"og:image\" content=\"https:\/\/bikibath.com\/wp-content\/uploads\/2025\/10\/Smart-Toilet-Quiet-Flush-APP-Control.webp\" \/>\n\t<meta property=\"og:image:width\" content=\"1000\" \/>\n\t<meta property=\"og:image:height\" content=\"1000\" \/>\n\t<meta property=\"og:image:type\" content=\"image\/webp\" \/>\n<meta name=\"twitter:card\" content=\"summary_large_image\" \/>\n<meta name=\"twitter:label1\" content=\"Gesch\u00e4tzte Lesezeit\" \/>\n\t<meta name=\"twitter:data1\" content=\"4\u00a0Minuten\" \/>\n<script type=\"application\/ld+json\" class=\"yoast-schema-graph\">{\"@context\":\"https:\/\/schema.org\",\"@graph\":[{\"@type\":\"WebPage\",\"@id\":\"https:\/\/bikibath.com\/product\/wall-hung-smart-toilet-quiet-flush-app-control-full-european-american-certifications-ce-cupc-flexible-installation-easy-maintenance\/\",\"url\":\"https:\/\/bikibath.com\/product\/wall-hung-smart-toilet-quiet-flush-app-control-full-european-american-certifications-ce-cupc-flexible-installation-easy-maintenance\/\",\"name\":\"Smart Toilet Auto Flush Toilets Quiet Flush & APP Control - BIKI Smart Toilet\",\"isPartOf\":{\"@id\":\"https:\/\/bikibath.com\/#website\"},\"primaryImageOfPage\":{\"@id\":\"https:\/\/bikibath.com\/product\/wall-hung-smart-toilet-quiet-flush-app-control-full-european-american-certifications-ce-cupc-flexible-installation-easy-maintenance\/#primaryimage\"},\"image\":{\"@id\":\"https:\/\/bikibath.com\/product\/wall-hung-smart-toilet-quiet-flush-app-control-full-european-american-certifications-ce-cupc-flexible-installation-easy-maintenance\/#primaryimage\"},\"thumbnailUrl\":\"https:\/\/bikibath.com\/wp-content\/uploads\/2025\/10\/Smart-Toilet-Quiet-Flush-APP-Control.webp\",\"datePublished\":\"2025-10-31T08:00:06+00:00\",\"dateModified\":\"2026-01-07T03:09:11+00:00\",\"description\":\"Smart Toilet Suto Flush Toilets Upgrade to a smart toilet with auto flush, quiet flush & APP control: Experience remote operation.\",\"breadcrumb\":{\"@id\":\"https:\/\/bikibath.com\/product\/wall-hung-smart-toilet-quiet-flush-app-control-full-european-american-certifications-ce-cupc-flexible-installation-easy-maintenance\/#breadcrumb\"},\"inLanguage\":\"de\",\"potentialAction\":[{\"@type\":\"ReadAction\",\"target\":[\"https:\/\/bikibath.com\/product\/wall-hung-smart-toilet-quiet-flush-app-control-full-european-american-certifications-ce-cupc-flexible-installation-easy-maintenance\/\"]}]},{\"@type\":\"ImageObject\",\"inLanguage\":\"de\",\"@id\":\"https:\/\/bikibath.com\/product\/wall-hung-smart-toilet-quiet-flush-app-control-full-european-american-certifications-ce-cupc-flexible-installation-easy-maintenance\/#primaryimage\",\"url\":\"https:\/\/bikibath.com\/wp-content\/uploads\/2025\/10\/Smart-Toilet-Quiet-Flush-APP-Control.webp\",\"contentUrl\":\"https:\/\/bikibath.com\/wp-content\/uploads\/2025\/10\/Smart-Toilet-Quiet-Flush-APP-Control.webp\",\"width\":1000,\"height\":1000,\"caption\":\"Smart Toilet Quiet Flush & App Control\"},{\"@type\":\"BreadcrumbList\",\"@id\":\"https:\/\/bikibath.com\/product\/wall-hung-smart-toilet-quiet-flush-app-control-full-european-american-certifications-ce-cupc-flexible-installation-easy-maintenance\/#breadcrumb\",\"itemListElement\":[{\"@type\":\"ListItem\",\"position\":1,\"name\":\"Home\",\"item\":\"https:\/\/bikibath.com\/\"},{\"@type\":\"ListItem\",\"position\":2,\"name\":\"Product\",\"item\":\"https:\/\/bikibath.com\/product\/\"},{\"@type\":\"ListItem\",\"position\":3,\"name\":\"Auto Flush Toilets Quiet Flush &#038; APP Control, Rear Outlet, Full European &#038; American Certifications (CE\/CUPC), Flexible Installation &#038; Easy Maintenance\"}]},{\"@type\":\"WebSite\",\"@id\":\"https:\/\/bikibath.com\/#website\",\"url\":\"https:\/\/bikibath.com\/\",\"name\":\"BIKI Smart Toilet\",\"description\":\"Elevate Every Daily Comfort\",\"publisher\":{\"@id\":\"https:\/\/bikibath.com\/#organization\"},\"potentialAction\":[{\"@type\":\"SearchAction\",\"target\":{\"@type\":\"EntryPoint\",\"urlTemplate\":\"https:\/\/bikibath.com\/?s={search_term_string}\"},\"query-input\":{\"@type\":\"PropertyValueSpecification\",\"valueRequired\":true,\"valueName\":\"search_term_string\"}}],\"inLanguage\":\"de\"},{\"@type\":\"Organization\",\"@id\":\"https:\/\/bikibath.com\/#organization\",\"name\":\"BIKI Smart Toilet\",\"url\":\"https:\/\/bikibath.com\/\",\"logo\":{\"@type\":\"ImageObject\",\"inLanguage\":\"de\",\"@id\":\"https:\/\/bikibath.com\/#\/schema\/logo\/image\/\",\"url\":\"https:\/\/bikibath.com\/wp-content\/uploads\/2025\/10\/biki.png\",\"contentUrl\":\"https:\/\/bikibath.com\/wp-content\/uploads\/2025\/10\/biki.png\",\"width\":500,\"height\":162,\"caption\":\"BIKI Smart Toilet\"},\"image\":{\"@id\":\"https:\/\/bikibath.com\/#\/schema\/logo\/image\/\"}}]}<\/script>\n<!-- \/ Yoast SEO Premium plugin. -->","yoast_head_json":{"title":"Intelligente Toiletten mit automatischer Sp\u00fclung Toiletten mit leiser Sp\u00fclung und APP-Steuerung - BIKI Smart Toilet","description":"Smart Toilet Suto Flush Toilets R\u00fcsten Sie auf eine intelligente Toilette mit automatischer Sp\u00fclung, leiser Sp\u00fclung und APP-Steuerung um: Erleben Sie Fernsteuerung.","robots":{"index":"index","follow":"follow","max-snippet":"max-snippet:-1","max-image-preview":"max-image-preview:large","max-video-preview":"max-video-preview:-1"},"canonical":"https:\/\/bikibath.com\/de\/produkt\/wandhangende-intelligente-toilette-leise-spulung-app-steuerung-europaische-amerikanische-zertifizierungen-ce-cupc-flexible-installation-einfache-wartung\/","og_locale":"de_DE","og_type":"article","og_title":"Auto Flush Toilets Quiet Flush & APP Control, Rear Outlet, Full European & American Certifications (CE\/CUPC), Flexible Installation & Easy Maintenance","og_description":"Smart Toilet Suto Flush Toilets Upgrade to a smart toilet with auto flush, quiet flush & APP control: Experience remote operation.","og_url":"https:\/\/bikibath.com\/de\/produkt\/wandhangende-intelligente-toilette-leise-spulung-app-steuerung-europaische-amerikanische-zertifizierungen-ce-cupc-flexible-installation-einfache-wartung\/","og_site_name":"BIKI Smart Toilet","article_modified_time":"2026-01-07T03:09:11+00:00","og_image":[{"width":1000,"height":1000,"url":"https:\/\/bikibath.com\/wp-content\/uploads\/2025\/10\/Smart-Toilet-Quiet-Flush-APP-Control.webp","type":"image\/webp"}],"twitter_card":"summary_large_image","twitter_misc":{"Gesch\u00e4tzte Lesezeit":"4\u00a0Minuten"},"schema":{"@context":"https:\/\/schema.org","@graph":[{"@type":"WebPage","@id":"https:\/\/bikibath.com\/product\/wall-hung-smart-toilet-quiet-flush-app-control-full-european-american-certifications-ce-cupc-flexible-installation-easy-maintenance\/","url":"https:\/\/bikibath.com\/product\/wall-hung-smart-toilet-quiet-flush-app-control-full-european-american-certifications-ce-cupc-flexible-installation-easy-maintenance\/","name":"Intelligente Toiletten mit automatischer Sp\u00fclung Toiletten mit leiser Sp\u00fclung und APP-Steuerung - BIKI Smart Toilet","isPartOf":{"@id":"https:\/\/bikibath.com\/#website"},"primaryImageOfPage":{"@id":"https:\/\/bikibath.com\/product\/wall-hung-smart-toilet-quiet-flush-app-control-full-european-american-certifications-ce-cupc-flexible-installation-easy-maintenance\/#primaryimage"},"image":{"@id":"https:\/\/bikibath.com\/product\/wall-hung-smart-toilet-quiet-flush-app-control-full-european-american-certifications-ce-cupc-flexible-installation-easy-maintenance\/#primaryimage"},"thumbnailUrl":"https:\/\/bikibath.com\/wp-content\/uploads\/2025\/10\/Smart-Toilet-Quiet-Flush-APP-Control.webp","datePublished":"2025-10-31T08:00:06+00:00","dateModified":"2026-01-07T03:09:11+00:00","description":"Smart Toilet Suto Flush Toilets R\u00fcsten Sie auf eine intelligente Toilette mit automatischer Sp\u00fclung, leiser Sp\u00fclung und APP-Steuerung um: Erleben Sie Fernsteuerung.","breadcrumb":{"@id":"https:\/\/bikibath.com\/product\/wall-hung-smart-toilet-quiet-flush-app-control-full-european-american-certifications-ce-cupc-flexible-installation-easy-maintenance\/#breadcrumb"},"inLanguage":"de","potentialAction":[{"@type":"ReadAction","target":["https:\/\/bikibath.com\/product\/wall-hung-smart-toilet-quiet-flush-app-control-full-european-american-certifications-ce-cupc-flexible-installation-easy-maintenance\/"]}]},{"@type":"ImageObject","inLanguage":"de","@id":"https:\/\/bikibath.com\/product\/wall-hung-smart-toilet-quiet-flush-app-control-full-european-american-certifications-ce-cupc-flexible-installation-easy-maintenance\/#primaryimage","url":"https:\/\/bikibath.com\/wp-content\/uploads\/2025\/10\/Smart-Toilet-Quiet-Flush-APP-Control.webp","contentUrl":"https:\/\/bikibath.com\/wp-content\/uploads\/2025\/10\/Smart-Toilet-Quiet-Flush-APP-Control.webp","width":1000,"height":1000,"caption":"Smart Toilet Quiet Flush & App Control"},{"@type":"BreadcrumbList","@id":"https:\/\/bikibath.com\/product\/wall-hung-smart-toilet-quiet-flush-app-control-full-european-american-certifications-ce-cupc-flexible-installation-easy-maintenance\/#breadcrumb","itemListElement":[{"@type":"ListItem","position":1,"name":"Home","item":"https:\/\/bikibath.com\/"},{"@type":"ListItem","position":2,"name":"Product","item":"https:\/\/bikibath.com\/product\/"},{"@type":"ListItem","position":3,"name":"Auto Flush Toilets Quiet Flush &#038; APP Control, Rear Outlet, Full European &#038; American Certifications (CE\/CUPC), Flexible Installation &#038; Easy Maintenance"}]},{"@type":"WebSite","@id":"https:\/\/bikibath.com\/#website","url":"https:\/\/bikibath.com\/","name":"BIKI Intelligente Toilette","description":"Erh\u00f6hen Sie jeden t\u00e4glichen Komfort","publisher":{"@id":"https:\/\/bikibath.com\/#organization"},"potentialAction":[{"@type":"SearchAction","target":{"@type":"EntryPoint","urlTemplate":"https:\/\/bikibath.com\/?s={search_term_string}"},"query-input":{"@type":"PropertyValueSpecification","valueRequired":true,"valueName":"search_term_string"}}],"inLanguage":"de"},{"@type":"Organization","@id":"https:\/\/bikibath.com\/#organization","name":"BIKI Intelligente Toilette","url":"https:\/\/bikibath.com\/","logo":{"@type":"ImageObject","inLanguage":"de","@id":"https:\/\/bikibath.com\/#\/schema\/logo\/image\/","url":"https:\/\/bikibath.com\/wp-content\/uploads\/2025\/10\/biki.png","contentUrl":"https:\/\/bikibath.com\/wp-content\/uploads\/2025\/10\/biki.png","width":500,"height":162,"caption":"BIKI Smart Toilet"},"image":{"@id":"https:\/\/bikibath.com\/#\/schema\/logo\/image\/"}}]}},"_links":{"self":[{"href":"https:\/\/bikibath.com\/de\/wp-json\/wp\/v2\/product\/2860","targetHints":{"allow":["GET"]}}],"collection":[{"href":"https:\/\/bikibath.com\/de\/wp-json\/wp\/v2\/product"}],"about":[{"href":"https:\/\/bikibath.com\/de\/wp-json\/wp\/v2\/types\/product"}],"replies":[{"embeddable":true,"href":"https:\/\/bikibath.com\/de\/wp-json\/wp\/v2\/comments?post=2860"}],"wp:featuredmedia":[{"embeddable":true,"href":"https:\/\/bikibath.com\/de\/wp-json\/wp\/v2\/media\/3966"}],"wp:attachment":[{"href":"https:\/\/bikibath.com\/de\/wp-json\/wp\/v2\/media?parent=2860"}],"wp:term":[{"taxonomy":"product_brand","embeddable":true,"href":"https:\/\/bikibath.com\/de\/wp-json\/wp\/v2\/product_brand?post=2860"},{"taxonomy":"product_cat","embeddable":true,"href":"https:\/\/bikibath.com\/de\/wp-json\/wp\/v2\/product_cat?post=2860"},{"taxonomy":"product_tag","embeddable":true,"href":"https:\/\/bikibath.com\/de\/wp-json\/wp\/v2\/product_tag?post=2860"}],"curies":[{"name":"wp","href":"https:\/\/api.w.org\/{rel}","templated":true}]}}